{"id":23973,"date":"2022-10-25T18:10:21","date_gmt":"2022-10-25T18:10:21","guid":{"rendered":"https:\/\/www.ivh9.si\/Ponudbe\/ciuha\/?post_type=product&#038;p=23973"},"modified":"2023-03-02T16:25:44","modified_gmt":"2023-03-02T15:25:44","slug":"andraz-hribar-cado","status":"publish","type":"product","link":"https:\/\/www.orto-bar.com\/en\/dogodki\/arhiv\/andraz-hribar-cado\/","title":{"rendered":"Andra\u017e Hribar &#038;  CAD\u00d3"},"content":{"rendered":"<div>\n<div class=\"x11i5rnm xat24cr x1mh8g0r x1vvkbs xdj266r\">Andra\u017e Hribar se s svojim ko\u010devskim rock&#8217;n&#8217;rollom vra\u010da v Ljubljano<span class=\"x3nfvp2 x1j61x8r x1fcty0u xdj266r xhhsvwb xat24cr xgzva0m xxymvpz xlup9mm x1kky2od\"><img decoding=\"async\" src=\"https:\/\/static.xx.fbcdn.net\/images\/emoji.php\/v9\/t2b\/1\/16\/1f399.png\" alt=\"\ud83c\udf99\" width=\"16\" height=\"16\" \/><\/span><span class=\"x3nfvp2 x1j61x8r x1fcty0u xdj266r xhhsvwb xat24cr xgzva0m xxymvpz xlup9mm x1kky2od\"><img decoding=\"async\" src=\"https:\/\/static.xx.fbcdn.net\/images\/emoji.php\/v9\/t21\/1\/16\/1f3b8.png\" alt=\"\ud83c\udfb8\" width=\"16\" height=\"16\" \/><\/span><span class=\"x3nfvp2 x1j61x8r x1fcty0u xdj266r xhhsvwb xat24cr xgzva0m xxymvpz xlup9mm x1kky2od\"><img decoding=\"async\" src=\"https:\/\/static.xx.fbcdn.net\/images\/emoji.php\/v9\/t50\/1\/16\/1f525.png\" alt=\"\ud83d\udd25\" width=\"16\" height=\"16\" \/><\/span><\/div>\n<div class=\"x11i5rnm xat24cr x1mh8g0r x1vvkbs xtlvy1s\">*Dragi na\u0161i! Bolezen ne po\u010diva v zimskih mesecih in \u017eal smo morali \u0161e drugi\u010d prestaviti na\u0161 dogodek. Ob tem pa so nastale tudi te\u017eave z novim datumom, namre\u010d zasedba Leonart se nam bo pridru\u017eila kak\u0161en drug dan. Vseeno vam \u017eelimo ponuditi, vsaj delno, kar smo vam obljubili. Novi datum velikega koncerta benda Andra\u017ea Hribarja in predskupine CAD\u00d3 je \ud835\udfee. \ud835\uddfa\ud835\uddee\ud835\uddff\ud835\uddf2\ud835\uddf0 \ud835\udfee\ud835\udfec\ud835\udfee\ud835\udfef. Vse, ki ste \u017ee kupili vstopnice, vabimo, da se nam vseeno pridru\u017eite na tem ve\u010deru (\ud835\ude03\ud835\ude00\ud835\ude01\ud835\uddfc\ud835\uddfd\ud835\uddfb\ud835\uddf6\ud835\uddf0\ud835\uddf2 \ud835\ude03\ud835\uddf2\ud835\uddf9\ud835\uddf7\ud835\uddee\ud835\uddf7\ud835\uddfc \ud835\ude07\ud835\uddee \ud835\uddfb\ud835\uddfc\ud835\ude03 \ud835\uddf1\ud835\uddee\ud835\ude01\ud835\ude02\ud835\uddfa \ud835\uddf6\ud835\uddfb \ud835\ude03 \ud835\ude01\ud835\uddff\ud835\uddf2\ud835\ude01\ud835\uddf7\ud835\uddf2 \ud835\uddf4\ud835\uddff\ud835\uddf2 \ud835\uddff\ud835\uddee\ud835\uddf1\ud835\uddfc!). \u017dal, vi\u0161ja sila v\u010dasih zmaga. V imenu obeh bendov se vam zahvaljujemo za potrpe\u017eljivost in razumevanje\u00a0<span class=\"x3nfvp2 x1j61x8r x1fcty0u xdj266r xhhsvwb xat24cr xgzva0m xxymvpz xlup9mm x1kky2od\"><img loading=\"lazy\" decoding=\"async\" src=\"https:\/\/static.xx.fbcdn.net\/images\/emoji.php\/v9\/t80\/1\/16\/1f64f.png\" alt=\"\ud83d\ude4f\" width=\"16\" height=\"16\" \/><\/span><\/div>\n<div class=\"x11i5rnm xat24cr x1mh8g0r x1vvkbs xtlvy1s\">______________________________<br \/>\nAndra\u017e Hribar, eden najbolj popularnih slovenskih pevcev, je izdal \u017ee \u0161est studijskih albumov, od tega najnovej\u0161i je lu\u010d sveta ugledal leta 2020. S plo\u0161\u010do &#8220;\u010cas je&#8217; se je vrnil nazaj h rock&#8217;n&#8217;roll koreninam. V Orto Baru lahko pri\u010dakujete glasen koncert z njegovim bendom.<br \/>\n______________________________<\/div>\n<div class=\"x11i5rnm xat24cr x1mh8g0r x1vvkbs xtlvy1s\">Na koncertu pa se bo predstavila tudi doma\u010da avtorska zasedba CAD\u00d3 (v franco\u0161\u010dini \u2018darilo\u2019- cadeaux), ki igra me\u0161anico popa, rocka in funka. Ekipa izvrstnih glasbenikov, ki so se zbrali, da na slovenski glasbeni sceni postre\u017eejo z novim zvokom.<\/div>\n<div class=\"x11i5rnm xat24cr x1mh8g0r x1vvkbs xtlvy1s\">Facebook profil:\u00a0<a class=\"x1i10hfl xjbqb8w x6umtig x1b1mbwd xaqea5y xav7gou x9f619 x1ypdohk xt0psk2 xe8uvvx xdj266r x11i5rnm xat24cr x1mh8g0r xexx8yu x4uap5 x18d9i69 xkhd6sd x16tdsg8 x1hl2dhg xggy1nq x1a2a7pz xt0b8zv xzsf02u x1s688f\" tabindex=\"0\" role=\"link\" href=\"https:\/\/www.facebook.com\/CADOmusicgroup?__cft__[0]=AZUX80_JC2O2NDhlSA60ZstxKWsaCqOx3j5JdVb62cxkMnsBDfDo0lpLH-2WK7-IZRXGW55f-zRHuynd-PN_04HnG1MTG2CfjHqOvvEOcdgiNysh-n1ro9Ho-Ua66ARVubfXFn8h7ubDCJeMpJ210R5fP_bjeXLs7zzDPsxiy_yT0A&amp;__tn__=q\"><span class=\"xt0psk2\">https:\/\/www.facebook.com\/CADOmusicgroup<\/span><\/a><br \/>\nYouTube:\u00a0<a class=\"x1i10hfl xjbqb8w x6umtig x1b1mbwd xaqea5y xav7gou x9f619 x1ypdohk xt0psk2 xe8uvvx xdj266r x11i5rnm xat24cr x1mh8g0r xexx8yu x4uap5 x18d9i69 xkhd6sd x16tdsg8 x1hl2dhg xggy1nq x1a2a7pz xt0b8zv x1fey0fg\" tabindex=\"0\" role=\"link\" href=\"https:\/\/tinyurl.com\/ye2265c5?fbclid=IwAR22j6uFBkZHQtbvP5Tl435WtX44pHZbmbBUfFuW93nWIM5IHzlRL_pBa3w\" target=\"_blank\" rel=\"nofollow noopener\">https:\/\/tinyurl.com\/ye2265c5<\/a><\/div>\n<div class=\"x11i5rnm xat24cr x1mh8g0r x1vvkbs xtlvy1s\">Zasedba:<br \/>\nTanja Seni\u010dar, vokal<br \/>\nMatev\u017e Pav\u010dnik, kitara<br \/>\nLeon \u017dunec, klaviature<br \/>\nToni Novak, bobni<br \/>\nBeno Stern, bas<\/div>\n<\/div>\n<div><\/div>\n<div class=\"x11i5rnm xat24cr x1mh8g0r x1vvkbs xtlvy1s\"><\/div>","protected":false},"excerpt":{"rendered":"<p>Andra\u017e Hribar se s svojim ko\u010devskim rock&#8217;n&#8217;rollom vra\u010da v Ljubljano *Dragi na\u0161i! Bolezen ne po\u010diva v zimskih mesecih in \u017eal smo morali \u0161e drugi\u010d prestaviti na\u0161 dogodek. Ob tem pa so nastale tudi te\u017eave z novim datumom, namre\u010d zasedba Leonart se nam bo pridru\u017eila kak\u0161en drug dan. Vseeno vam \u017eelimo ponuditi, vsaj delno, kar smo [&hellip;]<\/p>","protected":false},"author":11,"featured_media":27145,"template":"","meta":{"_seopress_robots_primary_cat":"none","_seopress_titles_title":"","_seopress_titles_desc":"","_seopress_robots_index":""},"product_brand":[],"product_cat":[230],"product_tag":[222],"class_list":{"0":"post-23973","1":"product","2":"type-product","3":"status-publish","4":"has-post-thumbnail","6":"product_cat-arhiv","7":"product_tag-predprodaja","9":"entry","10":"has-media","12":"first","13":"instock","14":"virtual","15":"taxable","16":"product-type-simple","17":"has-product-nav","18":"col","19":"span_1_of_4","20":"owp-content-center","21":"item-entry","22":"owp-thumbs-layout-horizontal","23":"owp-btn-normal","24":"owp-tabs-layout-section","25":"has-no-thumbnails"},"publishpress_future_action":{"enabled":false,"date":"2026-05-08 14:25:18","action":"change-status","newStatus":"draft","terms":[],"taxonomy":"product_cat","extraData":[]},"publishpress_future_workflow_manual_trigger":{"enabledWorkflows":[]},"_links":{"self":[{"href":"https:\/\/www.orto-bar.com\/en\/wp-json\/wp\/v2\/product\/23973","targetHints":{"allow":["GET"]}}],"collection":[{"href":"https:\/\/www.orto-bar.com\/en\/wp-json\/wp\/v2\/product"}],"about":[{"href":"https:\/\/www.orto-bar.com\/en\/wp-json\/wp\/v2\/types\/product"}],"author":[{"embeddable":true,"href":"https:\/\/www.orto-bar.com\/en\/wp-json\/wp\/v2\/users\/11"}],"version-history":[{"count":0,"href":"https:\/\/www.orto-bar.com\/en\/wp-json\/wp\/v2\/product\/23973\/revisions"}],"wp:featuredmedia":[{"embeddable":true,"href":"https:\/\/www.orto-bar.com\/en\/wp-json\/wp\/v2\/media\/27145"}],"wp:attachment":[{"href":"https:\/\/www.orto-bar.com\/en\/wp-json\/wp\/v2\/media?parent=23973"}],"wp:term":[{"taxonomy":"product_brand","embeddable":true,"href":"https:\/\/www.orto-bar.com\/en\/wp-json\/wp\/v2\/product_brand?post=23973"},{"taxonomy":"product_cat","embeddable":true,"href":"https:\/\/www.orto-bar.com\/en\/wp-json\/wp\/v2\/product_cat?post=23973"},{"taxonomy":"product_tag","embeddable":true,"href":"https:\/\/www.orto-bar.com\/en\/wp-json\/wp\/v2\/product_tag?post=23973"}],"curies":[{"name":"wp","href":"https:\/\/api.w.org\/{rel}","templated":true}]}}