{"id":23979,"date":"2022-10-25T18:27:24","date_gmt":"2022-10-25T18:27:24","guid":{"rendered":"https:\/\/www.ivh9.si\/Ponudbe\/ciuha\/trgovina\/shop\/nekategorizirano\/imset-x-ekvorna-copy\/"},"modified":"2022-12-16T00:00:14","modified_gmt":"2022-12-16T00:00:14","slug":"imset-x-ekvorna-2","status":"publish","type":"product","link":"https:\/\/www.orto-bar.com\/en\/dogodki\/arhiv\/imset-x-ekvorna-2\/","title":{"rendered":"Imset X Ekvorna"},"content":{"rendered":"<div class=\"xdj266r x11i5rnm xat24cr x1mh8g0r x1vvkbs\">V petek, 16.12.2022 se v Ljubljani obeta me\u0161anica modernega in starega rocka. V Orto baru bodo namre\u010d nastopili znanci odrov Imset z mastnimi riffi in spevnimi refreni modernega rocka. \u0160ov pa bodo klasi\u010dno obarvali Ekvorna z avtorsko glasbo in priredbami.<\/div>\n<div class=\"x11i5rnm xat24cr x1mh8g0r x1vvkbs xtlvy1s\">Ve\u010d info kmalu.<\/div>","protected":false},"excerpt":{"rendered":"<p>V petek, 16.12.2022 se v Ljubljani obeta me\u0161anica modernega in starega rocka. V Orto baru bodo namre\u010d nastopili znanci odrov Imset z mastnimi riffi in spevnimi refreni modernega rocka. \u0160ov pa bodo klasi\u010dno obarvali Ekvorna z avtorsko glasbo in priredbami. Ve\u010d info kmalu.<\/p>","protected":false},"author":11,"featured_media":24647,"template":"","meta":{"_seopress_robots_primary_cat":"none","_seopress_titles_title":"","_seopress_titles_desc":"","_seopress_robots_index":""},"product_brand":[],"product_cat":[230],"product_tag":[222],"class_list":{"0":"post-23979","1":"product","2":"type-product","3":"status-publish","4":"has-post-thumbnail","6":"product_cat-arhiv","7":"product_tag-predprodaja","9":"entry","10":"has-media","12":"first","13":"instock","14":"virtual","15":"taxable","16":"product-type-simple","17":"has-product-nav","18":"col","19":"span_1_of_4","20":"owp-content-center","21":"item-entry","22":"owp-thumbs-layout-horizontal","23":"owp-btn-normal","24":"owp-tabs-layout-section","25":"has-no-thumbnails"},"publishpress_future_action":{"enabled":false,"date":"2026-05-08 09:04:02","action":"change-status","newStatus":"draft","terms":[],"taxonomy":"product_cat","extraData":[]},"publishpress_future_workflow_manual_trigger":{"enabledWorkflows":[]},"_links":{"self":[{"href":"https:\/\/www.orto-bar.com\/en\/wp-json\/wp\/v2\/product\/23979","targetHints":{"allow":["GET"]}}],"collection":[{"href":"https:\/\/www.orto-bar.com\/en\/wp-json\/wp\/v2\/product"}],"about":[{"href":"https:\/\/www.orto-bar.com\/en\/wp-json\/wp\/v2\/types\/product"}],"author":[{"embeddable":true,"href":"https:\/\/www.orto-bar.com\/en\/wp-json\/wp\/v2\/users\/11"}],"version-history":[{"count":0,"href":"https:\/\/www.orto-bar.com\/en\/wp-json\/wp\/v2\/product\/23979\/revisions"}],"wp:featuredmedia":[{"embeddable":true,"href":"https:\/\/www.orto-bar.com\/en\/wp-json\/wp\/v2\/media\/24647"}],"wp:attachment":[{"href":"https:\/\/www.orto-bar.com\/en\/wp-json\/wp\/v2\/media?parent=23979"}],"wp:term":[{"taxonomy":"product_brand","embeddable":true,"href":"https:\/\/www.orto-bar.com\/en\/wp-json\/wp\/v2\/product_brand?post=23979"},{"taxonomy":"product_cat","embeddable":true,"href":"https:\/\/www.orto-bar.com\/en\/wp-json\/wp\/v2\/product_cat?post=23979"},{"taxonomy":"product_tag","embeddable":true,"href":"https:\/\/www.orto-bar.com\/en\/wp-json\/wp\/v2\/product_tag?post=23979"}],"curies":[{"name":"wp","href":"https:\/\/api.w.org\/{rel}","templated":true}]}}