{"id":23990,"date":"2022-10-27T11:31:13","date_gmt":"2022-10-27T11:31:13","guid":{"rendered":"https:\/\/www.ivh9.si\/Ponudbe\/ciuha\/?post_type=product&#038;p=23990"},"modified":"2022-11-26T16:37:06","modified_gmt":"2022-11-26T16:37:06","slug":"sausages","status":"publish","type":"product","link":"https:\/\/www.orto-bar.com\/en\/dogodki\/arhiv\/sausages\/","title":{"rendered":"Sausages"},"content":{"rendered":"<p><strong>30 LET ROKENROLA<\/strong><\/p>\n<p>Sausages je ljubljanska rock &#8216;n&#8217; roll skupina, ki letos praznuje 30 let delovanja. Za\u00a0njimi\u00a0je do zdaj 1.250\u00a0ve\u010djih in manj\u0161ih koncertov in nastopov na razli\u010dnih odrih, 5 studijskih albumov, 14 videospotov in nagrada &#8220;Zlati petelin&#8221; za najobetavnej\u0161o skupino leta 1998.<\/p>\n<p>Vabimo vas, da ob\u00a030-letnici delovanja\u00a0z\u00a0njimi\u00a0nazdravite in se tradicionalno poveselite.<\/p>\n<p>\u010clani:<\/p>\n<p>Goran Bre\u0161\u010danski\u00a0&#8211; Gorc<\/p>\n<p>Martin Jane\u017ei\u010d &#8211; Buco<br \/>\nMarko \u010culajevi\u010d &#8211; \u010cule<br \/>\nMatja\u017e Marin &#8211; Rinko<\/p>\n<p>Janez Gregori\u010d &#8211; Johnny<\/p>\n<p>FB:\u00a0<a href=\"https:\/\/www.facebook.com\/sausagesSI\">https:\/\/www.facebook.com\/sausagesSI<\/a><\/p>\n<p><strong>Vstopnice po predprodajni ceni 13,00 \u20ac in 18,00 \u20ac na dan koncerta<\/strong><\/p>\n<p>&nbsp;<\/p>","protected":false},"excerpt":{"rendered":"<p>30 LET ROKENROLA Sausages je ljubljanska rock &#8216;n&#8217; roll skupina, ki letos praznuje 30 let delovanja. Za\u00a0njimi\u00a0je do zdaj 1.250\u00a0ve\u010djih in manj\u0161ih koncertov in nastopov na razli\u010dnih odrih, 5 studijskih albumov, 14 videospotov in nagrada &#8220;Zlati petelin&#8221; za najobetavnej\u0161o skupino leta 1998. Vabimo vas, da ob\u00a030-letnici delovanja\u00a0z\u00a0njimi\u00a0nazdravite in se tradicionalno poveselite. \u010clani: Goran Bre\u0161\u010danski\u00a0&#8211; Gorc [&hellip;]<\/p>","protected":false},"author":11,"featured_media":24542,"template":"","meta":{"_seopress_robots_primary_cat":"none","_seopress_titles_title":"","_seopress_titles_desc":"","_seopress_robots_index":""},"product_brand":[],"product_cat":[230],"product_tag":[222],"class_list":{"0":"post-23990","1":"product","2":"type-product","3":"status-publish","4":"has-post-thumbnail","6":"product_cat-arhiv","7":"product_tag-predprodaja","9":"entry","10":"has-media","12":"first","13":"instock","14":"virtual","15":"taxable","16":"product-type-simple","17":"has-product-nav","18":"col","19":"span_1_of_4","20":"owp-content-center","21":"item-entry","22":"owp-thumbs-layout-horizontal","23":"owp-btn-normal","24":"owp-tabs-layout-section","25":"has-no-thumbnails"},"publishpress_future_action":{"enabled":false,"date":"2026-05-08 08:04:16","action":"change-status","newStatus":"draft","terms":[],"taxonomy":"product_cat","extraData":[]},"publishpress_future_workflow_manual_trigger":{"enabledWorkflows":[]},"_links":{"self":[{"href":"https:\/\/www.orto-bar.com\/en\/wp-json\/wp\/v2\/product\/23990","targetHints":{"allow":["GET"]}}],"collection":[{"href":"https:\/\/www.orto-bar.com\/en\/wp-json\/wp\/v2\/product"}],"about":[{"href":"https:\/\/www.orto-bar.com\/en\/wp-json\/wp\/v2\/types\/product"}],"author":[{"embeddable":true,"href":"https:\/\/www.orto-bar.com\/en\/wp-json\/wp\/v2\/users\/11"}],"version-history":[{"count":0,"href":"https:\/\/www.orto-bar.com\/en\/wp-json\/wp\/v2\/product\/23990\/revisions"}],"wp:featuredmedia":[{"embeddable":true,"href":"https:\/\/www.orto-bar.com\/en\/wp-json\/wp\/v2\/media\/24542"}],"wp:attachment":[{"href":"https:\/\/www.orto-bar.com\/en\/wp-json\/wp\/v2\/media?parent=23990"}],"wp:term":[{"taxonomy":"product_brand","embeddable":true,"href":"https:\/\/www.orto-bar.com\/en\/wp-json\/wp\/v2\/product_brand?post=23990"},{"taxonomy":"product_cat","embeddable":true,"href":"https:\/\/www.orto-bar.com\/en\/wp-json\/wp\/v2\/product_cat?post=23990"},{"taxonomy":"product_tag","embeddable":true,"href":"https:\/\/www.orto-bar.com\/en\/wp-json\/wp\/v2\/product_tag?post=23990"}],"curies":[{"name":"wp","href":"https:\/\/api.w.org\/{rel}","templated":true}]}}