{"id":23993,"date":"2022-10-27T11:37:53","date_gmt":"2022-10-27T11:37:53","guid":{"rendered":"https:\/\/www.ivh9.si\/Ponudbe\/ciuha\/trgovina\/shop\/nekategorizirano\/imset-x-ekvorna-copy-copy\/"},"modified":"2022-12-08T12:10:33","modified_gmt":"2022-12-08T12:10:33","slug":"seventh-station","status":"publish","type":"product","link":"https:\/\/www.orto-bar.com\/en\/dogodki\/arhiv\/seventh-station\/","title":{"rendered":"Seventh Station"},"content":{"rendered":"<p>Mednarodna progresivna metal zasedba, Seventh Station, se vra\u010da na oder Orto bara z drugim albumom \u00bbHeal the Unhealed\u00ab. Album, ki \u010drpa inspiracijo iz dogodkov v \u010dasu druge svetovne vojne in Sovjetske zveze, bo v celoti iz\u0161el 7. novembra 2022. Skladbe na albumu so nadrealisti\u010den zvo\u010dni prikaz kafkovskih situacij, ki osebnostne motnje diktatorja in umetnika postavljajo bok ob bok. Na kratko, skupina skladbam dodaja \u00bbve\u010d krvi, ve\u010d potu in ve\u010d solz\u00ab.<\/p>\n<p>Enkraten in definitivno unikaten glasbeni dogodek z izjemnimi glasbeniki skupine Seventh Station na na\u0161ih tleh. Oder bodo preplavila \u010dustva, energija in hitrost. Vabljeni!<\/p>\n<p>Link do spletne strani: <a href=\"http:\/\/www.seventh-station.com\/?fbclid=IwAR0YLeWlEzJHp4VVZfYgnylzp472NJyMOIDtW586-rlmElu_BW8glW8ttFU\">http:\/\/www.seventh-station.com\/<\/a><\/p>\n<p>Link do FB: <a href=\"https:\/\/www.facebook.com\/SeventhStation\/\">https:\/\/www.facebook.com\/SeventhStation\/<\/a><\/p>\n<p>Link do YouTube kanala: <a href=\"https:\/\/www.youtube.com\/c\/SeventhStation\/videos\">https:\/\/www.youtube.com\/c\/SeventhStation\/videos<\/a><\/p>","protected":false},"excerpt":{"rendered":"<p>Mednarodna progresivna metal zasedba, Seventh Station, se vra\u010da na oder Orto bara z drugim albumom \u00bbHeal the Unhealed\u00ab. Album, ki \u010drpa inspiracijo iz dogodkov v \u010dasu druge svetovne vojne in Sovjetske zveze, bo v celoti iz\u0161el 7. novembra 2022. Skladbe na albumu so nadrealisti\u010den zvo\u010dni prikaz kafkovskih situacij, ki osebnostne motnje diktatorja in umetnika postavljajo [&hellip;]<\/p>","protected":false},"author":11,"featured_media":24565,"template":"","meta":{"_seopress_robots_primary_cat":"none","_seopress_titles_title":"","_seopress_titles_desc":"","_seopress_robots_index":""},"product_brand":[],"product_cat":[230],"product_tag":[222],"class_list":{"0":"post-23993","1":"product","2":"type-product","3":"status-publish","4":"has-post-thumbnail","6":"product_cat-arhiv","7":"product_tag-predprodaja","9":"entry","10":"has-media","12":"first","13":"instock","14":"virtual","15":"taxable","16":"product-type-simple","17":"has-product-nav","18":"col","19":"span_1_of_4","20":"owp-content-center","21":"item-entry","22":"owp-thumbs-layout-horizontal","23":"owp-btn-normal","24":"owp-tabs-layout-section","25":"has-no-thumbnails"},"publishpress_future_action":{"enabled":false,"date":"2026-05-08 09:04:02","action":"change-status","newStatus":"draft","terms":[],"taxonomy":"product_cat","extraData":[]},"publishpress_future_workflow_manual_trigger":{"enabledWorkflows":[]},"_links":{"self":[{"href":"https:\/\/www.orto-bar.com\/en\/wp-json\/wp\/v2\/product\/23993","targetHints":{"allow":["GET"]}}],"collection":[{"href":"https:\/\/www.orto-bar.com\/en\/wp-json\/wp\/v2\/product"}],"about":[{"href":"https:\/\/www.orto-bar.com\/en\/wp-json\/wp\/v2\/types\/product"}],"author":[{"embeddable":true,"href":"https:\/\/www.orto-bar.com\/en\/wp-json\/wp\/v2\/users\/11"}],"version-history":[{"count":0,"href":"https:\/\/www.orto-bar.com\/en\/wp-json\/wp\/v2\/product\/23993\/revisions"}],"wp:featuredmedia":[{"embeddable":true,"href":"https:\/\/www.orto-bar.com\/en\/wp-json\/wp\/v2\/media\/24565"}],"wp:attachment":[{"href":"https:\/\/www.orto-bar.com\/en\/wp-json\/wp\/v2\/media?parent=23993"}],"wp:term":[{"taxonomy":"product_brand","embeddable":true,"href":"https:\/\/www.orto-bar.com\/en\/wp-json\/wp\/v2\/product_brand?post=23993"},{"taxonomy":"product_cat","embeddable":true,"href":"https:\/\/www.orto-bar.com\/en\/wp-json\/wp\/v2\/product_cat?post=23993"},{"taxonomy":"product_tag","embeddable":true,"href":"https:\/\/www.orto-bar.com\/en\/wp-json\/wp\/v2\/product_tag?post=23993"}],"curies":[{"name":"wp","href":"https:\/\/api.w.org\/{rel}","templated":true}]}}