{"id":23998,"date":"2022-10-27T12:38:45","date_gmt":"2022-10-27T12:38:45","guid":{"rendered":"https:\/\/www.ivh9.si\/Ponudbe\/ciuha\/?post_type=product&#038;p=23998"},"modified":"2022-11-22T09:22:41","modified_gmt":"2022-11-22T09:22:41","slug":"goran-bare-majke-orto-osemindvajsetletnica","status":"publish","type":"product","link":"https:\/\/www.orto-bar.com\/en\/dogodki\/arhiv\/goran-bare-majke-orto-osemindvajsetletnica\/","title":{"rendered":"GORAN BARE &#038; MAJKE &#038; ORTO OSEMINDVAJSETLETNICA !!!"},"content":{"rendered":"<p>Goran Bare &amp; Majke se po dolgem \u010dasu vra\u010dajo na oder Orto bara! <strong>Skupaj bomo praznovali Orto Osemindvajsetletnico!!\u010caka vas pija\u010da dobrodo\u0161lice, legendarni DJ Magic , \u0161e legendarnej\u0161i Goran Bare &amp; Majke , Hostese, Pop Corn in ve\u010d! Vabljeni!<\/strong><\/p>\n<p>Bare je za mnoge eden najve\u010djih umetnikov vseh \u010dasov, kultni glasbenik, ki ima za seboj \u017ee ve\u010d kot tri desetletja ustvarjanja. V njemu ne pojenja \u017ear rock n&#8217; rolla in obljublja nepozaben koncert.<\/p>\n<p>Goran Bare &amp; Majke imajo za seboj bogato glasbeno kariero, izdali so \u017ee 7 studijskih albumov, pravijo pa, da bo \u0161e letos izdan tudi novi 8. studijski album.<\/p>\n<p>Na koncertu bodo odigrali zdaj \u017ee kultne uspe\u0161nice kot so: Pozovi me u no\u0107, Te\u0161ke boje, Divlji cvijet, \u017divot kao rijeka, Put ka sre\u0107i in \u0161e mnoge druge!<\/p>\n<p><strong>Vstopnice na voljo po predprodajni ceni 22 \u20ac\u00a0 fizi\u010dno v Orto baru in\u00a0 Eventimu, Petrolu itd. <\/strong><\/p>\n<p><a href=\"https:\/\/www.eventim.si\/si\/vstopnice\/goran-bare-majke-ljubljana-orto-bar-1314824\/performance.html\">https:\/\/www.eventim.si\/si\/vstopnice\/goran-bare-majke-ljubljana-orto-bar-1314824\/performance.html<\/a><\/p>\n<p><strong>Pohitite \u0161tevilo vstopnic je omejeno!<\/strong><\/p>","protected":false},"excerpt":{"rendered":"<p>Goran Bare &amp; Majke se po dolgem \u010dasu vra\u010dajo na oder Orto bara! Skupaj bomo praznovali Orto Osemindvajsetletnico!!\u010caka vas pija\u010da dobrodo\u0161lice, legendarni DJ Magic , \u0161e legendarnej\u0161i Goran Bare &amp; Majke , Hostese, Pop Corn in ve\u010d! Vabljeni! Bare je za mnoge eden najve\u010djih umetnikov vseh \u010dasov, kultni glasbenik, ki ima za seboj \u017ee ve\u010d [&hellip;]<\/p>","protected":false},"author":11,"featured_media":24551,"template":"","meta":{"_seopress_robots_primary_cat":"none","_seopress_titles_title":"","_seopress_titles_desc":"","_seopress_robots_index":""},"product_brand":[],"product_cat":[230],"product_tag":[222],"class_list":{"0":"post-23998","1":"product","2":"type-product","3":"status-publish","4":"has-post-thumbnail","6":"product_cat-arhiv","7":"product_tag-predprodaja","9":"entry","10":"has-media","12":"first","13":"onbackorder","14":"virtual","15":"taxable","16":"product-type-simple","17":"has-product-nav","18":"col","19":"span_1_of_4","20":"owp-content-center","21":"item-entry","22":"owp-thumbs-layout-horizontal","23":"owp-btn-normal","24":"owp-tabs-layout-section","25":"has-no-thumbnails"},"publishpress_future_action":{"enabled":false,"date":"2026-05-08 09:11:02","action":"change-status","newStatus":"draft","terms":[],"taxonomy":"product_cat","extraData":[]},"publishpress_future_workflow_manual_trigger":{"enabledWorkflows":[]},"_links":{"self":[{"href":"https:\/\/www.orto-bar.com\/en\/wp-json\/wp\/v2\/product\/23998","targetHints":{"allow":["GET"]}}],"collection":[{"href":"https:\/\/www.orto-bar.com\/en\/wp-json\/wp\/v2\/product"}],"about":[{"href":"https:\/\/www.orto-bar.com\/en\/wp-json\/wp\/v2\/types\/product"}],"author":[{"embeddable":true,"href":"https:\/\/www.orto-bar.com\/en\/wp-json\/wp\/v2\/users\/11"}],"version-history":[{"count":0,"href":"https:\/\/www.orto-bar.com\/en\/wp-json\/wp\/v2\/product\/23998\/revisions"}],"wp:featuredmedia":[{"embeddable":true,"href":"https:\/\/www.orto-bar.com\/en\/wp-json\/wp\/v2\/media\/24551"}],"wp:attachment":[{"href":"https:\/\/www.orto-bar.com\/en\/wp-json\/wp\/v2\/media?parent=23998"}],"wp:term":[{"taxonomy":"product_brand","embeddable":true,"href":"https:\/\/www.orto-bar.com\/en\/wp-json\/wp\/v2\/product_brand?post=23998"},{"taxonomy":"product_cat","embeddable":true,"href":"https:\/\/www.orto-bar.com\/en\/wp-json\/wp\/v2\/product_cat?post=23998"},{"taxonomy":"product_tag","embeddable":true,"href":"https:\/\/www.orto-bar.com\/en\/wp-json\/wp\/v2\/product_tag?post=23998"}],"curies":[{"name":"wp","href":"https:\/\/api.w.org\/{rel}","templated":true}]}}