{"id":24001,"date":"2022-10-27T12:42:38","date_gmt":"2022-10-27T12:42:38","guid":{"rendered":"https:\/\/www.ivh9.si\/Ponudbe\/ciuha\/trgovina\/shop\/nekategorizirano\/goran-bare-majke-orto-osemindvajsetletnica-copy\/"},"modified":"2022-12-20T12:33:47","modified_gmt":"2022-12-20T12:33:47","slug":"marko-hatlak-band","status":"publish","type":"product","link":"https:\/\/www.orto-bar.com\/en\/dogodki\/arhiv\/marko-hatlak-band\/","title":{"rendered":"Marko Hatlak Band"},"content":{"rendered":"<p>Marko Hatlak je eden najve\u010djih virtuozov \u017eive\u010dih v Sloveniji. V svoji zgodovini je sodeloval s \u0161tevilnimi svetovno in regionalno priznanimi umetniki kot so npr. Joss Stone, Vlatko Stefanovski, Tommy Emanuel, Stefan Milenkovi\u0107, Magnifico, Iztok Mlakat in \u0161e bi lahko na\u0161tevali. Marko Hatlak je ljubitelj in raziskovalec \u0161tevilnih glasbenih zvrsti, neko\u010d je deloval celo kot bobnar v metalski glasbeni zasedbi.<\/p>\n<p>V projektu zasedbe Marko Hatlak BAND spoznamo harmonikarja v povsem novi lu\u010di, leta 2018 je pod okriljem zalo\u017ebe Dallas Records iz\u0161el album &#8216;Ko ni no\u010d in ni dan&#8217;. Marko se nam v projektu predstavlja kot harmonikar in kot pevec. Zgodba vsebuje sve\u017ee, avtorske skladbe in tudi nekaj predelav \u017ee obstoje\u010dih skladb v njemu lastni maniri. V \u010dasu po epidemiji pa je nastalo \u0161e ve\u010d skladb, ki jih bomo prvi\u010d sli\u0161ali prav v Orto baru!<\/p>\n<p>V glasbi Marka Hatlaka je vsak izraz pod\u010drtan s strastjo, to izku\u0161njo \u017eeli prenesti tudi na obiskovalce njegovih koncertov, ljudi \u017eeli za\u010darati z glasbo. Obeta se nam ve\u010der poln \u017eivahnih ritmov in vrhunskih izvedb, vse od rocka, latina, funka in \u0161e bi lahko na\u0161tevali. Skratka, gre za koncert, ki ga ne gre zamuditi.<\/p>\n<p>Vstopnice so \u017ee v prodaji na Eventim-u in Petrolu!<\/p>","protected":false},"excerpt":{"rendered":"<p>Marko Hatlak je eden najve\u010djih virtuozov \u017eive\u010dih v Sloveniji. V svoji zgodovini je sodeloval s \u0161tevilnimi svetovno in regionalno priznanimi umetniki kot so npr. Joss Stone, Vlatko Stefanovski, Tommy Emanuel, Stefan Milenkovi\u0107, Magnifico, Iztok Mlakat in \u0161e bi lahko na\u0161tevali. Marko Hatlak je ljubitelj in raziskovalec \u0161tevilnih glasbenih zvrsti, neko\u010d je deloval celo kot bobnar [&hellip;]<\/p>","protected":false},"author":11,"featured_media":24553,"template":"","meta":{"_seopress_robots_primary_cat":"none","_seopress_titles_title":"","_seopress_titles_desc":"","_seopress_robots_index":""},"product_brand":[],"product_cat":[230],"product_tag":[222],"class_list":{"0":"post-24001","1":"product","2":"type-product","3":"status-publish","4":"has-post-thumbnail","6":"product_cat-arhiv","7":"product_tag-predprodaja","9":"entry","10":"has-media","12":"first","13":"onbackorder","14":"virtual","15":"taxable","16":"product-type-simple","17":"has-product-nav","18":"col","19":"span_1_of_4","20":"owp-content-center","21":"item-entry","22":"owp-thumbs-layout-horizontal","23":"owp-btn-normal","24":"owp-tabs-layout-section","25":"has-no-thumbnails"},"publishpress_future_action":{"enabled":false,"date":"2026-05-08 10:45:59","action":"change-status","newStatus":"draft","terms":[],"taxonomy":"product_cat","extraData":[]},"publishpress_future_workflow_manual_trigger":{"enabledWorkflows":[]},"_links":{"self":[{"href":"https:\/\/www.orto-bar.com\/en\/wp-json\/wp\/v2\/product\/24001","targetHints":{"allow":["GET"]}}],"collection":[{"href":"https:\/\/www.orto-bar.com\/en\/wp-json\/wp\/v2\/product"}],"about":[{"href":"https:\/\/www.orto-bar.com\/en\/wp-json\/wp\/v2\/types\/product"}],"author":[{"embeddable":true,"href":"https:\/\/www.orto-bar.com\/en\/wp-json\/wp\/v2\/users\/11"}],"version-history":[{"count":0,"href":"https:\/\/www.orto-bar.com\/en\/wp-json\/wp\/v2\/product\/24001\/revisions"}],"wp:featuredmedia":[{"embeddable":true,"href":"https:\/\/www.orto-bar.com\/en\/wp-json\/wp\/v2\/media\/24553"}],"wp:attachment":[{"href":"https:\/\/www.orto-bar.com\/en\/wp-json\/wp\/v2\/media?parent=24001"}],"wp:term":[{"taxonomy":"product_brand","embeddable":true,"href":"https:\/\/www.orto-bar.com\/en\/wp-json\/wp\/v2\/product_brand?post=24001"},{"taxonomy":"product_cat","embeddable":true,"href":"https:\/\/www.orto-bar.com\/en\/wp-json\/wp\/v2\/product_cat?post=24001"},{"taxonomy":"product_tag","embeddable":true,"href":"https:\/\/www.orto-bar.com\/en\/wp-json\/wp\/v2\/product_tag?post=24001"}],"curies":[{"name":"wp","href":"https:\/\/api.w.org\/{rel}","templated":true}]}}