{"id":24008,"date":"2022-10-30T15:39:11","date_gmt":"2022-10-30T15:39:11","guid":{"rendered":"https:\/\/www.ivh9.si\/Ponudbe\/ciuha\/?post_type=product&#038;p=24008"},"modified":"2022-10-30T15:44:23","modified_gmt":"2022-10-30T15:44:23","slug":"despised-icon-decapitated-oceano-distant-viscera","status":"publish","type":"product","link":"https:\/\/www.orto-bar.com\/en\/dogodki\/arhiv\/despised-icon-decapitated-oceano-distant-viscera\/","title":{"rendered":"Despised Icon, Decapitated, Oceano, Distant, Viscera"},"content":{"rendered":"<p>Vstopnice! 26 evrov v predprodaji, 30 evrov na dan koncerta!<br \/>\nVstopnice na voljo tudi v Orto baru in v trgovini Big Nose!<br \/>\n<a href=\"https:\/\/qr.page\/g\/4RIGTXMblUq?fbclid=IwAR2xNm6rgD4Y0PITCoYrTkVUwyBVgnpNv_IWeEzljzd1xpYD7-EtcF7HUPs\">https:\/\/qr.page\/g\/4RIGTXMblUq<\/a><\/p>\n<p>Tickets! 26 euro in presale, 30 euro on doors!<br \/>\n<a href=\"https:\/\/qr.page\/g\/4V01pSlxaED?fbclid=IwAR2jy24Ajtw6h7eXe73TEWypkDKZcMPWNExL0ZARv5aF81GWqS1Rp7fd6UU\">https:\/\/qr.page\/g\/4V01pSlxaED<\/a><\/p>\n<p>Pridru\u017ei se Dirty Skunks deathcore\/metalcore mailing listi: <a href=\"https:\/\/l.facebook.com\/l.php?u=http%3A%2F%2Feepurl.com%2FbECZ3z%3Ffbclid%3DIwAR2zcxbPnw2ToLniKTNieugnU2wdbFxdshrehMa20A16xTELaCS_mC8SxZc&amp;h=AT1MvdZTFFGMjqBy8CWcaJRiT7rKimydcYT04o2UkveJcvB4FZOMPs_vBsP9U2HRwlOySJtj-Rm45CSlech18BuRopdkUPsZslWcbER1kP7fHcIyo43lAEor0F5TP5jP&amp;__tn__=q&amp;c[0]=AT1QMJe7NC_-DT071_-P2H7GXNnWK-PaNha0skSTyQ4Lh-3hiehO8uEiwk2aTnsNfnF_hDmCEH9oMsyiSXt43etBXsr1QExsmQ7tcaDXeJeyc3sGaM1ig_nITRCgGc8Gcs3hPAN8JFWeIU5PrY5eSPSA\">http:\/\/eepurl.com\/bECZ3z<\/a><\/p>\n<p>Join the Dirty Skunks DEATH METAL mailing list: <a href=\"https:\/\/l.facebook.com\/l.php?u=http%3A%2F%2Feepurl.com%2FbC2kmv%3Ffbclid%3DIwAR0L5RIOqM10pEe6y6KHvvyMgls5QsilFpZSyseUuyVq_t-1ZNRPNQaCFwk&amp;h=AT0b0LOB2bR9F4nvEghaWF0LUKCV1Zt5M_DpcaXfAbRS0daMqz2-aZhtZDzIiV5kkcBCOE07BDYfXZqOfqe7UCyfv_J5OhfnDCvjw_aGivABhSWXfoAfisllXCeCc-4O&amp;__tn__=q&amp;c[0]=AT1QMJe7NC_-DT071_-P2H7GXNnWK-PaNha0skSTyQ4Lh-3hiehO8uEiwk2aTnsNfnF_hDmCEH9oMsyiSXt43etBXsr1QExsmQ7tcaDXeJeyc3sGaM1ig_nITRCgGc8Gcs3hPAN8JFWeIU5PrY5eSPSA\">http:\/\/eepurl.com\/bC2kmv<\/a><\/p>\n<p>11. novembra ne bomo samo mo\u0161t spreminjali v vino, temve\u010d bomo v veliki dvorani Orto Bar prisostvovali pravemu spektaklu modernega death metala.<br \/>\nPo mnogih letih se bodo namre\u010d v Slovenijo vrnili prvaki kanadskega deathcora, eni in edini Despised Icon, ki jih \u0161e najbolj pomnimo po vrhunskem nastopu leta 2011, ko so veliko dvorano Kina \u0160i\u0161ka razturili v sklopu turneje Bonecrusher Tour. Dva vokala, dve kitari, en bas in bobnarski ekvivalent jedrski vojni bo verjetno ponovil, \u010de ne celo nadgradil tak nastop, vsekakor pa se lahko nadejamo hitov z vseh plat njihove ob\u0161irne in vrhunske diskografije.<br \/>\nZ njimi pa bodo eni in edini, legendarni poljski tehni\u010darji Decapitated, ki bodo po nastopu na festivalu Metaldays predstavili predvsem najnovej\u0161i album Cancer Culture.<br \/>\nIn \u010de \u017ee to ni dovolj, bodo vse skupaj za\u010dinili \u0161e vrhunski Oceano, Distant in eden najhitrej\u0161ih bendov na svetu, Viscera.<br \/>\nVstopnice ste verjetno nabavili \u0161e pred koncem prebiranja tega teksta.<\/p>\n<p>DESPISED ICON<br \/>\n<a href=\"https:\/\/www.facebook.com\/despisedicon?__cft__[0]=AZWrtTTdOfWtZ73MyZl9OpSAA3_69IuC-QGZYN08odajtm5Ckcq3M9ZtuuLhR-JODdNksRgUWLecv2h-Ege527xj5CcD2aH1bYly6tOuhzXCMgxmpfR4t_LeeGHKu4w6FGk&amp;__tn__=q\"><strong>https:\/\/www.facebook.com\/despisedicon<\/strong><\/a><\/p>\n<p>DECAPITATED<br \/>\n<a href=\"https:\/\/www.facebook.com\/decapitated?__cft__[0]=AZWrtTTdOfWtZ73MyZl9OpSAA3_69IuC-QGZYN08odajtm5Ckcq3M9ZtuuLhR-JODdNksRgUWLecv2h-Ege527xj5CcD2aH1bYly6tOuhzXCMgxmpfR4t_LeeGHKu4w6FGk&amp;__tn__=q\"><strong>https:\/\/www.facebook.com\/decapitated<\/strong><\/a><\/p>\n<p>+Special Guests:<br \/>\nOCEANO<br \/>\n<a href=\"https:\/\/www.facebook.com\/OceanoMetal?__cft__[0]=AZWrtTTdOfWtZ73MyZl9OpSAA3_69IuC-QGZYN08odajtm5Ckcq3M9ZtuuLhR-JODdNksRgUWLecv2h-Ege527xj5CcD2aH1bYly6tOuhzXCMgxmpfR4t_LeeGHKu4w6FGk&amp;__tn__=q\"><strong>https:\/\/www.facebook.com\/OceanoMetal<\/strong><\/a><\/p>\n<p>DISTANT<br \/>\n<a href=\"https:\/\/www.facebook.com\/DistantOfficial?__cft__[0]=AZWrtTTdOfWtZ73MyZl9OpSAA3_69IuC-QGZYN08odajtm5Ckcq3M9ZtuuLhR-JODdNksRgUWLecv2h-Ege527xj5CcD2aH1bYly6tOuhzXCMgxmpfR4t_LeeGHKu4w6FGk&amp;__tn__=q\"><strong>https:\/\/www.facebook.com\/DistantOfficial<\/strong><\/a><\/p>\n<p>VISCERA<br \/>\n<a href=\"https:\/\/www.facebook.com\/VisceraUK\/?__cft__[0]=AZWrtTTdOfWtZ73MyZl9OpSAA3_69IuC-QGZYN08odajtm5Ckcq3M9ZtuuLhR-JODdNksRgUWLecv2h-Ege527xj5CcD2aH1bYly6tOuhzXCMgxmpfR4t_LeeGHKu4w6FGk&amp;__tn__=q\"><strong>https:\/\/www.facebook.com\/VisceraUK<\/strong><\/a><\/p>","protected":false},"excerpt":{"rendered":"<p>Vstopnice! 26 evrov v predprodaji, 30 evrov na dan koncerta! Vstopnice na voljo tudi v Orto baru in v trgovini Big Nose! https:\/\/qr.page\/g\/4RIGTXMblUq Tickets! 26 euro in presale, 30 euro on doors! https:\/\/qr.page\/g\/4V01pSlxaED Pridru\u017ei se Dirty Skunks deathcore\/metalcore mailing listi: http:\/\/eepurl.com\/bECZ3z Join the Dirty Skunks DEATH METAL mailing list: http:\/\/eepurl.com\/bC2kmv 11. novembra ne bomo samo [&hellip;]<\/p>","protected":false},"author":11,"featured_media":24009,"template":"","meta":{"_seopress_robots_primary_cat":"none","_seopress_titles_title":"","_seopress_titles_desc":"","_seopress_robots_index":""},"product_brand":[],"product_cat":[230],"product_tag":[222],"class_list":{"0":"post-24008","1":"product","2":"type-product","3":"status-publish","4":"has-post-thumbnail","6":"product_cat-arhiv","7":"product_tag-predprodaja","9":"entry","10":"has-media","12":"first","13":"onbackorder","14":"virtual","15":"taxable","16":"product-type-simple","17":"has-product-nav","18":"col","19":"span_1_of_4","20":"owp-content-center","21":"item-entry","22":"owp-thumbs-layout-horizontal","23":"owp-btn-normal","24":"owp-tabs-layout-section","25":"has-no-thumbnails"},"publishpress_future_action":{"enabled":false,"date":"2026-05-14 15:23:10","action":"change-status","newStatus":"draft","terms":[],"taxonomy":"product_cat","extraData":[]},"publishpress_future_workflow_manual_trigger":{"enabledWorkflows":[]},"_links":{"self":[{"href":"https:\/\/www.orto-bar.com\/en\/wp-json\/wp\/v2\/product\/24008","targetHints":{"allow":["GET"]}}],"collection":[{"href":"https:\/\/www.orto-bar.com\/en\/wp-json\/wp\/v2\/product"}],"about":[{"href":"https:\/\/www.orto-bar.com\/en\/wp-json\/wp\/v2\/types\/product"}],"author":[{"embeddable":true,"href":"https:\/\/www.orto-bar.com\/en\/wp-json\/wp\/v2\/users\/11"}],"version-history":[{"count":0,"href":"https:\/\/www.orto-bar.com\/en\/wp-json\/wp\/v2\/product\/24008\/revisions"}],"wp:featuredmedia":[{"embeddable":true,"href":"https:\/\/www.orto-bar.com\/en\/wp-json\/wp\/v2\/media\/24009"}],"wp:attachment":[{"href":"https:\/\/www.orto-bar.com\/en\/wp-json\/wp\/v2\/media?parent=24008"}],"wp:term":[{"taxonomy":"product_brand","embeddable":true,"href":"https:\/\/www.orto-bar.com\/en\/wp-json\/wp\/v2\/product_brand?post=24008"},{"taxonomy":"product_cat","embeddable":true,"href":"https:\/\/www.orto-bar.com\/en\/wp-json\/wp\/v2\/product_cat?post=24008"},{"taxonomy":"product_tag","embeddable":true,"href":"https:\/\/www.orto-bar.com\/en\/wp-json\/wp\/v2\/product_tag?post=24008"}],"curies":[{"name":"wp","href":"https:\/\/api.w.org\/{rel}","templated":true}]}}