{"id":24025,"date":"2022-11-07T16:17:51","date_gmt":"2022-11-07T16:17:51","guid":{"rendered":"https:\/\/www.ivh9.si\/Ponudbe\/ciuha\/?post_type=product&#038;p=24025"},"modified":"2022-11-23T08:17:14","modified_gmt":"2022-11-23T08:17:14","slug":"kod-pelhan-challenger-black-ivy","status":"publish","type":"product","link":"https:\/\/www.orto-bar.com\/en\/dogodki\/arhiv\/kod-pelhan-challenger-black-ivy\/","title":{"rendered":"KoD: Pelhan, Challenger, Black Ivy"},"content":{"rendered":"<p>&nbsp;<\/p>\n<div class=\"xdj266r x11i5rnm xat24cr x1mh8g0r x1vvkbs\">Kadilnica of Death!<\/div>\n<div class=\"x11i5rnm xat24cr x1mh8g0r x1vvkbs xtlvy1s\">Predbo\u017ei\u010dne dneve bomo v Orto baru kraj\u0161ali z bolj melodi\u010dnimi hard rock\/ heavy metal vi\u017eami izpod prstov Pelhan, Challenger in Black Ivy.<\/div>\n<div class=\"x11i5rnm xat24cr x1mh8g0r x1vvkbs xtlvy1s\">Vstopnina: 8\u20ac do 20h, 10\u20ac po 20h<br \/>\nZa lastnike \u010dlanske izkaznice KoD vstop prost!<\/div>\n<div class=\"x11i5rnm xat24cr x1mh8g0r x1vvkbs xtlvy1s\"><\/div>\n<div class=\"x11i5rnm xat24cr x1mh8g0r x1vvkbs xtlvy1s\">PELHAN (hard rock)<\/div>\n<div class=\"x11i5rnm xat24cr x1mh8g0r x1vvkbs xtlvy1s\"><a class=\"x1i10hfl xjbqb8w x6umtig x1b1mbwd xaqea5y xav7gou x9f619 x1ypdohk xt0psk2 xe8uvvx xdj266r x11i5rnm xat24cr x1mh8g0r xexx8yu x4uap5 x18d9i69 xkhd6sd x16tdsg8 x1hl2dhg xggy1nq x1a2a7pz xt0b8zv x1fey0fg\" tabindex=\"0\" role=\"link\" href=\"http:\/\/www.pelhan.si\/?fbclid=IwAR3erkxMJWkzlAtaQjn2Sq2PvI4p9i-rxbcuUJlRWDrAqtgDv7rmiapm3bg\" target=\"_blank\" rel=\"nofollow noopener\">http:\/\/www.pelhan.si\/<\/a><br \/>\nFB:\u00a0<a class=\"x1i10hfl xjbqb8w x6umtig x1b1mbwd xaqea5y xav7gou x9f619 x1ypdohk xt0psk2 xe8uvvx xdj266r x11i5rnm xat24cr x1mh8g0r xexx8yu x4uap5 x18d9i69 xkhd6sd x16tdsg8 x1hl2dhg xggy1nq x1a2a7pz xt0b8zv xzsf02u x1s688f\" tabindex=\"0\" role=\"link\" href=\"https:\/\/www.facebook.com\/pelhanofficial?__cft__[0]=AZXQSyF9fuPpSzb5Yiaa1Q30Ep34d0xjjo2mwGCOqEtI1Pc3fdHzm71EBVUiEVARnFT5UDINRq-OGGcnSTC8K5DDbjJwVKW7_ftGYxiEWnSluRt-fBiTLy4bpSU-lzjZn1hQysspv_21T2VhAJV389oWMwdKDi7LxqnnO9FYMJyG6Q&amp;__tn__=q\"><span class=\"xt0psk2\">https:\/\/www.facebook.com\/pelhanofficial<\/span><\/a><br \/>\nBandcamp:\u00a0<a class=\"x1i10hfl xjbqb8w x6umtig x1b1mbwd xaqea5y xav7gou x9f619 x1ypdohk xt0psk2 xe8uvvx xdj266r x11i5rnm xat24cr x1mh8g0r xexx8yu x4uap5 x18d9i69 xkhd6sd x16tdsg8 x1hl2dhg xggy1nq x1a2a7pz xt0b8zv x1fey0fg\" tabindex=\"0\" role=\"link\" href=\"https:\/\/pelhan.bandcamp.com\/?fbclid=IwAR3y1lTO0V0_cpQrhBBnvCOYxu04trfHcxnGuGdiHdldp_5hbaH6BByw4RY\" target=\"_blank\" rel=\"nofollow noopener\">https:\/\/pelhan.bandcamp.com\/<\/a><br \/>\nIG:\u00a0<a class=\"x1i10hfl xjbqb8w x6umtig x1b1mbwd xaqea5y xav7gou x9f619 x1ypdohk xt0psk2 xe8uvvx xdj266r x11i5rnm xat24cr x1mh8g0r xexx8yu x4uap5 x18d9i69 xkhd6sd x16tdsg8 x1hl2dhg xggy1nq x1a2a7pz xt0b8zv x1fey0fg\" tabindex=\"0\" role=\"link\" href=\"https:\/\/www.instagram.com\/pelhanrock\/?fbclid=IwAR2U-XFppVqS1cBkerP7VtDPy8VZEA5Dtr9dNUqgwj_ZjeDASBZ6eb97alc\" target=\"_blank\" rel=\"nofollow noopener\">https:\/\/www.instagram.com\/pelhanrock\/<\/a><\/div>\n<div class=\"x11i5rnm xat24cr x1mh8g0r x1vvkbs xtlvy1s\"><\/div>\n<div class=\"x11i5rnm xat24cr x1mh8g0r x1vvkbs xtlvy1s\">CHALLENGER (heavy metal)<\/div>\n<div class=\"x11i5rnm xat24cr x1mh8g0r x1vvkbs xtlvy1s\">FB:\u00a0<a class=\"x1i10hfl xjbqb8w x6umtig x1b1mbwd xaqea5y xav7gou x9f619 x1ypdohk xt0psk2 xe8uvvx xdj266r x11i5rnm xat24cr x1mh8g0r xexx8yu x4uap5 x18d9i69 xkhd6sd x16tdsg8 x1hl2dhg xggy1nq x1a2a7pz xt0b8zv xzsf02u x1s688f\" tabindex=\"0\" role=\"link\" href=\"https:\/\/www.facebook.com\/challengerslo?__cft__[0]=AZXQSyF9fuPpSzb5Yiaa1Q30Ep34d0xjjo2mwGCOqEtI1Pc3fdHzm71EBVUiEVARnFT5UDINRq-OGGcnSTC8K5DDbjJwVKW7_ftGYxiEWnSluRt-fBiTLy4bpSU-lzjZn1hQysspv_21T2VhAJV389oWMwdKDi7LxqnnO9FYMJyG6Q&amp;__tn__=q\"><span class=\"xt0psk2\">https:\/\/www.facebook.com\/challengerslo<\/span><\/a><br \/>\nIG:\u00a0<a class=\"x1i10hfl xjbqb8w x6umtig x1b1mbwd xaqea5y xav7gou x9f619 x1ypdohk xt0psk2 xe8uvvx xdj266r x11i5rnm xat24cr x1mh8g0r xexx8yu x4uap5 x18d9i69 xkhd6sd x16tdsg8 x1hl2dhg xggy1nq x1a2a7pz xt0b8zv x1fey0fg\" tabindex=\"0\" role=\"link\" href=\"https:\/\/www.instagram.com\/challenger.band\/?fbclid=IwAR0-VdkG_BRjYfxhijHPv67DyEFT1Td5b3OAcjp4eijjlbLk0_zRiMRYwqc\" target=\"_blank\" rel=\"nofollow noopener\">https:\/\/www.instagram.com\/challenger.band\/<\/a><br \/>\nBandcamp:\u00a0<a class=\"x1i10hfl xjbqb8w x6umtig x1b1mbwd xaqea5y xav7gou x9f619 x1ypdohk xt0psk2 xe8uvvx xdj266r x11i5rnm xat24cr x1mh8g0r xexx8yu x4uap5 x18d9i69 xkhd6sd x16tdsg8 x1hl2dhg xggy1nq x1a2a7pz xt0b8zv x1fey0fg\" tabindex=\"0\" role=\"link\" href=\"https:\/\/bandchallenger.bandcamp.com\/releases?fbclid=IwAR2a2gUYodKpbfO6mrbLr7iAhg_BaXEmYVfyhExVv62OKIpiULsZnNl_imM\" target=\"_blank\" rel=\"nofollow noopener\">https:\/\/bandchallenger.bandcamp.com\/releases<\/a><\/div>\n<div class=\"x11i5rnm xat24cr x1mh8g0r x1vvkbs xtlvy1s\"><\/div>\n<div class=\"x11i5rnm xat24cr x1mh8g0r x1vvkbs xtlvy1s\">BLACK IVY(heavy metal)<\/div>\n<div class=\"x11i5rnm xat24cr x1mh8g0r x1vvkbs xtlvy1s\">FB:\u00a0<a class=\"x1i10hfl xjbqb8w x6umtig x1b1mbwd xaqea5y xav7gou x9f619 x1ypdohk xt0psk2 xe8uvvx xdj266r x11i5rnm xat24cr x1mh8g0r xexx8yu x4uap5 x18d9i69 xkhd6sd x16tdsg8 x1hl2dhg xggy1nq x1a2a7pz xt0b8zv xzsf02u x1s688f\" tabindex=\"0\" role=\"link\" href=\"https:\/\/www.facebook.com\/profile.php?id=100028835666985&amp;__cft__[0]=AZXQSyF9fuPpSzb5Yiaa1Q30Ep34d0xjjo2mwGCOqEtI1Pc3fdHzm71EBVUiEVARnFT5UDINRq-OGGcnSTC8K5DDbjJwVKW7_ftGYxiEWnSluRt-fBiTLy4bpSU-lzjZn1hQysspv_21T2VhAJV389oWMwdKDi7LxqnnO9FYMJyG6Q&amp;__tn__=q\">https:\/\/www.facebook.com\/profile.php?id=100028835666985<\/a><br \/>\nIG:\u00a0<a class=\"x1i10hfl xjbqb8w x6umtig x1b1mbwd xaqea5y xav7gou x9f619 x1ypdohk xt0psk2 xe8uvvx xdj266r x11i5rnm xat24cr x1mh8g0r xexx8yu x4uap5 x18d9i69 xkhd6sd x16tdsg8 x1hl2dhg xggy1nq x1a2a7pz xt0b8zv x1fey0fg\" tabindex=\"0\" role=\"link\" href=\"https:\/\/l.facebook.com\/l.php?u=https%3A%2F%2Fwww.instagram.com%2Fblack7.ivy7%2F%3Ffbclid%3DIwAR1U6oyqKVHJnyYqHTvhTSKE-hrIBGp96CMpC0vpSiEKqbvjRhs6s1EmN70&amp;h=AT2L9WbRmMgIZbXmEkPCQnlKbxzLX28ISv2AamHdzzVaNODMLFA6mTHt7O9VFjeza42_CtM-7qzQB3KzVpEbBh9Np3HWTzYJfK7xkKTSDPMXsVVJ10M3g0L8x2UMkKDlLA&amp;__tn__=q&amp;c[0]=AT2ReeEFsLphfjeyuOhZOM9nyQgdHcWwnY7z2yVxUiNFR3ucD9DhAQI0n1OwCBzIso3N8i9MCTq4Vl-A4aRV8Kke5NQ8Hv6RSMg8l_vEgw1WvFbGhsAD_hShzIbEHFUm8-rtydHl6qcR9HygY81gP9DK4E2UaXTKIi_bucnJdJS39bRJu_Z4\" target=\"_blank\" rel=\"nofollow noopener\">https:\/\/www.instagram.com\/black7.ivy7\/<\/a><br \/>\nBandcamp:\u00a0<a class=\"x1i10hfl xjbqb8w x6umtig x1b1mbwd xaqea5y xav7gou x9f619 x1ypdohk xt0psk2 xe8uvvx xdj266r x11i5rnm xat24cr x1mh8g0r xexx8yu x4uap5 x18d9i69 xkhd6sd x16tdsg8 x1hl2dhg xggy1nq x1a2a7pz xt0b8zv x1fey0fg\" tabindex=\"0\" role=\"link\" href=\"https:\/\/blackivy1.bandcamp.com\/releases?fbclid=IwAR3oFtqbbKkhqj1_ZQ-_bJgZgpFnwPyU4-NnQHpGkpfED4qk7PW0rSdBWiQ\" target=\"_blank\" rel=\"nofollow noopener\">https:\/\/blackivy1.bandcamp.com\/releases<\/a><\/div>","protected":false},"excerpt":{"rendered":"<p>&nbsp; Kadilnica of Death! Predbo\u017ei\u010dne dneve bomo v Orto baru kraj\u0161ali z bolj melodi\u010dnimi hard rock\/ heavy metal vi\u017eami izpod prstov Pelhan, Challenger in Black Ivy. Vstopnina: 8\u20ac do 20h, 10\u20ac po 20h Za lastnike \u010dlanske izkaznice KoD vstop prost! PELHAN (hard rock) http:\/\/www.pelhan.si\/ FB:\u00a0https:\/\/www.facebook.com\/pelhanofficial Bandcamp:\u00a0https:\/\/pelhan.bandcamp.com\/ IG:\u00a0https:\/\/www.instagram.com\/pelhanrock\/ CHALLENGER (heavy metal) FB:\u00a0https:\/\/www.facebook.com\/challengerslo IG:\u00a0https:\/\/www.instagram.com\/challenger.band\/ Bandcamp:\u00a0https:\/\/bandchallenger.bandcamp.com\/releases BLACK IVY(heavy [&hellip;]<\/p>","protected":false},"author":11,"featured_media":24026,"template":"","meta":{"_seopress_robots_primary_cat":"none","_seopress_titles_title":"","_seopress_titles_desc":"","_seopress_robots_index":""},"product_brand":[],"product_cat":[230],"product_tag":[222],"class_list":{"0":"post-24025","1":"product","2":"type-product","3":"status-publish","4":"has-post-thumbnail","6":"product_cat-arhiv","7":"product_tag-predprodaja","9":"entry","10":"has-media","12":"first","13":"onbackorder","14":"virtual","15":"taxable","16":"product-type-simple","17":"has-product-nav","18":"col","19":"span_1_of_4","20":"owp-content-center","21":"item-entry","22":"owp-thumbs-layout-horizontal","23":"owp-btn-normal","24":"owp-tabs-layout-section","25":"has-no-thumbnails"},"publishpress_future_action":{"enabled":false,"date":"2026-05-08 09:10:32","action":"change-status","newStatus":"draft","terms":[],"taxonomy":"product_cat","extraData":[]},"publishpress_future_workflow_manual_trigger":{"enabledWorkflows":[]},"_links":{"self":[{"href":"https:\/\/www.orto-bar.com\/en\/wp-json\/wp\/v2\/product\/24025","targetHints":{"allow":["GET"]}}],"collection":[{"href":"https:\/\/www.orto-bar.com\/en\/wp-json\/wp\/v2\/product"}],"about":[{"href":"https:\/\/www.orto-bar.com\/en\/wp-json\/wp\/v2\/types\/product"}],"author":[{"embeddable":true,"href":"https:\/\/www.orto-bar.com\/en\/wp-json\/wp\/v2\/users\/11"}],"version-history":[{"count":0,"href":"https:\/\/www.orto-bar.com\/en\/wp-json\/wp\/v2\/product\/24025\/revisions"}],"wp:featuredmedia":[{"embeddable":true,"href":"https:\/\/www.orto-bar.com\/en\/wp-json\/wp\/v2\/media\/24026"}],"wp:attachment":[{"href":"https:\/\/www.orto-bar.com\/en\/wp-json\/wp\/v2\/media?parent=24025"}],"wp:term":[{"taxonomy":"product_brand","embeddable":true,"href":"https:\/\/www.orto-bar.com\/en\/wp-json\/wp\/v2\/product_brand?post=24025"},{"taxonomy":"product_cat","embeddable":true,"href":"https:\/\/www.orto-bar.com\/en\/wp-json\/wp\/v2\/product_cat?post=24025"},{"taxonomy":"product_tag","embeddable":true,"href":"https:\/\/www.orto-bar.com\/en\/wp-json\/wp\/v2\/product_tag?post=24025"}],"curies":[{"name":"wp","href":"https:\/\/api.w.org\/{rel}","templated":true}]}}