{"id":24231,"date":"2022-11-15T20:41:05","date_gmt":"2022-11-15T20:41:05","guid":{"rendered":"https:\/\/www.orto-bar.com\/?post_type=product&#038;p=24231"},"modified":"2022-11-23T08:14:25","modified_gmt":"2022-11-23T08:14:25","slug":"kod-prednovoletni-zur-s-space-unicorn-on-fire","status":"publish","type":"product","link":"https:\/\/www.orto-bar.com\/en\/dogodki\/arhiv\/kod-prednovoletni-zur-s-space-unicorn-on-fire\/","title":{"rendered":"KoD &#8211; prednovoletni \u017eur s Space Unicorn on Fire!"},"content":{"rendered":"<div class=\"xdj266r x11i5rnm xat24cr x1mh8g0r x1vvkbs\">Kadilnica of Death!<\/div>\n<div class=\"x11i5rnm xat24cr x1mh8g0r x1vvkbs xtlvy1s\">Stari slovenski pregovor pravi: &#8220;Ne more\u0161 v novo leto brez da si bil v Orti\u010du na Space Unicorn on Fire!&#8221;<br \/>\nLetos je to 10. obletnica njihovega \u010disto prvega \u0161pila, saj so ravno na novoletnem odru Orto Bara pri\u010deli svojo glasbeno pot.<br \/>\nPrednovoletni koncert je vmes postal lepa tradicija, za kar so fantje zelo hvale\u017eni, tako da lahko pri\u010dakujemo kak\u0161no lepo presene\u010denje.<\/div>\n<div class=\"x11i5rnm xat24cr x1mh8g0r x1vvkbs xtlvy1s\">Vstopnina: 8\u20ac do 20h, 10\u20ac po 20h<br \/>\nZa lastnike \u010dlanske izkaznice KoD vstop prost!<\/div>\n<div class=\"x11i5rnm xat24cr x1mh8g0r x1vvkbs xtlvy1s\"><\/div>\n<div class=\"x11i5rnm xat24cr x1mh8g0r x1vvkbs xtlvy1s\">Space Unicorn on Fire (80&#8217;s Synthwave Power Metal)<\/div>\n<div class=\"x11i5rnm xat24cr x1mh8g0r x1vvkbs xtlvy1s\">FB:\u00a0<a class=\"x1i10hfl xjbqb8w x6umtig x1b1mbwd xaqea5y xav7gou x9f619 x1ypdohk xt0psk2 xe8uvvx xdj266r x11i5rnm xat24cr x1mh8g0r xexx8yu x4uap5 x18d9i69 xkhd6sd x16tdsg8 x1hl2dhg xggy1nq x1a2a7pz xt0b8zv xzsf02u x1s688f\" tabindex=\"0\" role=\"link\" href=\"https:\/\/www.facebook.com\/spaceunicornonfire?__cft__[0]=AZUsnmR46Am1Rgr1ez-Xv2Jc8vtFmCFjtjgR8LJu31oukbL9IaRNvrYkjBVVKBwNpiUbLl7Ur5_WsaIoKQ8gfW230zsEBl6Uh6TkLkVu1yIH3nqotvqRBkgJgJsLGqAPbPnVwcmCFKVDLI_dVBhnypnpOVUFX7oRYh89x1oJCTSZ7Q&amp;__tn__=q\"><span class=\"xt0psk2\">https:\/\/www.facebook.com\/spaceunicornonfire<\/span><\/a><br \/>\nBandcamp:\u00a0<a class=\"x1i10hfl xjbqb8w x6umtig x1b1mbwd xaqea5y xav7gou x9f619 x1ypdohk xt0psk2 xe8uvvx xdj266r x11i5rnm xat24cr x1mh8g0r xexx8yu x4uap5 x18d9i69 xkhd6sd x16tdsg8 x1hl2dhg xggy1nq x1a2a7pz xt0b8zv x1fey0fg\" tabindex=\"0\" role=\"link\" href=\"https:\/\/l.facebook.com\/l.php?u=https%3A%2F%2Fspaceunicornonfire.bandcamp.com%2Fmusic%3Ffbclid%3DIwAR0jq-hI3qtkH3oBO6HzaqqGAYsBgvZWtcQ2X7v_B95x-cQBDdZd0gXh-uU&amp;h=AT2M-28FIptdTJGqZm8tKwjaZT23AdOY3A1cLL4lC-TuHZQNSUGBCnRx7m_kKEP55Jsu4f1nn2xTiSmiVBlObHTCx2h5qH4IXhpl1tpyQ_074rP6k0TevhndRYx14-ztNg&amp;__tn__=q&amp;c[0]=AT1OpXTP5FtzWl0ZRiSpMczA5vLvH398eASLZ0zv4f7pUbVOt11moEZY9mgcG57p_OZ2CtBU10NEhEQ3kwYwPsgt-wtD3-A9gauW3Bva84w6qNF_5ywXlNWwuGDRu1x5z-_fJkmvaYlR0bGxTUmKm4GZoAmtwc62gqbTIoslbzxEyH5x9Nic\" target=\"_blank\" rel=\"nofollow noopener\">https:\/\/spaceunicornonfire.bandcamp.com\/music<\/a><br \/>\nYT:\u00a0<a class=\"x1i10hfl xjbqb8w x6umtig x1b1mbwd xaqea5y xav7gou x9f619 x1ypdohk xt0psk2 xe8uvvx xdj266r x11i5rnm xat24cr x1mh8g0r xexx8yu x4uap5 x18d9i69 xkhd6sd x16tdsg8 x1hl2dhg xggy1nq x1a2a7pz xt0b8zv x1fey0fg\" tabindex=\"0\" role=\"link\" href=\"https:\/\/l.facebook.com\/l.php?u=https%3A%2F%2Fwww.youtube.com%2Fwatch%3Fv%3DyDpE8y9YHSM%26fbclid%3DIwAR3H751zT9uLWuB_LvOpngse-8xIdMGMZzX3APMuINtdSnTpd6S8XaV8gz0&amp;h=AT26UeooAwo0uBLhESuBWyC04lSxwc5K0KxIbpj0KmcixP5l-llP3Lx2HiRJbEp0fLPQE1tbpoMKMz_kgIDTxKgYpCZ-gAC4sakPckDOTdR7em0e-Bhz0k9qdNigTWPtkQ&amp;__tn__=q&amp;c[0]=AT1OpXTP5FtzWl0ZRiSpMczA5vLvH398eASLZ0zv4f7pUbVOt11moEZY9mgcG57p_OZ2CtBU10NEhEQ3kwYwPsgt-wtD3-A9gauW3Bva84w6qNF_5ywXlNWwuGDRu1x5z-_fJkmvaYlR0bGxTUmKm4GZoAmtwc62gqbTIoslbzxEyH5x9Nic\" target=\"_blank\" rel=\"nofollow noopener\">https:\/\/www.youtube.com\/watch?v=yDpE8y9YHSM<\/a><\/div>\n<div class=\"x11i5rnm xat24cr x1mh8g0r x1vvkbs xtlvy1s\"><\/div>","protected":false},"excerpt":{"rendered":"<p>Kadilnica of Death! Stari slovenski pregovor pravi: &#8220;Ne more\u0161 v novo leto brez da si bil v Orti\u010du na Space Unicorn on Fire!&#8221; Letos je to 10. obletnica njihovega \u010disto prvega \u0161pila, saj so ravno na novoletnem odru Orto Bara pri\u010deli svojo glasbeno pot. Prednovoletni koncert je vmes postal lepa tradicija, za kar so fantje [&hellip;]<\/p>","protected":false},"author":11,"featured_media":24235,"template":"","meta":{"_seopress_robots_primary_cat":"none","_seopress_titles_title":"","_seopress_titles_desc":"","_seopress_robots_index":""},"product_brand":[],"product_cat":[230],"product_tag":[222],"class_list":{"0":"post-24231","1":"product","2":"type-product","3":"status-publish","4":"has-post-thumbnail","6":"product_cat-arhiv","7":"product_tag-predprodaja","9":"entry","10":"has-media","12":"first","13":"onbackorder","14":"virtual","15":"taxable","16":"product-type-simple","17":"has-product-nav","18":"col","19":"span_1_of_4","20":"owp-content-center","21":"item-entry","22":"owp-thumbs-layout-horizontal","23":"owp-btn-normal","24":"owp-tabs-layout-section","25":"has-no-thumbnails"},"publishpress_future_action":{"enabled":false,"date":"2026-05-08 12:05:56","action":"change-status","newStatus":"draft","terms":[],"taxonomy":"product_cat","extraData":[]},"publishpress_future_workflow_manual_trigger":{"enabledWorkflows":[]},"_links":{"self":[{"href":"https:\/\/www.orto-bar.com\/en\/wp-json\/wp\/v2\/product\/24231","targetHints":{"allow":["GET"]}}],"collection":[{"href":"https:\/\/www.orto-bar.com\/en\/wp-json\/wp\/v2\/product"}],"about":[{"href":"https:\/\/www.orto-bar.com\/en\/wp-json\/wp\/v2\/types\/product"}],"author":[{"embeddable":true,"href":"https:\/\/www.orto-bar.com\/en\/wp-json\/wp\/v2\/users\/11"}],"version-history":[{"count":0,"href":"https:\/\/www.orto-bar.com\/en\/wp-json\/wp\/v2\/product\/24231\/revisions"}],"wp:featuredmedia":[{"embeddable":true,"href":"https:\/\/www.orto-bar.com\/en\/wp-json\/wp\/v2\/media\/24235"}],"wp:attachment":[{"href":"https:\/\/www.orto-bar.com\/en\/wp-json\/wp\/v2\/media?parent=24231"}],"wp:term":[{"taxonomy":"product_brand","embeddable":true,"href":"https:\/\/www.orto-bar.com\/en\/wp-json\/wp\/v2\/product_brand?post=24231"},{"taxonomy":"product_cat","embeddable":true,"href":"https:\/\/www.orto-bar.com\/en\/wp-json\/wp\/v2\/product_cat?post=24231"},{"taxonomy":"product_tag","embeddable":true,"href":"https:\/\/www.orto-bar.com\/en\/wp-json\/wp\/v2\/product_tag?post=24231"}],"curies":[{"name":"wp","href":"https:\/\/api.w.org\/{rel}","templated":true}]}}