{"id":24299,"date":"2022-11-16T20:23:05","date_gmt":"2022-11-16T20:23:05","guid":{"rendered":"https:\/\/www.orto-bar.com\/dogodki\/nekategorizirano\/deathstars-copy\/"},"modified":"2022-11-16T20:28:35","modified_gmt":"2022-11-16T20:28:35","slug":"full-of-hell-sanguisugabogg-jad","status":"publish","type":"product","link":"https:\/\/www.orto-bar.com\/en\/dogodki\/arhiv\/full-of-hell-sanguisugabogg-jad\/","title":{"rendered":"Full of Hell, Sanguisugabogg, JAD"},"content":{"rendered":"<div class=\"x11i5rnm xat24cr x1mh8g0r x1vvkbs xtlvy1s\">FULL OF HELL v Ljubljani!<br \/>\nGrindcore zasedba Full of Hell, novi varovanci zalo\u017ebe Relapse, kon\u010dno pri nas!<br \/>\nKot predskupine se bodo predstavili prav tako ameri\u0161ki gore death metalci Sanguisugabogg (Century media) in JAD &#8211; poljski hardcore pankerji!<br \/>\nPridi, tole bo na glavo!<\/div>\n<div class=\"x11i5rnm xat24cr x1mh8g0r x1vvkbs xtlvy1s\">FULL OF HELL<br \/>\n<a class=\"x1i10hfl xjbqb8w x6umtig x1b1mbwd xaqea5y xav7gou x9f619 x1ypdohk xt0psk2 xe8uvvx xdj266r x11i5rnm xat24cr x1mh8g0r xexx8yu x4uap5 x18d9i69 xkhd6sd x16tdsg8 x1hl2dhg xggy1nq x1a2a7pz xt0b8zv xzsf02u x1s688f\" tabindex=\"0\" role=\"link\" href=\"https:\/\/www.facebook.com\/fullofhell?__cft__[0]=AZVARcVgbwaMz7naLZGaPt4GtvexN2ZfF9afnfVQoq0evYlKOt4hj3ISPDPIT1ko5MdXe2pLnwwleuT1GJkf5d37ldJSO8xqrILqjo7HY72Ffi21feapIvdQEAatu6evSfc&amp;__tn__=q\"><span class=\"xt0psk2\">https:\/\/www.facebook.com\/fullofhell\/<\/span><\/a><br \/>\n<a class=\"x1i10hfl xjbqb8w x6umtig x1b1mbwd xaqea5y xav7gou x9f619 x1ypdohk xt0psk2 xe8uvvx xdj266r x11i5rnm xat24cr x1mh8g0r xexx8yu x4uap5 x18d9i69 xkhd6sd x16tdsg8 x1hl2dhg xggy1nq x1a2a7pz xt0b8zv x1fey0fg\" tabindex=\"0\" role=\"link\" href=\"https:\/\/www.fullofhell.com\/?fbclid=IwAR3yLeLYyZfnlZrYJH8kroIh1rj0iOU2NehQuipDJxE2c6TNU5TjaYyaJIk\" target=\"_blank\" rel=\"nofollow noopener\">https:\/\/www.fullofhell.com\/<\/a><\/div>\n<div class=\"x11i5rnm xat24cr x1mh8g0r x1vvkbs xtlvy1s\">SANGUISUGABOGG<br \/>\n<a class=\"x1i10hfl xjbqb8w x6umtig x1b1mbwd xaqea5y xav7gou x9f619 x1ypdohk xt0psk2 xe8uvvx xdj266r x11i5rnm xat24cr x1mh8g0r xexx8yu x4uap5 x18d9i69 xkhd6sd x16tdsg8 x1hl2dhg xggy1nq x1a2a7pz xt0b8zv xzsf02u x1s688f\" tabindex=\"0\" role=\"link\" href=\"https:\/\/www.facebook.com\/sanguisugabogg?__cft__[0]=AZVARcVgbwaMz7naLZGaPt4GtvexN2ZfF9afnfVQoq0evYlKOt4hj3ISPDPIT1ko5MdXe2pLnwwleuT1GJkf5d37ldJSO8xqrILqjo7HY72Ffi21feapIvdQEAatu6evSfc&amp;__tn__=q\"><span class=\"xt0psk2\">https:\/\/www.facebook.com\/sanguisugabogg\/<\/span><\/a><br \/>\n<a class=\"x1i10hfl xjbqb8w x6umtig x1b1mbwd xaqea5y xav7gou x9f619 x1ypdohk xt0psk2 xe8uvvx xdj266r x11i5rnm xat24cr x1mh8g0r xexx8yu x4uap5 x18d9i69 xkhd6sd x16tdsg8 x1hl2dhg xggy1nq x1a2a7pz xt0b8zv x1fey0fg\" tabindex=\"0\" role=\"link\" href=\"https:\/\/sanguisugabogg.com\/?fbclid=IwAR2BrXTMHnFkEITF2rWj_uSetp9BHj395wYpYx8zyivnh4_GwcVX24bejn8\" target=\"_blank\" rel=\"nofollow noopener\">https:\/\/sanguisugabogg.com\/<\/a><\/div>\n<div class=\"x11i5rnm xat24cr x1mh8g0r x1vvkbs xtlvy1s\">JAD<br \/>\n<a class=\"x1i10hfl xjbqb8w x6umtig x1b1mbwd xaqea5y xav7gou x9f619 x1ypdohk xt0psk2 xe8uvvx xdj266r x11i5rnm xat24cr x1mh8g0r xexx8yu x4uap5 x18d9i69 xkhd6sd x16tdsg8 x1hl2dhg xggy1nq x1a2a7pz xt0b8zv xzsf02u x1s688f\" tabindex=\"0\" role=\"link\" href=\"https:\/\/www.facebook.com\/jadpunx?__cft__[0]=AZVARcVgbwaMz7naLZGaPt4GtvexN2ZfF9afnfVQoq0evYlKOt4hj3ISPDPIT1ko5MdXe2pLnwwleuT1GJkf5d37ldJSO8xqrILqjo7HY72Ffi21feapIvdQEAatu6evSfc&amp;__tn__=q\"><span class=\"xt0psk2\">https:\/\/www.facebook.com\/jadpunx\/<\/span><\/a><br \/>\n<a class=\"x1i10hfl xjbqb8w x6umtig x1b1mbwd xaqea5y xav7gou x9f619 x1ypdohk xt0psk2 xe8uvvx xdj266r x11i5rnm xat24cr x1mh8g0r xexx8yu x4uap5 x18d9i69 xkhd6sd x16tdsg8 x1hl2dhg xggy1nq x1a2a7pz xt0b8zv x1fey0fg\" tabindex=\"0\" role=\"link\" href=\"https:\/\/jadpunk.bandcamp.com\/?fbclid=IwAR2pRyMVjgqFmhLxTXQKw3KuhH43WCfSnjm1TM5WfCoc2MIpcu_V9yrUFKY\" target=\"_blank\" rel=\"nofollow noopener\">https:\/\/jadpunk.bandcamp.com\/<\/a><\/div>","protected":false},"excerpt":{"rendered":"<p>FULL OF HELL v Ljubljani! Grindcore zasedba Full of Hell, novi varovanci zalo\u017ebe Relapse, kon\u010dno pri nas! Kot predskupine se bodo predstavili prav tako ameri\u0161ki gore death metalci Sanguisugabogg (Century media) in JAD &#8211; poljski hardcore pankerji! Pridi, tole bo na glavo! FULL OF HELL https:\/\/www.facebook.com\/fullofhell\/ https:\/\/www.fullofhell.com\/ SANGUISUGABOGG https:\/\/www.facebook.com\/sanguisugabogg\/ https:\/\/sanguisugabogg.com\/ JAD https:\/\/www.facebook.com\/jadpunx\/ https:\/\/jadpunk.bandcamp.com\/<\/p>","protected":false},"author":11,"featured_media":24301,"template":"","meta":{"_seopress_robots_primary_cat":"none","_seopress_titles_title":"","_seopress_titles_desc":"","_seopress_robots_index":""},"product_brand":[],"product_cat":[230],"product_tag":[222],"class_list":{"0":"post-24299","1":"product","2":"type-product","3":"status-publish","4":"has-post-thumbnail","6":"product_cat-arhiv","7":"product_tag-predprodaja","9":"entry","10":"has-media","12":"first","13":"onbackorder","14":"virtual","15":"taxable","16":"product-type-simple","17":"has-product-nav","18":"col","19":"span_1_of_4","20":"owp-content-center","21":"item-entry","22":"owp-thumbs-layout-horizontal","23":"owp-btn-normal","24":"owp-tabs-layout-section","25":"has-no-thumbnails"},"publishpress_future_action":{"enabled":false,"date":"2026-05-08 08:11:06","action":"change-status","newStatus":"draft","terms":[],"taxonomy":"product_cat","extraData":[]},"publishpress_future_workflow_manual_trigger":{"enabledWorkflows":[]},"_links":{"self":[{"href":"https:\/\/www.orto-bar.com\/en\/wp-json\/wp\/v2\/product\/24299","targetHints":{"allow":["GET"]}}],"collection":[{"href":"https:\/\/www.orto-bar.com\/en\/wp-json\/wp\/v2\/product"}],"about":[{"href":"https:\/\/www.orto-bar.com\/en\/wp-json\/wp\/v2\/types\/product"}],"author":[{"embeddable":true,"href":"https:\/\/www.orto-bar.com\/en\/wp-json\/wp\/v2\/users\/11"}],"version-history":[{"count":0,"href":"https:\/\/www.orto-bar.com\/en\/wp-json\/wp\/v2\/product\/24299\/revisions"}],"wp:featuredmedia":[{"embeddable":true,"href":"https:\/\/www.orto-bar.com\/en\/wp-json\/wp\/v2\/media\/24301"}],"wp:attachment":[{"href":"https:\/\/www.orto-bar.com\/en\/wp-json\/wp\/v2\/media?parent=24299"}],"wp:term":[{"taxonomy":"product_brand","embeddable":true,"href":"https:\/\/www.orto-bar.com\/en\/wp-json\/wp\/v2\/product_brand?post=24299"},{"taxonomy":"product_cat","embeddable":true,"href":"https:\/\/www.orto-bar.com\/en\/wp-json\/wp\/v2\/product_cat?post=24299"},{"taxonomy":"product_tag","embeddable":true,"href":"https:\/\/www.orto-bar.com\/en\/wp-json\/wp\/v2\/product_tag?post=24299"}],"curies":[{"name":"wp","href":"https:\/\/api.w.org\/{rel}","templated":true}]}}