{"id":24658,"date":"2022-11-23T08:38:09","date_gmt":"2022-11-23T08:38:09","guid":{"rendered":"https:\/\/www.orto-bar.com\/?post_type=product&#038;p=24658"},"modified":"2023-01-31T10:46:00","modified_gmt":"2023-01-31T10:46:00","slug":"twilight-force-silver-bullet-guest-finntroll-skalmold-kopija","status":"publish","type":"product","link":"https:\/\/www.orto-bar.com\/en\/dogodki\/arhiv\/twilight-force-silver-bullet-guest-finntroll-skalmold-kopija\/","title":{"rendered":"Twilight Force,Seven Spires, Silver Bullet"},"content":{"rendered":"<div class=\"x11i5rnm xat24cr x1mh8g0r x1vvkbs xdj266r\">Vstopnice \u017ee na voljo, preko On-Parole<br \/>\n22 evrov v predprodaji, 25 evrov na dan koncerta!<br \/>\n<a class=\"x1i10hfl xjbqb8w x6umtig x1b1mbwd xaqea5y xav7gou x9f619 x1ypdohk xt0psk2 xe8uvvx xdj266r x11i5rnm xat24cr x1mh8g0r xexx8yu x4uap5 x18d9i69 xkhd6sd x16tdsg8 x1hl2dhg xggy1nq x1a2a7pz xt0b8zv x1fey0fg\" tabindex=\"0\" role=\"link\" href=\"https:\/\/qr.page\/g\/5pskKjMchY6?fbclid=IwAR1pJYyOBfDBdHGqI4IBqEBYsgQzjRhynTbAS_525c-QxWugAggufMQW4Aw\" target=\"_blank\" rel=\"nofollow noopener\">https:\/\/qr.page\/g\/5pskKjMchY6<\/a><\/div>\n<div class=\"x11i5rnm xat24cr x1mh8g0r x1vvkbs xtlvy1s\">Tickets already in presale through On-Parole!<br \/>\n22 euro in presale, 25 euro on show day!<br \/>\n<a class=\"x1i10hfl xjbqb8w x6umtig x1b1mbwd xaqea5y xav7gou x9f619 x1ypdohk xt0psk2 xe8uvvx xdj266r x11i5rnm xat24cr x1mh8g0r xexx8yu x4uap5 x18d9i69 xkhd6sd x16tdsg8 x1hl2dhg xggy1nq x1a2a7pz xt0b8zv x1fey0fg\" tabindex=\"0\" role=\"link\" href=\"https:\/\/qr.page\/g\/3RFT3Xz1Yzk?fbclid=IwAR38a_6vxK5c-yRphEaoXmVMsES3dBPEU-SdAPDci1wJHibJCp6uh9JaOHo\" target=\"_blank\" rel=\"nofollow noopener\">https:\/\/qr.page\/g\/3RFT3Xz1Yzk<\/a><\/div>\n<div class=\"x11i5rnm xat24cr x1mh8g0r x1vvkbs xtlvy1s\">Join Dirty Skunks heavy metal mailing list:\u00a0<a class=\"x1i10hfl xjbqb8w x6umtig x1b1mbwd xaqea5y xav7gou x9f619 x1ypdohk xt0psk2 xe8uvvx xdj266r x11i5rnm xat24cr x1mh8g0r xexx8yu x4uap5 x18d9i69 xkhd6sd x16tdsg8 x1hl2dhg xggy1nq x1a2a7pz xt0b8zv x1fey0fg\" tabindex=\"0\" role=\"link\" href=\"https:\/\/l.facebook.com\/l.php?u=http%3A%2F%2Feepurl.com%2FbDicir%3Ffbclid%3DIwAR2MH3KuzZrliz1lw-trtmgWHpZOWB10VJBv6jGwqGev-c6k3-Vd7JKVdmQ&amp;h=AT3sRAsUty05hYd7_kljZKMBkD6tFIAub_CygHZR_wvgL1hO6DO2Zm90sZAyuseUMAu-nAOx5Dk53O5NlAuLSNJbgFy7eguiQDZAgKA8gz3DbxG2ziyCtwhXN6p-quDHrA&amp;__tn__=q&amp;c[0]=AT18IIZDVXNjG6u6eyXaJl_xUja9MG6UgS9xIDN6rOK7AOjBqKzGOtKjfwbfmFzxdIia3qmEOTRDFLXQ1rfLZAl4vlPhU2VzZXlAv4YmzRD07HG4BsumG2q30omzOG7j0RkdTfs-pWkaklogTReqvRvm5WnQ\" target=\"_blank\" rel=\"nofollow noopener\">http:\/\/eepurl.com\/bDicir<\/a><\/div>\n<div class=\"x11i5rnm xat24cr x1mh8g0r x1vvkbs xtlvy1s\">Power heavy metal je bil vedno zelo za\u017eeljen v Sloveniji, sploh z novej\u0161imi velikimi skupinami kot so Powerwolf, Sabaton ipd. Tokrat bodo premierno v Sloveniji nastopili \u0161vedski Twilight Force. Pripravite se na epske power pesmi o zmajih, vitezih in \u010darovnicah!<br \/>\nKot predskupina bodo nastopili ameri\u0161ki Seven Spires in finski Silver Bullet!<\/div>\n<div class=\"x11i5rnm xat24cr x1mh8g0r x1vvkbs xtlvy1s\">TWILIGHT FORCE<br \/>\n<a class=\"x1i10hfl xjbqb8w x6umtig x1b1mbwd xaqea5y xav7gou x9f619 x1ypdohk xt0psk2 xe8uvvx xdj266r x11i5rnm xat24cr x1mh8g0r xexx8yu x4uap5 x18d9i69 xkhd6sd x16tdsg8 x1hl2dhg xggy1nq x1a2a7pz xt0b8zv xzsf02u x1s688f\" tabindex=\"0\" role=\"link\" href=\"https:\/\/www.facebook.com\/twilightforce?__cft__[0]=AZW9ZULwLg3CtlWPyOyI0mvXxMANDNFaMZJNAfiVYopdepuc2ildmzQtpK3qhzKIhnhldWMd63nXVT2uJvjGZKaZ80bVyk3VwjbqqMKkhjkbf5UQcID1a7x-n-tB7h_ujug&amp;__tn__=q\"><span class=\"xt0psk2\">https:\/\/www.facebook.com\/twilightforce<\/span><\/a><br \/>\n<a class=\"x1i10hfl xjbqb8w x6umtig x1b1mbwd xaqea5y xav7gou x9f619 x1ypdohk xt0psk2 xe8uvvx xdj266r x11i5rnm xat24cr x1mh8g0r xexx8yu x4uap5 x18d9i69 xkhd6sd x16tdsg8 x1hl2dhg xggy1nq x1a2a7pz xt0b8zv x1fey0fg\" tabindex=\"0\" role=\"link\" href=\"https:\/\/www.youtube.com\/watch?v=8-OzvIL4d2w&amp;fbclid=IwAR3dN5Q7Z_FBska2eT8Z0owGzUmT7hzNAc2dZoYtqVVU2t8TRFvbtbfyuXM\" target=\"_blank\" rel=\"nofollow noopener\">https:\/\/www.youtube.com\/watch?v=8-OzvIL4d2w<\/a><\/div>\n<div class=\"x11i5rnm xat24cr x1mh8g0r x1vvkbs xtlvy1s\">SEVEN SPIRES<br \/>\n<a class=\"x1i10hfl xjbqb8w x6umtig x1b1mbwd xaqea5y xav7gou x9f619 x1ypdohk xt0psk2 xe8uvvx xdj266r x11i5rnm xat24cr x1mh8g0r xexx8yu x4uap5 x18d9i69 xkhd6sd x16tdsg8 x1hl2dhg xggy1nq x1a2a7pz xt0b8zv xzsf02u x1s688f\" tabindex=\"0\" role=\"link\" href=\"https:\/\/www.facebook.com\/sevenspiresband?__cft__[0]=AZW9ZULwLg3CtlWPyOyI0mvXxMANDNFaMZJNAfiVYopdepuc2ildmzQtpK3qhzKIhnhldWMd63nXVT2uJvjGZKaZ80bVyk3VwjbqqMKkhjkbf5UQcID1a7x-n-tB7h_ujug&amp;__tn__=q\"><span class=\"xt0psk2\">https:\/\/www.facebook.com\/sevenspiresband\/<\/span><\/a><br \/>\n<a class=\"x1i10hfl xjbqb8w x6umtig x1b1mbwd xaqea5y xav7gou x9f619 x1ypdohk xt0psk2 xe8uvvx xdj266r x11i5rnm xat24cr x1mh8g0r xexx8yu x4uap5 x18d9i69 xkhd6sd x16tdsg8 x1hl2dhg xggy1nq x1a2a7pz xt0b8zv x1fey0fg\" tabindex=\"0\" role=\"link\" href=\"https:\/\/www.youtube.com\/watch?v=_O7LUgm9JKw&amp;fbclid=IwAR2xSm9zUfxk_ceEc6g6UNRi3jY17A3ug6pxIx4sy6ACW0k444pSkjQI6oo\" target=\"_blank\" rel=\"nofollow noopener\">https:\/\/www.youtube.com\/watch?v=_O7LUgm9JKw<\/a><\/div>\n<div class=\"x11i5rnm xat24cr x1mh8g0r x1vvkbs xtlvy1s\">SILVER BULLET<br \/>\n<a class=\"x1i10hfl xjbqb8w x6umtig x1b1mbwd xaqea5y xav7gou x9f619 x1ypdohk xt0psk2 xe8uvvx xdj266r x11i5rnm xat24cr x1mh8g0r xexx8yu x4uap5 x18d9i69 xkhd6sd x16tdsg8 x1hl2dhg xggy1nq x1a2a7pz xt0b8zv xzsf02u x1s688f\" tabindex=\"0\" role=\"link\" href=\"https:\/\/www.facebook.com\/SilverBulletOfficial?__cft__[0]=AZW9ZULwLg3CtlWPyOyI0mvXxMANDNFaMZJNAfiVYopdepuc2ildmzQtpK3qhzKIhnhldWMd63nXVT2uJvjGZKaZ80bVyk3VwjbqqMKkhjkbf5UQcID1a7x-n-tB7h_ujug&amp;__tn__=q\"><span class=\"xt0psk2\">https:\/\/www.facebook.com\/SilverBulletOfficial\/<\/span><\/a><br \/>\n<a class=\"x1i10hfl xjbqb8w x6umtig x1b1mbwd xaqea5y xav7gou x9f619 x1ypdohk xt0psk2 xe8uvvx xdj266r x11i5rnm xat24cr x1mh8g0r xexx8yu x4uap5 x18d9i69 xkhd6sd x16tdsg8 x1hl2dhg xggy1nq x1a2a7pz xt0b8zv x1fey0fg\" tabindex=\"0\" role=\"link\" href=\"https:\/\/www.youtube.com\/watch?v=B4MPmUlnewo&amp;fbclid=IwAR2KE8YzAjN_KNyjXwU5y3NAxKnq1COnljFJRNOwLzGXCyFlDnWhe4ji3c0\" target=\"_blank\" rel=\"nofollow noopener\">https:\/\/www.youtube.com\/watch?v=B4MPmUlnewo<\/a><\/div>","protected":false},"excerpt":{"rendered":"<p>Vstopnice \u017ee na voljo, preko On-Parole 22 evrov v predprodaji, 25 evrov na dan koncerta! https:\/\/qr.page\/g\/5pskKjMchY6 Tickets already in presale through On-Parole! 22 euro in presale, 25 euro on show day! https:\/\/qr.page\/g\/3RFT3Xz1Yzk Join Dirty Skunks heavy metal mailing list:\u00a0http:\/\/eepurl.com\/bDicir Power heavy metal je bil vedno zelo za\u017eeljen v Sloveniji, sploh z novej\u0161imi velikimi skupinami kot [&hellip;]<\/p>","protected":false},"author":11,"featured_media":29502,"template":"","meta":{"_seopress_robots_primary_cat":"none","_seopress_titles_title":"","_seopress_titles_desc":"","_seopress_robots_index":""},"product_brand":[],"product_cat":[230],"product_tag":[222],"class_list":{"0":"post-24658","1":"product","2":"type-product","3":"status-publish","4":"has-post-thumbnail","6":"product_cat-arhiv","7":"product_tag-predprodaja","9":"entry","10":"has-media","12":"first","13":"onbackorder","14":"virtual","15":"taxable","16":"product-type-simple","17":"has-product-nav","18":"col","19":"span_1_of_4","20":"owp-content-center","21":"item-entry","22":"owp-thumbs-layout-horizontal","23":"owp-btn-normal","24":"owp-tabs-layout-section","25":"has-no-thumbnails"},"publishpress_future_action":{"enabled":false,"date":"2026-05-08 13:05:26","action":"change-status","newStatus":"draft","terms":[],"taxonomy":"product_cat","extraData":[]},"publishpress_future_workflow_manual_trigger":{"enabledWorkflows":[]},"_links":{"self":[{"href":"https:\/\/www.orto-bar.com\/en\/wp-json\/wp\/v2\/product\/24658","targetHints":{"allow":["GET"]}}],"collection":[{"href":"https:\/\/www.orto-bar.com\/en\/wp-json\/wp\/v2\/product"}],"about":[{"href":"https:\/\/www.orto-bar.com\/en\/wp-json\/wp\/v2\/types\/product"}],"author":[{"embeddable":true,"href":"https:\/\/www.orto-bar.com\/en\/wp-json\/wp\/v2\/users\/11"}],"version-history":[{"count":0,"href":"https:\/\/www.orto-bar.com\/en\/wp-json\/wp\/v2\/product\/24658\/revisions"}],"wp:featuredmedia":[{"embeddable":true,"href":"https:\/\/www.orto-bar.com\/en\/wp-json\/wp\/v2\/media\/29502"}],"wp:attachment":[{"href":"https:\/\/www.orto-bar.com\/en\/wp-json\/wp\/v2\/media?parent=24658"}],"wp:term":[{"taxonomy":"product_brand","embeddable":true,"href":"https:\/\/www.orto-bar.com\/en\/wp-json\/wp\/v2\/product_brand?post=24658"},{"taxonomy":"product_cat","embeddable":true,"href":"https:\/\/www.orto-bar.com\/en\/wp-json\/wp\/v2\/product_cat?post=24658"},{"taxonomy":"product_tag","embeddable":true,"href":"https:\/\/www.orto-bar.com\/en\/wp-json\/wp\/v2\/product_tag?post=24658"}],"curies":[{"name":"wp","href":"https:\/\/api.w.org\/{rel}","templated":true}]}}