{"id":24992,"date":"2022-11-27T15:30:16","date_gmt":"2022-11-27T15:30:16","guid":{"rendered":"https:\/\/www.orto-bar.com\/dogodki\/nekategorizirano\/sausages-copy\/"},"modified":"2023-01-08T07:53:32","modified_gmt":"2023-01-08T07:53:32","slug":"elvis-presleys-88th-birthday-party","status":"publish","type":"product","link":"https:\/\/www.orto-bar.com\/en\/dogodki\/arhiv\/elvis-presleys-88th-birthday-party\/","title":{"rendered":"Elvis Presley&#8217;s 88th Birthday Party"},"content":{"rendered":"<div>\n<p>Kot vsako leto tudi tokrat prirejamo praznovanje Elvisovega rojstnega dne. Po dveh praznovanjih s koncerti preko spleta se bomo ponovno dru\u017eili v \u017eivo. 7.1.2023 vas ob 20. uri vabimov ljubljanski Orto Bar na koncert dveh odli\u010dnih skupin, ki \u017ee vrsto let posve\u010dajo svojo glasbeno dejavnost kralju rock&#8217;n&#8217;roll-a, ki bo praznuje svoj 88. rojstni dan.<\/p>\n<p>Johnny And His Rockin&#8217; Tunes: Izjemna zasedba iz Zagreba nas bo s svojim koncertom popeljala v petdeseta leta prej\u0161njega stoletja, ko se je Elvis kot raketa povzpel med zvezde<br \/>\nSam&#8217;s Fever: S priznanim slovenskim bendom in z njihovim izborom uspe\u0161nic iz koncerta &#8220;Aloha from Hawaii&#8221; pa se bomo vrnili v leto 1973.<br \/>\nReno \u010cibej &amp; Dare Kauri\u010d (KINGSTON): Absolutna top glasbenika in \u010dlana legendarne zasedbe Kingston, ki se \u017ee ve\u010d desetletji nahaja na samem vrhu slovenske glasbene scene. Obema je Elvis zelo pri srcu, kako zelo pa bosta pokazala s svojo interpretacijo Elvisove glasbe.<\/p>\n<p>Zagotavljamo vam nepozaben \u017eur in seveda tudi nekaj Elvisove avtenti\u010dnosti&#8230;.<\/p>\n<\/div>\n<div class=\"x11i5rnm xat24cr x1mh8g0r x1vvkbs xtlvy1s\">Vstopnica:<br \/>\n<strong>Predprodaja 15 \u20ac<\/strong><br \/>\n<strong>Na dan dogodka 20 \u20ac<\/strong><\/div>","protected":false},"excerpt":{"rendered":"<p>Kot vsako leto tudi tokrat prirejamo praznovanje Elvisovega rojstnega dne. Po dveh praznovanjih s koncerti preko spleta se bomo ponovno dru\u017eili v \u017eivo. 7.1.2023 vas ob 20. uri vabimov ljubljanski Orto Bar na koncert dveh odli\u010dnih skupin, ki \u017ee vrsto let posve\u010dajo svojo glasbeno dejavnost kralju rock&#8217;n&#8217;roll-a, ki bo praznuje svoj 88. rojstni dan. Johnny [&hellip;]<\/p>","protected":false},"author":11,"featured_media":25354,"template":"","meta":{"_seopress_robots_primary_cat":"none","_seopress_titles_title":"","_seopress_titles_desc":"","_seopress_robots_index":""},"product_brand":[],"product_cat":[230],"product_tag":[222],"class_list":{"0":"post-24992","1":"product","2":"type-product","3":"status-publish","4":"has-post-thumbnail","6":"product_cat-arhiv","7":"product_tag-predprodaja","9":"entry","10":"has-media","12":"first","13":"instock","14":"virtual","15":"taxable","16":"product-type-simple","17":"has-product-nav","18":"col","19":"span_1_of_4","20":"owp-content-center","21":"item-entry","22":"owp-thumbs-layout-horizontal","23":"owp-btn-normal","24":"owp-tabs-layout-section","25":"has-no-thumbnails"},"publishpress_future_action":{"enabled":false,"date":"2026-05-08 10:41:42","action":"change-status","newStatus":"draft","terms":[],"taxonomy":"product_cat","extraData":[]},"publishpress_future_workflow_manual_trigger":{"enabledWorkflows":[]},"_links":{"self":[{"href":"https:\/\/www.orto-bar.com\/en\/wp-json\/wp\/v2\/product\/24992","targetHints":{"allow":["GET"]}}],"collection":[{"href":"https:\/\/www.orto-bar.com\/en\/wp-json\/wp\/v2\/product"}],"about":[{"href":"https:\/\/www.orto-bar.com\/en\/wp-json\/wp\/v2\/types\/product"}],"author":[{"embeddable":true,"href":"https:\/\/www.orto-bar.com\/en\/wp-json\/wp\/v2\/users\/11"}],"version-history":[{"count":0,"href":"https:\/\/www.orto-bar.com\/en\/wp-json\/wp\/v2\/product\/24992\/revisions"}],"wp:featuredmedia":[{"embeddable":true,"href":"https:\/\/www.orto-bar.com\/en\/wp-json\/wp\/v2\/media\/25354"}],"wp:attachment":[{"href":"https:\/\/www.orto-bar.com\/en\/wp-json\/wp\/v2\/media?parent=24992"}],"wp:term":[{"taxonomy":"product_brand","embeddable":true,"href":"https:\/\/www.orto-bar.com\/en\/wp-json\/wp\/v2\/product_brand?post=24992"},{"taxonomy":"product_cat","embeddable":true,"href":"https:\/\/www.orto-bar.com\/en\/wp-json\/wp\/v2\/product_cat?post=24992"},{"taxonomy":"product_tag","embeddable":true,"href":"https:\/\/www.orto-bar.com\/en\/wp-json\/wp\/v2\/product_tag?post=24992"}],"curies":[{"name":"wp","href":"https:\/\/api.w.org\/{rel}","templated":true}]}}