{"id":25227,"date":"2022-12-04T13:02:52","date_gmt":"2022-12-04T13:02:52","guid":{"rendered":"https:\/\/www.orto-bar.com\/?post_type=product&#038;p=25227"},"modified":"2023-01-27T18:32:19","modified_gmt":"2023-01-27T18:32:19","slug":"kocevska-orkestra","status":"publish","type":"product","link":"https:\/\/www.orto-bar.com\/en\/dogodki\/arhiv\/kocevska-orkestra\/","title":{"rendered":"Ko\u010devSKA orkestra"},"content":{"rendered":"<p>Ko\u010devSKA Orkestra je Ska, Reggae, Rocksteady skupina iz Ko\u010devja, ki preigrava legendarne pesmi teh \u017eanrov. Skupina svojo glasbeno noto vodi pod vplivom zgodnje ska, reggae in rude boy subkulture ter izvajalcev kot so Toots and the Maytals, The Skatalites, Desmond Dekker, Jimmy Cliff, The Specials&#8230;.<\/p>\n<p>Ko\u010devSKA Orkestra je bila ustanovljena leta 2017, ko se je skupina dolgoletnih prijateljev odlo\u010dila, da si \u017eelijo skupaj preigravati glasbo, ki jo tako ljubijo in poslu\u0161ajo \u017ee celo svoje \u017eivljenje. Od nastanka pa do danes igrajo tako v tujini kot doma in vedno jim uspe spraviti ljudi na noge, saj ima njihova glasba posebno energijo, ki poslu\u0161alca ne pusti na miru.<\/p>\n<p><strong>\u010cLANI:<\/strong><\/p>\n<p>Semo &#8211; lead vocal<\/p>\n<p>Kris &#8211; kitara<\/p>\n<p>Gagi &#8211; kitara<\/p>\n<p>Ige &#8211; bas<\/p>\n<p>Maksi &#8211; saksofon<\/p>\n<p>Dule \u2013 boben<\/p>\n<p>&nbsp;<\/p>\n<p>FB PAGE : <a href=\"https:\/\/www.facebook.com\/people\/Ko%C4%8Devska-Orkestra\/100063167893480\/\">https:\/\/www.facebook.com\/people\/Ko%C4%8Devska-Orkestra\/100063167893480\/<\/a><\/p>\n<p>YOU TUBE PAGE:\u00a0 <a href=\"https:\/\/www.youtube.com\/channel\/UCs-CoahAe0815LFAEkW71Ug\">https:\/\/www.youtube.com\/channel\/UCs-CoahAe0815LFAEkW71Ug<\/a><\/p>\n<p>&nbsp;<\/p>","protected":false},"excerpt":{"rendered":"<p>Ko\u010devSKA Orkestra je Ska, Reggae, Rocksteady skupina iz Ko\u010devja, ki preigrava legendarne pesmi teh \u017eanrov. Skupina svojo glasbeno noto vodi pod vplivom zgodnje ska, reggae in rude boy subkulture ter izvajalcev kot so Toots and the Maytals, The Skatalites, Desmond Dekker, Jimmy Cliff, The Specials&#8230;. Ko\u010devSKA Orkestra je bila ustanovljena leta 2017, ko se je [&hellip;]<\/p>","protected":false},"author":11,"featured_media":25228,"template":"","meta":{"_seopress_robots_primary_cat":"none","_seopress_titles_title":"","_seopress_titles_desc":"","_seopress_robots_index":""},"product_brand":[],"product_cat":[230],"product_tag":[222],"class_list":{"0":"post-25227","1":"product","2":"type-product","3":"status-publish","4":"has-post-thumbnail","6":"product_cat-arhiv","7":"product_tag-predprodaja","9":"entry","10":"has-media","12":"first","13":"instock","14":"virtual","15":"taxable","16":"product-type-simple","17":"has-product-nav","18":"col","19":"span_1_of_4","20":"owp-content-center","21":"item-entry","22":"owp-thumbs-layout-horizontal","23":"owp-btn-normal","24":"owp-tabs-layout-section","25":"has-no-thumbnails"},"publishpress_future_action":{"enabled":false,"date":"2026-04-30 13:34:38","action":"change-status","newStatus":"draft","terms":[],"taxonomy":"product_cat","extraData":[]},"publishpress_future_workflow_manual_trigger":{"enabledWorkflows":[]},"_links":{"self":[{"href":"https:\/\/www.orto-bar.com\/en\/wp-json\/wp\/v2\/product\/25227","targetHints":{"allow":["GET"]}}],"collection":[{"href":"https:\/\/www.orto-bar.com\/en\/wp-json\/wp\/v2\/product"}],"about":[{"href":"https:\/\/www.orto-bar.com\/en\/wp-json\/wp\/v2\/types\/product"}],"author":[{"embeddable":true,"href":"https:\/\/www.orto-bar.com\/en\/wp-json\/wp\/v2\/users\/11"}],"version-history":[{"count":0,"href":"https:\/\/www.orto-bar.com\/en\/wp-json\/wp\/v2\/product\/25227\/revisions"}],"wp:featuredmedia":[{"embeddable":true,"href":"https:\/\/www.orto-bar.com\/en\/wp-json\/wp\/v2\/media\/25228"}],"wp:attachment":[{"href":"https:\/\/www.orto-bar.com\/en\/wp-json\/wp\/v2\/media?parent=25227"}],"wp:term":[{"taxonomy":"product_brand","embeddable":true,"href":"https:\/\/www.orto-bar.com\/en\/wp-json\/wp\/v2\/product_brand?post=25227"},{"taxonomy":"product_cat","embeddable":true,"href":"https:\/\/www.orto-bar.com\/en\/wp-json\/wp\/v2\/product_cat?post=25227"},{"taxonomy":"product_tag","embeddable":true,"href":"https:\/\/www.orto-bar.com\/en\/wp-json\/wp\/v2\/product_tag?post=25227"}],"curies":[{"name":"wp","href":"https:\/\/api.w.org\/{rel}","templated":true}]}}