{"id":25230,"date":"2022-12-04T16:10:53","date_gmt":"2022-12-04T16:10:53","guid":{"rendered":"https:\/\/www.orto-bar.com\/?post_type=product&#038;p=25230"},"modified":"2023-01-28T17:20:34","modified_gmt":"2023-01-28T17:20:34","slug":"queen-tribute-band-6-pence-queen-experience","status":"publish","type":"product","link":"https:\/\/www.orto-bar.com\/en\/dogodki\/arhiv\/queen-tribute-band-6-pence-queen-experience\/","title":{"rendered":"Queen Tribute Band-6 Pence-Queen Experience"},"content":{"rendered":"<p>Predstavil se bo izvrstni italijanski Queen tribute band iz Trsta, 6 PENCE-Queen Tribute. Band vas bo popeljal na potovanje od za\u010detkov skupine Queen pa do zadnjega koncerta&#8230;live at Wembley 86.<\/p>\n<p>leta 2010 v Trstu bobnar Alessandro Colombo, ki ga \u017eene mo\u010dna strast do britanske skupine, sre\u010da Salvatoreja Spataforo, glasbenika, ki ga globoko navdihujejo kitare Briana Maya, in skupaj se odlo\u010dita podati v to, kar bo postalo pomembna glasbena avantura.<\/p>\n<p>Po prvih nastopih v majhnih tr\u017ea\u0161kih pivnicah je dogodek poleti 2014 kon\u010dno lansiral 6 Pence: &#8220;live in Piazza Verdi&#8221; v Trstu pred ve\u010d kot 3000 ljudmi. Koncert je omogo\u010dil, da je skupino spoznalo veliko ljudi, bil pa je tudi prilo\u017enost za debi z glasom Walterja Bosella, ki je s svojim pevskim znanjem osupnil ves trg.<\/p>\n<p>Po tem prvem velikem uspehu sledita dve nadaljnji spremembi v zasedbi skupine, ki 6 Pence pripeljeta do trenutne kon\u010dne zasedbe s Francescom Coluccijem na basu in Danielejem Girardellijem (Sinheresy) na klaviaturah, ki prihajata iz dveh razli\u010dnih glasbenih \u017eanrov, vendar si delita strast do Queen.\u00a0 Leta 2017 je predstava Wembley \u201986 debitirala s prvo uprizoritvijo v Teatru Miela v Trstu, ki je bila razprodana \u017ee teden dni pred dogodkom. Skupina se je podala na nacionalno turnejo po italijanskih gledali\u0161\u010dih, ki je v letih 2017 in 2018 dosegla Brescio Padovo, Videm, Mantovo, Benetke in Grade\u017e.<\/p>\n<p>&nbsp;<\/p>\n<p>&nbsp;<\/p>\n<p>6 Pence &#8211; Queen Tribute Band<\/p>\n<p>&nbsp;<\/p>\n<p>in Trieste, in 2010 the drummer Alessandro Colombo, pushed by the strong passion for the British group, meets Salvatore Spatafora, a musician deeply inspired by the guitars of Brian May and together they decide to go into what will become an important musical adventure.<\/p>\n<p>After the firsts lives in the small pubs of Trieste, in the summer of 2014 the event has finally launched the\u00a06\u00a0Pence: a &#8220;live in Piazza Verdi&#8221; in Trieste in front of more than 3,000 people. The concert allowed the band to be known by many people and was also the occasion of the debut to the voice of Walter Bosello who astonished the entire square with his singing skills.<\/p>\n<p>After this first great satisfaction follow two further training changes that bring the\u00a06\u00a0Pence\u00a0to the current final line up with Francesco Colucci on bass and Daniele Girardelli (Sinheresy) on keyboards, coming from two different musical situations but sharing the passion for the Queen. The group thus defined continues the series of live performances in which it proposes the hits and not only of the English band, with a careful dose of inspiration and through an instrumentation faithful to the original. In 2017 the show &#8220;Wembley &#8217;86&#8221; debuted with the first performance at the Teatro Miela in Trieste, which saw a sold out already a week before the event. The band has embarked on a national tour in Italian theaters which has reached Brescia Padova Udine Mantova Venezia Grado in 2017 and 2018, which will be repeated in 2019.<\/p>\n<p>&nbsp;<\/p>\n<p>The Show Must Go on<\/p>\n<p>&nbsp;<\/p>","protected":false},"excerpt":{"rendered":"<p>Predstavil se bo izvrstni italijanski Queen tribute band iz Trsta, 6 PENCE-Queen Tribute. Band vas bo popeljal na potovanje od za\u010detkov skupine Queen pa do zadnjega koncerta&#8230;live at Wembley 86. leta 2010 v Trstu bobnar Alessandro Colombo, ki ga \u017eene mo\u010dna strast do britanske skupine, sre\u010da Salvatoreja Spataforo, glasbenika, ki ga globoko navdihujejo kitare Briana [&hellip;]<\/p>","protected":false},"author":11,"featured_media":25231,"template":"","meta":{"_seopress_robots_primary_cat":"none","_seopress_titles_title":"","_seopress_titles_desc":"","_seopress_robots_index":""},"product_brand":[],"product_cat":[230],"product_tag":[222],"class_list":{"0":"post-25230","1":"product","2":"type-product","3":"status-publish","4":"has-post-thumbnail","6":"product_cat-arhiv","7":"product_tag-predprodaja","9":"entry","10":"has-media","12":"first","13":"instock","14":"virtual","15":"taxable","16":"product-type-simple","17":"has-product-nav","18":"col","19":"span_1_of_4","20":"owp-content-center","21":"item-entry","22":"owp-thumbs-layout-horizontal","23":"owp-btn-normal","24":"owp-tabs-layout-section","25":"has-no-thumbnails"},"publishpress_future_action":{"enabled":false,"date":"2026-05-08 11:45:25","action":"change-status","newStatus":"draft","terms":[],"taxonomy":"product_cat","extraData":[]},"publishpress_future_workflow_manual_trigger":{"enabledWorkflows":[]},"_links":{"self":[{"href":"https:\/\/www.orto-bar.com\/en\/wp-json\/wp\/v2\/product\/25230","targetHints":{"allow":["GET"]}}],"collection":[{"href":"https:\/\/www.orto-bar.com\/en\/wp-json\/wp\/v2\/product"}],"about":[{"href":"https:\/\/www.orto-bar.com\/en\/wp-json\/wp\/v2\/types\/product"}],"author":[{"embeddable":true,"href":"https:\/\/www.orto-bar.com\/en\/wp-json\/wp\/v2\/users\/11"}],"version-history":[{"count":0,"href":"https:\/\/www.orto-bar.com\/en\/wp-json\/wp\/v2\/product\/25230\/revisions"}],"wp:featuredmedia":[{"embeddable":true,"href":"https:\/\/www.orto-bar.com\/en\/wp-json\/wp\/v2\/media\/25231"}],"wp:attachment":[{"href":"https:\/\/www.orto-bar.com\/en\/wp-json\/wp\/v2\/media?parent=25230"}],"wp:term":[{"taxonomy":"product_brand","embeddable":true,"href":"https:\/\/www.orto-bar.com\/en\/wp-json\/wp\/v2\/product_brand?post=25230"},{"taxonomy":"product_cat","embeddable":true,"href":"https:\/\/www.orto-bar.com\/en\/wp-json\/wp\/v2\/product_cat?post=25230"},{"taxonomy":"product_tag","embeddable":true,"href":"https:\/\/www.orto-bar.com\/en\/wp-json\/wp\/v2\/product_tag?post=25230"}],"curies":[{"name":"wp","href":"https:\/\/api.w.org\/{rel}","templated":true}]}}