{"id":25236,"date":"2022-12-05T19:17:56","date_gmt":"2022-12-05T19:17:56","guid":{"rendered":"https:\/\/www.orto-bar.com\/?post_type=product&#038;p=25236"},"modified":"2023-02-17T15:21:04","modified_gmt":"2023-02-17T15:21:04","slug":"parni-valjar-parni-valjak-real-tribute","status":"publish","type":"product","link":"https:\/\/www.orto-bar.com\/en\/dogodki\/arhiv\/parni-valjar-parni-valjak-real-tribute\/","title":{"rendered":"Parni Valjar- Parni Valjak Real Tribute"},"content":{"rendered":"<p>Skupina PARNI VALJAR-Parni Valjak Real Tribute izvaja najve\u010dje hite znane hrva\u0161ke skupine Parni Valjak. Sedem\u010dlanska skupina s podobnostjo vokalov in glasbe \u017eeli ustvariti \u010dim bolj\u0161o\u00a0 prepoznavnost originala.<\/p>\n<p>&nbsp;<\/p>","protected":false},"excerpt":{"rendered":"<p>Skupina PARNI VALJAR-Parni Valjak Real Tribute izvaja najve\u010dje hite znane hrva\u0161ke skupine Parni Valjak. Sedem\u010dlanska skupina s podobnostjo vokalov in glasbe \u017eeli ustvariti \u010dim bolj\u0161o\u00a0 prepoznavnost originala. &nbsp;<\/p>","protected":false},"author":11,"featured_media":25237,"template":"","meta":{"_seopress_robots_primary_cat":"none","_seopress_titles_title":"","_seopress_titles_desc":"","_seopress_robots_index":""},"product_brand":[],"product_cat":[230],"product_tag":[222],"class_list":{"0":"post-25236","1":"product","2":"type-product","3":"status-publish","4":"has-post-thumbnail","6":"product_cat-arhiv","7":"product_tag-predprodaja","9":"entry","10":"has-media","12":"first","13":"instock","14":"virtual","15":"taxable","16":"product-type-simple","17":"has-product-nav","18":"col","19":"span_1_of_4","20":"owp-content-center","21":"item-entry","22":"owp-thumbs-layout-horizontal","23":"owp-btn-normal","24":"owp-tabs-layout-section","25":"has-no-thumbnails"},"publishpress_future_action":{"enabled":false,"date":"2026-04-15 05:36:36","action":"change-status","newStatus":"draft","terms":[],"taxonomy":"product_cat","extraData":[]},"publishpress_future_workflow_manual_trigger":{"enabledWorkflows":[]},"_links":{"self":[{"href":"https:\/\/www.orto-bar.com\/en\/wp-json\/wp\/v2\/product\/25236","targetHints":{"allow":["GET"]}}],"collection":[{"href":"https:\/\/www.orto-bar.com\/en\/wp-json\/wp\/v2\/product"}],"about":[{"href":"https:\/\/www.orto-bar.com\/en\/wp-json\/wp\/v2\/types\/product"}],"author":[{"embeddable":true,"href":"https:\/\/www.orto-bar.com\/en\/wp-json\/wp\/v2\/users\/11"}],"version-history":[{"count":0,"href":"https:\/\/www.orto-bar.com\/en\/wp-json\/wp\/v2\/product\/25236\/revisions"}],"wp:featuredmedia":[{"embeddable":true,"href":"https:\/\/www.orto-bar.com\/en\/wp-json\/wp\/v2\/media\/25237"}],"wp:attachment":[{"href":"https:\/\/www.orto-bar.com\/en\/wp-json\/wp\/v2\/media?parent=25236"}],"wp:term":[{"taxonomy":"product_brand","embeddable":true,"href":"https:\/\/www.orto-bar.com\/en\/wp-json\/wp\/v2\/product_brand?post=25236"},{"taxonomy":"product_cat","embeddable":true,"href":"https:\/\/www.orto-bar.com\/en\/wp-json\/wp\/v2\/product_cat?post=25236"},{"taxonomy":"product_tag","embeddable":true,"href":"https:\/\/www.orto-bar.com\/en\/wp-json\/wp\/v2\/product_tag?post=25236"}],"curies":[{"name":"wp","href":"https:\/\/api.w.org\/{rel}","templated":true}]}}