{"id":25272,"date":"2022-12-12T11:12:57","date_gmt":"2022-12-12T11:12:57","guid":{"rendered":"https:\/\/www.orto-bar.com\/?post_type=product&#038;p=25272"},"modified":"2023-03-24T14:22:31","modified_gmt":"2023-03-24T13:22:31","slug":"led-zeppelin-2-0-tribute-to-led-zeppelin","status":"publish","type":"product","link":"https:\/\/www.orto-bar.com\/en\/dogodki\/arhiv\/led-zeppelin-2-0-tribute-to-led-zeppelin\/","title":{"rendered":"Led Zeppelin 2.0 &#8211; Tribute to Led Zeppelin"},"content":{"rendered":"<p>Led Zeppelin 2.0 je skupina, ki poustvarja glasbo velikanov rock&amp;rolla Led<br \/>\nZeppelin. Skupina, ki je tradicijo obrnila na glavo, tudi 50 let kasneje \u0161e vedno<br \/>\nupravi\u010deno dr\u017ei v rokah naslov najve\u010djega rock&amp;roll banda v zgodovini \u010dlove\u0161tva. Z<br \/>\ninterpretacijami njihovih skladb so se spopadli tudi priznani slovenski glasbeniki po<br \/>\nimenom Led Zeppelin 2.0.<br \/>\nSkupino sestavljajo:<br \/>\n&#8211; Bo\u0161tjan Andrejc Bushy &#8211; kitara, vokal (Night Jump, Heavenix, Avtomobili,<br \/>\nSkunk Funk, Terra Mystica&#8230;)<br \/>\n&#8211; Patrick Vla\u010di\u010d \u2013 bas (Night Jump, Heavenix, Terra Mystica&#8230;)<br \/>\n&#8211; David Morgan \u2013 bobni (Heavenix, Jure Lesar, Janez Bon\u010dina Ben\u010d, Big Band<br \/>\nRTV Slovenija, Lovro Ravbar, Marina Mortenson&#8230;)<\/p>","protected":false},"excerpt":{"rendered":"<p>Led Zeppelin 2.0 je skupina, ki poustvarja glasbo velikanov rock&amp;rolla Led Zeppelin. Skupina, ki je tradicijo obrnila na glavo, tudi 50 let kasneje \u0161e vedno upravi\u010deno dr\u017ei v rokah naslov najve\u010djega rock&amp;roll banda v zgodovini \u010dlove\u0161tva. Z interpretacijami njihovih skladb so se spopadli tudi priznani slovenski glasbeniki po imenom Led Zeppelin 2.0. Skupino sestavljajo: &#8211; [&hellip;]<\/p>","protected":false},"author":11,"featured_media":25284,"template":"","meta":{"_seopress_robots_primary_cat":"none","_seopress_titles_title":"","_seopress_titles_desc":"","_seopress_robots_index":""},"product_brand":[],"product_cat":[230],"product_tag":[222],"class_list":{"0":"post-25272","1":"product","2":"type-product","3":"status-publish","4":"has-post-thumbnail","6":"product_cat-arhiv","7":"product_tag-predprodaja","9":"entry","10":"has-media","12":"first","13":"instock","14":"virtual","15":"taxable","16":"product-type-simple","17":"has-product-nav","18":"col","19":"span_1_of_4","20":"owp-content-center","21":"item-entry","22":"owp-thumbs-layout-horizontal","23":"owp-btn-normal","24":"owp-tabs-layout-section","25":"has-no-thumbnails"},"publishpress_future_action":{"enabled":false,"date":"2026-05-08 16:08:08","action":"change-status","newStatus":"draft","terms":[],"taxonomy":"product_cat","extraData":[]},"publishpress_future_workflow_manual_trigger":{"enabledWorkflows":[]},"_links":{"self":[{"href":"https:\/\/www.orto-bar.com\/en\/wp-json\/wp\/v2\/product\/25272","targetHints":{"allow":["GET"]}}],"collection":[{"href":"https:\/\/www.orto-bar.com\/en\/wp-json\/wp\/v2\/product"}],"about":[{"href":"https:\/\/www.orto-bar.com\/en\/wp-json\/wp\/v2\/types\/product"}],"author":[{"embeddable":true,"href":"https:\/\/www.orto-bar.com\/en\/wp-json\/wp\/v2\/users\/11"}],"version-history":[{"count":0,"href":"https:\/\/www.orto-bar.com\/en\/wp-json\/wp\/v2\/product\/25272\/revisions"}],"wp:featuredmedia":[{"embeddable":true,"href":"https:\/\/www.orto-bar.com\/en\/wp-json\/wp\/v2\/media\/25284"}],"wp:attachment":[{"href":"https:\/\/www.orto-bar.com\/en\/wp-json\/wp\/v2\/media?parent=25272"}],"wp:term":[{"taxonomy":"product_brand","embeddable":true,"href":"https:\/\/www.orto-bar.com\/en\/wp-json\/wp\/v2\/product_brand?post=25272"},{"taxonomy":"product_cat","embeddable":true,"href":"https:\/\/www.orto-bar.com\/en\/wp-json\/wp\/v2\/product_cat?post=25272"},{"taxonomy":"product_tag","embeddable":true,"href":"https:\/\/www.orto-bar.com\/en\/wp-json\/wp\/v2\/product_tag?post=25272"}],"curies":[{"name":"wp","href":"https:\/\/api.w.org\/{rel}","templated":true}]}}