{"id":25370,"date":"2022-12-21T11:49:52","date_gmt":"2022-12-21T11:49:52","guid":{"rendered":"https:\/\/www.orto-bar.com\/dogodki\/nekategorizirano\/pearl-jam-tribute-with-ten-project-copy\/"},"modified":"2023-02-03T18:16:30","modified_gmt":"2023-02-03T18:16:30","slug":"avtomobili","status":"publish","type":"product","link":"https:\/\/www.orto-bar.com\/en\/dogodki\/arhiv\/avtomobili\/","title":{"rendered":"Avtomobili"},"content":{"rendered":"<p>AVTOMOBILI 40-LETNICO OBELE\u017dUJEJO Z NOVIM ALBUMOM <strong>SIJAJ<\/strong><\/p>\n<p><strong>\u00a0<\/strong><\/p>\n<p><strong>\u00a0<\/strong><\/p>\n<p>Legendarna primorska zasedba <strong>Avtomobili<\/strong>, ki jo sestavljajo David Morgan, Bo\u0161tjan Andrejc-Bushy,David \u0160uligoj,Mirko Vuksanovi\u0107 in Marko Vuksanovi\u0107, neprekinjeno deluje \u017ee <strong>40 let.<\/strong> \u010castitljiv jubilej so se \u010dlani skupine odlo\u010dili kronati z novim, \u017ee enajstim studijskim <strong>albumom Sijaj<\/strong>, ki je pri ZKP RTV Slovenija septembra iz\u0161el v dveh formatih:kot <strong>CD<\/strong> in kot <strong>LP plo\u0161\u010da<\/strong>, tako, da bodo tudi ljubitelji vinila, ki jih je vse ve\u010d, pri\u0161li na svoj ra\u010dun. Plo\u0161\u010da prina\u0161a 13 novih skladb, na katere so fantje zelo ponosni, saj pomenijo korak naprej v zvenuskupine, ki pa ostaja \u201eavtomobilsko\u201c prepoznaven in unikaten. \u201e Album smo zaradi Covida snemali dolgi dve leti, v celoti pa je nastal v Novi Gorici. Na snemanju so poleg \u010dlanov skupine na nekaterih skladbah sodelovali tudi Rok \u0160karabot na tolkalih, Jani \u0160epetavec na tenor saksofonu in Uro\u0161 Trebi\u017ean na kontrabasu. S svojimi prispevki so nadgradili zvok zasedbe, ne da bi okrnili njegovo bazi\u010dnost in prvinskost.\u201c Fantje pravijo, da je to njihov najbolj\u0161i album doslej.Skladbe na njem govorijo o potovanjih, svetu in pode\u017eelju v doma\u010di Sloveniji, poslu\u0161alce pa spodbujajo, da si o pesmih ustvarijo svojo sliko, ne glede kaj sami pravijo.<\/p>\n<p><strong>\u00a0Avtomobili vabijo na koncert v Orto Bar, 3.2.2023\u00a0 <\/strong><\/p>\n<p>&nbsp;<\/p>\n<p>&nbsp;<\/p>\n<p>VE\u010c: \u2022 Avtomobili \u2022\u00a0<a href=\"https:\/\/l.facebook.com\/l.php?u=http%3A%2F%2Fwww.avtomobili-band.si%2F%3Ffbclid%3DIwAR19GTQlRSKV4IyTeVE0h_TJIN23q2_Rgj3J-bBSmG2Eu0VbwGvb4tZ5r7c&amp;h=AT1AqxUBd4e9Iadbw9qPHkX3AWLDSAMjzs0-VaJal60-DPbPlD_u9k4UdPLLQJ5XrGWIdRDlX52EeL2j5AjH45_6HsyPD6p5O0KJ8PuomLStDyNXZqB7GBLkXVKQ9Q_D23MuBK1wICWq1VB3yg\">http:\/\/www.avtomobili-band.si<\/a> \u2022\u00a0<a href=\"https:\/\/www.facebook.com\/avtomobili.band\">https:\/\/www.facebook.com\/avtomobili.band<\/a> YOUTUBE: \u2022 Skozi leta &#8211;\u00a0<a href=\"https:\/\/l.facebook.com\/l.php?u=https%3A%2F%2Fyoutu.be%2FyqcmKqASIAY%3Ffbclid%3DIwAR21VYQVO4SUB-Ne4E6pxyz98qcqcVAqLNP3xGXdQsdGCbg8xYt0leFQJ_g&amp;h=AT32TVL0gfTY_mJUfZqHEwxTtqRm597DKR_CNSS6Uhav5l_f4V-wk4jwuvsLEt8ujoMvn-1T8DVfyCNXV1m1_LQxHN-gRCb9eqQZ0ZZhjPUEo5DaXaPRhqXtuf-0-5SxMkwY6GADMqBPTIrwRg\">https:\/\/youtu.be\/yqcmKqASIAY<\/a> \u2022 Argentina &#8211;\u00a0<a href=\"https:\/\/l.facebook.com\/l.php?u=https%3A%2F%2Fyoutu.be%2F42OJih_x5oA%3Ffbclid%3DIwAR1etcKgyP4EWoT4frY_jUhcEt3XxSDTl6ePyae6BAvQTI4f9J_FZPam_PM&amp;h=AT0BSifGMemaBuBtDxIxpkPi2ERZnf7Vht-1jWqedsP0J2eFyX0Y0yRtML08yl5YQvue5WqDlV947b0TF226LYUuON25I0DEs5aPjhhOdz7TN4oNiRG2ZGxlCNTcTiTjUak-Eh42eKjqZwoO8A\">https:\/\/youtu.be\/42OJih_x5oA<\/a> \u2022 Ljubezen ne stanuje tu &#8211;\u00a0<a href=\"https:\/\/l.facebook.com\/l.php?u=https%3A%2F%2Fyoutu.be%2FC9SB-yvS1js%3Ffbclid%3DIwAR3AA1SWdVYUWmar50NcYnXZqblcwBW6g-8a8VLsdUG-PmdSXFM7faskj3s&amp;h=AT3SfPWKtdizrdM4W1iD_yd8EgBzR9vEEvn9410mEs6fh2WrTpFUUvN16pzrd-IMi1pZLYlxyV1ewRHE6nyMFFSwvV2LDLXdO2Tv-6IxJio7Kcjjt7QbApY4ODdWmJcNZH7aKFBeFGD9khYSlw\">https:\/\/youtu.be\/C9SB-yvS1js<\/a> \u2022 Hvala za pisma &#8211;\u00a0<a href=\"https:\/\/l.facebook.com\/l.php?u=https%3A%2F%2Fyoutu.be%2F3TaCcdsdvBw%3Ffbclid%3DIwAR1mmCUz1qRvSEQD_AfGbuLpem_fX_vtUHkEkBHwM4XEjjCrV4Z9qxt6f5o&amp;h=AT0P0SQzjbVA8-xFg4YqXh0RdzrsuMWOXSRGkPCgDYt-nnrnBKATt7E0etN23X--CrLkszIJw5K--2QBNqH0bS6yE4PHGqgn7zFRRox8dypvvLXvONqLGhOhqSXMpKP3Fuiu5L6yhjC3Ajn0aw\">https:\/\/youtu.be\/3TaCcdsdvBw<\/a> \u2022 Mrzle dvorane &#8211;\u00a0<a href=\"https:\/\/l.facebook.com\/l.php?u=https%3A%2F%2Fyoutu.be%2FFwn-EtOAJ2Y%3Ffbclid%3DIwAR3FhwUvOkQsg_UOAvqYiQTCBQBHOV6rJZiCPrwN5grHl-2QldPgtAdu9Zw&amp;h=AT3aVurumyv5GYW4Qucy3umqEAUeXoWX_1MsxJuw5qn8bAbkJHU_L8ucjk7bq-afa5pJiY7U58ml4Hsu_vpAdOBikQzvz6i8m6NeZ6L9FaykZwqlNttUZecxNjqkELlceLHKtavSdd7-oc44gQ\">https:\/\/youtu.be\/Fwn-EtOAJ2Y<\/a> \u2022 Prljavi jezik &#8211;\u00a0<a href=\"https:\/\/l.facebook.com\/l.php?u=https%3A%2F%2Fyoutu.be%2FgSvBOOCnlzY%3Ffbclid%3DIwAR3LdlleWfKDFkBVJ3UBqaYcCuYbF4NCpQYPf4dtLxoizz4j5V5nh4TGGZo&amp;h=AT008fH_td2i0IrJY4ZoWhw7A9o-geR-oehxu6YdtNuW7K3i8Ih9BD37ml-a-EflttypFXG2mytwaoLSuImlGWrvnnj11_i6HyUsj0gK0UB70e0PR-Vy3qrubaTBK-_QHKxdwzRMUhFMfrSWmA\">https:\/\/youtu.be\/gSvBOOCnlzY<\/a> \u2022 Druga\u010dno nebo &#8211;\u00a0<a href=\"https:\/\/l.facebook.com\/l.php?u=https%3A%2F%2Fyoutu.be%2FFbydO503Mj4%3Ffbclid%3DIwAR3T-2tL0LReZZ-eJY5lwA1xznyrNQPxrW7GBDYiM8X3WxLl6GCA8DLUk2k&amp;h=AT0j-RwIEZD8F9Rr-PcRA-iStK3esTEAy-P6HwNJKyE9_Hc0kdbLcCqzhAY_o26NMY5f_uN-kWKj4IJN6nnQF2lJ5dAnzFJ-CfDr0EABqo5lpRMAPY1Whz1EQQGCMA2XmCvsjU1sMmRdbgduMA\">https:\/\/youtu.be\/FbydO503Mj4<\/a> \u2022 Zdaj ko si sama &#8211;\u00a0<a href=\"https:\/\/l.facebook.com\/l.php?u=https%3A%2F%2Fyoutu.be%2Fdl5G5Gp5NZY%3Ffbclid%3DIwAR0QLqAOWZ8T9Hdagnd_XW60_YW0QH9TgiQXEjD3Hg8C6n5S5S2bOFJDTYs&amp;h=AT3ViR-sNiayVpek6jTIxYfJEXRdPQCLdJNWMfwVFgjrJ9TS1CDsnN9sMQUNQvYAhIlLKe_kcj0Jj7rNs9uwjdXBEG-gVujLhsVd6h_H4lsI9wSUPtVZBbn3bEip2d3HVBU7POfNGkoLrMrO0w\">https:\/\/youtu.be\/dl5G5Gp5NZY<\/a> \u2022 Kaj si hotel &#8211;\u00a0<a href=\"https:\/\/l.facebook.com\/l.php?u=https%3A%2F%2Fyoutu.be%2FWQrHIrYGg_Y%3Ffbclid%3DIwAR1SuB2x5NeQ5L7NG9gkp3JeGRQDhg6zP5jgoWGY5qi1nEmIHSFlweLcbsI&amp;h=AT3YuMT08nn2oIzDKzgIEFRWcawHH332yNTb1fZfGUrpU2RFAh4ymaUwU8MUvf7eDwbxdAARQScIZI0Y8_cDW7s1uVZLRatG9Sr8dPvqJefO0f4FpaH46NiEhMA611NcYpziKHJMw5d7zLHktA\">https:\/\/youtu.be\/WQrHIrYGg_Y<\/a> \u2022 Gospodar &#8211;\u00a0<a href=\"https:\/\/l.facebook.com\/l.php?u=https%3A%2F%2Fyoutu.be%2F1Xt7YScEp98%3Ffbclid%3DIwAR3T-2tL0LReZZ-eJY5lwA1xznyrNQPxrW7GBDYiM8X3WxLl6GCA8DLUk2k&amp;h=AT3jPbKL_oojIKSuh9vVFuD7R_CxcKNtRoU-8FDm4sfUFriXy5NjxtE6nEjn89C35O3Xav6Xaj7-Iw5EH61xPRmrQJsNbVxumPzvk-Xbbbd0Hvp4jpbv2tjjrBAxLJ3s_4490wrdOoZlBkEvsQ\">https:\/\/youtu.be\/1Xt7YScEp98<\/a> \u2022 Stopinje v snegu &#8211;\u00a0<a href=\"https:\/\/l.facebook.com\/l.php?u=https%3A%2F%2Fyoutu.be%2Fc4V8eTBF7_c%3Ffbclid%3DIwAR3tyFXypMtoe_S56UstOEyWsX4s6yCrk0boWUBtZG0oGN_SlLWgO3eS1aU&amp;h=AT2Kv1wSQIF9LcoC0YYIF1biJ3bHv5wuvNqaTFMymYym7pFNHW4kiR2hUB3QcLI2_95locjUlLZND4XahRMvAllq7Qjv9LJZ2sJTWYxNrmmn8n0ObBpxp9ep2uF0D84YbXLZP50dnd_bao9sXQ\">https:\/\/youtu.be\/c4V8eTBF7_c<\/a> \u2022 Vrni me &#8211;\u00a0<a href=\"https:\/\/l.facebook.com\/l.php?u=https%3A%2F%2Fyoutu.be%2FTWuiD1kYdUE%3Ffbclid%3DIwAR3kCn2KlmlK_dm3i0HJkbW9fItzVScsZpvoC24wQVDgHOmrub-1to-84iM&amp;h=AT2oEIjk1DzV3OVSShLRWfqZnD09rtdY5i8115sX2yhzbpA60HgWzeyYEZ2BdP_E_hywm1l7RnqY5QkSqjMHHykrttFGQUyB5jIrpN6q__Zlupt5TPX9AmeTeFIycTMa1VfqtG7fcTMWztKE5g\">https:\/\/youtu.be\/TWuiD1kYdUE<\/a> \u2022 Na Sever &#8211;\u00a0<a href=\"https:\/\/l.facebook.com\/l.php?u=https%3A%2F%2Fyoutu.be%2FUjLniLqaf_s%3Ffbclid%3DIwAR2Esqt21rkLJ2vYcTLlp9cZK4dBsrpl7EVtS2j6rHh3e_0fF3yUuzBEejc&amp;h=AT1RlpFntYD_I0nzVVluFQcTZDIMPCJs58R-T73ASCiuh1WDUt1sIVWdgb0TdgxqqFCsrXfiev-JwzifXlJZIa3-uYCI7hApgzt4ocOOLwbbuySZu5KqtLQyE807D7X_86rZaonBI0u53gjofg\">https:\/\/youtu.be\/UjLniLqaf_s<\/a><\/p>\n<p>&nbsp;<\/p>","protected":false},"excerpt":{"rendered":"<p>AVTOMOBILI 40-LETNICO OBELE\u017dUJEJO Z NOVIM ALBUMOM SIJAJ \u00a0 \u00a0 Legendarna primorska zasedba Avtomobili, ki jo sestavljajo David Morgan, Bo\u0161tjan Andrejc-Bushy,David \u0160uligoj,Mirko Vuksanovi\u0107 in Marko Vuksanovi\u0107, neprekinjeno deluje \u017ee 40 let. \u010castitljiv jubilej so se \u010dlani skupine odlo\u010dili kronati z novim, \u017ee enajstim studijskim albumom Sijaj, ki je pri ZKP RTV Slovenija septembra iz\u0161el v dveh [&hellip;]<\/p>","protected":false},"author":11,"featured_media":25373,"template":"","meta":{"_seopress_robots_primary_cat":"none","_seopress_titles_title":"","_seopress_titles_desc":"","_seopress_robots_index":""},"product_brand":[],"product_cat":[230],"product_tag":[222],"class_list":{"0":"post-25370","1":"product","2":"type-product","3":"status-publish","4":"has-post-thumbnail","6":"product_cat-arhiv","7":"product_tag-predprodaja","9":"entry","10":"has-media","12":"first","13":"instock","14":"virtual","15":"taxable","16":"product-type-simple","17":"has-product-nav","18":"col","19":"span_1_of_4","20":"owp-content-center","21":"item-entry","22":"owp-thumbs-layout-horizontal","23":"owp-btn-normal","24":"owp-tabs-layout-section","25":"has-no-thumbnails"},"publishpress_future_action":{"enabled":false,"date":"2026-05-08 11:44:56","action":"change-status","newStatus":"draft","terms":[],"taxonomy":"product_cat","extraData":[]},"publishpress_future_workflow_manual_trigger":{"enabledWorkflows":[]},"_links":{"self":[{"href":"https:\/\/www.orto-bar.com\/en\/wp-json\/wp\/v2\/product\/25370","targetHints":{"allow":["GET"]}}],"collection":[{"href":"https:\/\/www.orto-bar.com\/en\/wp-json\/wp\/v2\/product"}],"about":[{"href":"https:\/\/www.orto-bar.com\/en\/wp-json\/wp\/v2\/types\/product"}],"author":[{"embeddable":true,"href":"https:\/\/www.orto-bar.com\/en\/wp-json\/wp\/v2\/users\/11"}],"version-history":[{"count":0,"href":"https:\/\/www.orto-bar.com\/en\/wp-json\/wp\/v2\/product\/25370\/revisions"}],"wp:featuredmedia":[{"embeddable":true,"href":"https:\/\/www.orto-bar.com\/en\/wp-json\/wp\/v2\/media\/25373"}],"wp:attachment":[{"href":"https:\/\/www.orto-bar.com\/en\/wp-json\/wp\/v2\/media?parent=25370"}],"wp:term":[{"taxonomy":"product_brand","embeddable":true,"href":"https:\/\/www.orto-bar.com\/en\/wp-json\/wp\/v2\/product_brand?post=25370"},{"taxonomy":"product_cat","embeddable":true,"href":"https:\/\/www.orto-bar.com\/en\/wp-json\/wp\/v2\/product_cat?post=25370"},{"taxonomy":"product_tag","embeddable":true,"href":"https:\/\/www.orto-bar.com\/en\/wp-json\/wp\/v2\/product_tag?post=25370"}],"curies":[{"name":"wp","href":"https:\/\/api.w.org\/{rel}","templated":true}]}}