{"id":25492,"date":"2022-12-31T15:45:23","date_gmt":"2022-12-31T15:45:23","guid":{"rendered":"https:\/\/www.orto-bar.com\/?post_type=product&#038;p=25492"},"modified":"2023-01-26T17:09:32","modified_gmt":"2023-01-26T17:09:32","slug":"bomb-shell-predstavitev-albuma","status":"publish","type":"product","link":"https:\/\/www.orto-bar.com\/en\/dogodki\/arhiv\/bomb-shell-predstavitev-albuma\/","title":{"rendered":"Bomb Shell &#8211; Predstavitev Albuma"},"content":{"rendered":"<p>\ud835\udc01\ud835\udc0e\ud835\udc0c\ud835\udc01 \ud835\udc12\ud835\udc07\ud835\udc04\ud835\udc0b\ud835\udc0b so se v minulem letu mudili na razli\u010dnih koncertnih odrih po Sloveniji. Ob vpra\u0161anju, kdaj jih bomo lahko videli v Ljubljani, pa so skrivnostno odgovarjali, da koncert v Ljubljani lahko pri\u010dakujemo ob zelo posebni prilo\u017enosti.<\/p>\n<p>Z velikim veseljem sporo\u010damo, da boste Bomb Shell lahko kon\u010dno videli in sli\u0161ali v Ljubljani.<\/p>\n<p>Vabijo vas namre\u010d na zelo poseben koncert. Predstavili bodo nov studijski album, ki so ga ustvarjali zadnji dve leti.<br \/>\nIzdajo albuma bodo proslavili na na\u010din, ki ga najbolj obvladajo. S koncertom seveda. In to na prav posebnem mestu.<\/p>\n<p>Prvi\u010d bodo namre\u010d igrali v legendarnem \ud835\udc0e\ud835\udc2b\ud835\udc2d\ud835\udc28 \ud835\udc1b\ud835\udc1a\ud835\udc2b-\ud835\udc2e, ki je znan kot jedro dobre glasbe, kulture in kjer koncertirajo najve\u010dja imena slovenske in tuje glasbene scene.<\/p>\n<p>To pa \u0161e ni vse. Naslov albuma bo prvi\u010d razkrit prav na koncertu v Orto baru. Obiskovalci koncerta boste imeli tako edinstveno prilo\u017enost skupaj z bandom prvi razkriti naslov albuma, ki ga bo Bomb Shell predstavil v Orto baru.<br \/>\n_________________________________________________________________________<\/p>\n<p>\ud835\udc0a\ud835\udc03\ud835\udc00\ud835\udc09? \u010cetrtek, 26.1.2022 ob 19:30<\/p>\n<p>\ud835\udc0a\ud835\udc09\ud835\udc04? Orto bar, Grablovi\u010deva ulica 1, 1000 Ljubljana<\/p>\n<p>RE\u0160I NA\u0160 ALBUM, obi\u0161\u010di koncert in postani del Bomb Shell zgodbe.<br \/>\n_________________________________________________________________________<br \/>\n\u0160tevilo kart je \ud835\udc28\ud835\udc26\ud835\udc1e\ud835\udc23\ud835\udc1e\ud835\udc27\ud835\udc28.<\/p>\n<p>Hvala, ker podpirate slovensko glasbo, kulturo in bande!<\/p>","protected":false},"excerpt":{"rendered":"<p>\ud835\udc01\ud835\udc0e\ud835\udc0c\ud835\udc01 \ud835\udc12\ud835\udc07\ud835\udc04\ud835\udc0b\ud835\udc0b so se v minulem letu mudili na razli\u010dnih koncertnih odrih po Sloveniji. Ob vpra\u0161anju, kdaj jih bomo lahko videli v Ljubljani, pa so skrivnostno odgovarjali, da koncert v Ljubljani lahko pri\u010dakujemo ob zelo posebni prilo\u017enosti. Z velikim veseljem sporo\u010damo, da boste Bomb Shell lahko kon\u010dno videli in sli\u0161ali v Ljubljani. Vabijo vas namre\u010d [&hellip;]<\/p>","protected":false},"author":11,"featured_media":25494,"template":"","meta":{"_seopress_robots_primary_cat":"none","_seopress_titles_title":"","_seopress_titles_desc":"","_seopress_robots_index":""},"product_brand":[],"product_cat":[230],"product_tag":[222],"class_list":{"0":"post-25492","1":"product","2":"type-product","3":"status-publish","4":"has-post-thumbnail","6":"product_cat-arhiv","7":"product_tag-predprodaja","9":"entry","10":"has-media","12":"first","13":"instock","14":"virtual","15":"taxable","16":"product-type-simple","17":"has-product-nav","18":"col","19":"span_1_of_4","20":"owp-content-center","21":"item-entry","22":"owp-thumbs-layout-horizontal","23":"owp-btn-normal","24":"owp-tabs-layout-section","25":"has-no-thumbnails"},"publishpress_future_action":{"enabled":false,"date":"2026-05-08 11:45:57","action":"change-status","newStatus":"draft","terms":[],"taxonomy":"product_cat","extraData":[]},"publishpress_future_workflow_manual_trigger":{"enabledWorkflows":[]},"_links":{"self":[{"href":"https:\/\/www.orto-bar.com\/en\/wp-json\/wp\/v2\/product\/25492","targetHints":{"allow":["GET"]}}],"collection":[{"href":"https:\/\/www.orto-bar.com\/en\/wp-json\/wp\/v2\/product"}],"about":[{"href":"https:\/\/www.orto-bar.com\/en\/wp-json\/wp\/v2\/types\/product"}],"author":[{"embeddable":true,"href":"https:\/\/www.orto-bar.com\/en\/wp-json\/wp\/v2\/users\/11"}],"version-history":[{"count":0,"href":"https:\/\/www.orto-bar.com\/en\/wp-json\/wp\/v2\/product\/25492\/revisions"}],"wp:featuredmedia":[{"embeddable":true,"href":"https:\/\/www.orto-bar.com\/en\/wp-json\/wp\/v2\/media\/25494"}],"wp:attachment":[{"href":"https:\/\/www.orto-bar.com\/en\/wp-json\/wp\/v2\/media?parent=25492"}],"wp:term":[{"taxonomy":"product_brand","embeddable":true,"href":"https:\/\/www.orto-bar.com\/en\/wp-json\/wp\/v2\/product_brand?post=25492"},{"taxonomy":"product_cat","embeddable":true,"href":"https:\/\/www.orto-bar.com\/en\/wp-json\/wp\/v2\/product_cat?post=25492"},{"taxonomy":"product_tag","embeddable":true,"href":"https:\/\/www.orto-bar.com\/en\/wp-json\/wp\/v2\/product_tag?post=25492"}],"curies":[{"name":"wp","href":"https:\/\/api.w.org\/{rel}","templated":true}]}}