{"id":25510,"date":"2023-01-01T18:53:03","date_gmt":"2023-01-01T18:53:03","guid":{"rendered":"https:\/\/www.orto-bar.com\/dogodki\/nekategorizirano\/bomb-shell-predstavitev-albuma-copy\/"},"modified":"2023-02-09T17:35:47","modified_gmt":"2023-02-09T17:35:47","slug":"inmate-in-mojstri-pasivne-agresije","status":"publish","type":"product","link":"https:\/\/www.orto-bar.com\/en\/dogodki\/arhiv\/inmate-in-mojstri-pasivne-agresije\/","title":{"rendered":"INMATE in Mojstri Pasivne Agresije"},"content":{"rendered":"<div class=\"x11i5rnm xat24cr x1mh8g0r x1vvkbs xdj266r\">ROCK NIGHT COMING YOUR WAY\u00a0<span class=\"x3nfvp2 x1j61x8r x1fcty0u xdj266r xhhsvwb xat24cr xgzva0m xxymvpz xlup9mm x1kky2od\"><img decoding=\"async\" src=\"https:\/\/static.xx.fbcdn.net\/images\/emoji.php\/v9\/t79\/1\/16\/1f44a.png\" alt=\"\ud83d\udc4a\" width=\"16\" height=\"16\" \/><\/span><span class=\"x3nfvp2 x1j61x8r x1fcty0u xdj266r xhhsvwb xat24cr xgzva0m xxymvpz xlup9mm x1kky2od\"><img decoding=\"async\" src=\"https:\/\/static.xx.fbcdn.net\/images\/emoji.php\/v9\/t40\/1\/16\/1f4a5.png\" alt=\"\ud83d\udca5\" width=\"16\" height=\"16\" \/><\/span><span class=\"x3nfvp2 x1j61x8r x1fcty0u xdj266r xhhsvwb xat24cr xgzva0m xxymvpz xlup9mm x1kky2od\"><img decoding=\"async\" src=\"https:\/\/static.xx.fbcdn.net\/images\/emoji.php\/v9\/t8e\/1\/16\/1f941.png\" alt=\"\ud83e\udd41\" width=\"16\" height=\"16\" \/><\/span><span class=\"x3nfvp2 x1j61x8r x1fcty0u xdj266r xhhsvwb xat24cr xgzva0m xxymvpz xlup9mm x1kky2od\"><img loading=\"lazy\" decoding=\"async\" src=\"https:\/\/static.xx.fbcdn.net\/images\/emoji.php\/v9\/t9e\/1\/16\/1f3b5.png\" alt=\"\ud83c\udfb5\" width=\"16\" height=\"16\" \/><\/span><\/div>\n<div class=\"x11i5rnm xat24cr x1mh8g0r x1vvkbs xtlvy1s\">\ud835\udc0a\ud835\udc03\ud835\udc00\ud835\udc09? \u010cetrtek, 9.2.2022 ob 19:00<br \/>\n\ud835\udc0a\ud835\udc09\ud835\udc04? Orto bar, Grablovi\u010deva ulica 1, 1000 Ljubljana<\/div>\n<div class=\"x11i5rnm xat24cr x1mh8g0r x1vvkbs xtlvy1s\">\u0160tevilo kart je \ud835\udc28\ud835\udc26\ud835\udc1e\ud835\udc23\ud835\udc1e\ud835\udc27\ud835\udc28.<\/p>\n<p>________________________________________<\/p><\/div>\n<div class=\"x11i5rnm xat24cr x1mh8g0r x1vvkbs xtlvy1s\">Ste \u017ee kdaj do\u017eiveli nastop, ki je za dolgo pustil pe\u010dat v va\u0161em \u017eivljenju?<\/div>\n<div class=\"x11i5rnm xat24cr x1mh8g0r x1vvkbs xtlvy1s\">Ste kdaj \u010dutili, kako velikanska energija raste z odra proti ob\u010dinstvu? \u010ce ste odgovorili z DA, potem ste verjetno \u017ee sli\u0161ali za \ud835\udc08\ud835\udc0d\ud835\udc0c\ud835\udc00\ud835\udc13\ud835\udc04.<\/div>\n<div class=\"x11i5rnm xat24cr x1mh8g0r x1vvkbs xtlvy1s\">Motor ustvarjalne mo\u010di, ki se ne boji premikati meja. Mo\u010dne kitare, udarna ritem sekcija in vrhunski vokal jih uvr\u0161\u010dajo med sodobne hard rock\/new age metal skupine. Znani so po \u010dvrsti postavi in neusmiljeni vztrajnosti na odru. \u017de od trenutka, ko stopijo na oder, INMATE iz\u017earevajo tak\u0161no karizmo in mo\u010d, da pritegnejo pozornost vseh prisotnih. To ni samo zato, ker je glasba, ki jo ustvarjajo, tako dovr\u0161ena, ampak tudi zato, ker lahko vsak za\u010duti kemijo med vsemi petimi \u010dlani.<\/div>\n<div class=\"x11i5rnm xat24cr x1mh8g0r x1vvkbs xtlvy1s\">Marko Dupli\u0161ak \u2013 vokal<br \/>\nJure Grudnik \u2013 bobni<br \/>\nAndrej Bezjak \u2013 kitara<br \/>\nDavid Vodopivec \u2013 kitara<br \/>\nJure Vertelj \u2013 bas<br \/>\n________________________________________<\/div>\n<div class=\"x11i5rnm xat24cr x1mh8g0r x1vvkbs xtlvy1s\">\ud835\udc0c\ud835\udc28\ud835\udc23\ud835\udc2c\ud835\udc2d\ud835\udc2b\ud835\udc22 \ud835\udc0f\ud835\udc1a\ud835\udc2c\ud835\udc22\ud835\udc2f\ud835\udc27\ud835\udc1e \ud835\udc00\ud835\udc20\ud835\udc2b\ud835\udc1e\ud835\udc2c\ud835\udc22\ud835\udc23\ud835\udc1e je rock zasedba iz Zgornje Savinjske doline. Zase pravijo, da so kljub kratki skupni poti nanizali \u017ee nekaj zanimivih dejstev. Njihov singel in videospot &#8216;Za menoj&#8217; se je do nedavnega redno predvajal na oddaji Videotrak, bili so med zmagovalci nate\u010daja Radio SI Standouts 2021, ter v zadnjem letu nastopili na precej atraktivnih prizori\u0161\u010dih &#8211; pred delavskim domom v Trbovljah, na \u0160tuku v Mariboru, na festivalu Pank u modi v Beogradu ter nazadnje na prireditvi Break the silence v Celju. Fantje se spogledujejo se predvsem z rokovsko enostavnostjo in punkovsko iskrenostjo. V tem letu poleg igranja v \u017eivo pripravljajo svoj prvi album!<\/div>\n<div class=\"x11i5rnm xat24cr x1mh8g0r x1vvkbs xtlvy1s\">Matej Verbu\u010d &#8211; bas<br \/>\nMatic Tev\u017e &#8211; bobni<br \/>\nDavid Zavolov\u0161ek &#8211; kitara in vokal<\/div>","protected":false},"excerpt":{"rendered":"<p>ROCK NIGHT COMING YOUR WAY\u00a0 \ud835\udc0a\ud835\udc03\ud835\udc00\ud835\udc09? \u010cetrtek, 9.2.2022 ob 19:00 \ud835\udc0a\ud835\udc09\ud835\udc04? Orto bar, Grablovi\u010deva ulica 1, 1000 Ljubljana \u0160tevilo kart je \ud835\udc28\ud835\udc26\ud835\udc1e\ud835\udc23\ud835\udc1e\ud835\udc27\ud835\udc28. ________________________________________ Ste \u017ee kdaj do\u017eiveli nastop, ki je za dolgo pustil pe\u010dat v va\u0161em \u017eivljenju? Ste kdaj \u010dutili, kako velikanska energija raste z odra proti ob\u010dinstvu? \u010ce ste odgovorili z DA, potem ste [&hellip;]<\/p>","protected":false},"author":11,"featured_media":25512,"template":"","meta":{"_seopress_robots_primary_cat":"none","_seopress_titles_title":"","_seopress_titles_desc":"","_seopress_robots_index":""},"product_brand":[],"product_cat":[230],"product_tag":[222],"class_list":{"0":"post-25510","1":"product","2":"type-product","3":"status-publish","4":"has-post-thumbnail","6":"product_cat-arhiv","7":"product_tag-predprodaja","9":"entry","10":"has-media","12":"first","13":"instock","14":"virtual","15":"taxable","16":"product-type-simple","17":"has-product-nav","18":"col","19":"span_1_of_4","20":"owp-content-center","21":"item-entry","22":"owp-thumbs-layout-horizontal","23":"owp-btn-normal","24":"owp-tabs-layout-section","25":"has-no-thumbnails"},"publishpress_future_action":{"enabled":false,"date":"2026-05-10 11:52:20","action":"change-status","newStatus":"draft","terms":[],"taxonomy":"product_cat","extraData":[]},"publishpress_future_workflow_manual_trigger":{"enabledWorkflows":[]},"_links":{"self":[{"href":"https:\/\/www.orto-bar.com\/en\/wp-json\/wp\/v2\/product\/25510","targetHints":{"allow":["GET"]}}],"collection":[{"href":"https:\/\/www.orto-bar.com\/en\/wp-json\/wp\/v2\/product"}],"about":[{"href":"https:\/\/www.orto-bar.com\/en\/wp-json\/wp\/v2\/types\/product"}],"author":[{"embeddable":true,"href":"https:\/\/www.orto-bar.com\/en\/wp-json\/wp\/v2\/users\/11"}],"version-history":[{"count":0,"href":"https:\/\/www.orto-bar.com\/en\/wp-json\/wp\/v2\/product\/25510\/revisions"}],"wp:featuredmedia":[{"embeddable":true,"href":"https:\/\/www.orto-bar.com\/en\/wp-json\/wp\/v2\/media\/25512"}],"wp:attachment":[{"href":"https:\/\/www.orto-bar.com\/en\/wp-json\/wp\/v2\/media?parent=25510"}],"wp:term":[{"taxonomy":"product_brand","embeddable":true,"href":"https:\/\/www.orto-bar.com\/en\/wp-json\/wp\/v2\/product_brand?post=25510"},{"taxonomy":"product_cat","embeddable":true,"href":"https:\/\/www.orto-bar.com\/en\/wp-json\/wp\/v2\/product_cat?post=25510"},{"taxonomy":"product_tag","embeddable":true,"href":"https:\/\/www.orto-bar.com\/en\/wp-json\/wp\/v2\/product_tag?post=25510"}],"curies":[{"name":"wp","href":"https:\/\/api.w.org\/{rel}","templated":true}]}}