{"id":25632,"date":"2023-01-04T21:45:48","date_gmt":"2023-01-04T21:45:48","guid":{"rendered":"https:\/\/www.orto-bar.com\/dogodki\/nekategorizirano\/avtomobili-copy\/"},"modified":"2023-03-11T19:24:35","modified_gmt":"2023-03-11T18:24:35","slug":"dan-rock-zena","status":"publish","type":"product","link":"https:\/\/www.orto-bar.com\/en\/dogodki\/arhiv\/dan-rock-zena\/","title":{"rendered":"Dan rock \u017eena"},"content":{"rendered":"<p><strong>Dan rock \u017eena<\/strong><\/p>\n<p>Hellcats bodo tudi letos na vse \u017eenskem ve\u010deru na velikem odru Orto bara predstavile ljubljanski publiki novi dve dekli\u0161ki skupini.<\/p>\n<p>&nbsp;<\/p>\n<p>\u017denska rokenrol dru\u017eina se nezadr\u017eno ve\u010da in v Sloveniji k temu najve\u010d pripomore festival Dan rock \u017eena, ki \u017ee od leta 2015 organizirata sestri Sa\u0161a in Sonja Zagorc iz skupine Hellcatsil v najbolj rokerskem klubu v dr\u017eavi \u2013 v Orto baru \u2013 na za\u010detku v zgornji manj\u0161i dvorani, zadnja leta pa se je dogodek zaradi velikega zanimanja preselil v ve\u010djo spodnjo, koncertno dvorano.<\/p>\n<p>&nbsp;<\/p>\n<p>Namen festivala je \u017ee od samega za\u010detka enak in na prvem mestu je iskanje in spodbujanje kvalitetnih ustvarjalk v rock glasbi \u0161ir\u0161ega spektra in jim nuditi referen\u010dno prizori\u0161\u010de za svoj udarni nastop pred zahtevno ljubljansko publiko.<\/p>\n<p>Do sedaj so se predstavile tako uveljavljene kot neuveljavljene skupine, ki jim je nastop na dnevu rock \u017eena pomenil pomembno etapo v nadaljnji karieri. Sicer je za festival vedno ve\u010d prijav in zanimanja za nastope, na razli\u010dnih nivojih pa se je razvila tudi konstruktivna debata o polo\u017eaju \u017eensk v glasbi. Po svetu je takih dogodkov vedno ve\u010d in organizatorke so na ta zemljevid umestile tudi Slovenijo.<\/p>\n<div class=\"x11i5rnm xat24cr x1mh8g0r x1vvkbs xdj266r\">DAN ROCK \u017dENA has been supporting all-female bands since 2015. This year HELLCATS invited two wonderful all-female bands Wicked Asylum from Milano (Italy) and Replic\u1d1cnts from Belgrade (Serbia)\ufffdGet your tickets \ufffd HERE:<br \/>\n<a class=\"x1i10hfl xjbqb8w x6umtig x1b1mbwd xaqea5y xav7gou x9f619 x1ypdohk xt0psk2 xe8uvvx xdj266r x11i5rnm xat24cr x1mh8g0r xexx8yu x4uap5 x18d9i69 xkhd6sd x16tdsg8 x1hl2dhg xggy1nq x1a2a7pz xt0b8zv x1fey0fg\" tabindex=\"0\" role=\"link\" href=\"https:\/\/www.orto-bar.com\/en\/dogodki\/koncerti\/dan-rock-zena\/?fbclid=IwAR37zggYLsl8cc3xc47eU0Rx_AK2P3FckBNyzPYFbTJnbHxGNISLsV1CbY0\" target=\"_blank\" rel=\"nofollow noopener\">https:\/\/www.orto-bar.com\/dogodki\/koncerti\/dan-rock-zena\/<\/a><br \/>\nSee you on 11th of March in Orto Bar Ljubljana !Stay tuned for more info!<\/div>\n<div class=\"x11i5rnm xat24cr x1mh8g0r x1vvkbs xtlvy1s\">REPLICUNTS are a three piece all female punk band from Belgrade, Serbia. The started their story in 2012. and since then they released one album, called &#8220;Replicunts&#8221;. They&#8217;ve played numerous shows in Serbia and abroad, festivals and they have two european tours. The &#8220;replicunts sound&#8221; is a mix of an old school punk and melodic hardcore punk.<\/div>\n<div class=\"x11i5rnm xat24cr x1mh8g0r x1vvkbs xtlvy1s\">WICKED ASYLUM was officially born in Como in 2009; since 2015, with a new shining line-up they hit the stage on numerous stages in Northern Italy and Europe, establishing themselves undeniably as one of the major European all female acts in the Metal scene. Largely appraised abroad, they have the pleasure to play in clubs and festivals in Germany, Slovenia and Switzerland.<br \/>\nIn 2016 they released their first EP \u201cRebirth\u201d and two videos, \u201cIn My Soul\u201d and \u201cSilent Watchers\u201d.<br \/>\nOut of the Mist saw the light on 21st February 2020, collecting more than 20k on Spotify alone in a single week.<br \/>\nThey are currently working on their second full-length, which will be released in the first quarter of 2023.<\/div>\n<div class=\"x11i5rnm xat24cr x1mh8g0r x1vvkbs xtlvy1s\">HELLCATS band was formed in 2003 in Ljubljana, Slovenia by the sisters Sasha and Sonja Zagorc. Due to the small size of Slovenian music space it wasn&#8217;t easy to find many female musicians. After numerous resounding concerts on big stages they twice performed at Metal Camp festival, Viva la Pola festival in Croatia, Metal Franconia festival in Germany and many more. In 2012 the all-female quartet was invited to tour Russia. where they played a series of gigs, including the biggest rock festival in Kaluga titled &#8220;Zheleznye devy&#8221; or &#8220;Iron Girls&#8221; and travelled from Moscow to Kaluga, Ryazan to Tula and Tambov City. In the summer of 2012 they were chosen among more than 400 groups and performed at the biggest music festival Jelen Demofest in Banja Luka (BIH). In 2013 they released their debut album Divja pot in Slovenian language and in 2014, the English version Warrior Princess was released in Milano at the beginning of their Italian tour. In 2015 they went on a first German tour and in 2022 on first England tour, which was a great step, because they were very well accepted there. They are returning back in 2023. They have released four videos, \u00bbSteelrider\u00ab, \u00bbNow is my time\u00ab, \u00bbDemon Dreams\u00ab and \u00bbI am\u00ab.<br \/>\nHellcats are recording a new album at the moment.<\/div>\n<p>&nbsp;<\/p>","protected":false},"excerpt":{"rendered":"<p>Dan rock \u017eena Hellcats bodo tudi letos na vse \u017eenskem ve\u010deru na velikem odru Orto bara predstavile ljubljanski publiki novi dve dekli\u0161ki skupini. &nbsp; \u017denska rokenrol dru\u017eina se nezadr\u017eno ve\u010da in v Sloveniji k temu najve\u010d pripomore festival Dan rock \u017eena, ki \u017ee od leta 2015 organizirata sestri Sa\u0161a in Sonja Zagorc iz skupine Hellcatsil [&hellip;]<\/p>","protected":false},"author":11,"featured_media":25633,"template":"","meta":{"_seopress_robots_primary_cat":"none","_seopress_titles_title":"","_seopress_titles_desc":"","_seopress_robots_index":""},"product_brand":[],"product_cat":[230],"product_tag":[222],"class_list":{"0":"post-25632","1":"product","2":"type-product","3":"status-publish","4":"has-post-thumbnail","6":"product_cat-arhiv","7":"product_tag-predprodaja","9":"entry","10":"has-media","12":"first","13":"instock","14":"virtual","15":"taxable","16":"product-type-simple","17":"has-product-nav","18":"col","19":"span_1_of_4","20":"owp-content-center","21":"item-entry","22":"owp-thumbs-layout-horizontal","23":"owp-btn-normal","24":"owp-tabs-layout-section"},"publishpress_future_action":{"enabled":false,"date":"2026-05-08 16:03:05","action":"change-status","newStatus":"draft","terms":[],"taxonomy":"product_cat","extraData":[]},"publishpress_future_workflow_manual_trigger":{"enabledWorkflows":[]},"_links":{"self":[{"href":"https:\/\/www.orto-bar.com\/en\/wp-json\/wp\/v2\/product\/25632","targetHints":{"allow":["GET"]}}],"collection":[{"href":"https:\/\/www.orto-bar.com\/en\/wp-json\/wp\/v2\/product"}],"about":[{"href":"https:\/\/www.orto-bar.com\/en\/wp-json\/wp\/v2\/types\/product"}],"author":[{"embeddable":true,"href":"https:\/\/www.orto-bar.com\/en\/wp-json\/wp\/v2\/users\/11"}],"version-history":[{"count":0,"href":"https:\/\/www.orto-bar.com\/en\/wp-json\/wp\/v2\/product\/25632\/revisions"}],"wp:featuredmedia":[{"embeddable":true,"href":"https:\/\/www.orto-bar.com\/en\/wp-json\/wp\/v2\/media\/25633"}],"wp:attachment":[{"href":"https:\/\/www.orto-bar.com\/en\/wp-json\/wp\/v2\/media?parent=25632"}],"wp:term":[{"taxonomy":"product_brand","embeddable":true,"href":"https:\/\/www.orto-bar.com\/en\/wp-json\/wp\/v2\/product_brand?post=25632"},{"taxonomy":"product_cat","embeddable":true,"href":"https:\/\/www.orto-bar.com\/en\/wp-json\/wp\/v2\/product_cat?post=25632"},{"taxonomy":"product_tag","embeddable":true,"href":"https:\/\/www.orto-bar.com\/en\/wp-json\/wp\/v2\/product_tag?post=25632"}],"curies":[{"name":"wp","href":"https:\/\/api.w.org\/{rel}","templated":true}]}}