{"id":25638,"date":"2023-01-04T22:07:46","date_gmt":"2023-01-04T22:07:46","guid":{"rendered":"https:\/\/www.orto-bar.com\/?post_type=product&#038;p=25638"},"modified":"2023-02-04T12:21:13","modified_gmt":"2023-02-04T12:21:13","slug":"rage-against-the-machine-tribute-band-fade-to-rage","status":"publish","type":"product","link":"https:\/\/www.orto-bar.com\/en\/dogodki\/arhiv\/rage-against-the-machine-tribute-band-fade-to-rage\/","title":{"rendered":"Rage Against The Machine Tribute Band-Fade to Rage (I)"},"content":{"rendered":"<p>Rage Against The Machine Tribute band kon\u010dno tudi v Ljubljani!<\/p>\n<p>Po lanskoletni odpadli evropski turneji RATM imamo sre\u010do, da imamo mo\u017enost gostiti odli\u010den italjanski tribute band.<br \/>\nNjihov za\u010detek leto\u0161nje koncertne turneje po evropi se bo za\u010del kje drugje kot v na\u0161em glavnem mestu, Ljubljani!<\/p>\n<p>Fade To Rage &#8211; The Italian Rage Against The Machine Tribute<\/p>\n<p>+ predskupina<br \/>\nParaziti p.13<\/p>\n<p>Skacore punk band, Slovenija<\/p>\n<p>Vstopnice:<br \/>\n&#8211; Predprodaja 12\u20ac<br \/>\n&#8211; Na dan koncerta 15\u20ac<\/p>","protected":false},"excerpt":{"rendered":"<p>Rage Against The Machine Tribute band kon\u010dno tudi v Ljubljani! Po lanskoletni odpadli evropski turneji RATM imamo sre\u010do, da imamo mo\u017enost gostiti odli\u010den italjanski tribute band. Njihov za\u010detek leto\u0161nje koncertne turneje po evropi se bo za\u010del kje drugje kot v na\u0161em glavnem mestu, Ljubljani! Fade To Rage &#8211; The Italian Rage Against The Machine Tribute [&hellip;]<\/p>","protected":false},"author":11,"featured_media":25639,"template":"","meta":{"_seopress_robots_primary_cat":"none","_seopress_titles_title":"","_seopress_titles_desc":"","_seopress_robots_index":""},"product_brand":[],"product_cat":[230],"product_tag":[222],"class_list":{"0":"post-25638","1":"product","2":"type-product","3":"status-publish","4":"has-post-thumbnail","6":"product_cat-arhiv","7":"product_tag-predprodaja","9":"entry","10":"has-media","12":"first","13":"instock","14":"virtual","15":"taxable","16":"product-type-simple","17":"has-product-nav","18":"col","19":"span_1_of_4","20":"owp-content-center","21":"item-entry","22":"owp-thumbs-layout-horizontal","23":"owp-btn-normal","24":"owp-tabs-layout-section","25":"has-no-thumbnails"},"publishpress_future_action":{"enabled":false,"date":"2026-05-08 11:44:03","action":"change-status","newStatus":"draft","terms":[],"taxonomy":"product_cat","extraData":[]},"publishpress_future_workflow_manual_trigger":{"enabledWorkflows":[]},"_links":{"self":[{"href":"https:\/\/www.orto-bar.com\/en\/wp-json\/wp\/v2\/product\/25638","targetHints":{"allow":["GET"]}}],"collection":[{"href":"https:\/\/www.orto-bar.com\/en\/wp-json\/wp\/v2\/product"}],"about":[{"href":"https:\/\/www.orto-bar.com\/en\/wp-json\/wp\/v2\/types\/product"}],"author":[{"embeddable":true,"href":"https:\/\/www.orto-bar.com\/en\/wp-json\/wp\/v2\/users\/11"}],"version-history":[{"count":0,"href":"https:\/\/www.orto-bar.com\/en\/wp-json\/wp\/v2\/product\/25638\/revisions"}],"wp:featuredmedia":[{"embeddable":true,"href":"https:\/\/www.orto-bar.com\/en\/wp-json\/wp\/v2\/media\/25639"}],"wp:attachment":[{"href":"https:\/\/www.orto-bar.com\/en\/wp-json\/wp\/v2\/media?parent=25638"}],"wp:term":[{"taxonomy":"product_brand","embeddable":true,"href":"https:\/\/www.orto-bar.com\/en\/wp-json\/wp\/v2\/product_brand?post=25638"},{"taxonomy":"product_cat","embeddable":true,"href":"https:\/\/www.orto-bar.com\/en\/wp-json\/wp\/v2\/product_cat?post=25638"},{"taxonomy":"product_tag","embeddable":true,"href":"https:\/\/www.orto-bar.com\/en\/wp-json\/wp\/v2\/product_tag?post=25638"}],"curies":[{"name":"wp","href":"https:\/\/api.w.org\/{rel}","templated":true}]}}