{"id":25715,"date":"2023-01-06T12:37:42","date_gmt":"2023-01-06T12:37:42","guid":{"rendered":"https:\/\/www.orto-bar.com\/?post_type=product&#038;p=25715"},"modified":"2023-04-08T11:02:01","modified_gmt":"2023-04-08T10:02:01","slug":"orto-fest-2023-koala-voice-si-2","status":"publish","type":"product","link":"https:\/\/www.orto-bar.com\/en\/dogodki\/arhiv\/orto-fest-2023-koala-voice-si-2\/","title":{"rendered":"Orto Fest 2023 &#8211; Koala Voice"},"content":{"rendered":"<p><strong>Koala Voice<\/strong> so tisti band, ki vas primejo s prvim komadom in vas ne spustijo, do konca njihove set liste \u2026 in potem ho\u010dete \u0161e, vsaj \u0161e eno komad, \u0161e en koncert, \u2026 Med divjim, uigranim in iskrenim koncertom sli\u0161imo zimzelene komade kot so: Go Disco, Go, Ker tu je vse tako lepo, Vede Premikanja, Sierra, Spaghettification \u2026<\/p>\n<p>S svojo neobremenjenostjo, razbija\u0161ko indie punk prezenco polno nalezljivih melodij in zasoljenih kitarskih riffov zelo hitro prirastel k srcu mno\u017eicam, tako po Sloveniji kot tudi drugje po Evropi, predvsem po zaslugi prvenca\u00a0<strong>Kangaroo\u2019s a neighbour <\/strong>(2015) in drugega albuma\u00a0<strong>Wolkenfabrik <\/strong>(2017). Leta 2018 pa so svojo diskografijo obogatili \u0161e z akusti\u010dnim albumom\u00a0<strong>Koala Voice: Iz\u0161tekani<\/strong> in pa non\u0161alantnim\u00a0<strong>Woo Horsie<\/strong>, kjer so nam Koala Voice med drugim postregli z njihovim nesramno popoidnim hitom\u00a0<strong>Ker tu je vse tako lepo<\/strong>.<\/p>\n<p>Njihova muzikalnost in o\u010darljivost jim je pridobila tudi mesto predskupine pred legendarnimi Pixies v ljubljanskih Kri\u017eankah. Svojo publiko pa so naprej lovili tudi po ve\u010djih evropskih festivalih, kot so Liverpool Sound City, Tallinn Music Week, Bush Budapest, Pohoda, Monkey Week, Exit, Inmusic in drugi.<\/p>\n<p>V letu 2020 so se Koala Voice posvetili ustvarjanju in snemanju njihovega <strong>4. studijskega albuma<\/strong> z naslovom <strong>Plata<\/strong>, ki pa so ga \u017ee ob koncu leta za\u010deli predstavljati \u0161ir\u0161i publiki v obliki singlov, obogatenih z videi, za pesmi <strong>Vertigo<\/strong>, <strong>Vukovi<\/strong> in nazadnje <strong>Spaghettification<\/strong>. Z miksom indie rocka, popa, stonerja, rocka, countryja in diska, nam Koala Voice v sloven\u0161\u010dini, srbohrva\u0161\u010dini in angle\u0161\u010dini ponujajo 13 novih pesmi, ki odra\u017eajo \u010dasovno obdobje napolnjeno z iskanjem odgovorov ve\u010dno neodgovorjenih vpra\u0161anj o ljubezni, prijateljstvu in srcozlomu, kjer posku\u0161ajo najti odgovor v malih trenutkih sre\u010de. Ko opevajo stvari, ki malo bolijo, \u010dudne ro\u017ee, tu\u0161iranje, zaskrbljene ljudi, volkove in vrtoglavice, vam z albumom <strong>Plata<\/strong>, Koala Voice pustijo, da najdete skrite dele sebe skozi njihove pesmi.<\/p>\n<p>Koala Voice so Manca Trampu\u0161, Domen Don Holc, Tilen Pra\u0161nikar in Miha Pra\u0161nikar.<\/p>","protected":false},"excerpt":{"rendered":"<p>Koala Voice so tisti band, ki vas primejo s prvim komadom in vas ne spustijo, do konca njihove set liste \u2026 in potem ho\u010dete \u0161e, vsaj \u0161e eno komad, \u0161e en koncert, \u2026 Med divjim, uigranim in iskrenim koncertom sli\u0161imo zimzelene komade kot so: Go Disco, Go, Ker tu je vse tako lepo, Vede Premikanja, [&hellip;]<\/p>","protected":false},"author":11,"featured_media":25714,"template":"","meta":{"_seopress_robots_primary_cat":"none","_seopress_titles_title":"","_seopress_titles_desc":"","_seopress_robots_index":""},"product_brand":[],"product_cat":[230],"product_tag":[222],"class_list":{"0":"post-25715","1":"product","2":"type-product","3":"status-publish","4":"has-post-thumbnail","6":"product_cat-arhiv","7":"product_tag-predprodaja","9":"entry","10":"has-media","12":"first","13":"outofstock","14":"virtual","15":"taxable","16":"product-type-simple","17":"has-product-nav","18":"col","19":"span_1_of_4","20":"owp-content-center","21":"item-entry","22":"owp-thumbs-layout-horizontal","23":"owp-btn-normal","24":"owp-tabs-layout-section"},"publishpress_future_action":{"enabled":false,"date":"2026-05-08 18:43:00","action":"change-status","newStatus":"draft","terms":[],"taxonomy":"product_cat","extraData":[]},"publishpress_future_workflow_manual_trigger":{"enabledWorkflows":[]},"_links":{"self":[{"href":"https:\/\/www.orto-bar.com\/en\/wp-json\/wp\/v2\/product\/25715","targetHints":{"allow":["GET"]}}],"collection":[{"href":"https:\/\/www.orto-bar.com\/en\/wp-json\/wp\/v2\/product"}],"about":[{"href":"https:\/\/www.orto-bar.com\/en\/wp-json\/wp\/v2\/types\/product"}],"author":[{"embeddable":true,"href":"https:\/\/www.orto-bar.com\/en\/wp-json\/wp\/v2\/users\/11"}],"version-history":[{"count":0,"href":"https:\/\/www.orto-bar.com\/en\/wp-json\/wp\/v2\/product\/25715\/revisions"}],"wp:featuredmedia":[{"embeddable":true,"href":"https:\/\/www.orto-bar.com\/en\/wp-json\/wp\/v2\/media\/25714"}],"wp:attachment":[{"href":"https:\/\/www.orto-bar.com\/en\/wp-json\/wp\/v2\/media?parent=25715"}],"wp:term":[{"taxonomy":"product_brand","embeddable":true,"href":"https:\/\/www.orto-bar.com\/en\/wp-json\/wp\/v2\/product_brand?post=25715"},{"taxonomy":"product_cat","embeddable":true,"href":"https:\/\/www.orto-bar.com\/en\/wp-json\/wp\/v2\/product_cat?post=25715"},{"taxonomy":"product_tag","embeddable":true,"href":"https:\/\/www.orto-bar.com\/en\/wp-json\/wp\/v2\/product_tag?post=25715"}],"curies":[{"name":"wp","href":"https:\/\/api.w.org\/{rel}","templated":true}]}}