{"id":25861,"date":"2023-01-08T08:20:51","date_gmt":"2023-01-08T08:20:51","guid":{"rendered":"https:\/\/www.orto-bar.com\/?post_type=product&#038;p=25861"},"modified":"2023-04-06T01:00:11","modified_gmt":"2023-04-06T00:00:11","slug":"orto-fest-2023-batista-cadillac-masharik","status":"publish","type":"product","link":"https:\/\/www.orto-bar.com\/en\/dogodki\/arhiv\/orto-fest-2023-batista-cadillac-masharik\/","title":{"rendered":"Orto Fest 2023 &#8211; Batista Cadillac, Masharik"},"content":{"rendered":"<p>\u010cvrsto gruvajo\u010de jedro danes \u0161est\u010dlanske zasedbe Batista Cadillac \u017ee od malih nog predstavljata vokalist Urban Lutman in kitarist Matija Koritnik. Njun preplet soula, funka, rocka in bluesa je poleg vedno ve\u010djega \u0161tevila poslu\u0161alcev pritegnil vidne doma\u010de izvajalce \u2013 sprva Thomasa Marcha za skladbo \u201cNeviden (Ali ve\u0161, da me ljubi\u0161?)\u201d, nato pa \u0161e funk jazzerje Pijammies oziroma P\u2019Jays, ki so se pridru\u017eili zasedbi ob koncu 2019. Skladbe \u201cPust me do besede\u201d, \u201cMagnolije\u201d in \u201cGeneracija neba\u201d so bile vse popevke tedna na Valu 202; vse tri so bile tudi med top 10 najbolj predvajanih skladb na Valu na letni ravni v 2019, 2020 in 2021.<\/p>\n<p>V leto 2022 so Batista Cadilac vstopili s prenovljeno zasedbo in se z udarnim hiti\u010dem \u201cMim pravil\u201d brez te\u017eav prebili do finala EME in tam z odli\u010dnim nastopom zasedli visoko drugo mesto v kon\u010dni razvrstitvi. V maju 2022 je sledil je zmagoviti dan izdaje prvega albuma in razprodan koncert v Kinu\u0160i\u0161ka ter serija koncertov po Sloveniji. Pred koncertom v OrtoBaru pa obljubljajo tudi nov single. Stay tuned, Batista Cadillac pripravljajo sodelovanje z &#8230;<\/p>\n<p>Soul vlak \u010daka, da vas odpelje!<\/p>\n<p>Zasedba:<\/p>\n<p>Urban Lutman \u2013 vokal<br \/>\nMatija Koritnik \u2013 kitara, vokal<br \/>\nPrimo\u017e Hudoklin &#8211; kitara<br \/>\nJakob Zlatin\u0161ek &#8211; klaviature<br \/>\nSebastjan Podlesnik &#8211; bas kitara<br \/>\nEnos Kugler \u2013 bobni<br \/>\nSandra Feketija \u2013 spremljevalni vokal<\/p>\n<p><strong>Masharik <\/strong><\/p>\n<p>Masharik je \u010dutni organizem gorenjskih glasbenikov, ki prepleta blues, rock in psihedelijo,<br \/>\npridih soula pa doda Ma\u0161in vokal. V ospredje svoje glasbe postavljajo \u010dutnost, iskrenost<br \/>\nin dinami\u010dnost. Izvajajo avtorsko glasbo, ki jo pi\u0161ejo v sloven\u0161\u010dini, vzdu\u0161je pa za\u010dinijo<br \/>\ntudi s kak\u0161no interpretacijo svojih najljub\u0161ih pesmi. V letu 2022 so izdali svoj prvi single z<br \/>\nnaslovom Stran od o\u010di.<br \/>\nGonilna sila banda je Ma\u0161a Bogataj, frontpunca, ki poleg vokala z \u017eensko rokenrol<br \/>\nenergijo imenitno obvladuje tudi elektri\u010dno kitaro. Z njo tvorita celoto Luka Zemlji\u010d na<br \/>\nklaviaturah, orglah in spremljevalnih vokalih ter Bojan Marinko na bobnih. Zvo\u010dno jih<br \/>\npodpira \u0161e \u017diga Koren\u010di\u010d na bas kitari.<br \/>\nOb\u010dinstvu so se Masharik prvi\u010d v \u017eivo predstavili leta 2019. Od takrat naprej pridno<br \/>\nosvajajo slovenske odre in ustvarjajo avtorsko glasbo. V pretekli sezoni so odigrali skoraj<br \/>\n20 samostojnih koncertov. Nastopili so na najve\u010djih slovenskih gasbenih festivalih, kot so<br \/>\nCastle Festival, Gora Rocka, Lent,&#8230; Kot gostje zasedbe Hamo &amp; Tribute 2 Love pa so v<br \/>\nKri\u017eankah s svojim nastopom navdu\u0161ili tri tiso\u010d glavo publiko.<br \/>\nfoto: Manja \u010crep<br \/>\nPovezave do socialnih omre\u017eij:<br \/>\nInstagram:<a href=\"https:\/\/www.instagram.com\/masharik_band\/\"> https:\/\/www.instagram.com\/masharik_band\/<\/a><br \/>\nFacebook: <a href=\"https:\/\/www.facebook.com\/masharikband\">https:\/\/www.facebook.com\/masharikband<\/a><br \/>\nYouTube kanal: <a href=\"https:\/\/www.youtube.com\/c\/masharikband\">https:\/\/www.youtube.com\/c\/masharikband<\/a><\/p>","protected":false},"excerpt":{"rendered":"<p>\u010cvrsto gruvajo\u010de jedro danes \u0161est\u010dlanske zasedbe Batista Cadillac \u017ee od malih nog predstavljata vokalist Urban Lutman in kitarist Matija Koritnik. Njun preplet soula, funka, rocka in bluesa je poleg vedno ve\u010djega \u0161tevila poslu\u0161alcev pritegnil vidne doma\u010de izvajalce \u2013 sprva Thomasa Marcha za skladbo \u201cNeviden (Ali ve\u0161, da me ljubi\u0161?)\u201d, nato pa \u0161e funk jazzerje Pijammies [&hellip;]<\/p>","protected":false},"author":11,"featured_media":26093,"template":"","meta":{"_seopress_robots_primary_cat":"none","_seopress_titles_title":"","_seopress_titles_desc":"","_seopress_robots_index":""},"product_brand":[],"product_cat":[230],"product_tag":[222],"class_list":{"0":"post-25861","1":"product","2":"type-product","3":"status-publish","4":"has-post-thumbnail","6":"product_cat-arhiv","7":"product_tag-predprodaja","9":"entry","10":"has-media","12":"first","13":"outofstock","14":"virtual","15":"taxable","16":"product-type-simple","17":"has-product-nav","18":"col","19":"span_1_of_4","20":"owp-content-center","21":"item-entry","22":"owp-thumbs-layout-horizontal","23":"owp-btn-normal","24":"owp-tabs-layout-section"},"publishpress_future_action":{"enabled":false,"date":"2026-04-24 11:31:20","action":"change-status","newStatus":"draft","terms":[],"taxonomy":"product_cat","extraData":[]},"publishpress_future_workflow_manual_trigger":{"enabledWorkflows":[]},"_links":{"self":[{"href":"https:\/\/www.orto-bar.com\/en\/wp-json\/wp\/v2\/product\/25861","targetHints":{"allow":["GET"]}}],"collection":[{"href":"https:\/\/www.orto-bar.com\/en\/wp-json\/wp\/v2\/product"}],"about":[{"href":"https:\/\/www.orto-bar.com\/en\/wp-json\/wp\/v2\/types\/product"}],"author":[{"embeddable":true,"href":"https:\/\/www.orto-bar.com\/en\/wp-json\/wp\/v2\/users\/11"}],"version-history":[{"count":0,"href":"https:\/\/www.orto-bar.com\/en\/wp-json\/wp\/v2\/product\/25861\/revisions"}],"wp:featuredmedia":[{"embeddable":true,"href":"https:\/\/www.orto-bar.com\/en\/wp-json\/wp\/v2\/media\/26093"}],"wp:attachment":[{"href":"https:\/\/www.orto-bar.com\/en\/wp-json\/wp\/v2\/media?parent=25861"}],"wp:term":[{"taxonomy":"product_brand","embeddable":true,"href":"https:\/\/www.orto-bar.com\/en\/wp-json\/wp\/v2\/product_brand?post=25861"},{"taxonomy":"product_cat","embeddable":true,"href":"https:\/\/www.orto-bar.com\/en\/wp-json\/wp\/v2\/product_cat?post=25861"},{"taxonomy":"product_tag","embeddable":true,"href":"https:\/\/www.orto-bar.com\/en\/wp-json\/wp\/v2\/product_tag?post=25861"}],"curies":[{"name":"wp","href":"https:\/\/api.w.org\/{rel}","templated":true}]}}