{"id":25865,"date":"2023-01-08T08:39:48","date_gmt":"2023-01-08T08:39:48","guid":{"rendered":"https:\/\/www.orto-bar.com\/?post_type=product&#038;p=25865"},"modified":"2023-04-20T17:06:26","modified_gmt":"2023-04-20T16:06:26","slug":"orto-fest-2023-um-kuna-freestyle-showsi","status":"publish","type":"product","link":"https:\/\/www.orto-bar.com\/en\/dogodki\/arhiv\/orto-fest-2023-um-kuna-freestyle-showsi\/","title":{"rendered":"Orto Fest 2023 &#8211; UM &#038; KUNA Freestyle Show"},"content":{"rendered":"<p>UM &amp; KUNA FREESTYLE SHOW<\/p>\n<p>Unikaten fenomen na slovenski glasbeni sceni &#8211; freestyle impro rap!<\/p>\n<p>Poznate freestyle rap? Ste bili kdaj na kak\u0161ni impro gledali\u0161ki predstavi? Si lahko predstavljate kako bi bilo, \u010de bi zdru\u017eili to dvoje? No, to\u010dno tako zgleda UM &amp; KUNA Freestyle Show. Od 2019 do danes sta zbrala \u017ee ogromno nastopov &#8211; od velikih festivalov, osnovnih \u0161ol, zaporov, slikarskih razstav do radijskih iger &#8211; kamorkoli prideta pustita ljudi o\u010darane, nasmejane in napolnjene s pozitivno energijo<\/p>\n<p>Kdo sta UM &amp; KUNA?<\/p>\n<p>UM in Kuna sta s svojim impro rap show-om unikaten fenomen na slovenski glasbeni sceni. Skozi improvizacijo in izmi\u0161ljevanje rim na licu mesta se zlijeta z vsakim okoljem in tako lahko nastopata prakti\u010dno kjerkoli &#8211; od vrtcev do domov za ostarele ter povsod vmes.<\/p>\n<p>Kaj je Freestyle Show?<\/p>\n<p>Je me\u0161anica freestyle rapa in improvizacijskega gledali\u0161\u010da, kjer med nastopom na licu mesta nastajajo unikatne pesmi. V sam nastop je vklju\u010dena tudi publika s katero UM &amp; KUNA na razli\u010dne na\u010dine poi\u0161\u010deta ideje za nove komade.<\/p>\n<p>Reference<\/p>\n<p>Na HipHop reunion festivalu sta pred razprodano Cvetli\u010darno \u017ee dva krat o\u010darala ob\u010dinstvo s svojimi freestyle komadi. Za Ljubljana TV sta sestavila duhovito zgodbo o Mro\u017eu iz Filipinov, pred dijaki v Be\u017eigradu pa sta povedala kako je z mamuti na kolinah. Na otvoritvi slikarske razstave Bora \u0160parmbleka sta tako stare kot mlade o\u010darala repajo\u010d s kozolca. Prav tako sta nastopala na Castle Kolpa music festivalu, ter na Ritmu mladosti.<\/p>\n<p>Imata tudi svojo komi\u010dno-spiritualno oddajo v \u017eivo &#8211; LoveStream, kjer kot Vid Prihodnost in Jo\u017ee \u010cutim sprejemata klice v eter, ter ljudem re\u0161ujeta ljubezenske te\u017eave. Bila sta \u017ee tudi po zaporih, ampak zaenkrat le kot nastopajo\u010da, v sodelovanju z JAK na predstavitvi knjige \u201cTukaj bo\u0161 zdaj doma\u201d.<\/p>\n<p>Na oder so ju povabili \u017ee \u0161tevilni znani slovenski rap ustvarjalci: Emkej v CSK France Pre\u0161eren, Trkaj na bo\u017ei\u010dni nastop v \u017dalcu, Drill pa na You know the Drill. Pred kratkim sta nastopala tudi v radijski igri Samota za RTV SLO.<\/p>\n<p>Samostojni projekti<\/p>\n<p>Oba sta ve\u010dkratna zmagovalca na freestyle rap tekmovanjih, UM je tudi trenutni dr\u017eavni prvak. Kuna se je v u\u0161esa \u0161tevilnih poslu\u0161acev zapisal z zgodbo o Mami Mili, UM pa je tudi vodil celoletne freestyle rap delavnice, ki so rezultirale v projektu 5 lepih besed.<\/p>\n<p>POVEZAVE<\/p>\n<p>Uradna spletna stran: <a href=\"https:\/\/umkunashow.carrd.co\/?fbclid=IwAR2lh6wYA2UOahKEcZzo2mPO2qT7vBFe3ZOsQEN4PNxH7D-j9qxq_c4IaRM\">UM &amp; KUNA<\/a><\/p>\n<p><a href=\"https:\/\/www.instagram.com\/um.kuna.show\/\">Instagram: um.kuna.show<\/a><\/p>\n<p><a href=\"https:\/\/www.facebook.com\/um.kuna.freestyle.show?paipv=0&amp;eav=AfYtz31GTx11ai2iN_y38h-iP5ZNlbdOOQqBHdXfQLgQfhTUf9xVzhXJLdY92unA7-g&amp;_rdr\">Facebook: UM &amp; KUNA Freestyle Show<\/a><\/p>\n<p><a href=\"https:\/\/www.youtube.com\/channel\/UC1zG3LlnBU_y-RPKrizCOzw\">Youtube:\u00a0 UM &amp; KUNA Freestyle Show<\/a><\/p>","protected":false},"excerpt":{"rendered":"<p>UM &amp; KUNA FREESTYLE SHOW Unikaten fenomen na slovenski glasbeni sceni &#8211; freestyle impro rap! Poznate freestyle rap? Ste bili kdaj na kak\u0161ni impro gledali\u0161ki predstavi? Si lahko predstavljate kako bi bilo, \u010de bi zdru\u017eili to dvoje? No, to\u010dno tako zgleda UM &amp; KUNA Freestyle Show. Od 2019 do danes sta zbrala \u017ee ogromno nastopov [&hellip;]<\/p>","protected":false},"author":11,"featured_media":25900,"template":"","meta":{"_seopress_robots_primary_cat":"none","_seopress_titles_title":"","_seopress_titles_desc":"","_seopress_robots_index":""},"product_brand":[],"product_cat":[230],"product_tag":[222],"class_list":{"0":"post-25865","1":"product","2":"type-product","3":"status-publish","4":"has-post-thumbnail","6":"product_cat-arhiv","7":"product_tag-predprodaja","9":"entry","10":"has-media","12":"first","13":"instock","14":"virtual","15":"taxable","16":"product-type-simple","17":"has-product-nav","18":"col","19":"span_1_of_4","20":"owp-content-center","21":"item-entry","22":"owp-thumbs-layout-horizontal","23":"owp-btn-normal","24":"owp-tabs-layout-section","25":"has-no-thumbnails"},"publishpress_future_action":{"enabled":false,"date":"2026-05-08 20:04:35","action":"change-status","newStatus":"draft","terms":[],"taxonomy":"product_cat","extraData":[]},"publishpress_future_workflow_manual_trigger":{"enabledWorkflows":[]},"_links":{"self":[{"href":"https:\/\/www.orto-bar.com\/en\/wp-json\/wp\/v2\/product\/25865","targetHints":{"allow":["GET"]}}],"collection":[{"href":"https:\/\/www.orto-bar.com\/en\/wp-json\/wp\/v2\/product"}],"about":[{"href":"https:\/\/www.orto-bar.com\/en\/wp-json\/wp\/v2\/types\/product"}],"author":[{"embeddable":true,"href":"https:\/\/www.orto-bar.com\/en\/wp-json\/wp\/v2\/users\/11"}],"version-history":[{"count":0,"href":"https:\/\/www.orto-bar.com\/en\/wp-json\/wp\/v2\/product\/25865\/revisions"}],"wp:featuredmedia":[{"embeddable":true,"href":"https:\/\/www.orto-bar.com\/en\/wp-json\/wp\/v2\/media\/25900"}],"wp:attachment":[{"href":"https:\/\/www.orto-bar.com\/en\/wp-json\/wp\/v2\/media?parent=25865"}],"wp:term":[{"taxonomy":"product_brand","embeddable":true,"href":"https:\/\/www.orto-bar.com\/en\/wp-json\/wp\/v2\/product_brand?post=25865"},{"taxonomy":"product_cat","embeddable":true,"href":"https:\/\/www.orto-bar.com\/en\/wp-json\/wp\/v2\/product_cat?post=25865"},{"taxonomy":"product_tag","embeddable":true,"href":"https:\/\/www.orto-bar.com\/en\/wp-json\/wp\/v2\/product_tag?post=25865"}],"curies":[{"name":"wp","href":"https:\/\/api.w.org\/{rel}","templated":true}]}}