{"id":25868,"date":"2023-01-08T08:51:31","date_gmt":"2023-01-08T08:51:31","guid":{"rendered":"https:\/\/www.orto-bar.com\/?post_type=product&#038;p=25868"},"modified":"2023-04-05T01:00:10","modified_gmt":"2023-04-05T00:00:10","slug":"orto-fest-2023-vazz-si","status":"publish","type":"product","link":"https:\/\/www.orto-bar.com\/en\/dogodki\/arhiv\/orto-fest-2023-vazz-si\/","title":{"rendered":"Orto Fest 2023 &#8211; Vazz"},"content":{"rendered":"<p>VAZZ LIVE\u00a0@ Orto bar<\/p>\n<p>Eden najvidnej\u0161ih doma\u010dih reperjev nove generacije VAZZ bo s svojim raz\u0161irjenim bendom poskrbel za plesno otvoritev pomladi! Aprila mineva skoraj eno leto od izdaje tretjega hip-hop dolgometra\u017eca\u00a0Kodeks, ki je svojo premiero do\u017eivel v razprodani veliki dvorani Kina \u0160i\u0161ka in kasneje svojo \u017eivo formo pilil na poletni turneji po Sloveniji. Vmes se je na internetu zna\u0161lo \u0161e cel kup novih spotov in sve\u017eih collabov. A kak\u0161ni so plani za koncert v Orti\u010du? \u010ce pride\u0161, zve\u0161.<\/p>\n<p>&nbsp;<\/p>\n<p>Pondelk:\u00a0<a href=\"https:\/\/youtu.be\/mgJDKpetSMU\">https:\/\/youtu.be\/mgJDKpetSMU<\/a><\/p>\n<p>S hitrim in kvalitetnim razvojem glasbene produkcije in suverenega tekstopisja, ki zadiha v originalni vsebini, se Mark Jacob Cavazza oz. Vazz nedvomno uvr\u0161\u010da med vodilne obraze nove reperske generacije na slovenski sceni.<\/p>\n<p>V za\u010detku maja 2022 je digitalno in na CD-ju izdal tretjo plo\u0161\u010do Kodeks, ki nosi \u010dist izraz, izpiljene ideje in pogled v njegov svet resni\u010dnosti. Dolgometra\u017eec nosi 12 komadov in je plod 22-letnega uma, ki izra\u017ea kritiko nad malomarnostjo v poeziji, cenzuro umetnosti, politi\u010dno dr\u017eo, neizvirnostjo. Mark se hkrati razgalja poslu\u0161alcem: &#8220;vse kar je takrat vrelo, me motilo sem predvsem intuitivno strnil v &#8211; na videz kaoti\u010dno &#8211; celoto. Album nosi ostre besede in se hkrati spotika ob problematike generi\u010dnosti, ki se vsakodnevno posku\u0161ajo vriniti v glasbo in ob\u010do umetnost. Kodeks stremi k poglobljeni vrednosti besedil in produkcije, ki skupaj mejita na \u017eivo zvo\u010dno sliko ter koncept osebnosti.&#8221;<\/p>\n<p>&nbsp;<\/p>\n<p><a href=\"https:\/\/vazz.si\/\">https:\/\/vazz.si\/<\/a><\/p>","protected":false},"excerpt":{"rendered":"<p>VAZZ LIVE\u00a0@ Orto bar Eden najvidnej\u0161ih doma\u010dih reperjev nove generacije VAZZ bo s svojim raz\u0161irjenim bendom poskrbel za plesno otvoritev pomladi! Aprila mineva skoraj eno leto od izdaje tretjega hip-hop dolgometra\u017eca\u00a0Kodeks, ki je svojo premiero do\u017eivel v razprodani veliki dvorani Kina \u0160i\u0161ka in kasneje svojo \u017eivo formo pilil na poletni turneji po Sloveniji. Vmes se [&hellip;]<\/p>","protected":false},"author":11,"featured_media":25899,"template":"","meta":{"_seopress_robots_primary_cat":"none","_seopress_titles_title":"","_seopress_titles_desc":"","_seopress_robots_index":""},"product_brand":[],"product_cat":[230],"product_tag":[222],"class_list":{"0":"post-25868","1":"product","2":"type-product","3":"status-publish","4":"has-post-thumbnail","6":"product_cat-arhiv","7":"product_tag-predprodaja","9":"entry","10":"has-media","12":"first","13":"outofstock","14":"virtual","15":"taxable","16":"product-type-simple","17":"has-product-nav","18":"col","19":"span_1_of_4","20":"owp-content-center","21":"item-entry","22":"owp-thumbs-layout-horizontal","23":"owp-btn-normal","24":"owp-tabs-layout-section","25":"has-no-thumbnails"},"publishpress_future_action":{"enabled":false,"date":"2026-05-08 17:45:04","action":"change-status","newStatus":"draft","terms":[],"taxonomy":"product_cat","extraData":[]},"publishpress_future_workflow_manual_trigger":{"enabledWorkflows":[]},"_links":{"self":[{"href":"https:\/\/www.orto-bar.com\/en\/wp-json\/wp\/v2\/product\/25868","targetHints":{"allow":["GET"]}}],"collection":[{"href":"https:\/\/www.orto-bar.com\/en\/wp-json\/wp\/v2\/product"}],"about":[{"href":"https:\/\/www.orto-bar.com\/en\/wp-json\/wp\/v2\/types\/product"}],"author":[{"embeddable":true,"href":"https:\/\/www.orto-bar.com\/en\/wp-json\/wp\/v2\/users\/11"}],"version-history":[{"count":0,"href":"https:\/\/www.orto-bar.com\/en\/wp-json\/wp\/v2\/product\/25868\/revisions"}],"wp:featuredmedia":[{"embeddable":true,"href":"https:\/\/www.orto-bar.com\/en\/wp-json\/wp\/v2\/media\/25899"}],"wp:attachment":[{"href":"https:\/\/www.orto-bar.com\/en\/wp-json\/wp\/v2\/media?parent=25868"}],"wp:term":[{"taxonomy":"product_brand","embeddable":true,"href":"https:\/\/www.orto-bar.com\/en\/wp-json\/wp\/v2\/product_brand?post=25868"},{"taxonomy":"product_cat","embeddable":true,"href":"https:\/\/www.orto-bar.com\/en\/wp-json\/wp\/v2\/product_cat?post=25868"},{"taxonomy":"product_tag","embeddable":true,"href":"https:\/\/www.orto-bar.com\/en\/wp-json\/wp\/v2\/product_tag?post=25868"}],"curies":[{"name":"wp","href":"https:\/\/api.w.org\/{rel}","templated":true}]}}