{"id":25971,"date":"2023-01-10T18:58:18","date_gmt":"2023-01-10T18:58:18","guid":{"rendered":"https:\/\/www.orto-bar.com\/?post_type=product&#038;p=25971"},"modified":"2023-03-10T20:35:54","modified_gmt":"2023-03-10T19:35:54","slug":"kiwi-flash","status":"publish","type":"product","link":"https:\/\/www.orto-bar.com\/en\/dogodki\/arhiv\/kiwi-flash\/","title":{"rendered":"Kiwi Flash"},"content":{"rendered":"<p>&nbsp;<\/p>\n<p>Kiwi Flash, Ljubljanska skupina \u0161tirih glasbenih navdu\u0161encev se po dvoletnem premoru s prvencem ponovno vra\u010da v Slovenski glasbeni svet. Z izjemo nekaj koncertov so od \u010dasa korone, ki jim je presekala pot poglobili v svoj neizdani material in poskrbeli, da v najbolj\u0161i lu\u010di prodre v svet. V tem \u010dasu so se spoznali s producentom Petrom Penkom, ki je glasbi dodal nov pogled in pomagal pri udejstvovanju tega albuma, da je glasba konkretno \u201czadihala\u201d.<\/p>\n<p>Me\u0161anico dovr\u0161ene glasbe, ki vsebuje elemente vse od rocka, funka, psihadelike in kak\u0161nega te\u017ejega riffa, krasijo spontana, ve\u010dinoma nezahtevna besedila s sme\u0161nim priokusom, ki pa vseeno udejstvujejo globji pomen opevane teme. Ob teh so\u010dnih ritmih se zazibajo vsa telesa v dvorani, neglede na starost ali \u017eanrsko usmerjenost.<\/p>\n<p>Vse se je za\u010delo s preigravanjem glasbe v zakloni\u0161\u010du Draveljske cerkve, kjer so ustvarili svoj prvi hit \u201cDe\u017eela Nela\u201d. Nadaljevalo se je z zmago na Ljubljanski \u0160pil ligi in vseslovenskem koncertiranju, tudi z ve\u010djimi Slovenskimi imeni. Ob za\u010detku leta 2020 in izidu drugega singla \u201cGramofon\u201d pa se je zgodil koronski prelom, ki jim je prekri\u017eal plane \u017ee po drugem koncertu istoimenske turneje, posledi\u010dno do pa so bili dana\u0161njega dne prisiljeni tudi dvakrat zamenjati in na novo zgraditi prostor za vaje. Ne glede na vse, poslu\u0161alcev niso pustili na cedilu, v letu 2022 izdali tretji single \u201cMafija \u2013 Skrivni posli\u201d in pri\u010deli s snemanjem prvenca.<\/p>\n<p>Bend resda ni imel \u201ckondicije\u201d izdajanja glasbe, saj je njihovo povpre\u010dje 0,75 komada \/ leto, vendar z letom 2023 to povpre\u010dje mo\u010dno obra\u010dajo navzgor.\u00a0 Vse je vodilo do tega trenutka, da se je bend sestavil \u2013 tako mentalno kot tudi glasbeno \u2013 da lahko od tukaj nadaljujejo svojo pot le \u0161e navzgor. Orto bar je prva postaja te nove zgodbe in v \u010dast nam jo je deliti z vami.<\/p>\n<p>&nbsp;<\/p>\n<p>&#8212;&#8212;&#8212;&#8212;&#8212;&#8212;&#8212;&#8212;&#8212;&#8212;&#8212;&#8212;&#8212;&#8212;&#8212;&#8212;&#8211;<\/p>\n<p>&nbsp;<\/p>\n<p>Povezave:<\/p>\n<p>Spletna stran: <a href=\"https:\/\/kiwiflash.com\">https:\/\/www.kiwiflash.com<\/a><\/p>\n<p>Facebook:\u00a0<a href=\"https:\/\/www.facebook.com\/kiwiflashband\">https:\/\/www.facebook.com\/kiwiflashband<\/a><\/p>\n<p>Instagram:\u00a0<a href=\"https:\/\/www.instagram.com\/kiwiflashband\/\">https:\/\/www.instagram.com\/kiwiflashband\/<\/a><\/p>\n<p>Youtube:\u00a0<a href=\"https:\/\/www.youtube.com\/KiwiFlash\">https:\/\/www.youtube.com\/KiwiFlash<\/a><\/p>\n<p>Spotify:\u00a0<a href=\"https:\/\/open.spotify.com\/artist\/3vQwXUH5FbN2NHe3oeOhse?si=p2Uz4VOEQca_zt6Bu_N32w\">https:\/\/open.spotify.com\/artist\/3vQwXUH5FbN2NHe3oeOhse?si=p2Uz4VOEQca_zt6Bu_N32w<\/a><\/p>\n<p>Apple music:\u00a0<a href=\"https:\/\/music.apple.com\/us\/artist\/kiwi-flash\/1463038002\">https:\/\/music.apple.com\/us\/artist\/kiwi-flash\/1463038002<\/a><\/p>\n<p>Vstopnina :<\/p>\n<p>&#8211; early bird : 8 \u20ac<\/p>\n<p>&#8211; predprodaja: 10 \u20ac<\/p>\n<p>&#8211; na dan koncerta: 12 \u20ac<\/p>\n<p>&nbsp;<\/p>","protected":false},"excerpt":{"rendered":"<p>&nbsp; Kiwi Flash, Ljubljanska skupina \u0161tirih glasbenih navdu\u0161encev se po dvoletnem premoru s prvencem ponovno vra\u010da v Slovenski glasbeni svet. Z izjemo nekaj koncertov so od \u010dasa korone, ki jim je presekala pot poglobili v svoj neizdani material in poskrbeli, da v najbolj\u0161i lu\u010di prodre v svet. V tem \u010dasu so se spoznali s producentom [&hellip;]<\/p>","protected":false},"author":11,"featured_media":26038,"template":"","meta":{"_seopress_robots_primary_cat":"none","_seopress_titles_title":"","_seopress_titles_desc":"","_seopress_robots_index":""},"product_brand":[],"product_cat":[230],"product_tag":[222],"class_list":{"0":"post-25971","1":"product","2":"type-product","3":"status-publish","4":"has-post-thumbnail","6":"product_cat-arhiv","7":"product_tag-predprodaja","9":"entry","10":"has-media","12":"first","13":"instock","14":"virtual","15":"taxable","16":"product-type-simple","17":"has-product-nav","18":"col","19":"span_1_of_4","20":"owp-content-center","21":"item-entry","22":"owp-thumbs-layout-horizontal","23":"owp-btn-normal","24":"owp-tabs-layout-section"},"publishpress_future_action":{"enabled":false,"date":"2026-05-08 14:26:13","action":"change-status","newStatus":"draft","terms":[],"taxonomy":"product_cat","extraData":[]},"publishpress_future_workflow_manual_trigger":{"enabledWorkflows":[]},"_links":{"self":[{"href":"https:\/\/www.orto-bar.com\/en\/wp-json\/wp\/v2\/product\/25971","targetHints":{"allow":["GET"]}}],"collection":[{"href":"https:\/\/www.orto-bar.com\/en\/wp-json\/wp\/v2\/product"}],"about":[{"href":"https:\/\/www.orto-bar.com\/en\/wp-json\/wp\/v2\/types\/product"}],"author":[{"embeddable":true,"href":"https:\/\/www.orto-bar.com\/en\/wp-json\/wp\/v2\/users\/11"}],"version-history":[{"count":0,"href":"https:\/\/www.orto-bar.com\/en\/wp-json\/wp\/v2\/product\/25971\/revisions"}],"wp:featuredmedia":[{"embeddable":true,"href":"https:\/\/www.orto-bar.com\/en\/wp-json\/wp\/v2\/media\/26038"}],"wp:attachment":[{"href":"https:\/\/www.orto-bar.com\/en\/wp-json\/wp\/v2\/media?parent=25971"}],"wp:term":[{"taxonomy":"product_brand","embeddable":true,"href":"https:\/\/www.orto-bar.com\/en\/wp-json\/wp\/v2\/product_brand?post=25971"},{"taxonomy":"product_cat","embeddable":true,"href":"https:\/\/www.orto-bar.com\/en\/wp-json\/wp\/v2\/product_cat?post=25971"},{"taxonomy":"product_tag","embeddable":true,"href":"https:\/\/www.orto-bar.com\/en\/wp-json\/wp\/v2\/product_tag?post=25971"}],"curies":[{"name":"wp","href":"https:\/\/api.w.org\/{rel}","templated":true}]}}