{"id":25981,"date":"2023-01-10T19:14:27","date_gmt":"2023-01-10T19:14:27","guid":{"rendered":"https:\/\/www.orto-bar.com\/?post_type=product&#038;p=25981"},"modified":"2023-03-17T18:56:00","modified_gmt":"2023-03-17T17:56:00","slug":"rock-and-roll-power-king-cat-rhythm-the-bitch-boys","status":"publish","type":"product","link":"https:\/\/www.orto-bar.com\/en\/dogodki\/arhiv\/rock-and-roll-power-king-cat-rhythm-the-bitch-boys\/","title":{"rendered":"Rock And Roll Power KING CAT RHYTHM + THE BITCH BOYS"},"content":{"rendered":"<p>&nbsp;<\/p>\n<p>King cat Rhythm<\/p>\n<p>&nbsp;<\/p>\n<p>Mlada skupina, ki je nastala leta 2019, torej tik pred pandemijo in zapiranju javnega \u017eivljenja, je v tem kratkem \u010dasu izdala svoj prvi EP \u00bb It&#8217;s\u00a0Rockabilly For You\u00ab s petimi avtorskimi pesmimi. Kljub kratkemu delovanju so v lanskem post covidnem letu hitro osvojili evropske festivalske in klubske odre, saj so prinesli nekaj sve\u017eine na rockabilly glasbeni sceni. Tudi leto\u0161njo leto se je za njih za\u010delo delovno.\u00a0 Poleg snemanja svojega prvega albuma na katerem bo tudi njihov najnovej\u0161i hit \u00bbTiki Boom\u00ab za katerega so tudi \u017ee posneli video spot, so zasedeni tudi s koncertiranjem po evropskih prizori\u0161\u010dih od Budimpe\u0161te do Hamburga. 17. marca se bodo ustavili in predstavili tudi Ljubljanski publiki v Orto baru. S Prvinskim in plesnim rock and rollom, pre\u017eetim z &#8220;old school&#8221; neorockabilly zvokom in izvrnimi mladostnimi idejami ter s strastnim in energi\u010dnim nastopm, nikogar ne pustijo ravnodu\u0161nega.<\/p>\n<p><a href=\"https:\/\/www.facebook.com\/kingcatrockabilly\">King Cat Rhythm | Facebook<\/a><\/p>\n<p>&nbsp;<\/p>\n<p>&nbsp;<\/p>\n<p>The Bitch Boys<\/p>\n<p>&nbsp;<\/p>\n<p>Skupina Bitch Boys je na slovenski rockerski sceni prisotna \u017ee skoraj 25. let in je prvi slovenski surf rock band, ki se je odzval na surf revival, ki ga je spro\u017eil soundtrack Tarantinovega \u00bbPulp Fictiona\u00ab (\u0160und) sredi devetdesetih.<\/p>\n<p>&nbsp;<\/p>\n<p>V tem \u010dasu so pionirji slovenskega surfa izdali \u0161tiri albume, posneli dva videospota,\u00a0 se s svojimi skladbami uvrstili na ne\u0161teto kompilacij, ki so bile izdane tako doma kot v tujini. Slednja je Bitch Boys \u0161e posebej lepo sprejela. Pipeline Magazine je njihov prvi album\u00a0 \u00bb&#8230; In Heat\u00ab proglasil za najbolj\u0161i sodobni surf rock album. Posledi\u010dno so naslednja dva \u00bbBehind the Hound Dog Walls\u00ab in \u00bbRide the First Wave\u00ab izdali pri ameri\u0161ki zalo\u017ebi Golly Gee. Albuma sta bila pospremljena z vrhunskimi recenzijami.<\/p>\n<p>&nbsp;<\/p>\n<p>Skupina se je publiki uspe\u0161no predstavila tudi s koncerti, ki so sledili v Ameriki in Evropi, kjer so se predstavili na vseh evropskih instro-surf festivalih.<\/p>\n<p>&nbsp;<\/p>\n<p>Bitch Boys so se udejstvovali tudi v filmih in na odrskih deskah. Sodelovali so pri snemanju in soustvarjanju dokumentarca \u00bbSound of the Surf\u00ab, napisali glasbo za soundtrack dokumentarca o zgodovini slovenskega stripa \u00bbKo \u010crte Govorijo\u00ab, priredili glasbo za muzikal Briljantina in za TV in odrsko razli\u010dico Kekca, njihovo glasbo pa je v svojem filmu \u00bbIzhod\u00ab uporabil re\u017eiser Dejan Babosek.<\/p>\n<p>&nbsp;<\/p>\n<p>Bitch Boys trenutno snemajo svoj 5. in 6. avtorski album, ki bosta uradno iz\u0161la 2023 in 2024.<\/p>\n<p><a href=\"https:\/\/www.facebook.com\/profile.php?id=100064013256993\">The Beetch Boys &#8211; Instrumental Surf Rock Pioneers from Slovenia | Facebook<\/a><\/p>","protected":false},"excerpt":{"rendered":"<p>&nbsp; King cat Rhythm &nbsp; Mlada skupina, ki je nastala leta 2019, torej tik pred pandemijo in zapiranju javnega \u017eivljenja, je v tem kratkem \u010dasu izdala svoj prvi EP \u00bb It&#8217;s\u00a0Rockabilly For You\u00ab s petimi avtorskimi pesmimi. Kljub kratkemu delovanju so v lanskem post covidnem letu hitro osvojili evropske festivalske in klubske odre, saj so [&hellip;]<\/p>","protected":false},"author":11,"featured_media":34644,"template":"","meta":{"_seopress_robots_primary_cat":"none","_seopress_titles_title":"","_seopress_titles_desc":"","_seopress_robots_index":""},"product_brand":[],"product_cat":[230],"product_tag":[222],"class_list":{"0":"post-25981","1":"product","2":"type-product","3":"status-publish","4":"has-post-thumbnail","6":"product_cat-arhiv","7":"product_tag-predprodaja","9":"entry","10":"has-media","12":"first","13":"instock","14":"virtual","15":"taxable","16":"product-type-simple","17":"has-product-nav","18":"col","19":"span_1_of_4","20":"owp-content-center","21":"item-entry","22":"owp-thumbs-layout-horizontal","23":"owp-btn-normal","24":"owp-tabs-layout-section"},"publishpress_future_action":{"enabled":false,"date":"2026-05-08 16:10:03","action":"change-status","newStatus":"draft","terms":[],"taxonomy":"product_cat","extraData":[]},"publishpress_future_workflow_manual_trigger":{"enabledWorkflows":[]},"_links":{"self":[{"href":"https:\/\/www.orto-bar.com\/en\/wp-json\/wp\/v2\/product\/25981","targetHints":{"allow":["GET"]}}],"collection":[{"href":"https:\/\/www.orto-bar.com\/en\/wp-json\/wp\/v2\/product"}],"about":[{"href":"https:\/\/www.orto-bar.com\/en\/wp-json\/wp\/v2\/types\/product"}],"author":[{"embeddable":true,"href":"https:\/\/www.orto-bar.com\/en\/wp-json\/wp\/v2\/users\/11"}],"version-history":[{"count":0,"href":"https:\/\/www.orto-bar.com\/en\/wp-json\/wp\/v2\/product\/25981\/revisions"}],"wp:featuredmedia":[{"embeddable":true,"href":"https:\/\/www.orto-bar.com\/en\/wp-json\/wp\/v2\/media\/34644"}],"wp:attachment":[{"href":"https:\/\/www.orto-bar.com\/en\/wp-json\/wp\/v2\/media?parent=25981"}],"wp:term":[{"taxonomy":"product_brand","embeddable":true,"href":"https:\/\/www.orto-bar.com\/en\/wp-json\/wp\/v2\/product_brand?post=25981"},{"taxonomy":"product_cat","embeddable":true,"href":"https:\/\/www.orto-bar.com\/en\/wp-json\/wp\/v2\/product_cat?post=25981"},{"taxonomy":"product_tag","embeddable":true,"href":"https:\/\/www.orto-bar.com\/en\/wp-json\/wp\/v2\/product_tag?post=25981"}],"curies":[{"name":"wp","href":"https:\/\/api.w.org\/{rel}","templated":true}]}}