{"id":25987,"date":"2023-01-10T19:38:03","date_gmt":"2023-01-10T19:38:03","guid":{"rendered":"https:\/\/www.orto-bar.com\/?post_type=product&#038;p=25987"},"modified":"2023-01-10T19:47:55","modified_gmt":"2023-01-10T19:47:55","slug":"kod-extra-deprivacija-sign-of-the-devil","status":"publish","type":"product","link":"https:\/\/www.orto-bar.com\/en\/dogodki\/arhiv\/kod-extra-deprivacija-sign-of-the-devil\/","title":{"rendered":"KoD Extra &#8211; Deprivacija, Sign of the Devil"},"content":{"rendered":"<p>Kadilnica of Death EXTRA!<\/p>\n<p>&nbsp;<\/p>\n<p>Na tokratni KoD bomo gostili najnovej\u0161e varovance zalo\u017ebe On Parole \u2013 litvijske blackened-sludge post metalce DEPRIVACIJA. S svojo glasbo \u017eelijo prikazati nekoherentne mentalne motnje v koherentno glasbeno celoto. Pred njimi bodo oder ogreli doma\u010di death metalci SIGN OF THE DEVIL. Odli\u010den paket za morbiden za\u010detek morbidnega februarja.<\/p>\n<p>&nbsp;<\/p>\n<p>Vstopnina: 8\u20ac do 20h, 10\u20ac po 20h<br \/>\nZa lastnike \u010dlanske izkaznice KoD vstop prost!<\/p>\n<p>&nbsp;<\/p>\n<p>DEPRIVACIJA (blackened-sludge, post metal)<br \/>\nFB: <a href=\"https:\/\/www.facebook.com\/deprivacija?__cft__%5b0%5d=AZU6EEh1Gr2FSBhPjjuZg7bIrKeMAjPLjJt6XSGXkjDyGb8etv2xN5M1IOoFBFg-uJohyVYTJx3coUNlt-RoWhu8mLNBo5my9IpTRgjTRRnVeqdbK6dTqcJwW9GIbzfzpZE&amp;__tn__=q\">https:\/\/www.facebook.com\/deprivacija<\/a><br \/>\nIG: <a href=\"https:\/\/www.instagram.com\/deprivacija_sludge_lt\/?fbclid=IwAR1caoAyz-ndJOKJTkW9TT4ElXoq1l8XcBGyMcsF_ke2LWTMMKOmsdMcyi0\">https:\/\/www.instagram.com\/deprivacija_sludge_lt\/<\/a><br \/>\nBandcamp: <a href=\"https:\/\/l.facebook.com\/l.php?u=https%3A%2F%2Fdeprivacija.bandcamp.com%2F%3Ffbclid%3DIwAR0mQElZkXxLtsRs0zAgF-BdvCrTm6Lggb1WoLtv7NVYPk7uo9kLFHFotOs&amp;h=AT0tf2JnAPh_iFBcebNEgKHri6TW2utWuBTeK_XKsxVWT5_mrZe94X6BLVYlUcxuJ6Bq4id-mOmUQ5LJsKTY5TuYk0IJqOJucNnCb89dWUJihno86JfbG85zvOnrZbc71A&amp;__tn__=q&amp;c%5b0%5d=AT1WuQ6PweAjYBOUiDn1XktNCu1kypmy_T2FWGvsFF0sBI80-Bpl7IehVedQS8Rbv8_KjcTU6gzP3BhrL6dSroYsZXcHLB7QFR067mdvgkzo75BUgfHXUnIP-su2PFO3j1S_iE2a0GezCvlPhWGU0GOBROOZ\">https:\/\/deprivacija.bandcamp.com\/<\/a><\/p>\n<p>&nbsp;<\/p>\n<p>SIGN OF THE DEVIL (death metal)<br \/>\nFB: <a href=\"https:\/\/www.facebook.com\/signofthedevilpo?__cft__%5b0%5d=AZU6EEh1Gr2FSBhPjjuZg7bIrKeMAjPLjJt6XSGXkjDyGb8etv2xN5M1IOoFBFg-uJohyVYTJx3coUNlt-RoWhu8mLNBo5my9IpTRgjTRRnVeqdbK6dTqcJwW9GIbzfzpZE&amp;__tn__=q\">https:\/\/www.facebook.com\/signofthedevilpo<\/a><br \/>\nIG: <a href=\"https:\/\/l.facebook.com\/l.php?u=https%3A%2F%2Fwww.instagram.com%2Fsignofthedevil.official%2F%3Ffbclid%3DIwAR3tp2sdemFu2whXkrIJ6Ubv9bTVIL3Hji32SYhItNyZXjld4dy3F2Qj074&amp;h=AT2N4dr-9GRKBIOlGE8k_UOIuZS9fcRiBwvx-84G2nbb9UQtYcUkYcXvq8KjxpUD2_B-9E9DQ_ZdjvlJFD37O9ryy8EUd6yngATMB6BPPTOU2amKfaMz5fPLpIr_AUv_cA&amp;__tn__=q&amp;c%5b0%5d=AT1WuQ6PweAjYBOUiDn1XktNCu1kypmy_T2FWGvsFF0sBI80-Bpl7IehVedQS8Rbv8_KjcTU6gzP3BhrL6dSroYsZXcHLB7QFR067mdvgkzo75BUgfHXUnIP-su2PFO3j1S_iE2a0GezCvlPhWGU0GOBROOZ\">https:\/\/www.instagram.com\/signofthedevil.official\/<\/a><br \/>\nBandcamp: <a href=\"https:\/\/l.facebook.com\/l.php?u=https%3A%2F%2Fsignofthedevil.bandcamp.com%2F%3Ffbclid%3DIwAR2wZAKtdM29iMDlRjDsXKIal1iWolQHRAiafZcBc46p_XEljmcsQAkV8K4&amp;h=AT19l16by0ILilAMJQ_uovf1YO5fxHbrOruAcJ9ehbvNb9zX4dgadXtMf_SdjpBhAPkAEkc1b2Vn_kCZIunIQ8pqW4_tXagB5HgRmnjguQkdWj6wwyxmhwh3fn3ugEG2zg&amp;__tn__=q&amp;c%5b0%5d=AT1WuQ6PweAjYBOUiDn1XktNCu1kypmy_T2FWGvsFF0sBI80-Bpl7IehVedQS8Rbv8_KjcTU6gzP3BhrL6dSroYsZXcHLB7QFR067mdvgkzo75BUgfHXUnIP-su2PFO3j1S_iE2a0GezCvlPhWGU0GOBROOZ\">https:\/\/signofthedevil.bandcamp.com\/<\/a><\/p>","protected":false},"excerpt":{"rendered":"<p>Kadilnica of Death EXTRA! &nbsp; Na tokratni KoD bomo gostili najnovej\u0161e varovance zalo\u017ebe On Parole \u2013 litvijske blackened-sludge post metalce DEPRIVACIJA. S svojo glasbo \u017eelijo prikazati nekoherentne mentalne motnje v koherentno glasbeno celoto. Pred njimi bodo oder ogreli doma\u010di death metalci SIGN OF THE DEVIL. Odli\u010den paket za morbiden za\u010detek morbidnega februarja. &nbsp; Vstopnina: 8\u20ac [&hellip;]<\/p>","protected":false},"author":11,"featured_media":25988,"template":"","meta":{"_seopress_robots_primary_cat":"none","_seopress_titles_title":"","_seopress_titles_desc":"","_seopress_robots_index":""},"product_brand":[],"product_cat":[230],"product_tag":[222],"class_list":{"0":"post-25987","1":"product","2":"type-product","3":"status-publish","4":"has-post-thumbnail","6":"product_cat-arhiv","7":"product_tag-predprodaja","9":"entry","10":"has-media","12":"first","13":"onbackorder","14":"virtual","15":"taxable","16":"product-type-simple","17":"has-product-nav","18":"col","19":"span_1_of_4","20":"owp-content-center","21":"item-entry","22":"owp-thumbs-layout-horizontal","23":"owp-btn-normal","24":"owp-tabs-layout-section","25":"has-no-thumbnails"},"publishpress_future_action":{"enabled":false,"date":"2026-05-08 11:44:02","action":"change-status","newStatus":"draft","terms":[],"taxonomy":"product_cat","extraData":[]},"publishpress_future_workflow_manual_trigger":{"enabledWorkflows":[]},"_links":{"self":[{"href":"https:\/\/www.orto-bar.com\/en\/wp-json\/wp\/v2\/product\/25987","targetHints":{"allow":["GET"]}}],"collection":[{"href":"https:\/\/www.orto-bar.com\/en\/wp-json\/wp\/v2\/product"}],"about":[{"href":"https:\/\/www.orto-bar.com\/en\/wp-json\/wp\/v2\/types\/product"}],"author":[{"embeddable":true,"href":"https:\/\/www.orto-bar.com\/en\/wp-json\/wp\/v2\/users\/11"}],"version-history":[{"count":0,"href":"https:\/\/www.orto-bar.com\/en\/wp-json\/wp\/v2\/product\/25987\/revisions"}],"wp:featuredmedia":[{"embeddable":true,"href":"https:\/\/www.orto-bar.com\/en\/wp-json\/wp\/v2\/media\/25988"}],"wp:attachment":[{"href":"https:\/\/www.orto-bar.com\/en\/wp-json\/wp\/v2\/media?parent=25987"}],"wp:term":[{"taxonomy":"product_brand","embeddable":true,"href":"https:\/\/www.orto-bar.com\/en\/wp-json\/wp\/v2\/product_brand?post=25987"},{"taxonomy":"product_cat","embeddable":true,"href":"https:\/\/www.orto-bar.com\/en\/wp-json\/wp\/v2\/product_cat?post=25987"},{"taxonomy":"product_tag","embeddable":true,"href":"https:\/\/www.orto-bar.com\/en\/wp-json\/wp\/v2\/product_tag?post=25987"}],"curies":[{"name":"wp","href":"https:\/\/api.w.org\/{rel}","templated":true}]}}