{"id":26069,"date":"2023-01-11T15:10:16","date_gmt":"2023-01-11T15:10:16","guid":{"rendered":"https:\/\/www.orto-bar.com\/?post_type=product&#038;p=26069"},"modified":"2023-02-22T17:59:58","modified_gmt":"2023-02-22T16:59:58","slug":"bogunov-predstavitev-albuma","status":"publish","type":"product","link":"https:\/\/www.orto-bar.com\/en\/dogodki\/arhiv\/bogunov-predstavitev-albuma\/","title":{"rendered":"Bogunov-predstavitev albuma"},"content":{"rendered":"<div class=\"x11i5rnm xat24cr x1mh8g0r x1vvkbs xdj266r\">\n<div class=\"x11i5rnm xat24cr x1mh8g0r x1vvkbs xdj266r\">Bogunov po uspe\u0161ni turneji s Pankrti po regiji \u0161e samostojen koncert v Ljubljani. Te\u017eko pir\u010dakovana promocija albuma Dolazimo u miru bo 22.2.2023 v Orto baru. Na koncertu bodo predstavili ve\u010dino skladb z novega albuma &#8220;Dolazimo u miru&#8221;, ne bodo pa manjkale tudi uspe\u0161nice s prej\u0161njega albuma &#8220;More bijesa&#8221;.<\/div>\n<div class=\"x11i5rnm xat24cr x1mh8g0r x1vvkbs xtlvy1s\">Skupina vas zagotovo ne bo pustila ravnodu\u0161nih. Popeljala vas bo stran od vsakdanjih skrbi, hkrati pa vas spodbudila k razmi\u0161ljanju. Med poslu\u0161anjem se boste spra\u0161evali, v kak\u0161en \u017eanr bi jih umestili \u2013 zdaj so zabavni pop, naslednji trenutek mra\u010dnja\u0161ki rock, vmes preblisk \u0161ansona, na trenutke bluesa, novega vala, celo folka. Njihova besedila niso zgolj verzi, ki spremljajo glasbo, ampak samostojna umetni\u0161ka dela. Ukvarjajo z odnosom posameznika do dru\u017ebe in dru\u017ebe do posameznika, dotikajo pa se tudi intimnih \u010dustev, bolj ali manj prijetnih, vedno pa zanimivih in privla\u010dnih.<br \/>\nBogunov vsaki\u010d znova presenetijo z neverjetno iskreno in \u010dustveno mo\u010dno liriko, ki jo ustvarja pevec in avtor Ognjen Zelji\u0107 v obliki zgodb, med katerimi vsak najde kak\u0161no, s katero se lahko poistoveti. Vzdu\u0161je se spreminja iz pesmi v pesem, od tema\u010dnih, nasilnih in surovih pa do \u010dustvenih, melanholi\u010dnih in optimisti\u010dnih, ljubezenskih in celo primernih za ples. Pri ljubljanskem \u0160KUC-u so zapisali: \u201cPri pesmih zasedbe Bogunov gre v prvi vrsti za sporo\u010dilnost, oziroma za posameznikovo do\u017eivljanje sveta, ki ga obdaja in manj za preprosto zabavo publike, kar pa ne pomeni, da je u\u017eitek ob poslu\u0161anju manj\u0161i, zagotovo nasprotno\u201d.<\/div>\n<div class=\"x11i5rnm xat24cr x1mh8g0r x1vvkbs xtlvy1s\">Album &#8220;Dolazimo u miru&#8221; so posneli poleti v Studio Evolucija z vrhunskim glasbenim producentom Simonom Jovanovi\u0107em. Povabili smo tudi nekaj zelo zanimivih gostov, ki so s svojim talentom in kreativnostjo dodali piko na i na\u0161emu drugemu studijskemu albumu. Album pod okriljem zalo\u017ebe Dallas Records so\u010dasno izzide v Sloveniji, na Hrva\u0161kem ter v Srbiji.<\/div>\n<\/div>","protected":false},"excerpt":{"rendered":"<p>Bogunov po uspe\u0161ni turneji s Pankrti po regiji \u0161e samostojen koncert v Ljubljani. Te\u017eko pir\u010dakovana promocija albuma Dolazimo u miru bo 22.2.2023 v Orto baru. Na koncertu bodo predstavili ve\u010dino skladb z novega albuma &#8220;Dolazimo u miru&#8221;, ne bodo pa manjkale tudi uspe\u0161nice s prej\u0161njega albuma &#8220;More bijesa&#8221;. Skupina vas zagotovo ne bo pustila ravnodu\u0161nih. [&hellip;]<\/p>","protected":false},"author":11,"featured_media":26070,"template":"","meta":{"_seopress_robots_primary_cat":"none","_seopress_titles_title":"","_seopress_titles_desc":"","_seopress_robots_index":""},"product_brand":[],"product_cat":[230],"product_tag":[222],"class_list":{"0":"post-26069","1":"product","2":"type-product","3":"status-publish","4":"has-post-thumbnail","6":"product_cat-arhiv","7":"product_tag-predprodaja","9":"entry","10":"has-media","12":"first","13":"instock","14":"virtual","15":"taxable","16":"product-type-simple","17":"has-product-nav","18":"col","19":"span_1_of_4","20":"owp-content-center","21":"item-entry","22":"owp-thumbs-layout-horizontal","23":"owp-btn-normal","24":"owp-tabs-layout-section","25":"has-no-thumbnails"},"publishpress_future_action":{"enabled":false,"date":"2026-05-08 13:05:36","action":"change-status","newStatus":"draft","terms":[],"taxonomy":"product_cat","extraData":[]},"publishpress_future_workflow_manual_trigger":{"enabledWorkflows":[]},"_links":{"self":[{"href":"https:\/\/www.orto-bar.com\/en\/wp-json\/wp\/v2\/product\/26069","targetHints":{"allow":["GET"]}}],"collection":[{"href":"https:\/\/www.orto-bar.com\/en\/wp-json\/wp\/v2\/product"}],"about":[{"href":"https:\/\/www.orto-bar.com\/en\/wp-json\/wp\/v2\/types\/product"}],"author":[{"embeddable":true,"href":"https:\/\/www.orto-bar.com\/en\/wp-json\/wp\/v2\/users\/11"}],"version-history":[{"count":0,"href":"https:\/\/www.orto-bar.com\/en\/wp-json\/wp\/v2\/product\/26069\/revisions"}],"wp:featuredmedia":[{"embeddable":true,"href":"https:\/\/www.orto-bar.com\/en\/wp-json\/wp\/v2\/media\/26070"}],"wp:attachment":[{"href":"https:\/\/www.orto-bar.com\/en\/wp-json\/wp\/v2\/media?parent=26069"}],"wp:term":[{"taxonomy":"product_brand","embeddable":true,"href":"https:\/\/www.orto-bar.com\/en\/wp-json\/wp\/v2\/product_brand?post=26069"},{"taxonomy":"product_cat","embeddable":true,"href":"https:\/\/www.orto-bar.com\/en\/wp-json\/wp\/v2\/product_cat?post=26069"},{"taxonomy":"product_tag","embeddable":true,"href":"https:\/\/www.orto-bar.com\/en\/wp-json\/wp\/v2\/product_tag?post=26069"}],"curies":[{"name":"wp","href":"https:\/\/api.w.org\/{rel}","templated":true}]}}