{"id":26082,"date":"2023-01-11T16:35:40","date_gmt":"2023-01-11T16:35:40","guid":{"rendered":"https:\/\/www.orto-bar.com\/?post_type=product&#038;p=26082"},"modified":"2023-03-31T19:55:48","modified_gmt":"2023-03-31T18:55:48","slug":"dan-d","status":"publish","type":"product","link":"https:\/\/www.orto-bar.com\/en\/dogodki\/arhiv\/dan-d\/","title":{"rendered":"Orto Fest 2023 &#8211; Dan D"},"content":{"rendered":"<p>Dan D<\/p>\n<p>&nbsp;<\/p>\n<p>Kljub statusu ene najpopularnej\u0161ih slovenskih rock skupin, Dan D ne pristaja na preizku\u0161ene vzorce in cone udobja, svoje poslu\u0161alce z vsakim albumom in vsakim nastopom izzivajo z druga\u010dnimi pristopi in raziskovanjem novih glasbenih prostranstev. V svoji karieri so nanizali vrsto hitov, kot so \u010cas, Voda, Ple\u0161e\u0161, Po\u010dasi in podobni, s Simfoni\u010dnim orkestrom RTVSlo so leta 2009 napolnili Kri\u017eanke, z akusti\u010dnim projektom Tiho osvojili slovenske gradove in se podali na popolnoma novo pot z dvojnim albumom DNA D, ki so ga mnogi glasbeni kritiki proglasili za album leta 2015. V letih 2017 in 2018 so v svojem placu za vaje izvedli uspe\u0161no anti-turnejo, ki jo je obiskalo ve\u010d kot 2000 poslu\u0161alcev. Rezultat teh sre\u010danj je z Zlato pi\u0161\u010daljo nagrajen album Knjiga pohval in prito\u017eb, ki je iz\u0161el marca 2019.<\/p>\n<p>&nbsp;<\/p>\n<p>Dan D so:<\/p>\n<p>&nbsp;<\/p>\n<ul>\n<li>Tomislav Jovanovi\u0107 \u2013 Tokac \u2013 vokal<\/li>\n<li>Marko Turk \u2013 kitara<\/li>\n<li>Bo\u0161tjan Grubar \u2013 klaviature<\/li>\n<li>Nikola Sekulovi\u0107 \u2013 bas kitara<\/li>\n<li>Du\u0161an Obradinovi\u010d \u2013 Obra \u2013 bobni<\/li>\n<\/ul>\n<p>&nbsp;<\/p>\n<p>Diskografija:<\/p>\n<p>&nbsp;<\/p>\n<ul>\n<li>Igra (1997)<\/li>\n<li>Ko hodi\u0161 nad oblaki (1999)<\/li>\n<li>Katere barve je tvoj dan? (2004)<\/li>\n<li>Ure letenja za ekstravagantne ptice (2009)<\/li>\n<li>Dan 202 CD\/DVD (2009)<\/li>\n<li>Tiho (2013)<\/li>\n<li>DNA D (2015)<\/li>\n<li>Knjiga pohval in prito\u017eb (2019)<\/li>\n<\/ul>\n<p>&nbsp;<\/p>","protected":false},"excerpt":{"rendered":"<p>Dan D &nbsp; Kljub statusu ene najpopularnej\u0161ih slovenskih rock skupin, Dan D ne pristaja na preizku\u0161ene vzorce in cone udobja, svoje poslu\u0161alce z vsakim albumom in vsakim nastopom izzivajo z druga\u010dnimi pristopi in raziskovanjem novih glasbenih prostranstev. V svoji karieri so nanizali vrsto hitov, kot so \u010cas, Voda, Ple\u0161e\u0161, Po\u010dasi in podobni, s Simfoni\u010dnim orkestrom [&hellip;]<\/p>","protected":false},"author":11,"featured_media":26083,"template":"","meta":{"_seopress_robots_primary_cat":"none","_seopress_titles_title":"","_seopress_titles_desc":"","_seopress_robots_index":""},"product_brand":[],"product_cat":[230],"product_tag":[222],"class_list":{"0":"post-26082","1":"product","2":"type-product","3":"status-publish","4":"has-post-thumbnail","6":"product_cat-arhiv","7":"product_tag-predprodaja","9":"entry","10":"has-media","12":"first","13":"outofstock","14":"virtual","15":"taxable","16":"product-type-simple","17":"has-product-nav","18":"col","19":"span_1_of_4","20":"owp-content-center","21":"item-entry","22":"owp-thumbs-layout-horizontal","23":"owp-btn-normal","24":"owp-tabs-layout-section","25":"has-no-thumbnails"},"publishpress_future_action":{"enabled":false,"date":"2026-05-03 10:20:44","action":"change-status","newStatus":"draft","terms":[],"taxonomy":"product_cat","extraData":[]},"publishpress_future_workflow_manual_trigger":{"enabledWorkflows":[]},"_links":{"self":[{"href":"https:\/\/www.orto-bar.com\/en\/wp-json\/wp\/v2\/product\/26082","targetHints":{"allow":["GET"]}}],"collection":[{"href":"https:\/\/www.orto-bar.com\/en\/wp-json\/wp\/v2\/product"}],"about":[{"href":"https:\/\/www.orto-bar.com\/en\/wp-json\/wp\/v2\/types\/product"}],"author":[{"embeddable":true,"href":"https:\/\/www.orto-bar.com\/en\/wp-json\/wp\/v2\/users\/11"}],"version-history":[{"count":0,"href":"https:\/\/www.orto-bar.com\/en\/wp-json\/wp\/v2\/product\/26082\/revisions"}],"wp:featuredmedia":[{"embeddable":true,"href":"https:\/\/www.orto-bar.com\/en\/wp-json\/wp\/v2\/media\/26083"}],"wp:attachment":[{"href":"https:\/\/www.orto-bar.com\/en\/wp-json\/wp\/v2\/media?parent=26082"}],"wp:term":[{"taxonomy":"product_brand","embeddable":true,"href":"https:\/\/www.orto-bar.com\/en\/wp-json\/wp\/v2\/product_brand?post=26082"},{"taxonomy":"product_cat","embeddable":true,"href":"https:\/\/www.orto-bar.com\/en\/wp-json\/wp\/v2\/product_cat?post=26082"},{"taxonomy":"product_tag","embeddable":true,"href":"https:\/\/www.orto-bar.com\/en\/wp-json\/wp\/v2\/product_tag?post=26082"}],"curies":[{"name":"wp","href":"https:\/\/api.w.org\/{rel}","templated":true}]}}