{"id":26098,"date":"2023-01-11T18:22:40","date_gmt":"2023-01-11T18:22:40","guid":{"rendered":"https:\/\/www.orto-bar.com\/?post_type=product&#038;p=26098"},"modified":"2023-04-27T16:08:11","modified_gmt":"2023-04-27T15:08:11","slug":"orto-fest-2023-metropolis","status":"publish","type":"product","link":"https:\/\/www.orto-bar.com\/en\/dogodki\/arhiv\/orto-fest-2023-metropolis\/","title":{"rendered":"Orto Fest 2023 -Metropolis"},"content":{"rendered":"<p>Metropolis, mojstri zvo\u010dnega zidu ala Motorhead, predstavljajo komade iz novega avtorskega albuma.<\/p>\n<p>Za vse, ki ste oktobra v Ortu zamudili uradni izid, bodo izvedli svoj klasi\u010dni program in seveda tudi odli\u010dne novitete.<\/p>\n<p>Skupaj z gosti presene\u010denja vam bodo popestrili dan OF, na voljo pa bodo tudi majice in CD-ji.<\/p>\n<p>Ve\u010d o bendu\u00a0<a href=\"https:\/\/metropolis.band\/\">tukaj<\/a>, kako zvenijo v \u017eivo pa\u00a0<a href=\"https:\/\/www.youtube.com\/@MetropolisRocknrollBand\/playlists\">tukaj<\/a>.<\/p>\n<p>&nbsp;<\/p>\n<p>W: <a href=\"https:\/\/metropolis.band\">https:\/\/metropolis.band<\/a><\/p>\n<p>FB: <a href=\"https:\/\/www.facebook.com\/MetropolisRocknrollBand\">https:\/\/www.facebook.com\/MetropolisRocknrollBand<\/a><\/p>\n<p>YT: <a href=\"https:\/\/www.youtube.com\/@MetropolisRocknrollBand\">https:\/\/www.youtube.com\/@MetropolisRocknrollBand<\/a><\/p>\n<p>IG: <a href=\"https:\/\/www.instagram.com\/officialmetropolis_bandpage\/\">https:\/\/www.instagram.com\/officialmetropolis_bandpage\/<\/a><\/p>","protected":false},"excerpt":{"rendered":"<p>Metropolis, mojstri zvo\u010dnega zidu ala Motorhead, predstavljajo komade iz novega avtorskega albuma. Za vse, ki ste oktobra v Ortu zamudili uradni izid, bodo izvedli svoj klasi\u010dni program in seveda tudi odli\u010dne novitete. Skupaj z gosti presene\u010denja vam bodo popestrili dan OF, na voljo pa bodo tudi majice in CD-ji. Ve\u010d o bendu\u00a0tukaj, kako zvenijo v [&hellip;]<\/p>","protected":false},"author":11,"featured_media":26099,"template":"","meta":{"_seopress_robots_primary_cat":"none","_seopress_titles_title":"","_seopress_titles_desc":"","_seopress_robots_index":""},"product_brand":[],"product_cat":[230],"product_tag":[222],"class_list":{"0":"post-26098","1":"product","2":"type-product","3":"status-publish","4":"has-post-thumbnail","6":"product_cat-arhiv","7":"product_tag-predprodaja","9":"entry","10":"has-media","12":"first","13":"instock","14":"virtual","15":"taxable","16":"product-type-simple","17":"has-product-nav","18":"col","19":"span_1_of_4","20":"owp-content-center","21":"item-entry","22":"owp-thumbs-layout-horizontal","23":"owp-btn-normal","24":"owp-tabs-layout-section","25":"has-no-thumbnails"},"publishpress_future_action":{"enabled":false,"date":"2026-05-05 19:04:24","action":"change-status","newStatus":"draft","terms":[],"taxonomy":"product_cat","extraData":[]},"publishpress_future_workflow_manual_trigger":{"enabledWorkflows":[]},"_links":{"self":[{"href":"https:\/\/www.orto-bar.com\/en\/wp-json\/wp\/v2\/product\/26098","targetHints":{"allow":["GET"]}}],"collection":[{"href":"https:\/\/www.orto-bar.com\/en\/wp-json\/wp\/v2\/product"}],"about":[{"href":"https:\/\/www.orto-bar.com\/en\/wp-json\/wp\/v2\/types\/product"}],"author":[{"embeddable":true,"href":"https:\/\/www.orto-bar.com\/en\/wp-json\/wp\/v2\/users\/11"}],"version-history":[{"count":0,"href":"https:\/\/www.orto-bar.com\/en\/wp-json\/wp\/v2\/product\/26098\/revisions"}],"wp:featuredmedia":[{"embeddable":true,"href":"https:\/\/www.orto-bar.com\/en\/wp-json\/wp\/v2\/media\/26099"}],"wp:attachment":[{"href":"https:\/\/www.orto-bar.com\/en\/wp-json\/wp\/v2\/media?parent=26098"}],"wp:term":[{"taxonomy":"product_brand","embeddable":true,"href":"https:\/\/www.orto-bar.com\/en\/wp-json\/wp\/v2\/product_brand?post=26098"},{"taxonomy":"product_cat","embeddable":true,"href":"https:\/\/www.orto-bar.com\/en\/wp-json\/wp\/v2\/product_cat?post=26098"},{"taxonomy":"product_tag","embeddable":true,"href":"https:\/\/www.orto-bar.com\/en\/wp-json\/wp\/v2\/product_tag?post=26098"}],"curies":[{"name":"wp","href":"https:\/\/api.w.org\/{rel}","templated":true}]}}