{"id":26121,"date":"2023-01-11T20:06:51","date_gmt":"2023-01-11T20:06:51","guid":{"rendered":"https:\/\/www.orto-bar.com\/?post_type=product&#038;p=26121"},"modified":"2023-03-07T21:17:05","modified_gmt":"2023-03-07T20:17:05","slug":"orto-fest-2023-big-foot-mama-2","status":"publish","type":"product","link":"https:\/\/www.orto-bar.com\/en\/dogodki\/arhiv\/orto-fest-2023-big-foot-mama-2\/","title":{"rendered":"Orto Fest 2023 &#8211; Big Foot Mama"},"content":{"rendered":"<p class=\"Navaden\"><b><span lang=\"SL\">BIG FOOT MAMA:<\/span><\/b><\/p>\n<p class=\"Navaden\"><span lang=\"SL\">Po ve\u010d kot 30-ih letih delovanja, osmih studijskih albumih in razprodanih najve\u010djih koncertnih prizori\u0161\u010dih v Sloveniji so Big Foot Mama \u0161e vedno zvesti samim sebi. S surovim rokerskim zvokom, iskrenimi besedili in pristnim odnosom do muzke \u0161e naprej izra\u017eajo to, kar do\u017eivljajo. \u017divljenje kot ga pi\u0161e rock\u2019n\u2019roll. <\/span><\/p>\n<p class=\"Navaden\"><span lang=\"SL\">BIG FOOT MAMA SO:<\/span><\/p>\n<p class=\"Navaden\"><span lang=\"SL\">Alen Ster\u017eaj \u2014 bas kitara<\/span><\/p>\n<p class=\"Navaden\"><span lang=\"SL\">Zoran \u010cali\u0107 \u2014 kitara<\/span><\/p>\n<p class=\"Navaden\"><span lang=\"SL\">Grega Sko\u010dir \u2014 vokal<\/span><\/p>\n<p class=\"Navaden\"><span lang=\"SL\">Jo\u017ee Habula \u2014 bobni<\/span><\/p>\n<p class=\"Navaden\"><span lang=\"SL\">Daniel Gregori\u010d \u2014 kitara<\/span><\/p>\n<p class=\"Navaden\"><span lang=\"SL\">\u00a0<\/span><\/p>\n<p class=\"Navaden\"><b><span lang=\"SL\">Dru\u017ebena omre\u017eja:<\/span><\/b><\/p>\n<p class=\"Navaden\"><span lang=\"SL\">Facebook: https:\/\/www.facebook.com\/bigfootmamaofficial<\/span><\/p>\n<p class=\"Navaden\"><span lang=\"SL\">Instagram: https:\/\/instagram.com\/bigfootmamaofficial?igshid=YmMyMTA2M2Y=<\/span><\/p>","protected":false},"excerpt":{"rendered":"<p>BIG FOOT MAMA: Po ve\u010d kot 30-ih letih delovanja, osmih studijskih albumih in razprodanih najve\u010djih koncertnih prizori\u0161\u010dih v Sloveniji so Big Foot Mama \u0161e vedno zvesti samim sebi. S surovim rokerskim zvokom, iskrenimi besedili in pristnim odnosom do muzke \u0161e naprej izra\u017eajo to, kar do\u017eivljajo. \u017divljenje kot ga pi\u0161e rock\u2019n\u2019roll. BIG FOOT MAMA SO: Alen [&hellip;]<\/p>","protected":false},"author":11,"featured_media":26112,"template":"","meta":{"_seopress_robots_primary_cat":"none","_seopress_titles_title":"","_seopress_titles_desc":"","_seopress_robots_index":""},"product_brand":[],"product_cat":[230],"product_tag":[222],"class_list":{"0":"post-26121","1":"product","2":"type-product","3":"status-publish","4":"has-post-thumbnail","6":"product_cat-arhiv","7":"product_tag-predprodaja","9":"entry","10":"has-media","12":"first","13":"outofstock","14":"virtual","15":"taxable","16":"product-type-simple","17":"has-product-nav","18":"col","19":"span_1_of_4","20":"owp-content-center","21":"item-entry","22":"owp-thumbs-layout-horizontal","23":"owp-btn-normal","24":"owp-tabs-layout-section","25":"has-no-thumbnails"},"publishpress_future_action":{"enabled":false,"date":"2026-05-08 17:26:06","action":"change-status","newStatus":"draft","terms":[],"taxonomy":"product_cat","extraData":[]},"publishpress_future_workflow_manual_trigger":{"enabledWorkflows":[]},"_links":{"self":[{"href":"https:\/\/www.orto-bar.com\/en\/wp-json\/wp\/v2\/product\/26121","targetHints":{"allow":["GET"]}}],"collection":[{"href":"https:\/\/www.orto-bar.com\/en\/wp-json\/wp\/v2\/product"}],"about":[{"href":"https:\/\/www.orto-bar.com\/en\/wp-json\/wp\/v2\/types\/product"}],"author":[{"embeddable":true,"href":"https:\/\/www.orto-bar.com\/en\/wp-json\/wp\/v2\/users\/11"}],"version-history":[{"count":0,"href":"https:\/\/www.orto-bar.com\/en\/wp-json\/wp\/v2\/product\/26121\/revisions"}],"wp:featuredmedia":[{"embeddable":true,"href":"https:\/\/www.orto-bar.com\/en\/wp-json\/wp\/v2\/media\/26112"}],"wp:attachment":[{"href":"https:\/\/www.orto-bar.com\/en\/wp-json\/wp\/v2\/media?parent=26121"}],"wp:term":[{"taxonomy":"product_brand","embeddable":true,"href":"https:\/\/www.orto-bar.com\/en\/wp-json\/wp\/v2\/product_brand?post=26121"},{"taxonomy":"product_cat","embeddable":true,"href":"https:\/\/www.orto-bar.com\/en\/wp-json\/wp\/v2\/product_cat?post=26121"},{"taxonomy":"product_tag","embeddable":true,"href":"https:\/\/www.orto-bar.com\/en\/wp-json\/wp\/v2\/product_tag?post=26121"}],"curies":[{"name":"wp","href":"https:\/\/api.w.org\/{rel}","templated":true}]}}