{"id":26223,"date":"2023-01-12T16:09:42","date_gmt":"2023-01-12T16:09:42","guid":{"rendered":"https:\/\/www.orto-bar.com\/?post_type=product&#038;p=26223"},"modified":"2023-04-29T18:23:43","modified_gmt":"2023-04-29T17:23:43","slug":"orto-fest-2023-regen-plateau","status":"publish","type":"product","link":"https:\/\/www.orto-bar.com\/en\/dogodki\/arhiv\/orto-fest-2023-regen-plateau\/","title":{"rendered":"Orto Fest 2023 &#8211; Regen,Plateau"},"content":{"rendered":"<p>REGEN<\/p>\n<p>&nbsp;<\/p>\n<p>&nbsp;<\/p>\n<p>Glasba, ki bi jo poslu\u0161ali ob sprehodu po mestnih cestah ob poznih ve\u010dernih urah. Regen, projekt, ki izvira iz dnevne sobe kantavtorice Gaje Ku\u0161\u010der, je razvil navzkri\u017eno \u017eanrsko identiteto, ki prepleta melanholi\u010dne in zasanjane melodije ter \u017eivahne in plesne retro in\u0161trumentalne ritme v stilu 80-ih. Od leta 2019 po imenu Regen prepoznamo mlado ljubljansko peterico, ki je s svojim prvim singlom Wine, katerega posnetek je bil osnovan v Gajini sobi, pritegnila tako radie in glasbene kritike kot \u0161tevilne poslu\u0161alce. Regen ustvarjajo mednarodno glasbo, ki se ji velja prepustiti ob zasanjanih ve\u010derih ali polno\u010dni vo\u017eniji po prazni avtocesti.<\/p>\n<p>&nbsp;<\/p>\n<p>PLATEAU<\/p>\n<p>&nbsp;<\/p>\n<p>Iz prelepega srednjeve\u0161kega mesta pod Gorjanci prihaja \u010detverica navdu\u0161enih in navdihnjenih mladeni\u010dev z elegantnimi melodijami, hrepene\u010dimi besedili in natan\u010dnim ob\u010dutkom za zavijanje obojega v barvito indie pop rock soni\u010dno preobleko. Harmonije, ki spomninjajo na British Invasion se zdru\u017eijo z idejami strukture moderne pop pesmi. Rezultat je energi\u010den opus \u017eanrsko te\u017eko opredeljivih pesmi, ki na koncertih s pomo\u010djo publike o\u017eivijo.<\/p>\n<p>&nbsp;<\/p>","protected":false},"excerpt":{"rendered":"<p>REGEN &nbsp; &nbsp; Glasba, ki bi jo poslu\u0161ali ob sprehodu po mestnih cestah ob poznih ve\u010dernih urah. Regen, projekt, ki izvira iz dnevne sobe kantavtorice Gaje Ku\u0161\u010der, je razvil navzkri\u017eno \u017eanrsko identiteto, ki prepleta melanholi\u010dne in zasanjane melodije ter \u017eivahne in plesne retro in\u0161trumentalne ritme v stilu 80-ih. Od leta 2019 po imenu Regen prepoznamo [&hellip;]<\/p>","protected":false},"author":11,"featured_media":26224,"template":"","meta":{"_seopress_robots_primary_cat":"none","_seopress_titles_title":"","_seopress_titles_desc":"","_seopress_robots_index":""},"product_brand":[],"product_cat":[230],"product_tag":[222],"class_list":{"0":"post-26223","1":"product","2":"type-product","3":"status-publish","4":"has-post-thumbnail","6":"product_cat-arhiv","7":"product_tag-predprodaja","9":"entry","10":"has-media","12":"first","13":"instock","14":"virtual","15":"taxable","16":"product-type-simple","17":"has-product-nav","18":"col","19":"span_1_of_4","20":"owp-content-center","21":"item-entry","22":"owp-thumbs-layout-horizontal","23":"owp-btn-normal","24":"owp-tabs-layout-section"},"publishpress_future_action":{"enabled":false,"date":"2026-05-08 21:31:24","action":"change-status","newStatus":"draft","terms":[],"taxonomy":"product_cat","extraData":[]},"publishpress_future_workflow_manual_trigger":{"enabledWorkflows":[]},"_links":{"self":[{"href":"https:\/\/www.orto-bar.com\/en\/wp-json\/wp\/v2\/product\/26223","targetHints":{"allow":["GET"]}}],"collection":[{"href":"https:\/\/www.orto-bar.com\/en\/wp-json\/wp\/v2\/product"}],"about":[{"href":"https:\/\/www.orto-bar.com\/en\/wp-json\/wp\/v2\/types\/product"}],"author":[{"embeddable":true,"href":"https:\/\/www.orto-bar.com\/en\/wp-json\/wp\/v2\/users\/11"}],"version-history":[{"count":0,"href":"https:\/\/www.orto-bar.com\/en\/wp-json\/wp\/v2\/product\/26223\/revisions"}],"wp:featuredmedia":[{"embeddable":true,"href":"https:\/\/www.orto-bar.com\/en\/wp-json\/wp\/v2\/media\/26224"}],"wp:attachment":[{"href":"https:\/\/www.orto-bar.com\/en\/wp-json\/wp\/v2\/media?parent=26223"}],"wp:term":[{"taxonomy":"product_brand","embeddable":true,"href":"https:\/\/www.orto-bar.com\/en\/wp-json\/wp\/v2\/product_brand?post=26223"},{"taxonomy":"product_cat","embeddable":true,"href":"https:\/\/www.orto-bar.com\/en\/wp-json\/wp\/v2\/product_cat?post=26223"},{"taxonomy":"product_tag","embeddable":true,"href":"https:\/\/www.orto-bar.com\/en\/wp-json\/wp\/v2\/product_tag?post=26223"}],"curies":[{"name":"wp","href":"https:\/\/api.w.org\/{rel}","templated":true}]}}