{"id":26234,"date":"2023-01-12T16:27:42","date_gmt":"2023-01-12T16:27:42","guid":{"rendered":"https:\/\/www.orto-bar.com\/?post_type=product&#038;p=26234"},"modified":"2023-02-16T12:28:35","modified_gmt":"2023-02-16T12:28:35","slug":"orto-fest-2023-metalsteel","status":"publish","type":"product","link":"https:\/\/www.orto-bar.com\/en\/dogodki\/arhiv\/orto-fest-2023-metalsteel\/","title":{"rendered":"Orto Fest 2023 &#8211; Metalsteel"},"content":{"rendered":"<div class=\"x11i5rnm xat24cr x1mh8g0r x1vvkbs xdj266r\">METALSTEEL z gosti: \u201cSpomenik\u201d Release Show + Life on Display<\/div>\n<div class=\"x11i5rnm xat24cr x1mh8g0r x1vvkbs xtlvy1s\">Predprodaja vstopnic: Preko Mojekate.si (Petrol, OMV, Trafika in preko povezave spodaj), kmalu tudi preko On Parole Productions.<br \/>\n<a class=\"x1i10hfl xjbqb8w x6umtig x1b1mbwd xaqea5y xav7gou x9f619 x1ypdohk xt0psk2 xe8uvvx xdj266r x11i5rnm xat24cr x1mh8g0r xexx8yu x4uap5 x18d9i69 xkhd6sd x16tdsg8 x1hl2dhg xggy1nq x1a2a7pz xt0b8zv x1fey0fg\" tabindex=\"0\" role=\"link\" href=\"https:\/\/www.mojekarte.si\/si\/metalsteel\/vstopnice-1163207.html?fbclid=IwAR3CQDeh15sYqPKrseDL_PJ_s5tQmwE_Ids3oSVmlRSpjTE8EQuyNnmzcE8\" target=\"_blank\" rel=\"nofollow noopener\">https:\/\/www.mojekarte.si\/&#8230;\/metal&#8230;\/vstopnice-1163207.html<\/a><\/div>\n<div class=\"x11i5rnm xat24cr x1mh8g0r x1vvkbs xtlvy1s\">Metalsteel spadajo med vodilne slovenske heavy metal skupine. V 22-letni zgodovini aktivnega delovanja so izdali 7 studijskih albumov in dvojni koncertni album. Tokrat v Ortu predstavljajo 8. studijski album \u201cSpomenik\u201d, ki v aprilu 2023 izide pri zalo\u017ebi Nika Records. Gre za poseben projekt, kjer so Metalsteel predelali skladbe slovenskih hard n` heavy skupin iz 80ih in 90ih. S tem albumom se \u017eelijo pokloniti slovenskim skupinam, ki so jih poslu\u0161ali kot osnovno\u0161olci in so imele vpliv na njihovo ustvarjanje. Projekt \u201cSpomenik\u201d je medgeneracijska zgodba, saj na albumu sodelujejo \u0161tevilni gosti \u2013 glasbeniki razli\u010dnih generacij, od originalnih \u010dlanov takratnih zasedb, do mlaj\u0161ih glasbenikov, ki imajo modernej\u0161i pristop do dela. Metalsteel na\u010drtujejo, da se jim bodo \u0161tevilna eminentna imena iz slovenske hard n` heavy scene, ki so sodelovala na albumu, pridru\u017eila tudi na odru Orto bara. Kot predskupina bodo nastopili Life on Display. Se vidimo na Orto Festu 28. aprila 2023. Heavy Metal is our religion!<\/div>\n<div class=\"x11i5rnm xat24cr x1mh8g0r x1vvkbs xtlvy1s\">METALSTEEL<br \/>\n<a class=\"x1i10hfl xjbqb8w x6umtig x1b1mbwd xaqea5y xav7gou x9f619 x1ypdohk xt0psk2 xe8uvvx xdj266r x11i5rnm xat24cr x1mh8g0r xexx8yu x4uap5 x18d9i69 xkhd6sd x16tdsg8 x1hl2dhg xggy1nq x1a2a7pz xt0b8zv xzsf02u x1s688f\" tabindex=\"0\" role=\"link\" href=\"https:\/\/www.facebook.com\/metalsteel?__cft__[0]=AZXQGCaRBakGf6oMY3a5Tbdp38KJowdAFP-uIAFc3utcENarqnwVjS9Mu47gLzC3S7L2PwwcP6b6Grn8JH4gfRg64dYPi2zSUFaTHgcCngXJxlUx8buFUxrPkE-yUyCxah8&amp;__tn__=q\"><span class=\"xt0psk2\">https:\/\/www.facebook.com\/metalsteel<\/span><\/a><br \/>\n<a class=\"x1i10hfl xjbqb8w x6umtig x1b1mbwd xaqea5y xav7gou x9f619 x1ypdohk xt0psk2 xe8uvvx xdj266r x11i5rnm xat24cr x1mh8g0r xexx8yu x4uap5 x18d9i69 xkhd6sd x16tdsg8 x1hl2dhg xggy1nq x1a2a7pz xt0b8zv x1fey0fg\" tabindex=\"0\" role=\"link\" href=\"https:\/\/www.youtube.com\/watch?v=ufmWJ47x2pA&amp;fbclid=IwAR2g7mhFD9JFGH-cpmt7tXVLnGMuxU1ICK1obxcqcLwbW8tYbaNbaJSrzSQ\" target=\"_blank\" rel=\"nofollow noopener\">https:\/\/www.youtube.com\/watch?v=ufmWJ47x2pA<\/a><br \/>\n<a class=\"x1i10hfl xjbqb8w x6umtig x1b1mbwd xaqea5y xav7gou x9f619 x1ypdohk xt0psk2 xe8uvvx xdj266r x11i5rnm xat24cr x1mh8g0r xexx8yu x4uap5 x18d9i69 xkhd6sd x16tdsg8 x1hl2dhg xggy1nq x1a2a7pz xt0b8zv x1fey0fg\" tabindex=\"0\" role=\"link\" href=\"https:\/\/l.facebook.com\/l.php?u=https%3A%2F%2Fwww.youtube.com%2Fwatch%3Fv%3D2-tm6DwQmFE%26fbclid%3DIwAR0XolCykPiDbTTpJP19XfjAvkVp-z2HGibZgqsLLJyjzGoChDvr8NvTGHo&amp;h=AT0w3fjovlTJedFmWe3xPk_zENtygD-x_tjqtTzjcy0Cee9D98IwlXlFA4SDYre2MarIHCKpmaSuSb87ZhumqQt8-Lr2FCgVk1l61eLJQ0qBF5hszX24sP4dRq_BqCEecg&amp;__tn__=q&amp;c[0]=AT0c-HtAGDlJMe-V5BSZSofmh8qQ1A-qQLkWd3c9cFlsdghX5dbMANqHq68VWE9R2v2r0YpWYKIu0lsB2yP-fvRPXmH3WYNLwooetv7fK6rIHVDY0gL5mkbM-jnbLmVuz46GKbbPijW3c1ZSqKBOQwekZM6T\" target=\"_blank\" rel=\"nofollow noopener\">https:\/\/www.youtube.com\/watch?v=2-tm6DwQmFE<\/a><\/div>\n<div class=\"x11i5rnm xat24cr x1mh8g0r x1vvkbs xtlvy1s\">LIFE ON DISPLAY<br \/>\n<a class=\"x1i10hfl xjbqb8w x6umtig x1b1mbwd xaqea5y xav7gou x9f619 x1ypdohk xt0psk2 xe8uvvx xdj266r x11i5rnm xat24cr x1mh8g0r xexx8yu x4uap5 x18d9i69 xkhd6sd x16tdsg8 x1hl2dhg xggy1nq x1a2a7pz xt0b8zv xzsf02u x1s688f\" tabindex=\"0\" role=\"link\" href=\"https:\/\/www.facebook.com\/profile.php?id=100036468947124&amp;__cft__[0]=AZXQGCaRBakGf6oMY3a5Tbdp38KJowdAFP-uIAFc3utcENarqnwVjS9Mu47gLzC3S7L2PwwcP6b6Grn8JH4gfRg64dYPi2zSUFaTHgcCngXJxlUx8buFUxrPkE-yUyCxah8&amp;__tn__=q\">https:\/\/www.facebook.com\/profile.php?id=100036468947124<\/a><br \/>\n<a class=\"x1i10hfl xjbqb8w x6umtig x1b1mbwd xaqea5y xav7gou x9f619 x1ypdohk xt0psk2 xe8uvvx xdj266r x11i5rnm xat24cr x1mh8g0r xexx8yu x4uap5 x18d9i69 xkhd6sd x16tdsg8 x1hl2dhg xggy1nq x1a2a7pz xt0b8zv x1fey0fg\" tabindex=\"0\" role=\"link\" href=\"https:\/\/l.facebook.com\/l.php?u=https%3A%2F%2Fwww.youtube.com%2Fwatch%3Fv%3D7tqhGw_JAxE%26fbclid%3DIwAR3y01N17Y6owjnSUOCGXCedPT6m7j1XbHCkv4xtIQe9iQcytaNzSPW5L4Y&amp;h=AT2vFBu4_6jnv0sY3j3xRv_ewCj-wJF30GV0V0-Ykxh9t3TCEx4wYUXUlM3BhAvjpvXU6B5o4yvjVaNzdDnrPGRpyII4339Fs0hWo-wVdFgsRvodb_X1L5wnfZHy_3GWNg&amp;__tn__=q&amp;c[0]=AT0c-HtAGDlJMe-V5BSZSofmh8qQ1A-qQLkWd3c9cFlsdghX5dbMANqHq68VWE9R2v2r0YpWYKIu0lsB2yP-fvRPXmH3WYNLwooetv7fK6rIHVDY0gL5mkbM-jnbLmVuz46GKbbPijW3c1ZSqKBOQwekZM6T\" target=\"_blank\" rel=\"nofollow noopener\">https:\/\/www.youtube.com\/watch?v=7tqhGw_JAxE<\/a><br \/>\n<a class=\"x1i10hfl xjbqb8w x6umtig x1b1mbwd xaqea5y xav7gou x9f619 x1ypdohk xt0psk2 xe8uvvx xdj266r x11i5rnm xat24cr x1mh8g0r xexx8yu x4uap5 x18d9i69 xkhd6sd x16tdsg8 x1hl2dhg xggy1nq x1a2a7pz xt0b8zv x1fey0fg\" tabindex=\"0\" role=\"link\" href=\"https:\/\/www.youtube.com\/watch?v=2pVKNsDxqTU&amp;fbclid=IwAR2Vf2HtgX11Jq6YWdyB1awJBRzzR6tE2zWfAGH8HWZrE7_ZSau-T1W8klc\" target=\"_blank\" rel=\"nofollow noopener\">https:\/\/www.youtube.com\/watch?v=2pVKNsDxqTU<\/a><\/div>","protected":false},"excerpt":{"rendered":"<p>METALSTEEL z gosti: \u201cSpomenik\u201d Release Show + Life on Display Predprodaja vstopnic: Preko Mojekate.si (Petrol, OMV, Trafika in preko povezave spodaj), kmalu tudi preko On Parole Productions. https:\/\/www.mojekarte.si\/&#8230;\/metal&#8230;\/vstopnice-1163207.html Metalsteel spadajo med vodilne slovenske heavy metal skupine. V 22-letni zgodovini aktivnega delovanja so izdali 7 studijskih albumov in dvojni koncertni album. Tokrat v Ortu predstavljajo 8. [&hellip;]<\/p>","protected":false},"author":11,"featured_media":31860,"template":"","meta":{"_seopress_robots_primary_cat":"none","_seopress_titles_title":"","_seopress_titles_desc":"","_seopress_robots_index":""},"product_brand":[],"product_cat":[230],"product_tag":[222],"class_list":{"0":"post-26234","1":"product","2":"type-product","3":"status-publish","4":"has-post-thumbnail","6":"product_cat-arhiv","7":"product_tag-predprodaja","9":"entry","10":"has-media","12":"first","13":"instock","14":"virtual","15":"taxable","16":"product-type-simple","17":"has-product-nav","18":"col","19":"span_1_of_4","20":"owp-content-center","21":"item-entry","22":"owp-thumbs-layout-horizontal","23":"owp-btn-normal","24":"owp-tabs-layout-section","25":"has-no-thumbnails"},"publishpress_future_action":{"enabled":false,"date":"2026-05-08 20:05:28","action":"change-status","newStatus":"draft","terms":[],"taxonomy":"product_cat","extraData":[]},"publishpress_future_workflow_manual_trigger":{"enabledWorkflows":[]},"_links":{"self":[{"href":"https:\/\/www.orto-bar.com\/en\/wp-json\/wp\/v2\/product\/26234","targetHints":{"allow":["GET"]}}],"collection":[{"href":"https:\/\/www.orto-bar.com\/en\/wp-json\/wp\/v2\/product"}],"about":[{"href":"https:\/\/www.orto-bar.com\/en\/wp-json\/wp\/v2\/types\/product"}],"author":[{"embeddable":true,"href":"https:\/\/www.orto-bar.com\/en\/wp-json\/wp\/v2\/users\/11"}],"version-history":[{"count":0,"href":"https:\/\/www.orto-bar.com\/en\/wp-json\/wp\/v2\/product\/26234\/revisions"}],"wp:featuredmedia":[{"embeddable":true,"href":"https:\/\/www.orto-bar.com\/en\/wp-json\/wp\/v2\/media\/31860"}],"wp:attachment":[{"href":"https:\/\/www.orto-bar.com\/en\/wp-json\/wp\/v2\/media?parent=26234"}],"wp:term":[{"taxonomy":"product_brand","embeddable":true,"href":"https:\/\/www.orto-bar.com\/en\/wp-json\/wp\/v2\/product_brand?post=26234"},{"taxonomy":"product_cat","embeddable":true,"href":"https:\/\/www.orto-bar.com\/en\/wp-json\/wp\/v2\/product_cat?post=26234"},{"taxonomy":"product_tag","embeddable":true,"href":"https:\/\/www.orto-bar.com\/en\/wp-json\/wp\/v2\/product_tag?post=26234"}],"curies":[{"name":"wp","href":"https:\/\/api.w.org\/{rel}","templated":true}]}}