{"id":26237,"date":"2023-01-12T16:33:36","date_gmt":"2023-01-12T16:33:36","guid":{"rendered":"https:\/\/www.orto-bar.com\/?post_type=product&#038;p=26237"},"modified":"2023-04-19T19:16:02","modified_gmt":"2023-04-19T18:16:02","slug":"orto-fest-2023-samuel-blues-3tone","status":"publish","type":"product","link":"https:\/\/www.orto-bar.com\/en\/dogodki\/arhiv\/orto-fest-2023-samuel-blues-3tone\/","title":{"rendered":"Orto Fest 2023 &#8211; Samuel Blues, 3TONE"},"content":{"rendered":"<p>&nbsp;<\/p>\n<p>&nbsp;<\/p>\n<p><strong>Samuel Blues<\/strong><\/p>\n<p>Samuel Blues je mlad, vsestransko nadarjen umetnik.<br \/>\nGlasbenik ki prihaja iz okolice Jesenic z vokalom in slide kitaro nastopa sam.<br \/>\nPreigrava avtorske pesmi, delta-blues, grunge in te\u017eje ritme.<br \/>\nNa odru ima prezenco, z nogo pa tol\u010de po doma narejenem glasbilu.<br \/>\nSamuel velja za enega najbolj virtuoznih, izvirnih in nadarjenih glasbenikov v mlaj\u0161ih vrstah slovenske glasbene scene.<br \/>\n&#8221;\u010ce imate radi surovo in neprekuhano glasbo, je Samuel va\u0161 krvav zrezek&#8221;<br \/>\n<strong>Samuel Blues: vokal, slide kitara, ritem tolkala<\/strong><\/p>\n<p>&nbsp;<\/p>\n<p>&nbsp;<\/p>\n<p>&nbsp;<\/p>\n<p>&nbsp;<\/p>\n<p>&nbsp;<\/p>\n<p>&nbsp;<\/p>\n<p><strong>3TONE \u2013 NALEZLJIVI BLUES Z DU\u0160NIMI DODATKI<\/strong><\/p>\n<p>\u017divimo v dobi premen, minevanja in fatalisti\u010dnega ob\u010dutja smrtnosti, a tudi v dobi kataklizme se temo pregla\u0161uje \u017earka svetloba optimizma, strastnosti in \u017eelje preglasiti Smrt s tistimi pravimi tremi toni. Ti so mastni, umazani, se ne opravi\u010dujejo in i\u0161\u010dejo korektur po okusu sveta, temve\u010d iz\u017earevajo samoniklost, ponos in predvsem popolno kemijo uravnote\u017eene skladnosti. Vihar v kozarcu vode. Orkan v srcu in iz misli prelita esenca glasbe, pisane z veliko za\u010detnico. Kaj \u0161e \u010dlovek potrebuje, da je lahko sre\u010den? Ne, za to \u0161e niso izumili farmacevtskega pripravka ali \u017eivobarvne tabletke!<\/p>\n<p>Ne verjamem v naklju\u010dja, tako sem prepri\u010dan, da se je moralo po kozmi\u010dnem na\u010drtu zgoditi, da sta se prepletli najprej poti vsestranskega talenta izjemnega oratorja, glasbenika, odrskega improvizatorja in nepogre\u0161ljivega iskrivega humorja Mihe Eri\u010da, znanega predvsem kot gonilni \u010dlen, prepoznavni glas Prismojenih profesorjev bluesa, ter basisti\u010dnega wunderkinda Borisa Sadarja, ki se je med drugim kalil v zasedbi Res Nullius, S.O.A.P, Stand By, Cestar Blues Banda. Miha je bil ravno v \u010dasu tranzicije. Po razhodu z mati\u010dno zasedbo je svoj kreativni potencial nesebi\u010dno dodajal kemiji s Samuel Bluesom, z zasedbo Smet, po uvodnem spoznavanju ter preizkusu kemije z igre \u017eeljnim Borisom pa je kaj kmalu postalo jasno, da je medsebojni privlak ve\u010d kot le temelj za be\u017eno glasbeno romanco. Kmalu se je postavil temelj za resnej\u0161e delo, v sestavi pa je manjkal pomemben \u010dlen \u2013 bobnar. Kaj kmalu da beseda besedo, v igro glasbenih asociacij pa se po igri naravne nuje (ter skupnih poznanstev in dejstva, da je svet majhen, Slovenija \u0161e manj\u0161a in da lahko pravega \u010dloveka prikli\u010de\u0161, \u010de pokli\u010de\u0161 na pravih pet \u0161tevilk \u2026) vklju\u010di savinjski talentirani bobnar David Slatinek, akademsko \u0161olani ritmik in pravi bobnarski kameleon (po uvodnem razvoju s punkovskim bandom Dr\u017eava v malem je svojo sre\u010do na\u0161el v fuzijski me\u0161anici fussiona, jazza, latina, pustil pe\u010dat na United Grooves in The Wanted Four, konstituiral Big Band VOX ter se dokazal kot session glasbenik v igri s \u0161tevilnimi predstavniki slovenske estrade). V celoto se je dodal manjkajo\u010di ko\u0161\u010dek in sanje so postale realnost. Slovenija pa je dobila bend, ki stavi na stabilno in vnetljivo energijo \u0161tevila tri, ki so ga v preteklosti potrdili Jimi Hendrix Experience, Cream, Jon Spencer Blues Explosion in \u0161e kdo!<\/p>\n<p>V letu 2020, ko je ves svet obstal ter se resetiral, zapiral za zidove in je optimizma primanjkovalo kot Sahari vode, je lu\u010d sveta ugledala glasba skupine treh karakternih, zrelih in so\u010dnih glasbenikov. Ime 3TONE pooseblja bistvo \u2013 maso in te\u017eo \u010dasa, v katerem \u017eivimo, \u0161e bolj pa mastnega nabritega bluesa s prostimi radikali igrivosti in prostega toka glasbenih misli, ki si drznejo namensko prestopati meje dovoljenega in \u017eanrsko za\u010drtanega. Tu je ob\u010dutje delte Mississipija. Zvok ustne harmonike, ki se fantasti\u010dno dopolnjuje z ravno prav distorzirano lap steel kitaro in vokali, ki jih v mo\u017eganski korteks vpreda Miha Eri\u010d. Mastni bas igrivega, navdihnjenega in kot \u0161vicarska ura natan\u010dnega basista Borisa Sadarja gradi temelj in dopu\u0161\u010da obenem impulzivno, mo\u010dno in naelektreno igro krasnih bobnov Davida Slatineka. Imen in asociacij vam ne bi polagal na u\u0161esa, a je to, kar se dogaja, prefinjeno samoniklo, izvirno in, kot bi rekli Primorci, \u00bbglasba za vse solde\u00ab. Tu je funk, tu je rock, tu je country, dodaja se \u0161e neka lastna za\u010dimba, ki poraja avtorsko glasbo s svetlobno hitrostjo. Vidijo in ne samo slutijo se obrisi polnokrvnega, po mnenju tistih, ki so imeli \u010dast to sli\u0161ati, popolnoma definiranega albuma Influencer, ki ga bo sestavljalo ducat razgibanih, visokooktanskih skladb, ki bodo zlahka budile zavist pri zavisti polni podalpski glasbeni srenji. Pet in\u0161trumentalov in sedem polnomastnih vokalnih. Recept je jasen \u2013 tri glave \u010dutijo, znajo in vedo ve\u010d kot le ena, poleg intelekta pa je v celoti \u010dutiti obilo strasti, lakote po igri, odrskih nastopih, predvsem pa tisti kohezijski sili, ki se v pravih razmerah lahko zgodi le kot naravno stanje in ne kot sterilni laboratorijski eksperiment. Tu je znoj, tu je kri, tu je zrela izku\u0161nja \u017eivljenja in tu so trije fantasti\u010dni dedci, lahko bi rekli fotri, ki vam bodo dali vetra, navili potenciometre na razbeljenih oja\u010devalcih in opnah do konca ter vas pote\u0161ili s pravo, nehlinjeno dozo du\u0161nega seksapila. Po tem si boste lahko z nasme\u0161kom na ustih le pri\u017egali \u010dik, nalili pivo ter prijetno omamljeni ter pretreseni zaradi pravega razmerja pravih stvari rekli le: \u00bbHo\u010dem \u0161e!\u00ab Garantirano!<\/p>\n<p>3TONE so:<br \/>\nMiha Eri\u010d-lap steel kitara, vokal, ustna harmonika<br \/>\nBoris Sadar-bas<br \/>\nDavid Slatinek-bobni<\/p>","protected":false},"excerpt":{"rendered":"<p>&nbsp; &nbsp; Samuel Blues Samuel Blues je mlad, vsestransko nadarjen umetnik. Glasbenik ki prihaja iz okolice Jesenic z vokalom in slide kitaro nastopa sam. Preigrava avtorske pesmi, delta-blues, grunge in te\u017eje ritme. Na odru ima prezenco, z nogo pa tol\u010de po doma narejenem glasbilu. Samuel velja za enega najbolj virtuoznih, izvirnih in nadarjenih glasbenikov v [&hellip;]<\/p>","protected":false},"author":11,"featured_media":26241,"template":"","meta":{"_seopress_robots_primary_cat":"none","_seopress_titles_title":"","_seopress_titles_desc":"","_seopress_robots_index":""},"product_brand":[],"product_cat":[230],"product_tag":[222],"class_list":{"0":"post-26237","1":"product","2":"type-product","3":"status-publish","4":"has-post-thumbnail","6":"product_cat-arhiv","7":"product_tag-predprodaja","9":"entry","10":"has-media","12":"first","13":"instock","14":"virtual","15":"taxable","16":"product-type-simple","17":"has-product-nav","18":"col","19":"span_1_of_4","20":"owp-content-center","21":"item-entry","22":"owp-thumbs-layout-horizontal","23":"owp-btn-normal","24":"owp-tabs-layout-section"},"publishpress_future_action":{"enabled":false,"date":"2026-05-08 20:05:13","action":"change-status","newStatus":"draft","terms":[],"taxonomy":"product_cat","extraData":[]},"publishpress_future_workflow_manual_trigger":{"enabledWorkflows":[]},"_links":{"self":[{"href":"https:\/\/www.orto-bar.com\/en\/wp-json\/wp\/v2\/product\/26237","targetHints":{"allow":["GET"]}}],"collection":[{"href":"https:\/\/www.orto-bar.com\/en\/wp-json\/wp\/v2\/product"}],"about":[{"href":"https:\/\/www.orto-bar.com\/en\/wp-json\/wp\/v2\/types\/product"}],"author":[{"embeddable":true,"href":"https:\/\/www.orto-bar.com\/en\/wp-json\/wp\/v2\/users\/11"}],"version-history":[{"count":0,"href":"https:\/\/www.orto-bar.com\/en\/wp-json\/wp\/v2\/product\/26237\/revisions"}],"wp:featuredmedia":[{"embeddable":true,"href":"https:\/\/www.orto-bar.com\/en\/wp-json\/wp\/v2\/media\/26241"}],"wp:attachment":[{"href":"https:\/\/www.orto-bar.com\/en\/wp-json\/wp\/v2\/media?parent=26237"}],"wp:term":[{"taxonomy":"product_brand","embeddable":true,"href":"https:\/\/www.orto-bar.com\/en\/wp-json\/wp\/v2\/product_brand?post=26237"},{"taxonomy":"product_cat","embeddable":true,"href":"https:\/\/www.orto-bar.com\/en\/wp-json\/wp\/v2\/product_cat?post=26237"},{"taxonomy":"product_tag","embeddable":true,"href":"https:\/\/www.orto-bar.com\/en\/wp-json\/wp\/v2\/product_tag?post=26237"}],"curies":[{"name":"wp","href":"https:\/\/api.w.org\/{rel}","templated":true}]}}