{"id":26244,"date":"2023-01-12T18:43:00","date_gmt":"2023-01-12T18:43:00","guid":{"rendered":"https:\/\/www.orto-bar.com\/?post_type=product&#038;p=26244"},"modified":"2023-04-22T01:07:01","modified_gmt":"2023-04-22T00:07:01","slug":"orto-fest-2023-nietpavlov","status":"publish","type":"product","link":"https:\/\/www.orto-bar.com\/en\/dogodki\/arhiv\/orto-fest-2023-nietpavlov\/","title":{"rendered":"Orto Fest 2023 &#8211; Niet,Pavlov"},"content":{"rendered":"<p>&nbsp;<\/p>\n<p><strong>NIET \u2013 KRATKA KRONOLOGIJA<\/strong><\/p>\n<p><strong>\u00a0<\/strong><\/p>\n<p>Legendarna slovenska punk skupina Niet je bila ustanovljena konec leta 1983. S hitrimi in melodi\u010dnimi skladbami, mra\u010dnimi osebno-izpovednimi besedili glavnega avtorja Igorja Dernov\u0161ka in karizmati\u010dnim frontmanom Primo\u017eem Habi\u010dem se je hitro uveljavila na tedaj zelo mo\u010dni ljubljanski hard-core sceni, a je kmalu v nasprotju z ostalimi skupinami ubrala svojo pot. V prvem obdobju svojega delovanja do leta 1986 je ustvarila \u0161tevilne uspe\u0161nice, med drugim Depresijo, Ritem \u010dlove\u0161tva, svoj najve\u010dji hit Lep dan za smrt, Vijolice, Februar\u2026. Primo\u017e Habi\u010d je maja 1991 umrl zaradi prevelikega odmerka heroina, po njegovi smrti in prvi vrnitvi v letu 1993 pa se je med mladimi v Sloveniji spro\u017eila prava Nietomanija. Vrnitev je bila zaradi odstotnosti pravega frontmena kratka. Ko je \u017ee kazalo, da Nietov ne bo na odru nikoli ve\u010d, pa se skupina v za\u010detku leta 2008 vrnila z novim pevcem Borutom Maroltom in v skoraj popolni prvotni postavi. Maja 2008 so priredili veli\u010dasten vrnitveni koncert v razprodanih ljubljanskih Kri\u017eankah, katere so znova napolnili dve leti kasneje ob predstavitvi svoje prve \u201eprave\u201c plo\u0161\u010de Trinajst. Jeseni 2011 se je skupina loti novega velikega izziva \u2013 punk musicala Rokovnja\u010di, ki je na Tednu slovenske drame dobil nagrado za najbolj\u0161o predstavo po izboru strokovne \u017eirije. Po naslednji plo\u0161\u010di V bli\u017eni ljudi iz leta 2014 in novi turneji so se Nieti za tri leta za\u010dasno poslovili. Znova so se vrnili konec leta 2019 in po novih koncertih, a tudi \u0161tevilnih prekinitvah zaradi covida, letos posneli pet skladb. Prvi singel med njimi je Ruski vohun, ki je bil sicer posnet \u017ee leta 1993, po smrti Primo\u017ea Habi\u010da, ko je vokalno vlogo prevzel Igor Dernov\u0161ek. Omenjena skladba je glede na \u0161tevilo ogledov po Youtubu drugi najve\u010dji hit skupine Niet, fantje pa so se jo odlo\u010dili znova posneti tako zaradi aktualnosti tematike kot dejstva, da je z novim pevcem Borutom Maroltom postala \u0161e bolj\u0161a.<\/p>\n<p>PAVLOV<\/p>\n<p>Pavlov je tri\u010dlanska glasbena skupina, ki je nastala leta 2017. S spajanjem elementov<br \/>\npost-punk revival in new wave glasbe ustvarjajo polje temnej\u0161ega indie rocka. Skupino<br \/>\nsestavljajo Marcel Kralj (vokal, kitara), Domen Malis (bobni), Miha Medve\u0161ek (bas<br \/>\nkitara), pri nastopih v \u017eivo pa se jim pridru\u017ei tudi Aljo\u0161a Kon\u010dar (kitara, sintetizator). Po<br \/>\nnekaj izdanih singlih, ki so nemalokrat pristali tudi med kandidati za popevko tedna<br \/>\nradia Val 202, je skupina ob koncu leta 2021 izdala svoj dolgometra\u017eni prvenec,<br \/>\nimenovan Predor. Ta si je prislu\u017eil naziv \u2018Plata tedna\u2019 na radiu Terminal. Spremljajo\u010di<br \/>\nkovinsko done\u010di bobni, mo\u010dno prodorni bas, sintetizirani akordi, oble\u010deni v svilo<br \/>\nmelanholije, in slikovito abstraktni verzi, ki kli\u010dejo v slovenskem jeziku, so eni od<br \/>\ngradnikov glasbe Pavlov in njihovega Predora.<\/p>","protected":false},"excerpt":{"rendered":"<p>&nbsp; NIET \u2013 KRATKA KRONOLOGIJA \u00a0 Legendarna slovenska punk skupina Niet je bila ustanovljena konec leta 1983. S hitrimi in melodi\u010dnimi skladbami, mra\u010dnimi osebno-izpovednimi besedili glavnega avtorja Igorja Dernov\u0161ka in karizmati\u010dnim frontmanom Primo\u017eem Habi\u010dem se je hitro uveljavila na tedaj zelo mo\u010dni ljubljanski hard-core sceni, a je kmalu v nasprotju z ostalimi skupinami ubrala svojo [&hellip;]<\/p>","protected":false},"author":11,"featured_media":26246,"template":"","meta":{"_seopress_robots_primary_cat":"none","_seopress_titles_title":"","_seopress_titles_desc":"","_seopress_robots_index":""},"product_brand":[],"product_cat":[230],"product_tag":[222],"class_list":{"0":"post-26244","1":"product","2":"type-product","3":"status-publish","4":"has-post-thumbnail","6":"product_cat-arhiv","7":"product_tag-predprodaja","9":"entry","10":"has-media","12":"first","13":"outofstock","14":"virtual","15":"taxable","16":"product-type-simple","17":"has-product-nav","18":"col","19":"span_1_of_4","20":"owp-content-center","21":"item-entry","22":"owp-thumbs-layout-horizontal","23":"owp-btn-normal","24":"owp-tabs-layout-section"},"publishpress_future_action":{"enabled":false,"date":"2026-05-08 20:05:29","action":"change-status","newStatus":"draft","terms":[],"taxonomy":"product_cat","extraData":[]},"publishpress_future_workflow_manual_trigger":{"enabledWorkflows":[]},"_links":{"self":[{"href":"https:\/\/www.orto-bar.com\/en\/wp-json\/wp\/v2\/product\/26244","targetHints":{"allow":["GET"]}}],"collection":[{"href":"https:\/\/www.orto-bar.com\/en\/wp-json\/wp\/v2\/product"}],"about":[{"href":"https:\/\/www.orto-bar.com\/en\/wp-json\/wp\/v2\/types\/product"}],"author":[{"embeddable":true,"href":"https:\/\/www.orto-bar.com\/en\/wp-json\/wp\/v2\/users\/11"}],"version-history":[{"count":0,"href":"https:\/\/www.orto-bar.com\/en\/wp-json\/wp\/v2\/product\/26244\/revisions"}],"wp:featuredmedia":[{"embeddable":true,"href":"https:\/\/www.orto-bar.com\/en\/wp-json\/wp\/v2\/media\/26246"}],"wp:attachment":[{"href":"https:\/\/www.orto-bar.com\/en\/wp-json\/wp\/v2\/media?parent=26244"}],"wp:term":[{"taxonomy":"product_brand","embeddable":true,"href":"https:\/\/www.orto-bar.com\/en\/wp-json\/wp\/v2\/product_brand?post=26244"},{"taxonomy":"product_cat","embeddable":true,"href":"https:\/\/www.orto-bar.com\/en\/wp-json\/wp\/v2\/product_cat?post=26244"},{"taxonomy":"product_tag","embeddable":true,"href":"https:\/\/www.orto-bar.com\/en\/wp-json\/wp\/v2\/product_tag?post=26244"}],"curies":[{"name":"wp","href":"https:\/\/api.w.org\/{rel}","templated":true}]}}