{"id":26249,"date":"2023-01-12T19:32:15","date_gmt":"2023-01-12T19:32:15","guid":{"rendered":"https:\/\/www.orto-bar.com\/dogodki\/nekategorizirano\/orto-fest-2023-russkaja-odprava-zelenega-zmaja-copy\/"},"modified":"2023-03-17T12:17:24","modified_gmt":"2023-03-17T11:17:24","slug":"orto-fest-2023-loudness-grey-attack-thola","status":"publish","type":"product","link":"https:\/\/www.orto-bar.com\/en\/dogodki\/arhiv\/orto-fest-2023-loudness-grey-attack-thola\/","title":{"rendered":"Orto Fest 2023 &#8211;  Loudness, Grey Attack, Thola"},"content":{"rendered":"<div class=\"x11i5rnm xat24cr x1mh8g0r x1vvkbs xdj266r\">Vstopnice! 22 evrov v predprodaji, 25 evrov na dan koncerta! Dobi se jih v On-Parole, v trgovini Big Nose in v Orto baru!<br \/>\n<a class=\"x1i10hfl xjbqb8w x6umtig x1b1mbwd xaqea5y xav7gou x9f619 x1ypdohk xt0psk2 xe8uvvx xdj266r x11i5rnm xat24cr x1mh8g0r xexx8yu x4uap5 x18d9i69 xkhd6sd x16tdsg8 x1hl2dhg xggy1nq x1a2a7pz xt0b8zv x1fey0fg\" tabindex=\"0\" role=\"link\" href=\"https:\/\/www.on-parole.com\/si\/shop\/view\/loudness-grey-attack-thola-ljubljana-15-04-2023-ticket?fbclid=IwAR0oq-CLUrD-MBAVKmrtU3QG5_qtG2NpfnHhnAHbj5BZPF43uRMfL-boBAI\" target=\"_blank\" rel=\"nofollow noopener\">https:\/\/www.on-parole.com\/&#8230;\/loudness-grey-attack-thola&#8230;<\/a><\/div>\n<div class=\"x11i5rnm xat24cr x1mh8g0r x1vvkbs xtlvy1s\">Tickets! 22 euro in presale through On-Parole on the link below. 25 euro on show day!<br \/>\n<a class=\"x1i10hfl xjbqb8w x6umtig x1b1mbwd xaqea5y xav7gou x9f619 x1ypdohk xt0psk2 xe8uvvx xdj266r x11i5rnm xat24cr x1mh8g0r xexx8yu x4uap5 x18d9i69 xkhd6sd x16tdsg8 x1hl2dhg xggy1nq x1a2a7pz xt0b8zv x1fey0fg\" tabindex=\"0\" role=\"link\" href=\"https:\/\/www.on-parole.com\/shop\/view\/loudness-grey-attack-thola-ljubljana-15-04-2023-ticket?fbclid=IwAR3eIJhY8_07Vn9CPU-dPSr0LefD9dFtRfrDoCZqlfIXN32OpLUtia9je8Q\" target=\"_blank\" rel=\"nofollow noopener\">https:\/\/www.on-parole.com\/&#8230;\/loudness-grey-attack-thola&#8230;<\/a><\/div>\n<div class=\"x11i5rnm xat24cr x1mh8g0r x1vvkbs xtlvy1s\">Join the Dirty Skunks HEAVY METAL mailing list on the link below!<br \/>\n<a class=\"x1i10hfl xjbqb8w x6umtig x1b1mbwd xaqea5y xav7gou x9f619 x1ypdohk xt0psk2 xe8uvvx xdj266r x11i5rnm xat24cr x1mh8g0r xexx8yu x4uap5 x18d9i69 xkhd6sd x16tdsg8 x1hl2dhg xggy1nq x1a2a7pz xt0b8zv x1fey0fg\" tabindex=\"0\" role=\"link\" href=\"http:\/\/eepurl.com\/bDicir?fbclid=IwAR2oWf9TaS73WXbQ_jW0mf8AVvpwbzgfcf3LlWr2VBSWy0InR9VRlt_t0Z8\" target=\"_blank\" rel=\"nofollow noopener\">http:\/\/eepurl.com\/bDicir<\/a><\/div>\n<div class=\"x11i5rnm xat24cr x1mh8g0r x1vvkbs xtlvy1s\">HEAVY METAL SAMURAJI NA ORTO FESTU!<\/div>\n<div class=\"x11i5rnm xat24cr x1mh8g0r x1vvkbs xtlvy1s\">15. aprila se bomo priklonili samurajem heavy metala, ki prihajajo, da bi nam pokazali, kako deluje metal na Daljnem Vzhodu. V Ljubljano namre\u010d prihajajo legendarni Loudness.<br \/>\nLoudness so eden najbolj znanih japonskih metal bendov. Bend \u017ee od samega za\u010detka vodi vizionar, metal bojevnik in kitarski samuraj Akira Takasaki, katerega ustvarjalnost res nima meja &#8211; to se ka\u017ee tudi v odli\u010dnem albumu Rise To Glory, ki ga promovirajo tudi v letu 2020 in zaradi katerega bodo pri\u0161li v Evropo, potovali po Aziji ter se ustavili tudi v Avstraliji. Kvartet je za\u010del metalizirati leta 1981 in so bili prvi japonski metal bend, ki je igral recimo v ZDA oziroma deloval pod okriljem ameri\u0161ke zalo\u017ebe. They kick ass!!! \u010ce je verjeti internetu, so izdali ve\u010d kot 20 studijskih albumov, ves \u010das pa so ostali zvesti pristnem heavy metalu, ki je epski, udaren, bombasti\u010den in catchy. V \u017eivo smo jih nekaj let nazaj videli tudi na festivalu Metaldays, kjer so pokazali, kako se zadevi stre\u017ee.<br \/>\nZ njimi bodo nem\u0161ki Grey Attack ter \u0161vicarski Thola.<br \/>\nVstopnice so \u017ee na voljo!<\/div>\n<div class=\"x11i5rnm xat24cr x1mh8g0r x1vvkbs xtlvy1s\">LOUDNESS<br \/>\n<a class=\"x1i10hfl xjbqb8w x6umtig x1b1mbwd xaqea5y xav7gou x9f619 x1ypdohk xt0psk2 xe8uvvx xdj266r x11i5rnm xat24cr x1mh8g0r xexx8yu x4uap5 x18d9i69 xkhd6sd x16tdsg8 x1hl2dhg xggy1nq x1a2a7pz xt0b8zv xzsf02u x1s688f\" tabindex=\"0\" role=\"link\" href=\"https:\/\/www.facebook.com\/profile.php?id=100044278066838&amp;__cft__[0]=AZWLQaY825J4OzheZ7KQRhYnnpXjw9ybqidEaxNI6YbCHjxqxQn7oHw_809mUIwjdlFcW2FPPvBFchILkdp0fAqLQjAeflD2uPvgb4-inp2cvTW4Jjb8EtUlxQuUA1vzJ3RKOIoP1MyFcfTCW_-RR2hhz1igSR3xBrwIzH2bsoWFQw&amp;__tn__=q\"><span class=\"xt0psk2\">https:\/\/www.facebook.com\/LOUDNESS_OFFICIAL-222003877819441\/<\/span><\/a><\/div>\n<div class=\"x11i5rnm xat24cr x1mh8g0r x1vvkbs xtlvy1s\">GREY ATTACK<br \/>\n<a class=\"x1i10hfl xjbqb8w x6umtig x1b1mbwd xaqea5y xav7gou x9f619 x1ypdohk xt0psk2 xe8uvvx xdj266r x11i5rnm xat24cr x1mh8g0r xexx8yu x4uap5 x18d9i69 xkhd6sd x16tdsg8 x1hl2dhg xggy1nq x1a2a7pz xt0b8zv xzsf02u x1s688f\" tabindex=\"0\" role=\"link\" href=\"https:\/\/www.facebook.com\/GreyAttack-214723942016364\/?__cft__[0]=AZWLQaY825J4OzheZ7KQRhYnnpXjw9ybqidEaxNI6YbCHjxqxQn7oHw_809mUIwjdlFcW2FPPvBFchILkdp0fAqLQjAeflD2uPvgb4-inp2cvTW4Jjb8EtUlxQuUA1vzJ3RKOIoP1MyFcfTCW_-RR2hhz1igSR3xBrwIzH2bsoWFQw&amp;__tn__=q\"><span class=\"xt0psk2\">https:\/\/www.facebook.com\/Grey-Attack-214723942016364\/<\/span><\/a><\/div>\n<div class=\"x11i5rnm xat24cr x1mh8g0r x1vvkbs xtlvy1s\">THOLA<br \/>\n<a class=\"x1i10hfl xjbqb8w x6umtig x1b1mbwd xaqea5y xav7gou x9f619 x1ypdohk xt0psk2 xe8uvvx xdj266r x11i5rnm xat24cr x1mh8g0r xexx8yu x4uap5 x18d9i69 xkhd6sd x16tdsg8 x1hl2dhg xggy1nq x1a2a7pz xt0b8zv xzsf02u x1s688f\" tabindex=\"0\" role=\"link\" href=\"https:\/\/www.facebook.com\/tholaMetalCircus?__cft__[0]=AZWLQaY825J4OzheZ7KQRhYnnpXjw9ybqidEaxNI6YbCHjxqxQn7oHw_809mUIwjdlFcW2FPPvBFchILkdp0fAqLQjAeflD2uPvgb4-inp2cvTW4Jjb8EtUlxQuUA1vzJ3RKOIoP1MyFcfTCW_-RR2hhz1igSR3xBrwIzH2bsoWFQw&amp;__tn__=q\"><span class=\"xt0psk2\">https:\/\/www.facebook.com\/tholaMetalCircus\/<\/span><\/a><\/div>","protected":false},"excerpt":{"rendered":"<p>Vstopnice! 22 evrov v predprodaji, 25 evrov na dan koncerta! Dobi se jih v On-Parole, v trgovini Big Nose in v Orto baru! https:\/\/www.on-parole.com\/&#8230;\/loudness-grey-attack-thola&#8230; Tickets! 22 euro in presale through On-Parole on the link below. 25 euro on show day! https:\/\/www.on-parole.com\/&#8230;\/loudness-grey-attack-thola&#8230; Join the Dirty Skunks HEAVY METAL mailing list on the link below! http:\/\/eepurl.com\/bDicir HEAVY [&hellip;]<\/p>","protected":false},"author":11,"featured_media":26253,"template":"","meta":{"_seopress_robots_primary_cat":"none","_seopress_titles_title":"","_seopress_titles_desc":"","_seopress_robots_index":""},"product_brand":[],"product_cat":[230],"product_tag":[222],"class_list":{"0":"post-26249","1":"product","2":"type-product","3":"status-publish","4":"has-post-thumbnail","6":"product_cat-arhiv","7":"product_tag-predprodaja","9":"entry","10":"has-media","12":"first","13":"onbackorder","14":"virtual","15":"taxable","16":"product-type-simple","17":"has-product-nav","18":"col","19":"span_1_of_4","20":"owp-content-center","21":"item-entry","22":"owp-thumbs-layout-horizontal","23":"owp-btn-normal","24":"owp-tabs-layout-section"},"publishpress_future_action":{"enabled":false,"date":"2026-05-08 18:42:26","action":"change-status","newStatus":"draft","terms":[],"taxonomy":"product_cat","extraData":[]},"publishpress_future_workflow_manual_trigger":{"enabledWorkflows":[]},"_links":{"self":[{"href":"https:\/\/www.orto-bar.com\/en\/wp-json\/wp\/v2\/product\/26249","targetHints":{"allow":["GET"]}}],"collection":[{"href":"https:\/\/www.orto-bar.com\/en\/wp-json\/wp\/v2\/product"}],"about":[{"href":"https:\/\/www.orto-bar.com\/en\/wp-json\/wp\/v2\/types\/product"}],"author":[{"embeddable":true,"href":"https:\/\/www.orto-bar.com\/en\/wp-json\/wp\/v2\/users\/11"}],"version-history":[{"count":0,"href":"https:\/\/www.orto-bar.com\/en\/wp-json\/wp\/v2\/product\/26249\/revisions"}],"wp:featuredmedia":[{"embeddable":true,"href":"https:\/\/www.orto-bar.com\/en\/wp-json\/wp\/v2\/media\/26253"}],"wp:attachment":[{"href":"https:\/\/www.orto-bar.com\/en\/wp-json\/wp\/v2\/media?parent=26249"}],"wp:term":[{"taxonomy":"product_brand","embeddable":true,"href":"https:\/\/www.orto-bar.com\/en\/wp-json\/wp\/v2\/product_brand?post=26249"},{"taxonomy":"product_cat","embeddable":true,"href":"https:\/\/www.orto-bar.com\/en\/wp-json\/wp\/v2\/product_cat?post=26249"},{"taxonomy":"product_tag","embeddable":true,"href":"https:\/\/www.orto-bar.com\/en\/wp-json\/wp\/v2\/product_tag?post=26249"}],"curies":[{"name":"wp","href":"https:\/\/api.w.org\/{rel}","templated":true}]}}