{"id":26346,"date":"2023-01-13T16:36:36","date_gmt":"2023-01-13T16:36:36","guid":{"rendered":"https:\/\/www.orto-bar.com\/?post_type=product&#038;p=26346"},"modified":"2023-03-09T18:46:22","modified_gmt":"2023-03-09T17:46:22","slug":"i-c-e","status":"publish","type":"product","link":"https:\/\/www.orto-bar.com\/en\/dogodki\/arhiv\/i-c-e\/","title":{"rendered":"I.C.E."},"content":{"rendered":"<p>I.C.E. so se po nekajletnem kreativnem premoru v letu 2022 vrnili na sceno in predstavili dva nova udarna singla \u00bbKar te dela \u017eivega\u00ab in \u00bbNepopisan list\u00ab. Sedaj pa se v nekoliko prenovljeni zasedbi vra\u010dajo tudi nazaj na koncertne odre.<\/p>\n<p>Koncert v Orto baru, ki bo 9. 3. 2023, bo za njih prav poseben, saj bodo z njim obele\u017eili 18-letnico svojega delovanja. Okronali pa jo bodo tudi z izdajo svojega tretjega studijskega albuma, ki bo iz\u0161el prav na dan koncerta v Orto baru in bo zato tam tudi premierno odigran v \u017eivo.<\/p>\n<p>I.C.E. so pop-rock kitarska zasedba z energi\u010dno pevko Renato, ki so v javnosti debitirali leta 2008 z albumom Na liniji, javnosti pa so najbolj poznani po skladbah Na liniji, Kje si zdaj in Sanjaj.<\/p>","protected":false},"excerpt":{"rendered":"<p>I.C.E. so se po nekajletnem kreativnem premoru v letu 2022 vrnili na sceno in predstavili dva nova udarna singla \u00bbKar te dela \u017eivega\u00ab in \u00bbNepopisan list\u00ab. Sedaj pa se v nekoliko prenovljeni zasedbi vra\u010dajo tudi nazaj na koncertne odre. Koncert v Orto baru, ki bo 9. 3. 2023, bo za njih prav poseben, saj bodo [&hellip;]<\/p>","protected":false},"author":11,"featured_media":26348,"template":"","meta":{"_seopress_robots_primary_cat":"none","_seopress_titles_title":"","_seopress_titles_desc":"","_seopress_robots_index":""},"product_brand":[],"product_cat":[230],"product_tag":[222],"class_list":{"0":"post-26346","1":"product","2":"type-product","3":"status-publish","4":"has-post-thumbnail","6":"product_cat-arhiv","7":"product_tag-predprodaja","9":"entry","10":"has-media","12":"first","13":"instock","14":"virtual","15":"taxable","16":"product-type-simple","17":"has-product-nav","18":"col","19":"span_1_of_4","20":"owp-content-center","21":"item-entry","22":"owp-thumbs-layout-horizontal","23":"owp-btn-normal","24":"owp-tabs-layout-section","25":"has-no-thumbnails"},"publishpress_future_action":{"enabled":false,"date":"2026-05-08 14:28:20","action":"change-status","newStatus":"draft","terms":[],"taxonomy":"product_cat","extraData":[]},"publishpress_future_workflow_manual_trigger":{"enabledWorkflows":[]},"_links":{"self":[{"href":"https:\/\/www.orto-bar.com\/en\/wp-json\/wp\/v2\/product\/26346","targetHints":{"allow":["GET"]}}],"collection":[{"href":"https:\/\/www.orto-bar.com\/en\/wp-json\/wp\/v2\/product"}],"about":[{"href":"https:\/\/www.orto-bar.com\/en\/wp-json\/wp\/v2\/types\/product"}],"author":[{"embeddable":true,"href":"https:\/\/www.orto-bar.com\/en\/wp-json\/wp\/v2\/users\/11"}],"version-history":[{"count":0,"href":"https:\/\/www.orto-bar.com\/en\/wp-json\/wp\/v2\/product\/26346\/revisions"}],"wp:featuredmedia":[{"embeddable":true,"href":"https:\/\/www.orto-bar.com\/en\/wp-json\/wp\/v2\/media\/26348"}],"wp:attachment":[{"href":"https:\/\/www.orto-bar.com\/en\/wp-json\/wp\/v2\/media?parent=26346"}],"wp:term":[{"taxonomy":"product_brand","embeddable":true,"href":"https:\/\/www.orto-bar.com\/en\/wp-json\/wp\/v2\/product_brand?post=26346"},{"taxonomy":"product_cat","embeddable":true,"href":"https:\/\/www.orto-bar.com\/en\/wp-json\/wp\/v2\/product_cat?post=26346"},{"taxonomy":"product_tag","embeddable":true,"href":"https:\/\/www.orto-bar.com\/en\/wp-json\/wp\/v2\/product_tag?post=26346"}],"curies":[{"name":"wp","href":"https:\/\/api.w.org\/{rel}","templated":true}]}}