{"id":26350,"date":"2023-01-13T16:46:01","date_gmt":"2023-01-13T16:46:01","guid":{"rendered":"https:\/\/www.orto-bar.com\/?post_type=product&#038;p=26350"},"modified":"2023-03-18T19:31:30","modified_gmt":"2023-03-18T18:31:30","slug":"jailbreak-guns-n-roses-real-tribute","status":"publish","type":"product","link":"https:\/\/www.orto-bar.com\/en\/dogodki\/arhiv\/jailbreak-guns-n-roses-real-tribute\/","title":{"rendered":"Jailbreak &#8211; Guns N` Roses Real Tribute"},"content":{"rendered":"<h2>Jailbreak &#8211; Guns N` Roses Real Tribute<\/h2>\n<p>Jailbreak &#8211; Guns N` Roses Real Tribute je skupina, ki jo sestavlja 6 profesionalnih glasbenikov z ogromno koncertnih izku\u0161enj! Skupina je imela zelo uspe\u0161no turnejo po Braziliji z ve\u010d kot 30 zelo obiskanimi koncerti. Imeli so tudi prilo\u017enost razveseliti \u0161tevilne obo\u017eevalce GNR v Indiji, Tuniziji, \u0160vici, Franciji in mnogih drugih evropskih dr\u017eavah.<\/p>\n<p>&nbsp;<\/p>\n<p>Jailbreak &#8211; Guns N` Roses Real Tribute is a band made up of 6 professional musicians with tremendous concert experience! The band had a very successful tour in Brazil with more than 30 highly attended concerts. They also had the opportunity to delight many GNR fans in India, Tunisia, Switzerland, France and many other European countries.<\/p>\n<p>FB: <a href=\"https:\/\/www.facebook.com\/realtributeproject\">https:\/\/www.facebook.com\/realtributeproject<\/a><\/p>\n<p>Web: <a href=\"http:\/\/www.real-tribute.org\/real-tribute-bands\/jailbreak-guns-n-roses\/\">http:\/\/www.real-tribute.org\/real-tribute-bands\/jailbreak-guns-n-roses\/<\/a><\/p>\n<p>Promo video:\u00a0<a href=\"https:\/\/www.youtube.com\/watch?v=PWLi4521a3o&amp;t=1s\">https:\/\/www.youtube.com\/watch?v=PWLi4521a3o&amp;t=1s<\/a><\/p>","protected":false},"excerpt":{"rendered":"<p>Jailbreak &#8211; Guns N` Roses Real Tribute Jailbreak &#8211; Guns N` Roses Real Tribute je skupina, ki jo sestavlja 6 profesionalnih glasbenikov z ogromno koncertnih izku\u0161enj! Skupina je imela zelo uspe\u0161no turnejo po Braziliji z ve\u010d kot 30 zelo obiskanimi koncerti. Imeli so tudi prilo\u017enost razveseliti \u0161tevilne obo\u017eevalce GNR v Indiji, Tuniziji, \u0160vici, Franciji in [&hellip;]<\/p>","protected":false},"author":11,"featured_media":26351,"template":"","meta":{"_seopress_robots_primary_cat":"none","_seopress_titles_title":"","_seopress_titles_desc":"","_seopress_robots_index":""},"product_brand":[],"product_cat":[230],"product_tag":[222],"class_list":{"0":"post-26350","1":"product","2":"type-product","3":"status-publish","4":"has-post-thumbnail","6":"product_cat-arhiv","7":"product_tag-predprodaja","9":"entry","10":"has-media","12":"first","13":"instock","14":"virtual","15":"taxable","16":"product-type-simple","17":"has-product-nav","18":"col","19":"span_1_of_4","20":"owp-content-center","21":"item-entry","22":"owp-thumbs-layout-horizontal","23":"owp-btn-normal","24":"owp-tabs-layout-section","25":"has-no-thumbnails"},"publishpress_future_action":{"enabled":false,"date":"2026-05-08 16:08:53","action":"change-status","newStatus":"draft","terms":[],"taxonomy":"product_cat","extraData":[]},"publishpress_future_workflow_manual_trigger":{"enabledWorkflows":[]},"_links":{"self":[{"href":"https:\/\/www.orto-bar.com\/en\/wp-json\/wp\/v2\/product\/26350","targetHints":{"allow":["GET"]}}],"collection":[{"href":"https:\/\/www.orto-bar.com\/en\/wp-json\/wp\/v2\/product"}],"about":[{"href":"https:\/\/www.orto-bar.com\/en\/wp-json\/wp\/v2\/types\/product"}],"author":[{"embeddable":true,"href":"https:\/\/www.orto-bar.com\/en\/wp-json\/wp\/v2\/users\/11"}],"version-history":[{"count":0,"href":"https:\/\/www.orto-bar.com\/en\/wp-json\/wp\/v2\/product\/26350\/revisions"}],"wp:featuredmedia":[{"embeddable":true,"href":"https:\/\/www.orto-bar.com\/en\/wp-json\/wp\/v2\/media\/26351"}],"wp:attachment":[{"href":"https:\/\/www.orto-bar.com\/en\/wp-json\/wp\/v2\/media?parent=26350"}],"wp:term":[{"taxonomy":"product_brand","embeddable":true,"href":"https:\/\/www.orto-bar.com\/en\/wp-json\/wp\/v2\/product_brand?post=26350"},{"taxonomy":"product_cat","embeddable":true,"href":"https:\/\/www.orto-bar.com\/en\/wp-json\/wp\/v2\/product_cat?post=26350"},{"taxonomy":"product_tag","embeddable":true,"href":"https:\/\/www.orto-bar.com\/en\/wp-json\/wp\/v2\/product_tag?post=26350"}],"curies":[{"name":"wp","href":"https:\/\/api.w.org\/{rel}","templated":true}]}}