{"id":26392,"date":"2023-01-13T20:56:20","date_gmt":"2023-01-13T20:56:20","guid":{"rendered":"https:\/\/www.orto-bar.com\/?post_type=product&#038;p=26392"},"modified":"2023-03-07T21:15:55","modified_gmt":"2023-03-07T20:15:55","slug":"orto-fest-2023-slon-in-sadez","status":"publish","type":"product","link":"https:\/\/www.orto-bar.com\/en\/dogodki\/arhiv\/orto-fest-2023-slon-in-sadez\/","title":{"rendered":"Orto Fest 2023 -Slon in Sade\u017e"},"content":{"rendered":"<p>&nbsp;<\/p>\n<p>SLON IN SADE\u017d ORTO ANSAMBEL<\/p>\n<p>&nbsp;<\/p>\n<p>Slon in Sade\u017e glasbena zadruga vabi na tradicionalno OrtoFest veselico v dru\u017ebi distorziranih kitar in nefriziranih brkatih de\u010dkov. V v\u00e8liki dvorani rock sveti\u0161\u010da imenovanega OrtoBar, bo skupinica uprizorila rokenrol razpalitis, z bizarnimi forami, \u0161vic dajvingom, originalnim \u010dlove\u0161kim basistom in programom, ki vklju\u010duje\u00a0izklju\u010dno in samo hite, na \u017ealost tudi lastne.<\/p>","protected":false},"excerpt":{"rendered":"<p>&nbsp; SLON IN SADE\u017d ORTO ANSAMBEL &nbsp; Slon in Sade\u017e glasbena zadruga vabi na tradicionalno OrtoFest veselico v dru\u017ebi distorziranih kitar in nefriziranih brkatih de\u010dkov. V v\u00e8liki dvorani rock sveti\u0161\u010da imenovanega OrtoBar, bo skupinica uprizorila rokenrol razpalitis, z bizarnimi forami, \u0161vic dajvingom, originalnim \u010dlove\u0161kim basistom in programom, ki vklju\u010duje\u00a0izklju\u010dno in samo hite, na \u017ealost tudi [&hellip;]<\/p>","protected":false},"author":11,"featured_media":26393,"template":"","meta":{"_seopress_robots_primary_cat":"none","_seopress_titles_title":"","_seopress_titles_desc":"","_seopress_robots_index":""},"product_brand":[],"product_cat":[230],"product_tag":[222],"class_list":{"0":"post-26392","1":"product","2":"type-product","3":"status-publish","4":"has-post-thumbnail","6":"product_cat-arhiv","7":"product_tag-predprodaja","9":"entry","10":"has-media","12":"first","13":"outofstock","14":"virtual","15":"taxable","16":"product-type-simple","17":"has-product-nav","18":"col","19":"span_1_of_4","20":"owp-content-center","21":"item-entry","22":"owp-thumbs-layout-horizontal","23":"owp-btn-normal","24":"owp-tabs-layout-section","25":"has-no-thumbnails"},"publishpress_future_action":{"enabled":false,"date":"2026-05-08 18:42:59","action":"change-status","newStatus":"draft","terms":[],"taxonomy":"product_cat","extraData":[]},"publishpress_future_workflow_manual_trigger":{"enabledWorkflows":[]},"_links":{"self":[{"href":"https:\/\/www.orto-bar.com\/en\/wp-json\/wp\/v2\/product\/26392","targetHints":{"allow":["GET"]}}],"collection":[{"href":"https:\/\/www.orto-bar.com\/en\/wp-json\/wp\/v2\/product"}],"about":[{"href":"https:\/\/www.orto-bar.com\/en\/wp-json\/wp\/v2\/types\/product"}],"author":[{"embeddable":true,"href":"https:\/\/www.orto-bar.com\/en\/wp-json\/wp\/v2\/users\/11"}],"version-history":[{"count":0,"href":"https:\/\/www.orto-bar.com\/en\/wp-json\/wp\/v2\/product\/26392\/revisions"}],"wp:featuredmedia":[{"embeddable":true,"href":"https:\/\/www.orto-bar.com\/en\/wp-json\/wp\/v2\/media\/26393"}],"wp:attachment":[{"href":"https:\/\/www.orto-bar.com\/en\/wp-json\/wp\/v2\/media?parent=26392"}],"wp:term":[{"taxonomy":"product_brand","embeddable":true,"href":"https:\/\/www.orto-bar.com\/en\/wp-json\/wp\/v2\/product_brand?post=26392"},{"taxonomy":"product_cat","embeddable":true,"href":"https:\/\/www.orto-bar.com\/en\/wp-json\/wp\/v2\/product_cat?post=26392"},{"taxonomy":"product_tag","embeddable":true,"href":"https:\/\/www.orto-bar.com\/en\/wp-json\/wp\/v2\/product_tag?post=26392"}],"curies":[{"name":"wp","href":"https:\/\/api.w.org\/{rel}","templated":true}]}}