{"id":26404,"date":"2023-01-14T09:06:19","date_gmt":"2023-01-14T09:06:19","guid":{"rendered":"https:\/\/www.orto-bar.com\/?post_type=product&#038;p=26404"},"modified":"2023-01-19T09:33:49","modified_gmt":"2023-01-19T09:33:49","slug":"orto-fest-2023-dopelord","status":"publish","type":"product","link":"https:\/\/www.orto-bar.com\/en\/dogodki\/arhiv\/orto-fest-2023-dopelord\/","title":{"rendered":"Orto Fest 2023 &#8211; Dopelord"},"content":{"rendered":"<div class=\"x11i5rnm xat24cr x1mh8g0r x1vvkbs xdj266r\">Vstopnice 13 evrov v predprodaji, 16 an dan koncerta! Dobi se jih prek On-Parole na spodnji povezavi!<br \/>\n<a class=\"x1i10hfl xjbqb8w x6umtig x1b1mbwd xaqea5y xav7gou x9f619 x1ypdohk xt0psk2 xe8uvvx xdj266r x11i5rnm xat24cr x1mh8g0r xexx8yu x4uap5 x18d9i69 xkhd6sd x16tdsg8 x1hl2dhg xggy1nq x1a2a7pz xt0b8zv x1fey0fg\" tabindex=\"0\" role=\"link\" href=\"https:\/\/qr.page\/g\/58at0mqi8EX?fbclid=IwAR0JVsEQm7_VGlIdTELJgKZWPE1MGnAjFCnfXLElCT1-FLHRTqvMzLqTMWI\" target=\"_blank\" rel=\"nofollow noopener\">https:\/\/qr.page\/g\/58at0mqi8EX<\/a><\/div>\n<div class=\"x11i5rnm xat24cr x1mh8g0r x1vvkbs xtlvy1s\">Tickets 13 euro in presale, 16 on show day! You can get them through On-Parole on the link below!<br \/>\n<a class=\"x1i10hfl xjbqb8w x6umtig x1b1mbwd xaqea5y xav7gou x9f619 x1ypdohk xt0psk2 xe8uvvx xdj266r x11i5rnm xat24cr x1mh8g0r xexx8yu x4uap5 x18d9i69 xkhd6sd x16tdsg8 x1hl2dhg xggy1nq x1a2a7pz xt0b8zv x1fey0fg\" tabindex=\"0\" role=\"link\" href=\"https:\/\/qr.page\/g\/YFcowEq1Mx?fbclid=IwAR3DDz8PaVMPyeBCHTCIeCZKfoGNo-Gjk4hR8gM0WgcNaq6xncFgqDETyBA\" target=\"_blank\" rel=\"nofollow noopener\">https:\/\/qr.page\/g\/YFcowEq1Mx<\/a><\/div>\n<div class=\"x11i5rnm xat24cr x1mh8g0r x1vvkbs xtlvy1s\">Join the Dirty Skunks Stoner \/ Sludge \/ Post Metal \/ Doom \/ Drone mailing list<br \/>\n<a class=\"x1i10hfl xjbqb8w x6umtig x1b1mbwd xaqea5y xav7gou x9f619 x1ypdohk xt0psk2 xe8uvvx xdj266r x11i5rnm xat24cr x1mh8g0r xexx8yu x4uap5 x18d9i69 xkhd6sd x16tdsg8 x1hl2dhg xggy1nq x1a2a7pz xt0b8zv x1fey0fg\" tabindex=\"0\" role=\"link\" href=\"https:\/\/l.facebook.com\/l.php?u=http%3A%2F%2Feepurl.com%2FcJrvr5%3Ffbclid%3DIwAR0pF-IBNQWz27u8WmqXg5bBIHo4dJEi6Z1QfvS5M2IL50Zxs0N3WmoN1d8&amp;h=AT2ueX9iAYHfDNRIhJznUCc8DtzCHiADnTVPg52t54rX5FgkZPP4AqmAeP5LpW99rKibsQd2zVmYUjkPjBe7g5JhoD5c802DhbVuJ-EzzYaVLjaWypjy4ZP-MjkTNa60lw&amp;__tn__=q&amp;c[0]=AT34oEYuH1rZblxPaZLmpYSc49R4z91YeBqdasMM0UgAwXKqzUmFKvPuT8L_b5WwGtn-vbhh_IO1fC8e6xy4etWBluNrXEZPD-8qUfogi9t-IxDJlGr_k1i-DVrW5s1Tg-Py0pE-zHjUjrG_uOj3-I-OfxzG\" target=\"_blank\" rel=\"nofollow noopener\">http:\/\/eepurl.com\/cJrvr5<\/a><\/div>\n<div class=\"x11i5rnm xat24cr x1mh8g0r x1vvkbs xtlvy1s\">Ministrstvo za zdravje RS opozarja, da bo 16.4. 2023 Riffeater dogodek bolj masten od celotne fast food industrije. Va\u0161a u\u0161esa bomo zabelili s poljskimi te\u017ekokalori\u010dnjaki Dopelord.<br \/>\nMorda band \u017ee poznate, saj so \u017ee igrali na Riffeaterju 2018? Ste jih morda videli v Tolminu 2019? No, \u010de jih \u0161e niste popravite to&#8230; \u010de pa ste, smo kar sigurni, da se spet vidimo!<br \/>\nKdo so Dopelord? \u010ce bi Black Sabbath, Pentagram, Sleep in Electric Wizard imeli divje razvratne orgije, ovite v dimno zaveso prepovedanih substanc ter za\u010dinjene z doma\u010dim lojem, potem bi bili poljski doomerji Dopelord njihov otrok. So po\u010dasna, te\u017eka zverina mamutskih proporcev, ki so na svojem psihadeli\u010dno-obarvanem pohodu \u017ee od leta 2010. Leta 2012, po dveh letih intenzivnega kajenja marihuane, so izdali prvenec Magick Rites, svojo zvo\u010dno podobo pa so nadgradili leta 2014, ko so skadili \u0161e ve\u010d substanc in izdali album Black Arts, Riff Worship and Weed Cult. Naslov tega albuma ni pustil prostora dvomom: kitare, ugla\u0161ene na travo in distorzija, za katero niste vedeli, da obstaja, sta prepri\u010dala \u0161tevilne kritike, ne pa Dopelord samih, ki so vedeli, da niso \u0161e pobili vseh mo\u017eganskih celic svojih obo\u017eevalcev. Zaprli so se v studio in januarja 2017 izdali eno izmed najbolj\u0161ih doom plat tega leta, Children of the Haze. Album so sproducirali v naftni vrtini, riffi na njem pa so tako te\u017eki, da so popolnoma izni\u010dili \u00bbyo momma\u00ab \u0161ale.<br \/>\nNajte\u017eja riffovska karavana leta 2023 se bo ustavila v ljubljanskem Orto Baru, mi pa \u017ee komaj \u010dakamo, da bomo skupaj fu\u0161ali refren: \u00bbUiii aaar d \u0107iiiildreeeen!\u00ab<\/div>\n<div class=\"x11i5rnm xat24cr x1mh8g0r x1vvkbs xtlvy1s\">DOPELORD<br \/>\n<a class=\"x1i10hfl xjbqb8w x6umtig x1b1mbwd xaqea5y xav7gou x9f619 x1ypdohk xt0psk2 xe8uvvx xdj266r x11i5rnm xat24cr x1mh8g0r xexx8yu x4uap5 x18d9i69 xkhd6sd x16tdsg8 x1hl2dhg xggy1nq x1a2a7pz xt0b8zv xzsf02u x1s688f\" tabindex=\"0\" role=\"link\" href=\"https:\/\/www.facebook.com\/Dopelord666?__cft__[0]=AZVUuLlCv4JkGQQfLWCiSAvIisGRqmSbIl9LxxF1xEWa4Fy7Gsj2OmMrUIJBozD8rfg1F0G8_uT4BdeHCNJ9okh4mPgZ0Nnj6XNQ7s1EUbkk4NzTC7OvXc2W7DGCVDmBQME&amp;__tn__=q\"><span class=\"xt0psk2\">https:\/\/www.facebook.com\/Dopelord666\/<\/span><\/a><\/div>","protected":false},"excerpt":{"rendered":"<p>Vstopnice 13 evrov v predprodaji, 16 an dan koncerta! Dobi se jih prek On-Parole na spodnji povezavi! https:\/\/qr.page\/g\/58at0mqi8EX Tickets 13 euro in presale, 16 on show day! You can get them through On-Parole on the link below! https:\/\/qr.page\/g\/YFcowEq1Mx Join the Dirty Skunks Stoner \/ Sludge \/ Post Metal \/ Doom \/ Drone mailing list http:\/\/eepurl.com\/cJrvr5 [&hellip;]<\/p>","protected":false},"author":11,"featured_media":26405,"template":"","meta":{"_seopress_robots_primary_cat":"none","_seopress_titles_title":"","_seopress_titles_desc":"","_seopress_robots_index":""},"product_brand":[],"product_cat":[230],"product_tag":[222],"class_list":{"0":"post-26404","1":"product","2":"type-product","3":"status-publish","4":"has-post-thumbnail","6":"product_cat-arhiv","7":"product_tag-predprodaja","9":"entry","10":"has-media","12":"first","13":"onbackorder","14":"virtual","15":"taxable","16":"product-type-simple","17":"has-product-nav","18":"col","19":"span_1_of_4","20":"owp-content-center","21":"item-entry","22":"owp-thumbs-layout-horizontal","23":"owp-btn-normal","24":"owp-tabs-layout-section"},"publishpress_future_action":{"enabled":false,"date":"2026-05-08 18:42:41","action":"change-status","newStatus":"draft","terms":[],"taxonomy":"product_cat","extraData":[]},"publishpress_future_workflow_manual_trigger":{"enabledWorkflows":[]},"_links":{"self":[{"href":"https:\/\/www.orto-bar.com\/en\/wp-json\/wp\/v2\/product\/26404","targetHints":{"allow":["GET"]}}],"collection":[{"href":"https:\/\/www.orto-bar.com\/en\/wp-json\/wp\/v2\/product"}],"about":[{"href":"https:\/\/www.orto-bar.com\/en\/wp-json\/wp\/v2\/types\/product"}],"author":[{"embeddable":true,"href":"https:\/\/www.orto-bar.com\/en\/wp-json\/wp\/v2\/users\/11"}],"version-history":[{"count":0,"href":"https:\/\/www.orto-bar.com\/en\/wp-json\/wp\/v2\/product\/26404\/revisions"}],"wp:featuredmedia":[{"embeddable":true,"href":"https:\/\/www.orto-bar.com\/en\/wp-json\/wp\/v2\/media\/26405"}],"wp:attachment":[{"href":"https:\/\/www.orto-bar.com\/en\/wp-json\/wp\/v2\/media?parent=26404"}],"wp:term":[{"taxonomy":"product_brand","embeddable":true,"href":"https:\/\/www.orto-bar.com\/en\/wp-json\/wp\/v2\/product_brand?post=26404"},{"taxonomy":"product_cat","embeddable":true,"href":"https:\/\/www.orto-bar.com\/en\/wp-json\/wp\/v2\/product_cat?post=26404"},{"taxonomy":"product_tag","embeddable":true,"href":"https:\/\/www.orto-bar.com\/en\/wp-json\/wp\/v2\/product_tag?post=26404"}],"curies":[{"name":"wp","href":"https:\/\/api.w.org\/{rel}","templated":true}]}}