{"id":26454,"date":"2023-01-15T13:06:41","date_gmt":"2023-01-15T13:06:41","guid":{"rendered":"https:\/\/www.orto-bar.com\/?post_type=product&#038;p=26454"},"modified":"2023-02-11T00:00:04","modified_gmt":"2023-02-11T00:00:04","slug":"jacuzzy-krall","status":"publish","type":"product","link":"https:\/\/www.orto-bar.com\/en\/dogodki\/arhiv\/jacuzzy-krall\/","title":{"rendered":"Jacuzzy Krall"},"content":{"rendered":"<p>Jacuzzy Krall se z spremljevalno ekipo Jaquzlee 10.02.2022 vra\u010da v Orto bar<\/p>\n<p>&nbsp;<\/p>\n<p>Jacuzzy je letos izdal svoj drugi album z naslovom \u2018\u2019PREPROSTO NAJTE\u017dJI\u2019\u2019 posnet z ekipo JAQUZLEE in gosti v postavi: Sergej Ran\u0111elovi\u0107, Andra\u017e Mazi, Rok \u0160krlj, Miha Megli\u010d, Katinka Dimkaroska, Dorotea Nikoli\u010d, s katerimi letos ponovno nastopi na odru Orto bara.<\/p>\n<p>Tokrat bodo koncert izvedli neposredno pred publiko, brez omejitve vstopa, varnostih mask in pleksi stekla, z novim sve\u017eim repertoarjem in staro uigrano ekipo, z zna\u010dilnim prepletanjem glasbe med raznimi \u017eanri kot so, rap, jazz, rock, reggae in metal, z poudarkom na liriki.<\/p>\n<p>&nbsp;<\/p>\n<p>Vstopnice:<\/p>\n<p>Predprodaja: 10,<\/p>\n<p>Na dan koncerta 15<\/p>\n<p>&nbsp;<\/p>\n<p><a href=\"https:\/\/krall.si\/\">https:\/\/krall.si\/<\/a><\/p>\n<p><a href=\"https:\/\/www.facebook.com\/profile.php?id=100038608847444\">https:\/\/www.facebook.com\/profile.php?id=100038608847444<\/a><\/p>\n<p><a href=\"https:\/\/www.youtube.com\/@jacuzzykrall\/featured\">https:\/\/www.youtube.com\/@jacuzzykrall\/featured<\/a><\/p>","protected":false},"excerpt":{"rendered":"<p>Jacuzzy Krall se z spremljevalno ekipo Jaquzlee 10.02.2022 vra\u010da v Orto bar &nbsp; Jacuzzy je letos izdal svoj drugi album z naslovom \u2018\u2019PREPROSTO NAJTE\u017dJI\u2019\u2019 posnet z ekipo JAQUZLEE in gosti v postavi: Sergej Ran\u0111elovi\u0107, Andra\u017e Mazi, Rok \u0160krlj, Miha Megli\u010d, Katinka Dimkaroska, Dorotea Nikoli\u010d, s katerimi letos ponovno nastopi na odru Orto bara. Tokrat bodo [&hellip;]<\/p>","protected":false},"author":11,"featured_media":26456,"template":"","meta":{"_seopress_robots_primary_cat":"none","_seopress_titles_title":"","_seopress_titles_desc":"","_seopress_robots_index":""},"product_brand":[],"product_cat":[230],"product_tag":[222],"class_list":{"0":"post-26454","1":"product","2":"type-product","3":"status-publish","4":"has-post-thumbnail","6":"product_cat-arhiv","7":"product_tag-predprodaja","9":"entry","10":"has-media","12":"first","13":"instock","14":"virtual","15":"taxable","16":"product-type-simple","17":"has-product-nav","18":"col","19":"span_1_of_4","20":"owp-content-center","21":"item-entry","22":"owp-thumbs-layout-horizontal","23":"owp-btn-normal","24":"owp-tabs-layout-section"},"publishpress_future_action":{"enabled":false,"date":"2026-05-08 13:05:44","action":"change-status","newStatus":"draft","terms":[],"taxonomy":"product_cat","extraData":[]},"publishpress_future_workflow_manual_trigger":{"enabledWorkflows":[]},"_links":{"self":[{"href":"https:\/\/www.orto-bar.com\/en\/wp-json\/wp\/v2\/product\/26454","targetHints":{"allow":["GET"]}}],"collection":[{"href":"https:\/\/www.orto-bar.com\/en\/wp-json\/wp\/v2\/product"}],"about":[{"href":"https:\/\/www.orto-bar.com\/en\/wp-json\/wp\/v2\/types\/product"}],"author":[{"embeddable":true,"href":"https:\/\/www.orto-bar.com\/en\/wp-json\/wp\/v2\/users\/11"}],"version-history":[{"count":0,"href":"https:\/\/www.orto-bar.com\/en\/wp-json\/wp\/v2\/product\/26454\/revisions"}],"wp:featuredmedia":[{"embeddable":true,"href":"https:\/\/www.orto-bar.com\/en\/wp-json\/wp\/v2\/media\/26456"}],"wp:attachment":[{"href":"https:\/\/www.orto-bar.com\/en\/wp-json\/wp\/v2\/media?parent=26454"}],"wp:term":[{"taxonomy":"product_brand","embeddable":true,"href":"https:\/\/www.orto-bar.com\/en\/wp-json\/wp\/v2\/product_brand?post=26454"},{"taxonomy":"product_cat","embeddable":true,"href":"https:\/\/www.orto-bar.com\/en\/wp-json\/wp\/v2\/product_cat?post=26454"},{"taxonomy":"product_tag","embeddable":true,"href":"https:\/\/www.orto-bar.com\/en\/wp-json\/wp\/v2\/product_tag?post=26454"}],"curies":[{"name":"wp","href":"https:\/\/api.w.org\/{rel}","templated":true}]}}