{"id":26463,"date":"2023-01-15T18:47:55","date_gmt":"2023-01-15T18:47:55","guid":{"rendered":"https:\/\/www.orto-bar.com\/?post_type=product&#038;p=26463"},"modified":"2023-09-18T15:02:50","modified_gmt":"2023-09-18T14:02:50","slug":"let-3","status":"publish","type":"product","link":"https:\/\/www.orto-bar.com\/en\/dogodki\/arhiv\/let-3\/","title":{"rendered":"Let 3"},"content":{"rendered":"<div class=\"xdj266r x11i5rnm xat24cr x1mh8g0r x1vvkbs\">Legendarni LET 3 se po odpovedanem aprilskem koncertu, vra\u010dajo v legendarni Orto Bar v Ljubljani!<\/div>\n<div class=\"x11i5rnm xat24cr x1mh8g0r x1vvkbs xtlvy1s\">Predprodaja vstopnic preko povezave in na vseh predprodajnih mestih sistema Mojekarte.si (Petrol, OMV, Trafika):\u00a0<a class=\"x1i10hfl xjbqb8w x6umtig x1b1mbwd xaqea5y xav7gou x9f619 x1ypdohk xt0psk2 xe8uvvx xdj266r x11i5rnm xat24cr x1mh8g0r xexx8yu x4uap5 x18d9i69 xkhd6sd x16tdsg8 x1hl2dhg xggy1nq x1a2a7pz xt0b8zv x1fey0fg\" tabindex=\"0\" role=\"link\" href=\"https:\/\/www.mojekarte.si\/en\/let-3-v-orto-baru\/tickets-1162784.html?fbclid=IwAR1ZyQ4uANkuOr8Sglrra3pYWnTqVqsz0s-vPo3ZPSyEyvkoZwOa8nSi34s\" target=\"_blank\" rel=\"nofollow noopener noreferrer\">https:\/\/www.mojekarte.si\/&#8230;\/let-3-v&#8230;\/tickets-1162784.html<\/a><\/div>\n<div class=\"x11i5rnm xat24cr x1mh8g0r x1vvkbs xtlvy1s\">Let 3 so definitivno edinstveni in zanimivi \u2013 tako po idejah, glasbi in energiji kot po njihovi te\u017enji po \u0161okiranju in provokaciji.<\/div>\n<div class=\"x11i5rnm xat24cr x1mh8g0r x1vvkbs xtlvy1s\">Provokativna rock skupina iz Reke, prepoznavna predvsem po svojih vpadljivih in \u0161okantnih nastopih, za\u010dinjenih z goloto in vulgarnimi besedili. \u017de od svojih za\u010detkov, ki segajo v leto 1987 ima skupina status glasbenega fenomena, katerega edina stalnica je, da nikoli ne ve\u0161 kaj to\u010dno pri\u010dakovati od njih. Pravijo, da je eden izmed njihovih ciljev izzivanje kolektivnih \u010dustev, da \u017eelijo videti, kako se imajo posamezni narodi radi, kako se sovra\u017eijo, zgra\u017eajo in do\u017eivljajo razli\u010dnost.<\/div>\n<div class=\"x11i5rnm xat24cr x1mh8g0r x1vvkbs xtlvy1s\">Na koncertu bomo sli\u0161ali njihove najve\u010dje uspe\u0161nice \u2013 \u201cMama \u0160\u010c!\u201d, \u201cProfesor Jakov\u201d, \u201cDijete u vremenu\u201d, \u201cKurcem u \u010delo\u201d, \u201cIzgubljeni\u201d, \u201cEro s onog svijeta\u201d, \u201cRije\u010dke pi*ke\u201d, \u201cSam u vodi\u201d, \u201cNafta\u201d ter ostale hite iz njihove dolgoletne kariere.<\/div>\n<div class=\"x11i5rnm xat24cr x1mh8g0r x1vvkbs xtlvy1s\"><span class=\"x3nfvp2 x1j61x8r x1fcty0u xdj266r xhhsvwb xat24cr xgzva0m xxymvpz xlup9mm x1kky2od\"><img decoding=\"async\" src=\"https:\/\/static.xx.fbcdn.net\/images\/emoji.php\/v9\/ta3\/1\/16\/3030.png\" alt=\"\u3030\ufe0f\" width=\"16\" height=\"16\" \/><\/span>\u00a0povezave\u00a0<span class=\"x3nfvp2 x1j61x8r x1fcty0u xdj266r xhhsvwb xat24cr xgzva0m xxymvpz xlup9mm x1kky2od\"><img decoding=\"async\" src=\"https:\/\/static.xx.fbcdn.net\/images\/emoji.php\/v9\/ta3\/1\/16\/3030.png\" alt=\"\u3030\ufe0f\" width=\"16\" height=\"16\" \/><\/span><br \/>\n<a class=\"x1i10hfl xjbqb8w x6umtig x1b1mbwd xaqea5y xav7gou x9f619 x1ypdohk xt0psk2 xe8uvvx xdj266r x11i5rnm xat24cr x1mh8g0r xexx8yu x4uap5 x18d9i69 xkhd6sd x16tdsg8 x1hl2dhg xggy1nq x1a2a7pz xt0b8zv xzsf02u x1s688f\" tabindex=\"0\" role=\"link\" href=\"https:\/\/www.facebook.com\/let3music?__cft__[0]=AZWyIkHsXXUhSZ7V6rVA6qOCsbb4FeH4JD5eEThzy_Cb9hof8drN72z7de6FcNqEwARaNW4V_Zcb5bp6MhRLjys-2fxTqY1Bj2hxk6-__ZF3q3A14S9T-c5qq-sByFLMf-8&amp;__tn__=q\"><span class=\"xt0psk2\">https:\/\/www.facebook.com\/let3music\/<\/span><\/a><br \/>\n<a class=\"x1i10hfl xjbqb8w x6umtig x1b1mbwd xaqea5y xav7gou x9f619 x1ypdohk xt0psk2 xe8uvvx xdj266r x11i5rnm xat24cr x1mh8g0r xexx8yu x4uap5 x18d9i69 xkhd6sd x16tdsg8 x1hl2dhg xggy1nq x1a2a7pz xt0b8zv xzsf02u x1s688f\" tabindex=\"0\" role=\"link\" href=\"https:\/\/www.facebook.com\/let3music?__cft__[0]=AZWyIkHsXXUhSZ7V6rVA6qOCsbb4FeH4JD5eEThzy_Cb9hof8drN72z7de6FcNqEwARaNW4V_Zcb5bp6MhRLjys-2fxTqY1Bj2hxk6-__ZF3q3A14S9T-c5qq-sByFLMf-8&amp;__tn__=q\"><span class=\"xt0psk2\">https:\/\/www.facebook.com\/let3music\/<\/span><\/a><br \/>\n<a class=\"x1i10hfl xjbqb8w x6umtig x1b1mbwd xaqea5y xav7gou x9f619 x1ypdohk xt0psk2 xe8uvvx xdj266r x11i5rnm xat24cr x1mh8g0r xexx8yu x4uap5 x18d9i69 xkhd6sd x16tdsg8 x1hl2dhg xggy1nq x1a2a7pz xt0b8zv x1fey0fg\" tabindex=\"0\" role=\"link\" href=\"https:\/\/l.facebook.com\/l.php?u=https%3A%2F%2Fwww.youtube.com%2Fwatch%3Fv%3DO_tmsim6lPY%26fbclid%3DIwAR2LOBh7IRi5W50GcsG9v7MvrSDiPGcydIAZct1Pb47K2typPpbDu3HAzA0&amp;h=AT2-ux-_QU_YxDqArzG_Mux4-WAWuqkaa8mPLFHjflna-bYzzfwbT3WvseDuilANsTRlbVsWGMThOL3lxWy5YD5SP41b_faU2L8eoCRF4Jqci9Dz2Cx-trrvIUmGGTigpg&amp;__tn__=q&amp;c[0]=AT1fMBRogeZ5RPqXQZlh1kRDLkP8geJUKHKRlNiil8Kt6q0ycSC9ZbTHZeV9TMK9ra9WgqnOzK1aot7r70koyaKiVefj9UOUV8qurcdiWLzPZDB_h210Crcy5fTpmK9PJnHe1-qltGV0Yht7uai1RfFWYiFF\" target=\"_blank\" rel=\"nofollow noopener noreferrer\">https:\/\/www.youtube.com\/watch?v=O_tmsim6lPY<\/a><br \/>\n<a class=\"x1i10hfl xjbqb8w x6umtig x1b1mbwd xaqea5y xav7gou x9f619 x1ypdohk xt0psk2 xe8uvvx xdj266r x11i5rnm xat24cr x1mh8g0r xexx8yu x4uap5 x18d9i69 xkhd6sd x16tdsg8 x1hl2dhg xggy1nq x1a2a7pz xt0b8zv x1fey0fg\" tabindex=\"0\" role=\"link\" href=\"https:\/\/l.facebook.com\/l.php?u=https%3A%2F%2Fwww.youtube.com%2Fwatch%3Fv%3DstZT7w6DpS0%26fbclid%3DIwAR3gcW0nVlcRyawkWN3qjY4CM_XkpnDKOmz-JAIryEaNjsKCWa2dKsbxHUY&amp;h=AT2vc1nMSGq_x29bFzlG9ywKsalMMxrlQEL4aQbZJUzcw7Zv7_G2B77Od-CFy-bekkw7LEsW0y9VGU0h-2Ndu4S_A053Vdkoe1cLgTO4W9Db4SpOc_63UBZc6sH9TB3xew&amp;__tn__=q&amp;c[0]=AT1fMBRogeZ5RPqXQZlh1kRDLkP8geJUKHKRlNiil8Kt6q0ycSC9ZbTHZeV9TMK9ra9WgqnOzK1aot7r70koyaKiVefj9UOUV8qurcdiWLzPZDB_h210Crcy5fTpmK9PJnHe1-qltGV0Yht7uai1RfFWYiFF\" target=\"_blank\" rel=\"nofollow noopener noreferrer\">https:\/\/www.youtube.com\/watch?v=stZT7w6DpS0<\/a><\/div>\n<div class=\"x11i5rnm xat24cr x1mh8g0r x1vvkbs xtlvy1s\">OPOMBA: Vstopnice za odpovedan aprilski LET 3 koncert, so veljavne za koncert, ki se bo odvil 20.10. 2023 v Orto Baru.<\/p>\n<div class=\"x1i10hfl xjbqb8w x6umtig x1b1mbwd xaqea5y xav7gou x9f619 x1ypdohk xt0psk2 xe8uvvx xdj266r x11i5rnm xat24cr x1mh8g0r xexx8yu x4uap5 x18d9i69 xkhd6sd x16tdsg8 x1hl2dhg xggy1nq x1a2a7pz xt0b8zv xzsf02u x1s688f\" tabindex=\"0\" role=\"button\"><\/div>\n<\/div>\n<p>&nbsp;<\/p>","protected":false},"excerpt":{"rendered":"<p>Legendarni LET 3 se po odpovedanem aprilskem koncertu, vra\u010dajo v legendarni Orto Bar v Ljubljani! Predprodaja vstopnic preko povezave in na vseh predprodajnih mestih sistema Mojekarte.si (Petrol, OMV, Trafika):\u00a0https:\/\/www.mojekarte.si\/&#8230;\/let-3-v&#8230;\/tickets-1162784.html Let 3 so definitivno edinstveni in zanimivi \u2013 tako po idejah, glasbi in energiji kot po njihovi te\u017enji po \u0161okiranju in provokaciji. Provokativna rock skupina iz [&hellip;]<\/p>","protected":false},"author":11,"featured_media":46397,"template":"","meta":{"_seopress_robots_primary_cat":"none","_seopress_titles_title":"","_seopress_titles_desc":"","_seopress_robots_index":""},"product_brand":[],"product_cat":[230],"product_tag":[222],"class_list":{"0":"post-26463","1":"product","2":"type-product","3":"status-publish","4":"has-post-thumbnail","6":"product_cat-arhiv","7":"product_tag-predprodaja","9":"entry","10":"has-media","12":"first","13":"instock","14":"virtual","15":"taxable","16":"product-type-simple","17":"has-product-nav","18":"col","19":"span_1_of_4","20":"owp-content-center","21":"item-entry","22":"owp-thumbs-layout-horizontal","23":"owp-btn-normal","24":"owp-tabs-layout-section","25":"has-no-thumbnails"},"publishpress_future_action":{"enabled":false,"date":"2026-05-09 03:27:15","action":"change-status","newStatus":"draft","terms":[],"taxonomy":"product_cat","extraData":[]},"publishpress_future_workflow_manual_trigger":{"enabledWorkflows":[]},"_links":{"self":[{"href":"https:\/\/www.orto-bar.com\/en\/wp-json\/wp\/v2\/product\/26463","targetHints":{"allow":["GET"]}}],"collection":[{"href":"https:\/\/www.orto-bar.com\/en\/wp-json\/wp\/v2\/product"}],"about":[{"href":"https:\/\/www.orto-bar.com\/en\/wp-json\/wp\/v2\/types\/product"}],"author":[{"embeddable":true,"href":"https:\/\/www.orto-bar.com\/en\/wp-json\/wp\/v2\/users\/11"}],"version-history":[{"count":0,"href":"https:\/\/www.orto-bar.com\/en\/wp-json\/wp\/v2\/product\/26463\/revisions"}],"wp:featuredmedia":[{"embeddable":true,"href":"https:\/\/www.orto-bar.com\/en\/wp-json\/wp\/v2\/media\/46397"}],"wp:attachment":[{"href":"https:\/\/www.orto-bar.com\/en\/wp-json\/wp\/v2\/media?parent=26463"}],"wp:term":[{"taxonomy":"product_brand","embeddable":true,"href":"https:\/\/www.orto-bar.com\/en\/wp-json\/wp\/v2\/product_brand?post=26463"},{"taxonomy":"product_cat","embeddable":true,"href":"https:\/\/www.orto-bar.com\/en\/wp-json\/wp\/v2\/product_cat?post=26463"},{"taxonomy":"product_tag","embeddable":true,"href":"https:\/\/www.orto-bar.com\/en\/wp-json\/wp\/v2\/product_tag?post=26463"}],"curies":[{"name":"wp","href":"https:\/\/api.w.org\/{rel}","templated":true}]}}