{"id":26468,"date":"2023-01-15T19:04:56","date_gmt":"2023-01-15T19:04:56","guid":{"rendered":"https:\/\/www.orto-bar.com\/?post_type=product&#038;p=26468"},"modified":"2023-01-19T10:54:14","modified_gmt":"2023-01-19T10:54:14","slug":"orto-fest-2023-jet-black-diamondssmetnaki","status":"publish","type":"product","link":"https:\/\/www.orto-bar.com\/en\/dogodki\/arhiv\/orto-fest-2023-jet-black-diamondssmetnaki\/","title":{"rendered":"Orto Fest 2023 \u2013   Jet Black Diamonds,Smetnaki"},"content":{"rendered":"<p><strong>\u00a0Jet Black Diamonds<\/strong><\/p>\n<p>&nbsp;<\/p>\n<p>Zasedbo Jet Black Diamonds, ki izhaja iz Vipavske doline, sestavlja pet mladeni\u010dev. Povezuje jih mladostna energija in ljubezen do ustvarjanja avtorske glasbe. Stilsko neobremenjeni plujejo med razli\u010dnimi glasbenimi stili, najpogosteje pa jih, po njihovih besedah, zanese v vode sodobnej\u0161ih derivatov rock&#8217;n&#8217;rolla.<\/p>\n<p>V letu 2021 so s svojim prvim avtorskim singlom &#8220;Retro anorak&#8221; konkretno opozorili nase. Po lokalnem je pesem obnorela \u0161e vseslovensko ob\u010dinstvo in kot Popevka tedna avgusta postala najbolj predvajana skladba na Valu 202.<\/p>\n<p>Par mesecev pozneje so Jet Black Diamonds zavladali na tekmovanju \u0161tudentskih skupin \u0160ourock 2021 in nato postregli z novim singlom &#8220;\u0160e zadnji\u010d&#8221;, kateremu je sledila nominacija Zlate pi\u0161\u010dali za novinca leta. V letu 2022 so izdali svoj prvi kratkometra\u017eni album z naslovom Ve\u010dvredne romance. Iz albuma so kar trije singli postali popevke tedna.<\/p>\n<p>V letu 2023 na\u010drtujejo izdajo dolgometra\u017enega prvenca, ki bi jih dokon\u010dno zasidral med najpomembnej\u0161e slovenske glasbene ustvarjalce.<\/p>\n<p>&nbsp;<\/p>\n<p><strong>\u00a0Smetnaki<\/strong><\/p>\n<p>&nbsp;<\/p>\n<p>Smetnaki, kranjsko-tr\u017ei\u0161ka glasbena naveza 3 brassonerjev in vokalistov, 2 strunarjev in bobnarja.\u00a0\u017danrsko se te\u017eko opredelijo &#8211; vedno se odzivajo na preproste do zelo bizarne situacije \u017eivljenja. Njihovo\u00a0glasbo, najbolj pa besedila, tako zaznamuje humor &#8211; bolj ali manj zakrit v ve\u010d nivojev sarkazma in ironije.\u00a0Ustvarjajo iz organske nuje, igrajo, ker sebe in nas radi naple\u0161ejo in pre\u0161vicajo.<\/p>\n<p>Vstopnina v predprodaji: 10 \u20ac<\/p>\n<p>Na dan dogodka : 15\u20ac<\/p>","protected":false},"excerpt":{"rendered":"<p>\u00a0Jet Black Diamonds &nbsp; Zasedbo Jet Black Diamonds, ki izhaja iz Vipavske doline, sestavlja pet mladeni\u010dev. Povezuje jih mladostna energija in ljubezen do ustvarjanja avtorske glasbe. Stilsko neobremenjeni plujejo med razli\u010dnimi glasbenimi stili, najpogosteje pa jih, po njihovih besedah, zanese v vode sodobnej\u0161ih derivatov rock&#8217;n&#8217;rolla. V letu 2021 so s svojim prvim avtorskim singlom &#8220;Retro [&hellip;]<\/p>","protected":false},"author":11,"featured_media":26469,"template":"","meta":{"_seopress_robots_primary_cat":"none","_seopress_titles_title":"","_seopress_titles_desc":"","_seopress_robots_index":""},"product_brand":[],"product_cat":[230],"product_tag":[222],"class_list":{"0":"post-26468","1":"product","2":"type-product","3":"status-publish","4":"has-post-thumbnail","6":"product_cat-arhiv","7":"product_tag-predprodaja","9":"entry","10":"has-media","12":"first","13":"instock","14":"virtual","15":"taxable","16":"product-type-simple","17":"has-product-nav","18":"col","19":"span_1_of_4","20":"owp-content-center","21":"item-entry","22":"owp-thumbs-layout-horizontal","23":"owp-btn-normal","24":"owp-tabs-layout-section","25":"has-no-thumbnails"},"publishpress_future_action":{"enabled":false,"date":"2026-05-08 17:46:05","action":"change-status","newStatus":"draft","terms":[],"taxonomy":"product_cat","extraData":[]},"publishpress_future_workflow_manual_trigger":{"enabledWorkflows":[]},"_links":{"self":[{"href":"https:\/\/www.orto-bar.com\/en\/wp-json\/wp\/v2\/product\/26468","targetHints":{"allow":["GET"]}}],"collection":[{"href":"https:\/\/www.orto-bar.com\/en\/wp-json\/wp\/v2\/product"}],"about":[{"href":"https:\/\/www.orto-bar.com\/en\/wp-json\/wp\/v2\/types\/product"}],"author":[{"embeddable":true,"href":"https:\/\/www.orto-bar.com\/en\/wp-json\/wp\/v2\/users\/11"}],"version-history":[{"count":0,"href":"https:\/\/www.orto-bar.com\/en\/wp-json\/wp\/v2\/product\/26468\/revisions"}],"wp:featuredmedia":[{"embeddable":true,"href":"https:\/\/www.orto-bar.com\/en\/wp-json\/wp\/v2\/media\/26469"}],"wp:attachment":[{"href":"https:\/\/www.orto-bar.com\/en\/wp-json\/wp\/v2\/media?parent=26468"}],"wp:term":[{"taxonomy":"product_brand","embeddable":true,"href":"https:\/\/www.orto-bar.com\/en\/wp-json\/wp\/v2\/product_brand?post=26468"},{"taxonomy":"product_cat","embeddable":true,"href":"https:\/\/www.orto-bar.com\/en\/wp-json\/wp\/v2\/product_cat?post=26468"},{"taxonomy":"product_tag","embeddable":true,"href":"https:\/\/www.orto-bar.com\/en\/wp-json\/wp\/v2\/product_tag?post=26468"}],"curies":[{"name":"wp","href":"https:\/\/api.w.org\/{rel}","templated":true}]}}