{"id":26493,"date":"2023-01-16T17:46:35","date_gmt":"2023-01-16T17:46:35","guid":{"rendered":"https:\/\/www.orto-bar.com\/?post_type=product&#038;p=26493"},"modified":"2023-01-16T18:04:05","modified_gmt":"2023-01-16T18:04:05","slug":"ice-on-fire-predstavitev-albuma-plesi","status":"publish","type":"product","link":"https:\/\/www.orto-bar.com\/en\/dogodki\/arhiv\/ice-on-fire-predstavitev-albuma-plesi\/","title":{"rendered":"Ice on Fire, predstavitev albuma Ple\u0161i"},"content":{"rendered":"<div class=\"x11i5rnm xat24cr x1mh8g0r x1vvkbs xdj266r\">Ice on Fire, novome\u0161ki punk rock bend, napoveduje koncert ob predstavitvi drugega albuma Ple\u0161i. Nanj vabijo vse \u017eeljne plesa v tej nori sceni, ki ji re\u010demo svet. Fantje pravijo, da jih je ples vedno navdajal z ob\u010dutkom sre\u010de. Album dvanajstih skladb prepletajo zgodbe Amadeja, Johnnya, Nejca in Alexa. S poslu\u0161anjem njihovih zgodb potujemo od izgube prijateljstev, ponavljanja istih napak, spra\u0161evanja o dru\u017ebi pa vse do novih zagonov, mo\u010dnej\u0161e ljubezni in dognanja, da je \u010disto okej, \u010de nisi vedno okej.<\/div>\n<div class=\"x11i5rnm xat24cr x1mh8g0r x1vvkbs xtlvy1s\">Kdaj? &#8211; 5. maj 2023 ob 20:00 uri<\/div>\n<div class=\"x11i5rnm xat24cr x1mh8g0r x1vvkbs xtlvy1s\">Kje? &#8211; Orto bar, Ljubljana, Grablovi\u010deva 1.<\/div>\n<div class=\"x11i5rnm xat24cr x1mh8g0r x1vvkbs xtlvy1s\">Vstopnice: 12.00 eur (early bird), 15.00 eur (redna predprodaja), 18.00 eur (vrata).<\/div>\n<div class=\"x11i5rnm xat24cr x1mh8g0r x1vvkbs xtlvy1s\"><a class=\"x1i10hfl xjbqb8w x6umtig x1b1mbwd xaqea5y xav7gou x9f619 x1ypdohk xt0psk2 xe8uvvx xdj266r x11i5rnm xat24cr x1mh8g0r xexx8yu x4uap5 x18d9i69 xkhd6sd x16tdsg8 x1hl2dhg xggy1nq x1a2a7pz xt0b8zv x1fey0fg\" tabindex=\"0\" role=\"link\" href=\"https:\/\/l.facebook.com\/l.php?u=https%3A%2F%2Fwww.mojekarte.si%2Fsi%2Fice-on-fire-predstavitev-albuma-plesi%2Fvstopnice-1162106.html%3Ffbclid%3DIwAR3LWWERQ9SryQfofZcnvqCYtnOgKEtWUVNgAkQ2lYDHeatVWPIzoy39hU4&amp;h=AT3GMVM2Dnv7gWwDQBuI-I3qfN1VEF52YIUPJuyzQUJrSOpiebEt58ptn88W6ZuXp3c8I29O4jAIWRmaCnGxYmRcnm8H2KjY6Bm00tnHq0X7_qVvXJu88dWw66A2uwxn4A&amp;__tn__=q&amp;c[0]=AT2yjfVkyxb91Zd4o9lQca8Mzk-kBqhWKtiQ7HTn5E7ecvOqtGEktlFgdvRtd_0XRMLyqlX1-axSQCVKNn7mn0FCDeQ5-thSPxG45Q22JWCZkTLjPTozpqrni9gqbXDOGDDxgF6cUKIybp_U83U4udNvf730Zmxr3j89F-PYBUvm4uuDs0c3\" target=\"_blank\" rel=\"nofollow noopener\">https:\/\/www.mojekarte.si\/&#8230;\/ice&#8230;\/vstopnice-1162106.html<\/a><br \/>\n&#8212;<\/div>\n<div class=\"x11i5rnm xat24cr x1mh8g0r x1vvkbs xtlvy1s\">Ice on Fire:<\/div>\n<div class=\"x11i5rnm xat24cr x1mh8g0r x1vvkbs xtlvy1s\">Ice on Fire je novome\u0161ka pop punk oz. punk rock skupina \u0161tirih fantov, ki svojo glasbo ustvarja v maternem jeziku. Johnny, Nejc, Alex in Amadej \u017eivijo bend \u0161tirih &#8220;bratov&#8221; in pravijo, da se se na odru po\u010dutijo nevarno svobodne. Bend je nastal \u017ee v njihovih srednje\u0161olskih letih (2013), na sceno pa se je prvi\u010d resno postavil leta 2018, ko so sami posneli in izdali album z naslovom &#8220;Dobro v Slabem&#8221;, preigrali lepo \u0161tevilko koncertnih odrov in ga leto kasneje izdali \u0161e kot live album &#8220;Dobro v \u017divo&#8221; (\u0160VIC 2019). Nato se je zgodila prisilna pavza (Covid), a so bili na koncu le te pripravljeni. 2022 je bilo za bend prelomno, saj so takoj po izdaji prvega singla Odprto podpisali pogodbo z NIKA, nato pa izdali \u0161e dva singla: Zadnji Ples, ki je postal popevka tedna na VAL 202 in Po tankem ledu, ki je nominiran v rock kategoriji MAC awards 2023. V prvi polovici leta so nanizali okoli 20 nastopov, med drugimi tudi na Lampion\u010dkih in na razprodanem Castle festivalu, v drugi pa so se zaprli v studio in nastal je drugi studijski album Ple\u0161i.<\/div>\n<div class=\"x11i5rnm xat24cr x1mh8g0r x1vvkbs xtlvy1s\">Facebook:\u00a0<a class=\"x1i10hfl xjbqb8w x6umtig x1b1mbwd xaqea5y xav7gou x9f619 x1ypdohk xt0psk2 xe8uvvx xdj266r x11i5rnm xat24cr x1mh8g0r xexx8yu x4uap5 x18d9i69 xkhd6sd x16tdsg8 x1hl2dhg xggy1nq x1a2a7pz xt0b8zv xzsf02u x1s688f\" tabindex=\"0\" role=\"link\" href=\"https:\/\/www.facebook.com\/iceonfire.music?__cft__[0]=AZUfj4G12PbZx_e9a5D5LhS_jV1FTO4Dz7Y4KktNUewLgF1fnDwOxvIRpi9STDRAD4OwdU--vXg4sAqkHB12mIcRI8RVwRorBXag7Pdypg4FjXIOAjhPELUMRJWtfDHOOzZhcqX58lUlyh1eVnUw67iC8cpOvlNsSzHf-mIuNjKxeA&amp;__tn__=q\"><span class=\"xt0psk2\">https:\/\/www.facebook.com\/iceonfire.music<\/span><\/a><\/div>\n<div class=\"x11i5rnm xat24cr x1mh8g0r x1vvkbs xtlvy1s\">Instagram:\u00a0<a class=\"x1i10hfl xjbqb8w x6umtig x1b1mbwd xaqea5y xav7gou x9f619 x1ypdohk xt0psk2 xe8uvvx xdj266r x11i5rnm xat24cr x1mh8g0r xexx8yu x4uap5 x18d9i69 xkhd6sd x16tdsg8 x1hl2dhg xggy1nq x1a2a7pz xt0b8zv x1fey0fg\" tabindex=\"0\" role=\"link\" href=\"https:\/\/l.facebook.com\/l.php?u=https%3A%2F%2Fwww.instagram.com%2Ficeonfire.rock%2F%3Ffbclid%3DIwAR3kCEczyZeXTW-asN21WDEO65iMx_rkUbaoW0aSH5MHvLLrm3-bbHI6EXk&amp;h=AT00jNA8oAL4YH3h_r6IGDjN8Xfh4J1SlM4Wv4T2IfOdy2Jwd4Gu1YI_npxMeerXTyYdrC6SHkaELQntivr5hGpZLZ2i13gmKtpA5WRCnzZrW2vQBgIdS5aa6KEmOvZnnQ&amp;__tn__=q&amp;c[0]=AT2yjfVkyxb91Zd4o9lQca8Mzk-kBqhWKtiQ7HTn5E7ecvOqtGEktlFgdvRtd_0XRMLyqlX1-axSQCVKNn7mn0FCDeQ5-thSPxG45Q22JWCZkTLjPTozpqrni9gqbXDOGDDxgF6cUKIybp_U83U4udNvf730Zmxr3j89F-PYBUvm4uuDs0c3\" target=\"_blank\" rel=\"nofollow noopener\">https:\/\/www.instagram.com\/iceonfire.rock\/<\/a><\/div>\n<div class=\"x11i5rnm xat24cr x1mh8g0r x1vvkbs xtlvy1s\">Spotify:\u00a0<a class=\"x1i10hfl xjbqb8w x6umtig x1b1mbwd xaqea5y xav7gou x9f619 x1ypdohk xt0psk2 xe8uvvx xdj266r x11i5rnm xat24cr x1mh8g0r xexx8yu x4uap5 x18d9i69 xkhd6sd x16tdsg8 x1hl2dhg xggy1nq x1a2a7pz xt0b8zv x1fey0fg\" tabindex=\"0\" role=\"link\" href=\"https:\/\/open.spotify.com\/artist\/2qGoQn2eXBfpVzWrl2zPwZ?si=_4YYt6O5SzG4GmyUK9OaJw&amp;fbclid=IwAR3nCJvThs2Uu-jZqjyb_Ilm8uzrCjkNXjKNGWYVbR9m3vDM68xYdVr0i7Y\" target=\"_blank\" rel=\"nofollow noopener\">https:\/\/open.spotify.com\/artist\/2qGoQn2eXBfpVzWrl2zPwZ&#8230;<\/a><\/div>\n<div class=\"x11i5rnm xat24cr x1mh8g0r x1vvkbs xtlvy1s\"><\/div>\n<div class=\"x11i5rnm xat24cr x1mh8g0r x1vvkbs xtlvy1s\"><\/div>\n<div class=\"x11i5rnm xat24cr x1mh8g0r x1vvkbs xtlvy1s\">EMBER:<\/div>\n<div class=\"x11i5rnm xat24cr x1mh8g0r x1vvkbs xtlvy1s\">EMBER so \u0161tiri\u010dlanska slovenska glasbena skupina iz \u0160entjerneja in Bre\u017eic, ki ustvarja indie rock glasbo. Zasedbo sestavljajo frontman ter glavni pisec besedil Davor Vovko, kitarist Jakob Fifnja, bas kitarist Nejc Hodnik in bobnar Nik \u0160valj Pleskovi\u010d. EMBER je \u017eerjavica, ki tli, tako kot v njih tli glasba zvo\u010dnih estetik \u017ee minulih in modernej\u0161ih kulis. Februarja 2021 so na slovensko glasbeno sceno stopili z debitantsko skladbo Pepel, ki je bila v javnosti odli\u010dno sprejeta. Z njo so po\u017eeli uspeh na radijskih in televizijskih valovih, saj je bil Pepel najve\u010dkrat predvajana skladba na radiu Val 202 v letu 2021. Sledil je izid drugega singla Sam, ki je bil prav tako izglasovan za popevko tedna. Trenutno so v fazi ustvarjanja sve\u017eega materiala.<\/div>\n<div class=\"x11i5rnm xat24cr x1mh8g0r x1vvkbs xtlvy1s\">Facebook:\u00a0<a class=\"x1i10hfl xjbqb8w x6umtig x1b1mbwd xaqea5y xav7gou x9f619 x1ypdohk xt0psk2 xe8uvvx xdj266r x11i5rnm xat24cr x1mh8g0r xexx8yu x4uap5 x18d9i69 xkhd6sd x16tdsg8 x1hl2dhg xggy1nq x1a2a7pz xt0b8zv xzsf02u x1s688f\" tabindex=\"0\" role=\"link\" href=\"https:\/\/www.facebook.com\/emberband.official?__cft__[0]=AZUfj4G12PbZx_e9a5D5LhS_jV1FTO4Dz7Y4KktNUewLgF1fnDwOxvIRpi9STDRAD4OwdU--vXg4sAqkHB12mIcRI8RVwRorBXag7Pdypg4FjXIOAjhPELUMRJWtfDHOOzZhcqX58lUlyh1eVnUw67iC8cpOvlNsSzHf-mIuNjKxeA&amp;__tn__=q\"><span class=\"xt0psk2\">https:\/\/www.facebook.com\/emberband.official<\/span><\/a><\/div>\n<div class=\"x11i5rnm xat24cr x1mh8g0r x1vvkbs xtlvy1s\">Instagram:\u00a0<a class=\"x1i10hfl xjbqb8w x6umtig x1b1mbwd xaqea5y xav7gou x9f619 x1ypdohk xt0psk2 xe8uvvx xdj266r x11i5rnm xat24cr x1mh8g0r xexx8yu x4uap5 x18d9i69 xkhd6sd x16tdsg8 x1hl2dhg xggy1nq x1a2a7pz xt0b8zv x1fey0fg\" tabindex=\"0\" role=\"link\" href=\"https:\/\/l.facebook.com\/l.php?u=https%3A%2F%2Fwww.instagram.com%2Fember_band%2F%3Ffbclid%3DIwAR3SYAdP4a0-x9y3SuS2O5zsN2pz4-ms4Q-piIPutyQxuwvICZRnlfmY_q4&amp;h=AT04akP3zz8N63C_Bs5dAdu8dn4ZaUbxvSN2WcdaMXMBTXFB_tSu7C6pjsSocF-pPn_koU2PRlk7aJxHjos9KwmoHKKAUDJkRvkclpGRQcw3HTr1Zck_DzHWhTw5n9Sckg&amp;__tn__=q&amp;c[0]=AT2yjfVkyxb91Zd4o9lQca8Mzk-kBqhWKtiQ7HTn5E7ecvOqtGEktlFgdvRtd_0XRMLyqlX1-axSQCVKNn7mn0FCDeQ5-thSPxG45Q22JWCZkTLjPTozpqrni9gqbXDOGDDxgF6cUKIybp_U83U4udNvf730Zmxr3j89F-PYBUvm4uuDs0c3\" target=\"_blank\" rel=\"nofollow noopener\">https:\/\/www.instagram.com\/ember_band\/<\/a><\/div>\n<div class=\"x11i5rnm xat24cr x1mh8g0r x1vvkbs xtlvy1s\">Spotify:\u00a0<a class=\"x1i10hfl xjbqb8w x6umtig x1b1mbwd xaqea5y xav7gou x9f619 x1ypdohk xt0psk2 xe8uvvx xdj266r x11i5rnm xat24cr x1mh8g0r xexx8yu x4uap5 x18d9i69 xkhd6sd x16tdsg8 x1hl2dhg xggy1nq x1a2a7pz xt0b8zv x1fey0fg\" tabindex=\"0\" role=\"link\" href=\"https:\/\/l.facebook.com\/l.php?u=https%3A%2F%2Fopen.spotify.com%2Fartist%2F49UrWNgCdbwIVD2BFxNiNH%3Fsi%3DizereFo3RRGs5HVikdorNw%26fbclid%3DIwAR0_d6DRTjkgoifbbg7TpPiXhb5XOSbkLkKD1V2CAfOk7BLqoWv47QVlIRs&amp;h=AT1h2GdDpVsmNEwV5Q9yC1-iL9LfMWYPf9_saFAwo7RkLMfSmXoJUtKcDobG0ch81MwLG0NGR9tJOHtY9Q02J7s6h_wgLByXUzCVqK_6f2okd48HsOtSsd6IP6vo7rYigw&amp;__tn__=q&amp;c[0]=AT2yjfVkyxb91Zd4o9lQca8Mzk-kBqhWKtiQ7HTn5E7ecvOqtGEktlFgdvRtd_0XRMLyqlX1-axSQCVKNn7mn0FCDeQ5-thSPxG45Q22JWCZkTLjPTozpqrni9gqbXDOGDDxgF6cUKIybp_U83U4udNvf730Zmxr3j89F-PYBUvm4uuDs0c3\" target=\"_blank\" rel=\"nofollow noopener\">https:\/\/open.spotify.com\/artist\/49UrWNgCdbwIVD2BFxNiNH&#8230;<\/a><\/div>","protected":false},"excerpt":{"rendered":"<p>Ice on Fire, novome\u0161ki punk rock bend, napoveduje koncert ob predstavitvi drugega albuma Ple\u0161i. Nanj vabijo vse \u017eeljne plesa v tej nori sceni, ki ji re\u010demo svet. Fantje pravijo, da jih je ples vedno navdajal z ob\u010dutkom sre\u010de. Album dvanajstih skladb prepletajo zgodbe Amadeja, Johnnya, Nejca in Alexa. S poslu\u0161anjem njihovih zgodb potujemo od izgube [&hellip;]<\/p>","protected":false},"author":11,"featured_media":26494,"template":"","meta":{"_seopress_robots_primary_cat":"none","_seopress_titles_title":"","_seopress_titles_desc":"","_seopress_robots_index":""},"product_brand":[],"product_cat":[230],"product_tag":[222],"class_list":{"0":"post-26493","1":"product","2":"type-product","3":"status-publish","4":"has-post-thumbnail","6":"product_cat-arhiv","7":"product_tag-predprodaja","9":"entry","10":"has-media","12":"first","13":"onbackorder","14":"virtual","15":"taxable","16":"product-type-simple","17":"has-product-nav","18":"col","19":"span_1_of_4","20":"owp-content-center","21":"item-entry","22":"owp-thumbs-layout-horizontal","23":"owp-btn-normal","24":"owp-tabs-layout-section","25":"has-no-thumbnails"},"publishpress_future_action":{"enabled":false,"date":"2026-05-08 21:31:26","action":"change-status","newStatus":"draft","terms":[],"taxonomy":"product_cat","extraData":[]},"publishpress_future_workflow_manual_trigger":{"enabledWorkflows":[]},"_links":{"self":[{"href":"https:\/\/www.orto-bar.com\/en\/wp-json\/wp\/v2\/product\/26493","targetHints":{"allow":["GET"]}}],"collection":[{"href":"https:\/\/www.orto-bar.com\/en\/wp-json\/wp\/v2\/product"}],"about":[{"href":"https:\/\/www.orto-bar.com\/en\/wp-json\/wp\/v2\/types\/product"}],"author":[{"embeddable":true,"href":"https:\/\/www.orto-bar.com\/en\/wp-json\/wp\/v2\/users\/11"}],"version-history":[{"count":0,"href":"https:\/\/www.orto-bar.com\/en\/wp-json\/wp\/v2\/product\/26493\/revisions"}],"wp:featuredmedia":[{"embeddable":true,"href":"https:\/\/www.orto-bar.com\/en\/wp-json\/wp\/v2\/media\/26494"}],"wp:attachment":[{"href":"https:\/\/www.orto-bar.com\/en\/wp-json\/wp\/v2\/media?parent=26493"}],"wp:term":[{"taxonomy":"product_brand","embeddable":true,"href":"https:\/\/www.orto-bar.com\/en\/wp-json\/wp\/v2\/product_brand?post=26493"},{"taxonomy":"product_cat","embeddable":true,"href":"https:\/\/www.orto-bar.com\/en\/wp-json\/wp\/v2\/product_cat?post=26493"},{"taxonomy":"product_tag","embeddable":true,"href":"https:\/\/www.orto-bar.com\/en\/wp-json\/wp\/v2\/product_tag?post=26493"}],"curies":[{"name":"wp","href":"https:\/\/api.w.org\/{rel}","templated":true}]}}