{"id":26650,"date":"2023-01-18T14:41:55","date_gmt":"2023-01-18T14:41:55","guid":{"rendered":"https:\/\/www.orto-bar.com\/?post_type=product&#038;p=26650"},"modified":"2023-02-25T20:15:58","modified_gmt":"2023-02-25T19:15:58","slug":"if-floyd-tribute-to-pink-floyd-2","status":"publish","type":"product","link":"https:\/\/www.orto-bar.com\/en\/dogodki\/arhiv\/if-floyd-tribute-to-pink-floyd-2\/","title":{"rendered":"IF FLOYD tribute to PINK FLOYD"},"content":{"rendered":"<p>Glasbena skupina\u00a0<strong>IF FLOYD<\/strong>\u00a0je nastala z namenom avtenti\u010dno poustvarjati harmoni\u010dne, progresivne in intelektualno mo\u010dne glasbene trenutke skupine\u00a0<strong>PINK FLOYD<\/strong>\u00a0in s tem pozitivno glasbeno energijo \u0161iriti med ljudi z najve\u010djo mo\u017eno mero.<\/p>\n<p>Glasbeni za\u010detki skupine\u00a0<strong>IF FLOYD<\/strong>\u00a0segajo v leto\u00a0<strong>2000,<\/strong>\u00a0ko se je izvedel prvi multimedijski projekt.<\/p>\n<p>V tem obdobju do danes je glasbena skupina glasbeno aktivna brez prestanka in ima povpre\u010dno vsaj 10 koncertov letno.<\/p>\n<p><strong>IF FLOYD<\/strong>\u00a0v svojem glasbenem nastopu ponuja koncert z glasbeno retrospektivo skladb preko za\u010detnega obdobja glasbenega ustvarjanja skupine\u00a0<strong>PINK FLOYD<\/strong><\/p>\n<p>(albumi:\u00a0<strong>The Piper At The Gates Of Dawn<\/strong>,\u00a0<strong>Meddle<\/strong>,\u00a0<strong>Dark Side Off The Moon<\/strong>,\u00a0<strong>Wish You Were Here<\/strong>,\u00a0<strong>The Wall<\/strong>), preko osemdesetih in devetdesetih let (albumi:\u00a0<strong>A Momentary Laps Of Reason<\/strong>,\u00a0<strong>The Division Bell<\/strong>).<\/p>\n<p>&nbsp;<\/p>","protected":false},"excerpt":{"rendered":"<p>Glasbena skupina\u00a0IF FLOYD\u00a0je nastala z namenom avtenti\u010dno poustvarjati harmoni\u010dne, progresivne in intelektualno mo\u010dne glasbene trenutke skupine\u00a0PINK FLOYD\u00a0in s tem pozitivno glasbeno energijo \u0161iriti med ljudi z najve\u010djo mo\u017eno mero. Glasbeni za\u010detki skupine\u00a0IF FLOYD\u00a0segajo v leto\u00a02000,\u00a0ko se je izvedel prvi multimedijski projekt. V tem obdobju do danes je glasbena skupina glasbeno aktivna brez prestanka in ima [&hellip;]<\/p>","protected":false},"author":11,"featured_media":27851,"template":"","meta":{"_seopress_robots_primary_cat":"none","_seopress_titles_title":"","_seopress_titles_desc":"","_seopress_robots_index":""},"product_brand":[],"product_cat":[230],"product_tag":[222],"class_list":{"0":"post-26650","1":"product","2":"type-product","3":"status-publish","4":"has-post-thumbnail","6":"product_cat-arhiv","7":"product_tag-predprodaja","9":"entry","10":"has-media","12":"first","13":"instock","14":"virtual","15":"taxable","16":"product-type-simple","17":"has-product-nav","18":"col","19":"span_1_of_4","20":"owp-content-center","21":"item-entry","22":"owp-thumbs-layout-horizontal","23":"owp-btn-normal","24":"owp-tabs-layout-section","25":"has-no-thumbnails"},"publishpress_future_action":{"enabled":false,"date":"2026-05-08 14:28:21","action":"change-status","newStatus":"draft","terms":[],"taxonomy":"product_cat","extraData":[]},"publishpress_future_workflow_manual_trigger":{"enabledWorkflows":[]},"_links":{"self":[{"href":"https:\/\/www.orto-bar.com\/en\/wp-json\/wp\/v2\/product\/26650","targetHints":{"allow":["GET"]}}],"collection":[{"href":"https:\/\/www.orto-bar.com\/en\/wp-json\/wp\/v2\/product"}],"about":[{"href":"https:\/\/www.orto-bar.com\/en\/wp-json\/wp\/v2\/types\/product"}],"author":[{"embeddable":true,"href":"https:\/\/www.orto-bar.com\/en\/wp-json\/wp\/v2\/users\/11"}],"version-history":[{"count":0,"href":"https:\/\/www.orto-bar.com\/en\/wp-json\/wp\/v2\/product\/26650\/revisions"}],"wp:featuredmedia":[{"embeddable":true,"href":"https:\/\/www.orto-bar.com\/en\/wp-json\/wp\/v2\/media\/27851"}],"wp:attachment":[{"href":"https:\/\/www.orto-bar.com\/en\/wp-json\/wp\/v2\/media?parent=26650"}],"wp:term":[{"taxonomy":"product_brand","embeddable":true,"href":"https:\/\/www.orto-bar.com\/en\/wp-json\/wp\/v2\/product_brand?post=26650"},{"taxonomy":"product_cat","embeddable":true,"href":"https:\/\/www.orto-bar.com\/en\/wp-json\/wp\/v2\/product_cat?post=26650"},{"taxonomy":"product_tag","embeddable":true,"href":"https:\/\/www.orto-bar.com\/en\/wp-json\/wp\/v2\/product_tag?post=26650"}],"curies":[{"name":"wp","href":"https:\/\/api.w.org\/{rel}","templated":true}]}}