{"id":26658,"date":"2023-01-18T19:46:52","date_gmt":"2023-01-18T19:46:52","guid":{"rendered":"https:\/\/www.orto-bar.com\/?post_type=product&#038;p=26658"},"modified":"2023-04-11T11:57:48","modified_gmt":"2023-04-11T10:57:48","slug":"23-orto-fest","status":"publish","type":"product","link":"https:\/\/www.orto-bar.com\/en\/dogodki\/arhiv\/23-orto-fest\/","title":{"rendered":"23. Orto FEST"},"content":{"rendered":"<ol start=\"23\">\n<li><strong> ORTO FEST<\/strong><\/li>\n<\/ol>\n<p><strong>Od 30. 3. do 29. 4. 2023, <\/strong><\/p>\n<p><strong>ORTO BAR, LJUBLJANA<\/strong><\/p>\n<p><strong>\u00a0<\/strong><\/p>\n<p><strong>\u017dE 23. CELOMESE\u010cNI MEDNARODNI KLUBSKI FESTIVAL <\/strong><\/p>\n<p><strong>ORTO FEST OD 30. MARCA DO 29. APRILA 2023 <\/strong><\/p>\n<p>&nbsp;<\/p>\n<p><strong>Od 30. marca do 29. aprila 2023 bo v Orto baru v Ljubljani potekal \u017ee 23. mednarodni, najve\u010dji klubski festival v Sloveniji, Orto Fest, ki je unikum v na\u0161em prostoru. V svoji zgodovini je gostil \u017ee ve\u010d kot 700 glasbenih skupin in izvajalcev. <\/strong>Tudi letos bo Orto Fest \u017eanrsko izjemno barvit, na njem pa bo \u00a0nastopilo kar <strong>21 doma\u010dih in 11 tujih glasbenih izvajalcev<\/strong>, med njimi skupine <strong>Big Foot Mama, Dan D, Koala Voice, Paraf,Gr\u010d, Crvena jabuka, Slon in Sade\u017e, Elvis Jackson, Niet,<\/strong> <strong>\u00a0<\/strong><strong>Swallow The Sun<\/strong>, <strong>Avatarium<\/strong>, <strong>Metropolis<\/strong> ter druge.<\/p>\n<p>&nbsp;<\/p>\n<p><strong>Kaja Kosem iz KUD-a Bum bum banana<\/strong>, soorganizatorka, za prihajajo\u010di Orto Festu pravi: <strong>\u00bb<em>Tudi letos nam je uspelo pripraviti zdaj \u017ee kar 23. Orto Fest, ki je \u017eanrsko morda \u0161e malce bolj pester, kot so bili prej\u0161nji. Vesela sem, da je bil odziv nastopajo\u010dih skupin pozitiven in spodbuden ter se jim obenem vnaprej zahvaljujem za sodelovanje.<\/em><\/strong><\/p>\n<ol start=\"23\">\n<li><strong><em> Orto Fest je tako, kot vsi prej\u0161nji, ve\u010ddnevni praznik slovenske klubske glasbe pri katerem sodelujejo \u0161tevilna zvene\u010da tuja glasbena imena. Poleg njih bodo tudi letos nastopili \u0161tevilni mladi upi in \u017ee uveljavljena imena slovenske glasbene scene. Mladi se tako lahko u\u010dijo od starih na istem odru, kar je navsezadnje zelo pomembno za razvoj glasbe v Sloveniji. To je tudi eden od glavnih ciljev Orto Festa kot valilnice mladih perspektivnih slovenskih glasbenih izvajalcev in skupin. Vzporedno \u017eelimo vzpodbujati tudi drugo delo na glasbenih prireditvah, ki je velikokrat bolj v ozadju in s tem hitro spregledano &#8211; tonsko delo, osvetlitev, promocija, sama izvedba dogodkov &#8230; Upamo, da bo leto\u0161nji Orto Fest dele\u017een \u010dim ve\u010dje medijske pozornosti\u00a0&#8211; s tem pa promocije nastopajo\u010dih skupin in klubske scene nasploh. Le-ta je pogosto kljub svoji kvaliteti zapostavljena in se zaradi tega mlade skupine ne morejo prebiti do javnosti. Tudi lani smo kandidirali na ob\u010dinskem razpisu in odgovor \u0161e \u010dakamo. Upamo, da bomo po 23-ih letih kon\u010dno uspeli in nam bo tako izvedba leto\u0161njega Orto Festa la\u017eja.\u00ab<\/em><\/strong><\/li>\n<\/ol>\n<p><strong>\u00a0<\/strong><\/p>\n<p><strong>Otvoritvena koncerta<\/strong> <strong>\u017ee 23. Orto Festa v Orto Baru v Ljubljani v \u010detrtek, 30. <\/strong>in v<strong> petek, 31. marca<\/strong> bosta pripadla sloviti doma\u010di rock zasedbi <strong>Big Foot Mama<\/strong>, v soboto, 1. 4., pa boste na odru lahko videli \u0161e eno izjemno slovensko rock skupino <strong>Dan D<\/strong>!<\/p>\n<p>&nbsp;<\/p>\n<p><strong>Drugi teden<\/strong> festivala se nadaljuje v torek, 4. 4. z doma\u010dima skupinama &#8211; rockerji <strong>Jet Black Diamonds <\/strong>in ska rockerji<strong> Smetnaki<\/strong>, v sredo, 5. 4. pa bo na oder stopil slovenski raper <strong>Vazz<\/strong> s svojim bandom. V \u010detrtek, 6. 4., bosta nastopili slovenski zasedbi, funk rock blues skupina <strong>Batista Cadillac<\/strong> in rock skupina <strong>Masharik<\/strong>, naslednji dan, v petek 7. 4. pa hrva\u0161ke punk legende iz Reke <strong>Paraf in Gr\u010d<\/strong>. Drugi teden Orto Festa bo v soboto, 8. 4. zaklju\u010dila doma\u010da indie rock skupina <strong>Koala Voice<\/strong>.<\/p>\n<p>&nbsp;<\/p>\n<p>V nov, <strong>tretji teden<\/strong> Orto Festa, se bomo podali v torek, 11. 4. z kantavtorjem <strong>Robertom Petanom &amp; The Rafters<\/strong>, naslednji ve\u010der, v sredo 12. 4. pa bo nastopila vsem znana zasedba <strong>Slon in Sade\u017e. <\/strong>V petek, 14. 4., \u00a0bodo ob\u010dinstvo Orto Festa zagreli legendarni sarajevsko-zagreb\u0161ki rockerji<strong> Crvena jabuka. <\/strong>V\u00a0nedeljo, 16. 4. pa boste lahko videli poljske stone doomerje <strong>Dopelord.<\/strong><\/p>\n<p>&nbsp;<\/p>\n<p>Ortofestov <strong>\u010detrti teden<\/strong> se bo za\u010del v sredo, 19. 4. z doma\u010dima izvajalcema <strong>Samuel Blues <\/strong>in<strong> 3Tone<\/strong>, v \u010detrtek, 20. 4. pa boste lahko u\u017eivali v <strong>UM &amp; Kuna Freestyle Show<\/strong>. Petkov koncert 21. 4. bo pripadel doma\u010di punk rock crossover skupini <strong>Elvis Jackson<\/strong>, sobotni, 22. 4. pa slovenskim punk rockerjem <strong>Niet <\/strong>in indie rock ter post punk skupini <strong>Pavlov<\/strong>.<\/p>\n<p><strong>Peti, zadnji teden<\/strong> Ortofesta se bo nadaljeval v sredo, 26. 4., ko bodo na oder stopile kar tri skupine: dead doom skupina <strong>Swallow The Sun<\/strong> iz Finske, doom bend <strong>Avatarium<\/strong> iz \u0160vedske in pa italijanski melodi\u010dni doom black metalci <strong>Shores Of Null<\/strong>. Oder festivala bo v \u010detrtek, 27. 4. pripadel doma\u010di rock&#8217;n&#8217;roll skupini <strong>Metropolis<\/strong>, v petek 28. 4. pa slovenski metal skupini <strong>Metalsteel<\/strong>. Zaklju\u010dni koncertni ve\u010der leto\u0161njega, \u017ee 23. Orto Festa, bo v soboto, 29. 4. z doma\u010dima skupinama, indie rock zasedbo <strong>Regen <\/strong>in rock skupino <strong>Plateau.<\/strong><\/p>\n<p><strong>\u00a0<\/strong><\/p>\n<p><strong>ORTO FEST \u017dE 23 LET<\/strong><\/p>\n<p><strong>\u00a0<\/strong><\/p>\n<p><strong>Orto Fest je \u017ee 23. let namenjen vsem generacijam ljubiteljev kvalitetne glasbe, tudi tiste, ki pogosto nima prostora v medijih. <\/strong>Orto Fest se lahko pohvali s tem, da so na njem nastopili \u0161tevilni najpomembnej\u0161i doma\u010di izvajalci, kot tudi mnogi mladi in \u0161e neuveljavljeni, kar je za razvoj glasbene scene pri nas izjemno pomembno. Na njem ste doslej lahko videli tudi \u0161tevilna tuja imena, kot so<strong> Dirty Three, Clawfinger, Nashwille Pusy, At the drive in, Joe Cape, Agnostic Front, Cult of Luna, Antinowhere League, Theraphy, Toasters, Dead Moon, Fishbone, Hate Breed, Strung Out, Kill your Idols, Majke, Hladno Pivo, Urban&amp;4, Rambo Amadeus, Dubioza Kolektiv, Psihomodo Pop, Massimo Savi\u0107, Jinx, Bambi Molesters &amp; Chris Eckman, Partibrejkers, Dog Eat Dog, Zabranjeno pu\u0161enje, Divlje jagode, Hanson Brothers, The Toasters, Kud Idijoti, Mike Watt in \u0161tevilna druga. \u010ce se\u0161tejemo obisk \u2013 v 22 letih je Orto Fest obiskalo \u017ee skoraj 100.000 ljudi, kar je za klubske razmere slovenskega formata izjemno lepa \u0161tevilka. <\/strong><\/p>\n<p><strong>\u00a0<\/strong><\/p>\n<p><strong>Orto Fest pa je specifi\u010den tudi po temu, da poteka skoraj nepretrgoma mesec dni. Gre za povsem neodvisen festival, ki obstaja zdaj \u017ee 23. leto brez vseh subvencij in drugih finan\u010dnih pomo\u010di. Da je festival kot tak velikega pomena tako za ljubljansko, kot tudi slovensko klubsko\/glasbeno sceno, pri\u010dajo tudi leto\u0161nji nastopajo\u010di. <\/strong><\/p>\n<p><strong>\u00a0<\/strong><\/p>\n<p><strong>Dodatne informacije o nastopajo\u010dih, ceni vstopnic in PREDPRODAJI za posamezne koncerte lahko preverite <\/strong><\/p>\n<p><strong>na uradni spletni strani in spletni trgovini: <\/strong><a href=\"http:\/\/www.orto-bar.com\/en\/\"><strong>www.orto-bar.com<\/strong><\/a> <strong>\u00a0pod zavihkom ORTO fest<\/strong><\/p>\n<p><strong>\u00a0<\/strong><\/p>\n<p><strong>Za vsa vpra\u0161anja in nagradne igre smo vam na voljo na <\/strong><a href=\"mailto:info@orto-bar.com\"><strong>info@orto-bar.com<\/strong><\/a><strong>, akreditacije za izbrane dogodke sprejemamo <u>do 15. 3. 2023<\/u><\/strong><\/p>\n<p><strong>preko spletnega obrazca.\u00a0 Hvala za va\u0161o podporo in vljudno vabljeni. <\/strong><\/p>\n<p><strong><em>\u00a0<\/em><\/strong><\/p>\n<p>&nbsp;<\/p>\n<p>&nbsp;<\/p>\n<p>&nbsp;<\/p>\n<p>&nbsp;<\/p>\n<p><strong><em>\u00a0<\/em><\/strong><\/p>\n<p>&nbsp;<\/p>","protected":false},"excerpt":{"rendered":"<p>ORTO FEST Od 30. 3. do 29. 4. 2023, ORTO BAR, LJUBLJANA \u00a0 \u017dE 23. CELOMESE\u010cNI MEDNARODNI KLUBSKI FESTIVAL ORTO FEST OD 30. MARCA DO 29. APRILA 2023 &nbsp; Od 30. marca do 29. aprila 2023 bo v Orto baru v Ljubljani potekal \u017ee 23. mednarodni, najve\u010dji klubski festival v Sloveniji, Orto Fest, ki je [&hellip;]<\/p>","protected":false},"author":11,"featured_media":40526,"template":"","meta":{"_seopress_robots_primary_cat":"none","_seopress_titles_title":"","_seopress_titles_desc":"","_seopress_robots_index":""},"product_brand":[],"product_cat":[230],"product_tag":[222],"class_list":{"0":"post-26658","1":"product","2":"type-product","3":"status-publish","4":"has-post-thumbnail","6":"product_cat-arhiv","7":"product_tag-predprodaja","9":"entry","10":"has-media","12":"first","13":"instock","14":"virtual","15":"taxable","16":"product-type-simple","17":"has-product-nav","18":"col","19":"span_1_of_4","20":"owp-content-center","21":"item-entry","22":"owp-thumbs-layout-horizontal","23":"owp-btn-normal","24":"owp-tabs-layout-section"},"publishpress_future_action":{"enabled":false,"date":"2026-05-01 17:50:22","action":"change-status","newStatus":"draft","terms":[],"taxonomy":"product_cat","extraData":[]},"publishpress_future_workflow_manual_trigger":{"enabledWorkflows":[]},"_links":{"self":[{"href":"https:\/\/www.orto-bar.com\/en\/wp-json\/wp\/v2\/product\/26658","targetHints":{"allow":["GET"]}}],"collection":[{"href":"https:\/\/www.orto-bar.com\/en\/wp-json\/wp\/v2\/product"}],"about":[{"href":"https:\/\/www.orto-bar.com\/en\/wp-json\/wp\/v2\/types\/product"}],"author":[{"embeddable":true,"href":"https:\/\/www.orto-bar.com\/en\/wp-json\/wp\/v2\/users\/11"}],"version-history":[{"count":0,"href":"https:\/\/www.orto-bar.com\/en\/wp-json\/wp\/v2\/product\/26658\/revisions"}],"wp:featuredmedia":[{"embeddable":true,"href":"https:\/\/www.orto-bar.com\/en\/wp-json\/wp\/v2\/media\/40526"}],"wp:attachment":[{"href":"https:\/\/www.orto-bar.com\/en\/wp-json\/wp\/v2\/media?parent=26658"}],"wp:term":[{"taxonomy":"product_brand","embeddable":true,"href":"https:\/\/www.orto-bar.com\/en\/wp-json\/wp\/v2\/product_brand?post=26658"},{"taxonomy":"product_cat","embeddable":true,"href":"https:\/\/www.orto-bar.com\/en\/wp-json\/wp\/v2\/product_cat?post=26658"},{"taxonomy":"product_tag","embeddable":true,"href":"https:\/\/www.orto-bar.com\/en\/wp-json\/wp\/v2\/product_tag?post=26658"}],"curies":[{"name":"wp","href":"https:\/\/api.w.org\/{rel}","templated":true}]}}