{"id":29948,"date":"2023-02-03T12:13:27","date_gmt":"2023-02-03T12:13:27","guid":{"rendered":"https:\/\/www.orto-bar.com\/?post_type=product&#038;p=29948"},"modified":"2023-05-19T15:55:00","modified_gmt":"2023-05-19T14:55:00","slug":"yu-generacija-promocija-ob-izidu-albuma-prag","status":"publish","type":"product","link":"https:\/\/www.orto-bar.com\/en\/dogodki\/arhiv\/yu-generacija-promocija-ob-izidu-albuma-prag\/","title":{"rendered":"Yu Generacija-promocija ob izidu albuma Prag"},"content":{"rendered":"<p><strong>NA PRAGU YUGO ROCK LUDILA<\/strong><\/p>\n<p>Promocijski koncert ob izidu albuma Prag + Yugo rock party<\/p>\n<p>ORTO BAR<\/p>\n<p>19.5.2023 ob 20h<\/p>\n<p><strong>Yu Generacija<\/strong> je rock zasedba, ki raste na slovenskih tleh. Korenine je pognala \u017ee kar nekaj let nazaj, ko je s svojo energijo in odrsko prezenco za\u010dela preigravati komade na\u0161e biv\u0161e republike. Ljubiteljem yugo rocka je vedno pri\u010darala nepozaben ve\u010der. Videli smo jo lahko na raznih motoristi\u010dnih sre\u010danjih, festivalih in samostojnih koncertih. Igrala je \u017ee z veliko znanimi zasedbami kot so: Crvena Jabuka, Prljavo Kazali\u0161te, \u017deljko Bebek, Riblja \u010corba, S.A.R.S, Op\u0107a Opasnost, Zabranjeno Pu\u0161enje, Peter Lov\u0161in, Bajaga, Vesna Pisarovi\u0107, La\u010dni Franz, Zmelkoow, Grupa Vigor,&#8230;<\/p>\n<p>Ves ta \u010das pa so globoko pod zemljo nastajali tudi njihovi lastni komadi. In nastal je album z naslovom \u00bb<strong>PRAG<\/strong>\u00ab. Kaj pravijo o tem sami:<\/p>\n<p>\u00bbOb nastajanju plate smo imeli veliko sre\u010do, da smo lahko sodelovali z vrhunskimi, spo\u0161tovanja vrednimi glasbeniki in sodelavci. Snemali smo jo v studiu <strong>Urgenca<\/strong>. Produkcijo zanjo je prevzel <strong>Marko Sor\u0161ak \u2013 Soki<\/strong> (Elvis Jackson); za snemanje, zvok, mix in mastering je poskrbel <strong>Matic Mlakar<\/strong> (Alo!Stari); pri vokalnem delu pa nam je z nasveti veliko pomagal mentor in pevec <strong>Matic Nareks<\/strong> (San Di EGO).\u00ab<\/p>\n<p>V letu 2022 so sodelovali v veliki dobrodelni akciji De\u017eelak junak. Prispevali so prav poseben motivacijski komad \u00bb<strong>Ma\u0161 ti to<\/strong>!\u00ab, ki vsakemu posamezniku pomaga najti notranjo mo\u010d, ki jo potrebuje tako za spremembe kot za nadaljevanje za\u010drtane poti.<\/p>\n<p>Trenutno na radijskih in televizijskih postajah predstavljajo single \u00bb<strong>Epilog<\/strong>\u00ab, za katerega so videospot posneli pri legendarnem <strong>Cvetu Polaku<\/strong> (\u0160ank Rock) v Residence Muzica na Krasu. Snemanje je prevzela ekipa MEDIASPOT-a pod re\u017eisersko taktirko <strong>Predraga Raj\u010di\u010da \u2013 Perice<\/strong>.<\/p>\n<p>Priporo\u010damo, da stopite na njihov <strong>Prag<\/strong>,\u00a0 ga pre\u010dkate in obi\u0161\u010dete njihov koncert, ki ponuja energi\u010dno sve\u017eino s pridihom balkanskega melosa ter rock glasbe na njihov na\u010din.<\/p>\n<p>Saj veste, nobena zabava ne mine brez komadov kot so Bolje biti pijan nego star, Motaj, Kreni prema meni, Ne spavaj mala moja muzika dok svira, Od vi\u0161ine se zvrti\u2026.In tudi ta ne bo!<\/p>\n<p>Spla\u010da se!<\/p>\n<p>&nbsp;<\/p>\n<p><a href=\"https:\/\/www.facebook.com\/yugeneracija1975\">https:\/\/www.facebook.com\/yugeneracija1975<\/a><\/p>\n<p>&nbsp;<\/p>\n<p><a href=\"https:\/\/www.instagram.com\/yu.generacija\">https:\/\/www.instagram.com\/yu.generacija<\/a><\/p>\n<p>&nbsp;<\/p>\n<p><a href=\"https:\/\/www.youtube.com\/channel\/UC4le-WNcbzD1o9bj1lGSyhA\">https:\/\/www.youtube.com\/channel\/UC4le-WNcbzD1o9bj1lGSyhA<\/a><\/p>\n<p>&nbsp;<\/p>","protected":false},"excerpt":{"rendered":"<p>NA PRAGU YUGO ROCK LUDILA Promocijski koncert ob izidu albuma Prag + Yugo rock party ORTO BAR 19.5.2023 ob 20h Yu Generacija je rock zasedba, ki raste na slovenskih tleh. Korenine je pognala \u017ee kar nekaj let nazaj, ko je s svojo energijo in odrsko prezenco za\u010dela preigravati komade na\u0161e biv\u0161e republike. Ljubiteljem yugo rocka [&hellip;]<\/p>","protected":false},"author":11,"featured_media":29949,"template":"","meta":{"_seopress_robots_primary_cat":"none","_seopress_titles_title":"","_seopress_titles_desc":"","_seopress_robots_index":""},"product_brand":[],"product_cat":[230],"product_tag":[222],"class_list":{"0":"post-29948","1":"product","2":"type-product","3":"status-publish","4":"has-post-thumbnail","6":"product_cat-arhiv","7":"product_tag-predprodaja","9":"entry","10":"has-media","12":"first","13":"instock","14":"virtual","15":"taxable","16":"product-type-simple","17":"has-product-nav","18":"col","19":"span_1_of_4","20":"owp-content-center","21":"item-entry","22":"owp-thumbs-layout-horizontal","23":"owp-btn-normal","24":"owp-tabs-layout-section","25":"has-no-thumbnails"},"publishpress_future_action":{"enabled":false,"date":"2026-05-01 15:59:01","action":"change-status","newStatus":"draft","terms":[],"taxonomy":"product_cat","extraData":[]},"publishpress_future_workflow_manual_trigger":{"enabledWorkflows":[]},"_links":{"self":[{"href":"https:\/\/www.orto-bar.com\/en\/wp-json\/wp\/v2\/product\/29948","targetHints":{"allow":["GET"]}}],"collection":[{"href":"https:\/\/www.orto-bar.com\/en\/wp-json\/wp\/v2\/product"}],"about":[{"href":"https:\/\/www.orto-bar.com\/en\/wp-json\/wp\/v2\/types\/product"}],"author":[{"embeddable":true,"href":"https:\/\/www.orto-bar.com\/en\/wp-json\/wp\/v2\/users\/11"}],"version-history":[{"count":0,"href":"https:\/\/www.orto-bar.com\/en\/wp-json\/wp\/v2\/product\/29948\/revisions"}],"wp:featuredmedia":[{"embeddable":true,"href":"https:\/\/www.orto-bar.com\/en\/wp-json\/wp\/v2\/media\/29949"}],"wp:attachment":[{"href":"https:\/\/www.orto-bar.com\/en\/wp-json\/wp\/v2\/media?parent=29948"}],"wp:term":[{"taxonomy":"product_brand","embeddable":true,"href":"https:\/\/www.orto-bar.com\/en\/wp-json\/wp\/v2\/product_brand?post=29948"},{"taxonomy":"product_cat","embeddable":true,"href":"https:\/\/www.orto-bar.com\/en\/wp-json\/wp\/v2\/product_cat?post=29948"},{"taxonomy":"product_tag","embeddable":true,"href":"https:\/\/www.orto-bar.com\/en\/wp-json\/wp\/v2\/product_tag?post=29948"}],"curies":[{"name":"wp","href":"https:\/\/api.w.org\/{rel}","templated":true}]}}