{"id":30963,"date":"2023-02-11T10:32:21","date_gmt":"2023-02-11T10:32:21","guid":{"rendered":"https:\/\/www.orto-bar.com\/?post_type=product&#038;p=30963"},"modified":"2023-03-25T17:47:37","modified_gmt":"2023-03-25T16:47:37","slug":"unforgiven-4-metallica-tribute","status":"publish","type":"product","link":"https:\/\/www.orto-bar.com\/en\/dogodki\/arhiv\/unforgiven-4-metallica-tribute\/","title":{"rendered":"Unforgiven 4 &#8211; Metallica tribute"},"content":{"rendered":"<p><strong>UNFORGIVEN 4 \u2013 Metallica tribute<\/strong><\/p>\n<p>Biografija<\/p>\n<p>&nbsp;<\/p>\n<p>&nbsp;<\/p>\n<p>Unforgiven 4 je Metallica tribute skupina, ki je za\u010dela z delovanjem poleti 2018. \u010cetverec poizku\u0161a \u010dimbolj avtenti\u010dno interpretirati legendarno ameri\u0161ko metal skupino Metallica, ki ji posku\u0161ajo slediti tako po videzu kot po zvoku in izvajanju, s tem pa obiskovalcem njihovih koncertov pri\u010darati vzdu\u0161je originalne zasedbe. Skupino sestavljajo dolgoletni glasbeniki, ki se \u017ee ve\u010dino \u017eivljenja profesionalno in pol profesionalno ukvarjajo z glasbo. Lik vokalista Metallice, Jamesa Hetfielda, pripada Juretu Jurci. S svojo zna\u010dilno Gibson Explorer kitaro uprizori dober pribli\u017eek originalu. Bobnarske odgovornosti je prevzel Primo\u017e Jel\u0161evar &#8211; energi\u010dni in natan\u010dni glasbenik je na odru v vlogi legendarnega Larsa Ulricha. Naloga solo kitarista, Kirka Hammeta, pripada Matev\u017eu Pav\u010dniku, bas zvok pa je prevzel Borut \u0160emerl. Unforgiven 4 je z jasno vizijo odlo\u010den publiki predstaviti teater enega najve\u010djih svetovnih legend.<\/p>\n<p>Naziv skupine so si fantje izbrali po enem najve\u010djih hitov Metallice, saj obstaja prvi, drugi in tretji del pesmi The Unforgiven. Ime Unforgiven 4 tako nakazuje na \u010detrti del, ob enem pa gre za besedno igro \u201eneopro\u0161\u010deni \u0161tirje\u201c. V repertoarju izvajanih komadov so najve\u010dje uspe\u0161nice: Nothing Else Matters, Enter Sandman, Fuel in seveda tudi The Unforgiven. Na koncertih pa ne bodo prikraj\u0161ani niti najve\u010dji obo\u017eevalci &#8216;originala&#8217;, Unforgiven 4 tako ponujajo tudi njihove stare dobre klasike: For Whom the Bell Tolls, Master of Puppets, Seek and Destroy in druge legendarne uspe\u0161nice. Unforgiven 4 so si za inspiracijo izbrali zlato obdobje skupine Metallica. \u010cas, ko je svet preplavil The Black album. S tem se \u017eelijo pribli\u017eati prav vsem generacijam poslu\u0161alcev te izjemne skupine.<\/p>","protected":false},"excerpt":{"rendered":"<p>UNFORGIVEN 4 \u2013 Metallica tribute Biografija &nbsp; &nbsp; Unforgiven 4 je Metallica tribute skupina, ki je za\u010dela z delovanjem poleti 2018. \u010cetverec poizku\u0161a \u010dimbolj avtenti\u010dno interpretirati legendarno ameri\u0161ko metal skupino Metallica, ki ji posku\u0161ajo slediti tako po videzu kot po zvoku in izvajanju, s tem pa obiskovalcem njihovih koncertov pri\u010darati vzdu\u0161je originalne zasedbe. Skupino sestavljajo [&hellip;]<\/p>","protected":false},"author":11,"featured_media":30964,"template":"","meta":{"_seopress_robots_primary_cat":"none","_seopress_titles_title":"","_seopress_titles_desc":"","_seopress_robots_index":""},"product_brand":[],"product_cat":[230],"product_tag":[222],"class_list":{"0":"post-30963","1":"product","2":"type-product","3":"status-publish","4":"has-post-thumbnail","6":"product_cat-arhiv","7":"product_tag-predprodaja","9":"entry","10":"has-media","12":"first","13":"instock","14":"virtual","15":"taxable","16":"product-type-simple","17":"has-product-nav","18":"col","19":"span_1_of_4","20":"owp-content-center","21":"item-entry","22":"owp-thumbs-layout-horizontal","23":"owp-btn-normal","24":"owp-tabs-layout-section","25":"has-no-thumbnails"},"publishpress_future_action":{"enabled":false,"date":"2026-05-08 16:04:37","action":"change-status","newStatus":"draft","terms":[],"taxonomy":"product_cat","extraData":[]},"publishpress_future_workflow_manual_trigger":{"enabledWorkflows":[]},"_links":{"self":[{"href":"https:\/\/www.orto-bar.com\/en\/wp-json\/wp\/v2\/product\/30963","targetHints":{"allow":["GET"]}}],"collection":[{"href":"https:\/\/www.orto-bar.com\/en\/wp-json\/wp\/v2\/product"}],"about":[{"href":"https:\/\/www.orto-bar.com\/en\/wp-json\/wp\/v2\/types\/product"}],"author":[{"embeddable":true,"href":"https:\/\/www.orto-bar.com\/en\/wp-json\/wp\/v2\/users\/11"}],"version-history":[{"count":0,"href":"https:\/\/www.orto-bar.com\/en\/wp-json\/wp\/v2\/product\/30963\/revisions"}],"wp:featuredmedia":[{"embeddable":true,"href":"https:\/\/www.orto-bar.com\/en\/wp-json\/wp\/v2\/media\/30964"}],"wp:attachment":[{"href":"https:\/\/www.orto-bar.com\/en\/wp-json\/wp\/v2\/media?parent=30963"}],"wp:term":[{"taxonomy":"product_brand","embeddable":true,"href":"https:\/\/www.orto-bar.com\/en\/wp-json\/wp\/v2\/product_brand?post=30963"},{"taxonomy":"product_cat","embeddable":true,"href":"https:\/\/www.orto-bar.com\/en\/wp-json\/wp\/v2\/product_cat?post=30963"},{"taxonomy":"product_tag","embeddable":true,"href":"https:\/\/www.orto-bar.com\/en\/wp-json\/wp\/v2\/product_tag?post=30963"}],"curies":[{"name":"wp","href":"https:\/\/api.w.org\/{rel}","templated":true}]}}