{"id":31201,"date":"2023-02-12T18:15:05","date_gmt":"2023-02-12T18:15:05","guid":{"rendered":"https:\/\/www.orto-bar.com\/?post_type=product&#038;p=31201"},"modified":"2023-03-16T19:48:49","modified_gmt":"2023-03-16T18:48:49","slug":"happy-ol-mcweasel-such-is-life","status":"publish","type":"product","link":"https:\/\/www.orto-bar.com\/en\/dogodki\/arhiv\/happy-ol-mcweasel-such-is-life\/","title":{"rendered":"Happy Ol&#8217; McWeasel"},"content":{"rendered":"<p><strong>Happy Ol&#8217; McWeasel, akrobatski, glasni folk punk rockerji, bodo v \u010detrtek, 16. marca, koncertirali v Ortu! Povod za koncert je izid njihovega novega albuma \u2018Such is Life\u2019.<\/strong><\/p>\n<p>Happy Ol&#8217; McWeasel se intenzivno pripravljajo na izid svojega tretjega studijskega albuma &#8216;Such is Life&#8217;, ki izide 17.3.2023. Stilsko prepoznaven, Vizlovski, a hkrati poln sve\u017eine, novih glasbenih teritorijev in izzivov, prina\u0161a 13 skladb, med katerimi ste jih nekaj \u017ee sli\u0161ali (<a href=\"https:\/\/www.youtube.com\/watch?v=chra73tEU_Q\">&#8216;Last Good Chance&#8217;<\/a>, <a href=\"https:\/\/www.youtube.com\/watch?v=QJT46uhUZjc\">&#8216;Mickey Lad&#8217;<\/a>, <a href=\"https:\/\/www.youtube.com\/watch?v=VldphwtcXa0\">&#8216;See You Tomorrow&#8217;<\/a>, <a href=\"https:\/\/www.youtube.com\/watch?v=p4od8JLy71Q\">&#8216;Break Them Bones&#8217;<\/a>), kmalu pa pride nova, &#8216;100 Years&#8217;.<\/p>\n<p><strong>Happy Ol&#8217; McWeasel<\/strong> je band, ki je nastal marca 2007. V \u0161estnajstih letih obstoja so postali presneto nepozaben, neprekosljiv \u0161us band, ki vedno znova in znova spra\u0161i epske koncerte. Tisti njihovi najbolj odmevni pa se nekako tradicionalno odvijajo na ali okoli St. Patrick\u2019s-a. In tudi letos bo tako, saj bodo Happy Ol&#8217; McWeasel na St. Patrick\u2019s Day izdali nov album, dan prej, 16. marca, pa koncertirali v Orto baru.<\/p>\n<p>WEB: <a href=\"http:\/\/www.happyolmcweasel.com\/\">www.happyolmcweasel.com<\/a><\/p>\n<p>FB: <a href=\"https:\/\/www.facebook.com\/happyolmcweasel\/\">https:\/\/www.facebook.com\/happyolmcweasel\/<\/a><\/p>\n<p>IG: <a href=\"https:\/\/www.instagram.com\/happyolmcweasel\/\">https:\/\/www.instagram.com\/happyolmcweasel\/<\/a><\/p>\n<p>YT: <a href=\"https:\/\/www.youtube.com\/user\/happyolmcweasel\">https:\/\/www.youtube.com\/user\/happyolmcweasel<\/a><\/p>\n<p>&nbsp;<\/p>","protected":false},"excerpt":{"rendered":"<p>Happy Ol&#8217; McWeasel, akrobatski, glasni folk punk rockerji, bodo v \u010detrtek, 16. marca, koncertirali v Ortu! Povod za koncert je izid njihovega novega albuma \u2018Such is Life\u2019. Happy Ol&#8217; McWeasel se intenzivno pripravljajo na izid svojega tretjega studijskega albuma &#8216;Such is Life&#8217;, ki izide 17.3.2023. Stilsko prepoznaven, Vizlovski, a hkrati poln sve\u017eine, novih glasbenih teritorijev [&hellip;]<\/p>","protected":false},"author":11,"featured_media":31203,"template":"","meta":{"_seopress_robots_primary_cat":"none","_seopress_titles_title":"","_seopress_titles_desc":"","_seopress_robots_index":""},"product_brand":[],"product_cat":[230],"product_tag":[222],"class_list":{"0":"post-31201","1":"product","2":"type-product","3":"status-publish","4":"has-post-thumbnail","6":"product_cat-arhiv","7":"product_tag-predprodaja","9":"entry","10":"has-media","12":"first","13":"instock","14":"virtual","15":"taxable","16":"product-type-simple","17":"has-product-nav","18":"col","19":"span_1_of_4","20":"owp-content-center","21":"item-entry","22":"owp-thumbs-layout-horizontal","23":"owp-btn-normal","24":"owp-tabs-layout-section","25":"has-no-thumbnails"},"publishpress_future_action":{"enabled":false,"date":"2026-05-08 15:50:48","action":"change-status","newStatus":"draft","terms":[],"taxonomy":"product_cat","extraData":[]},"publishpress_future_workflow_manual_trigger":{"enabledWorkflows":[]},"_links":{"self":[{"href":"https:\/\/www.orto-bar.com\/en\/wp-json\/wp\/v2\/product\/31201","targetHints":{"allow":["GET"]}}],"collection":[{"href":"https:\/\/www.orto-bar.com\/en\/wp-json\/wp\/v2\/product"}],"about":[{"href":"https:\/\/www.orto-bar.com\/en\/wp-json\/wp\/v2\/types\/product"}],"author":[{"embeddable":true,"href":"https:\/\/www.orto-bar.com\/en\/wp-json\/wp\/v2\/users\/11"}],"version-history":[{"count":0,"href":"https:\/\/www.orto-bar.com\/en\/wp-json\/wp\/v2\/product\/31201\/revisions"}],"wp:featuredmedia":[{"embeddable":true,"href":"https:\/\/www.orto-bar.com\/en\/wp-json\/wp\/v2\/media\/31203"}],"wp:attachment":[{"href":"https:\/\/www.orto-bar.com\/en\/wp-json\/wp\/v2\/media?parent=31201"}],"wp:term":[{"taxonomy":"product_brand","embeddable":true,"href":"https:\/\/www.orto-bar.com\/en\/wp-json\/wp\/v2\/product_brand?post=31201"},{"taxonomy":"product_cat","embeddable":true,"href":"https:\/\/www.orto-bar.com\/en\/wp-json\/wp\/v2\/product_cat?post=31201"},{"taxonomy":"product_tag","embeddable":true,"href":"https:\/\/www.orto-bar.com\/en\/wp-json\/wp\/v2\/product_tag?post=31201"}],"curies":[{"name":"wp","href":"https:\/\/api.w.org\/{rel}","templated":true}]}}